{"id":22424,"date":"2023-01-21T21:29:21","date_gmt":"2023-01-21T19:29:21","guid":{"rendered":"https:\/\/sachviet.eu\/shop\/ehon-nhat-ban-truoc-khi-di-da-ngoai\/"},"modified":"2025-04-24T12:28:52","modified_gmt":"2025-04-24T09:28:52","slug":"ehon-nhat-ban-truoc-khi-di-da-ngoai","status":"publish","type":"product","link":"https:\/\/sachviet.eu\/en\/shop\/ehon-nhat-ban-truoc-khi-di-da-ngoai\/","title":{"rendered":"Ehon Nh\u1eadt B\u1ea3n &#8211; Tr\u01b0\u1edbc Khi \u0110i D\u00e3 Ngo\u1ea1i"},"content":{"rendered":"<p>Ng\u00e0y ch\u1ee7 nh\u1eadt n\u1eafng \u0111\u1eb9p, c\u00f4 b\u00e9 Ayako \u0111\u01b0\u1ee3c \u0111i Picnic c\u00f9ng b\u1ed1 m\u1eb9. C\u00e1c b\u1ea1n nh\u1ecf \u0111\u00e3 t\u1eebng \u0111\u01b0\u1ee3c b\u1ed1 m\u1eb9 \u0111\u01b0a \u0111i d\u00e3 ngo\u1ea1i ch\u01b0a nh\u1ec9? Ch\u1eafc c\u00e1c b\u1ea1n \u0111\u1ec1u r\u1ea5t th\u00edch c\u00f9ng m\u1eb9 chu\u1ea9n b\u1ecb \u0111\u1ed3 \u0103n, c\u00f9ng b\u1ed1 s\u1eafp x\u1ebfp \u0111\u1ed3 mang theo v\u00e0 m\u1eb7c b\u1ed9 v\u00e1y \u0111\u1eb9p nh\u1ea5t \u0111\u1ec3 \u0111i ch\u01a1i \u0111\u00fang kh\u00f4ng?<\/p>\n<p>C\u00f4 b\u00e9 Ayako c\u0169ng v\u1eady, nh\u01b0ng chuy\u1ec7n g\u00ec \u0111\u00e3 x\u1ea3y ra v\u1edbi Ayako khi b\u00e9 n\u1ea3y ra \u00fd t\u01b0\u1edfng gi\u00fap b\u1ed1 m\u1eb9 v\u00e0 t\u1ef1 l\u00e0m \u0111\u1eb9p cho b\u1ea3n th\u00e2n? Ehon Nh\u1eadt B\u1ea3n &#8211; Tr\u01b0\u1edbc khi \u0111i d\u00e3 ngo\u1ea1i s\u1ebd \u0111em t\u1edbi cho c\u00e1c em c\u00e2u chuy\u1ec7n v\u1ec1 c\u00f4 b\u00e9 Ayako th\u00f4ng minh, ho\u1ea1t b\u00e1t v\u00e0 th\u00edch gi\u00fap \u0111\u1ee1 b\u1ed1 m\u1eb9\u2026<\/p>\n","protected":false},"excerpt":{"rendered":"<p>Ng\u00e0y ch\u1ee7 nh\u1eadt n\u1eafng \u0111\u1eb9p, c\u00f4 b\u00e9 Ayako \u0111\u01b0\u1ee3c \u0111i Picnic c\u00f9ng b\u1ed1 m\u1eb9. C\u00e1c b\u1ea1n nh\u1ecf \u0111\u00e3 t\u1eebng \u0111\u01b0\u1ee3c b\u1ed1 m\u1eb9 \u0111\u01b0a \u0111i d\u00e3 ngo\u1ea1i ch\u01b0a nh\u1ec9? Ch\u1eafc c\u00e1c b\u1ea1n \u0111\u1ec1u r\u1ea5t th\u00edch c\u00f9ng m\u1eb9 chu\u1ea9n b\u1ecb \u0111\u1ed3 \u0103n, c\u00f9ng b\u1ed1 s\u1eafp x\u1ebfp \u0111\u1ed3 mang theo v\u00e0 m\u1eb7c b\u1ed9 v\u00e1y \u0111\u1eb9p nh\u1ea5t \u0111\u1ec3 \u0111i ch\u01a1i \u0111\u00fang kh\u00f4ng?<\/p>\n<p>C\u00f4 b\u00e9 Ayako c\u0169ng v\u1eady, nh\u01b0ng chuy\u1ec7n g\u00ec \u0111\u00e3 x\u1ea3y ra v\u1edbi Ayako khi b\u00e9 n\u1ea3y ra \u00fd t\u01b0\u1edfng gi\u00fap b\u1ed1 m\u1eb9 v\u00e0 t\u1ef1 l\u00e0m \u0111\u1eb9p cho b\u1ea3n th\u00e2n? Ehon Nh\u1eadt B\u1ea3n &#8211; Tr\u01b0\u1edbc khi \u0111i d\u00e3 ngo\u1ea1i s\u1ebd \u0111em t\u1edbi cho c\u00e1c em c\u00e2u chuy\u1ec7n v\u1ec1 c\u00f4 b\u00e9 Ayako th\u00f4ng minh, ho\u1ea1t b\u00e1t v\u00e0 th\u00edch gi\u00fap \u0111\u1ee1 b\u1ed1 m\u1eb9\u2026<\/p>\n","protected":false},"featured_media":22423,"template":"","meta":{"_acf_changed":false},"product_brand":[],"product_cat":[24,25,17],"product_tag":[83],"class_list":{"0":"post-22424","1":"product","2":"type-product","3":"status-publish","4":"has-post-thumbnail","6":"product_cat-nha-tre-mau-giao-0-tuoi-6-tuoi","7":"product_cat-nhi-dong-6-tuoi-12-tuoi","8":"product_cat-sach-danh-cho-cac-be","9":"product_tag-sach-moi-xuat-ban","11":"first","12":"outofstock","13":"taxable","14":"shipping-taxable","15":"purchasable","16":"product-type-simple"},"supplier_id":null,"supplier_sku":"","barcode":null,"atum_controlled":true,"out_stock_date":"2025-04-24 09:28:52","out_stock_threshold":null,"inheritable":false,"inbound_stock":0,"stock_on_hold":0,"sold_today":0,"sales_last_days":0,"reserved_stock":0,"customer_returns":0,"warehouse_damage":0,"lost_in_post":0,"other_logs":0,"out_stock_days":279,"lost_sales":0,"has_location":false,"update_date":"2026-01-28T23:11:28","atum_locations":[],"atum_stock_status":"outofstock","restock_status":false,"low_stock_amount":"","sales_update_date":"2026-01-28T23:11:28","calc_backorders":null,"acf":{"publisher":{"ID":1453,"post_author":"1","post_date":"2021-02-17 01:11:32","post_date_gmt":"2021-02-16 23:11:32","post_content":"<!-- wp:flatsome\/uxbuilder -->\n<h1 style=\"text-align: center;\"><strong>Qu\u1ea3ng V\u0103n<\/strong><\/h1>\n[row]\n\n[col span=\"6\" span__sm=\"12\"]\n\n[ux_image id=\"1552\" image_size=\"medium\"]\n\n\n[\/col]\n[col span=\"6\" span__sm=\"12\"]\n\n<p><strong>Quangvanbooks<\/strong><br \/>Qu\u1ea3ng V\u0103n l\u00e0 t\u1ed5 h\u1ee3p xu\u1ea5t b\u1ea3n, gi\u00e1o d\u1ee5c v\u00e0 nh\u01b0\u1ee3ng quy\u1ec1n h\u00e0ng \u0111\u1ea7u trong ng\u00e0nh c\u00f4ng nghi\u1ec7p s\u00e1ng t\u1ea1o v\u1edbi c\u00e1c th\u01b0\u01a1ng hi\u1ec7u nh\u00e1nh:<\/p>\n<p>Quangvanbooks - Th\u01b0\u01a1ng hi\u1ec7u s\u00e1ch v\u0103n h\u00f3a gi\u00e1o d\u1ee5c v\u00e0 v\u0103n h\u00f3a gi\u1ea3i tr\u00ed<br \/>Ehomebooks - Th\u01b0\u01a1ng hi\u1ec7u s\u00e1ch gi\u00e1o d\u1ee5c gia \u0111\u00ecnh<br \/>Sakurabooks - Th\u01b0\u01a1ng hi\u1ec7u s\u00e1ch Nh\u1eadt B\u1ea3n<br \/>IPERbooks - Th\u01b0\u01a1ng hi\u1ec7u s\u00e1ch gi\u00e1o d\u1ee5c nh\u00e0 tr\u01b0\u1eddng<br \/>IPER - Vi\u1ec7n nghi\u00ean c\u1ee9u xu\u1ea5t b\u1ea3n v\u00e0 gi\u00e1o d\u1ee5c IPER<\/p>\n<p><strong>T\u1ea7m nh\u00ecn<\/strong><br \/>Tr\u1edf th\u00e0nh th\u01b0\u01a1ng hi\u1ec7u s\u00e1ch v\u0103n h\u00f3a gi\u00e1o d\u1ee5c v\u00e0 v\u0103n h\u00f3a gi\u1ea3i tr\u00ed t\u1ed1t nh\u1ea5t v\u00e0 \u0111a d\u1ea1ng nh\u1ea5t Vi\u1ec7t Nam.<\/p>\n<p><br \/><strong>S\u1ee9 m\u1ec7nh<\/strong><br \/>Mang \u0111\u1ebfn nh\u1eefng cu\u1ed1n s\u00e1ch v\u0103n h\u00f3a gi\u00e1o d\u1ee5c v\u00e0 v\u0103n h\u00f3a gi\u1ea3i tr\u00ed \u0111\u1ebfn v\u1edbi \u0111\u1ed9c gi\u1ea3 Vi\u1ec7t Nam v\u00e0 th\u1ebf gi\u1edbi nh\u1eb1m gi\u00fap \u0111\u1ed9c gi\u1ea3 ph\u00e1t tri\u1ec3n b\u1ea3n th\u00e2n, gi\u00e1o d\u1ee5c, gi\u1ea3i tr\u00ed v\u00e0 khai s\u00e1ng nh\u1eb1m x\u00e2y d\u1ef1ng x\u00e3 h\u1ed9i th\u1ecbnh v\u01b0\u1ee3ng, h\u1ea1nh ph\u00fac.<\/p>\n<p><strong>Gi\u00e1 tr\u1ecb c\u1ed1t l\u00f5i<\/strong><\/p>\n<p>S\u00e1ng t\u1ea1o - Linh ho\u1ea1t - H\u1ee3p t\u00e1c - Ch\u00ednh tr\u1ef1c - Nhi\u1ec7t huy\u1ebft - C\u00e2n b\u1eb1ng - H\u1ea1nh ph\u00fac<\/p>\n\n[\/col]\n\n[\/row]\n\n<!-- \/wp:flatsome\/uxbuilder -->","post_title":"Qu\u1ea3ng V\u0103n","post_excerpt":"","post_status":"publish","comment_status":"closed","ping_status":"closed","post_password":"","post_name":"quang-van","to_ping":"","pinged":"","post_modified":"2021-02-17 01:26:44","post_modified_gmt":"2021-02-16 23:26:44","post_content_filtered":"","post_parent":0,"guid":"https:\/\/sachviet.eu\/nha-phat-hanh\/quang-van\/","menu_order":0,"post_type":"publisher","post_mime_type":"","comment_count":"0","filter":"raw"}},"_links":{"self":[{"href":"https:\/\/sachviet.eu\/en\/wp-json\/wp\/v2\/product\/22424","targetHints":{"allow":["GET"]}}],"collection":[{"href":"https:\/\/sachviet.eu\/en\/wp-json\/wp\/v2\/product"}],"about":[{"href":"https:\/\/sachviet.eu\/en\/wp-json\/wp\/v2\/types\/product"}],"wp:featuredmedia":[{"embeddable":true,"href":"https:\/\/sachviet.eu\/en\/wp-json\/wp\/v2\/media\/22423"}],"wp:attachment":[{"href":"https:\/\/sachviet.eu\/en\/wp-json\/wp\/v2\/media?parent=22424"}],"wp:term":[{"taxonomy":"product_brand","embeddable":true,"href":"https:\/\/sachviet.eu\/en\/wp-json\/wp\/v2\/product_brand?post=22424"},{"taxonomy":"product_cat","embeddable":true,"href":"https:\/\/sachviet.eu\/en\/wp-json\/wp\/v2\/product_cat?post=22424"},{"taxonomy":"product_tag","embeddable":true,"href":"https:\/\/sachviet.eu\/en\/wp-json\/wp\/v2\/product_tag?post=22424"}],"curies":[{"name":"wp","href":"https:\/\/api.w.org\/{rel}","templated":true}]}}