{"id":22422,"date":"2023-01-21T21:29:15","date_gmt":"2023-01-21T19:29:15","guid":{"rendered":"https:\/\/sachviet.eu\/shop\/lagom-vua-du-dang-cap-song-cua-nguoi-thuy-dien\/"},"modified":"2023-04-16T13:16:15","modified_gmt":"2023-04-16T10:16:15","slug":"lagom-vua-du-dang-cap-song-cua-nguoi-thuy-dien","status":"publish","type":"product","link":"https:\/\/sachviet.eu\/en\/shop\/lagom-vua-du-dang-cap-song-cua-nguoi-thuy-dien\/","title":{"rendered":"Lagom &#8211; V\u1eeba \u0110\u1ee7 &#8211; \u0110\u1eb3ng C\u1ea5p S\u1ed1ng C\u1ee7a Ng\u01b0\u1eddi Th\u1ee5y \u0110i\u1ec3n"},"content":{"rendered":"<p>L\u00e0 m\u1ed9t ph\u1ea7n l\u00e3nh th\u1ed5 c\u1ee7a B\u1eafc \u00c2u, x\u1ee9 s\u1edf n\u1ed5i ti\u1ebfng v\u1edbi phong c\u00e1ch s\u1ed1ng t\u1ed1i gi\u1ea3n, Th\u1ee5y \u0110i\u1ec3n t\u1ef1 x\u00e2y d\u1ef1ng cho m\u00ecnh m\u1ed9t phong c\u00e1ch s\u1ed1ng ho\u00e0n to\u00e0n kh\u00e1c, mang t\u00ean Lagom. V\u1edbi t\u00e0i s\u1ea3n v\u0103n h\u00f3a ri\u00eang n\u00e0y, ng\u01b0\u1eddi d\u00e2n Th\u1ee5y \u0110i\u1ec3n lu\u00f4n bi\u1ebft v\u1eeba l\u00f2ng v\u1edbi nh\u1eefng g\u00ec m\u00ecnh \u0111ang c\u00f3 v\u00e0 g\u1ea7n nh\u01b0 kh\u00f4ng bao gi\u1edd so s\u00e1nh v\u1edbi cu\u1ed9c s\u1ed1ng c\u1ee7a ng\u01b0\u1eddi kh\u00e1c.<\/p>\n<p>\u201cLagom\u201d l\u00e0 m\u1ed9t t\u00ednh t\u1eeb d\u00f9ng \u0111\u1ec3 ch\u1ec9 s\u1ef1 v\u1eeba ph\u1ea3i, kh\u00f4ng qu\u00e1 nhi\u1ec1u m\u00e0 c\u0169ng ch\u1eb3ng qu\u00e1 \u00edt. Th\u1eadt kh\u00f3 \u0111\u1ec3 c\u00f3 th\u1ec3 chuy\u1ec3n t\u1ea3i h\u1ebft \u00fd ngh\u0129a c\u1ee7a t\u1eeb lagom sang b\u1ea5t k\u1ef3 th\u1ee9 ti\u1ebfng n\u00e0o kh\u00e1c. Ng\u01b0\u1eddi Th\u1ee5y \u0110i\u1ec3n d\u00f9ng Lagom nh\u01b0 \u201ckim ch\u1ec9 nam\u201d chung cho c\u1ea3 d\u00e2n t\u1ed9c, h\u00ecnh th\u00e0nh n\u00ean phong c\u00e1ch s\u1ed1ng, \u1ee9ng x\u1eed, giao ti\u1ebfp, v\u00e0 th\u1eadm ch\u00ed c\u1ea3 \u1ea9m th\u1ef1c c\u1ee7a ri\u00eang m\u00ecnh. Lagom l\u00e0 v\u1eeba \u0111\u1ee7, l\u00e0 th\u00edch h\u1ee3p, l\u00e0 c\u00e2n b\u1eb1ng nh\u01b0ng kh\u00f4ng nh\u1ea5t thi\u1ebft ph\u1ea3i l\u00e0 ho\u00e0n h\u1ea3o nh\u1ea5t. Nh\u01b0 m\u1ed9t giai tho\u1ea1i t\u1eeb th\u1ebf k\u1ef7 tr\u01b0\u1edbc, nhi\u1ec1u ng\u01b0\u1eddi tin r\u1eb1ng t\u1eeb n\u00e0y b\u1eaft ngu\u1ed3n t\u1eeb thu\u1eadt ng\u1eef &#8220;laget om&#8221; c\u1ee7a ng\u01b0\u1eddi Viking &#8211; ngh\u0129a l\u00e0 &#8220;chuy\u1ec1n quanh trong nh\u00f3m\u201d xu\u1ea5t ph\u00e1t t\u1eeb th\u00f3i quen nh\u1eefng ng\u01b0\u1eddi Viking. V\u00e0o th\u1eddi \u0111\u00f3, khi t\u1ea5t c\u1ea3 c\u00f9ng ng\u1ed3i quanh chi\u1ebfc b\u00e0n v\u00e0 chuy\u1ec1n tay nhau nh\u1eefng chi\u1ebfc s\u1eebng \u0111\u1ef1ng \u0111\u1ea7y r\u01b0\u1ee3u, m\u1ed7i ng\u01b0\u1eddi nh\u1ea5p m\u1ed9t ng\u1ee5m v\u1eeba ph\u1ea3i, l\u00e0m sao \u0111\u1ec3 nh\u1eefng ng\u01b0\u1eddi sau \u0111\u00f3 c\u0169ng c\u00f3 \u0111\u1ee7 r\u01b0\u1ee3u \u0111\u1ec3 th\u01b0\u1edfng th\u1ee9c.<\/p>\n","protected":false},"excerpt":{"rendered":"<p>&#8220;Kh\u00f4ng qu\u00e1 \u00edt, kh\u00f4ng qu\u00e1 nhi\u1ec1u, ch\u1ec9 v\u1eeba \u0111\u1ee7&#8221; l\u00e0 c\u1ed1t l\u00f5i c\u1ee7a phong c\u00e1ch s\u1ed1ng Lagom, nh\u01b0ng bi\u1ebft nh\u01b0 th\u1ebf n\u00e0o l\u00e0 \u0111\u1ee7 th\u00ec c\u00f2n ph\u1ee5 thu\u1ed9c v\u00e0o gi\u1edbi h\u1ea1n c\u1ee7a m\u1ed7i ng\u01b0\u1eddi. Ng\u01b0\u1eddi Th\u1ee5y \u0110i\u1ec3n d\u00f9ng Lagom nh\u01b0 kim ch\u1ec9 nam cho c\u1ea3 d\u00e2n t\u1ed9c, h\u00ecnh th\u00e0nh n\u00ean phong c\u00e1ch s\u1ed1ng, \u1ee9ng x\u1eed giao ti\u1ebfp v\u00e0 th\u1eadm ch\u00ed c\u1ea3 \u1ea9m th\u1ef1c c\u1ee7a ri\u00eang m\u00ecnh.<\/p>\n","protected":false},"featured_media":22421,"template":"","meta":{"_acf_changed":false},"product_brand":[],"product_cat":[15,46],"product_tag":[83],"class_list":{"0":"post-22422","1":"product","2":"type-product","3":"status-publish","4":"has-post-thumbnail","6":"product_cat-sach-danh-cho-nguoi-lon","7":"product_cat-ky-nang-song","8":"product_tag-sach-moi-xuat-ban","10":"first","11":"outofstock","12":"sale","13":"taxable","14":"shipping-taxable","15":"purchasable","16":"product-type-simple"},"supplier_id":null,"supplier_sku":"","barcode":null,"atum_controlled":true,"out_stock_date":"2023-04-16 10:16:15","out_stock_threshold":null,"inheritable":false,"inbound_stock":0,"stock_on_hold":0,"sold_today":0,"sales_last_days":0,"reserved_stock":0,"customer_returns":0,"warehouse_damage":0,"lost_in_post":0,"other_logs":0,"out_stock_days":1018,"lost_sales":0,"has_location":false,"update_date":"2026-01-28T23:11:09","atum_locations":[],"atum_stock_status":"outofstock","restock_status":false,"low_stock_amount":"","sales_update_date":"2026-01-28T23:11:09","calc_backorders":null,"acf":{"publisher":{"ID":6196,"post_author":"1","post_date":"2021-03-15 01:26:01","post_date_gmt":"2021-03-14 23:26:01","post_content":"","post_title":"FIRST NEWS","post_excerpt":"","post_status":"publish","comment_status":"closed","ping_status":"closed","post_password":"","post_name":"first-news","to_ping":"","pinged":"","post_modified":"2021-03-15 01:26:01","post_modified_gmt":"2021-03-14 23:26:01","post_content_filtered":"","post_parent":0,"guid":"https:\/\/sachviet.eu\/blog\/nha-phat-hanh\/first-news\/","menu_order":0,"post_type":"publisher","post_mime_type":"","comment_count":"0","filter":"raw"}},"_links":{"self":[{"href":"https:\/\/sachviet.eu\/en\/wp-json\/wp\/v2\/product\/22422","targetHints":{"allow":["GET"]}}],"collection":[{"href":"https:\/\/sachviet.eu\/en\/wp-json\/wp\/v2\/product"}],"about":[{"href":"https:\/\/sachviet.eu\/en\/wp-json\/wp\/v2\/types\/product"}],"wp:featuredmedia":[{"embeddable":true,"href":"https:\/\/sachviet.eu\/en\/wp-json\/wp\/v2\/media\/22421"}],"wp:attachment":[{"href":"https:\/\/sachviet.eu\/en\/wp-json\/wp\/v2\/media?parent=22422"}],"wp:term":[{"taxonomy":"product_brand","embeddable":true,"href":"https:\/\/sachviet.eu\/en\/wp-json\/wp\/v2\/product_brand?post=22422"},{"taxonomy":"product_cat","embeddable":true,"href":"https:\/\/sachviet.eu\/en\/wp-json\/wp\/v2\/product_cat?post=22422"},{"taxonomy":"product_tag","embeddable":true,"href":"https:\/\/sachviet.eu\/en\/wp-json\/wp\/v2\/product_tag?post=22422"}],"curies":[{"name":"wp","href":"https:\/\/api.w.org\/{rel}","templated":true}]}}