{"id":22420,"date":"2023-01-21T21:29:09","date_gmt":"2023-01-21T19:29:09","guid":{"rendered":"https:\/\/sachviet.eu\/shop\/lieu-trai-chi-di-tron-bo-2-tap\/"},"modified":"2025-09-29T16:43:59","modified_gmt":"2025-09-29T13:43:59","slug":"lieu-trai-chi-di-tron-bo-2-tap","status":"publish","type":"product","link":"https:\/\/sachviet.eu\/en\/shop\/lieu-trai-chi-di-tron-bo-2-tap\/","title":{"rendered":"Li\u00eau Trai Ch\u00ed D\u1ecb (Tron B\u1ed9 2 T\u1eadp)"},"content":{"rendered":"<p>Kh\u00f4ng l\u1ea1 g\u00ec m\u00e0 Li\u00eau Trai ch\u00ed d\u1ecb c\u00f3 th\u1ec3 l\u00e0m say m\u00ea c\u1ea3 nh\u1eefng ng\u01b0\u1eddi \u00edt h\u1ecdc. B\u1edfi v\u00ec trong m\u1ecdi x\u00e3 h\u1ed9i v\u00e0 th\u1eddi \u0111\u1ea1i, c\u00e1c y\u1ebfu t\u1ed1 v\u0103n h\u00f3a truy\u1ec1n th\u1ed1ng lu\u00f4n s\u1ed1ng cu\u1ed9c s\u1ed1ng c\u1ee7a ch\u00fang kh\u00f4ng ch\u1ec9 trong nh\u1eefng v\u0103n hi\u1ebfn th\u01b0 t\u1ecbch hay c\u00e1c c\u00f4ng tr\u00ecnh kh\u1ea3o c\u1ee9u c\u1ee7a gi\u1edbi tr\u00ed th\u1ee9c, m\u00e0 ch\u1ee7 y\u1ebfu v\u00e0 quan tr\u1ecdng nh\u1ea5t l\u00e0 trong cu\u1ed9c s\u1ed1ng th\u01b0\u1eddng nh\u1eadt v\u1edbi nh\u1eefng m\u1ed1i b\u1eadn t\u00e2m chung nh\u1ea5t c\u1ee7a \u0111\u00f4ng \u0111\u1ea3o nh\u00e2n d\u00e2n.<\/p>\n<p>B\u1ea3n d\u1ecbch Li\u00eau Trai ch\u00ed d\u1ecb xu\u1ea5t b\u1ea3n l\u1ea7n n\u00e0y v\u1eabn theo k\u1ebft c\u1ea5u M\u1ee5c l\u1ee5c 17 quy\u1ec3n c\u1ea3 quy\u1ec3n Th\u1eadp di g\u1ed3m 500 truy\u1ec7n, 30 truy\u1ec7n \u0111\u01b0\u1ee3c gi\u1edbi thi\u1ec7u th\u00eam g\u1ed3m 29 truy\u1ec7n trong b\u1ea3n H\u1ed9i hi\u1ec7u h\u1ed9i ch\u00fa h\u1ed9i b\u00ecnh v\u00e0 truy\u1ec7n Ph\u00f2ng D\u0129 trong b\u1ea3n d\u1ecbch c\u1ee7a V\u0169 Hi T\u00f4 \u0111\u01b0\u1ee3c \u0111\u01b0a v\u00e0o ph\u1ea7n Ph\u1ee5 l\u1ee5c, t\u1ea5t c\u1ea3 530 truy\u1ec7n.<\/p>\n","protected":false},"excerpt":{"rendered":"<p>Kh\u00f4ng l\u1ea1 g\u00ec m\u00e0 Li\u00eau Trai ch\u00ed d\u1ecb c\u00f3 th\u1ec3 l\u00e0m say m\u00ea c\u1ea3 nh\u1eefng ng\u01b0\u1eddi \u00edt h\u1ecdc. B\u1edfi v\u00ec trong m\u1ecdi x\u00e3 h\u1ed9i v\u00e0 th\u1eddi \u0111\u1ea1i, c\u00e1c y\u1ebfu t\u1ed1 v\u0103n h\u00f3a truy\u1ec1n th\u1ed1ng lu\u00f4n s\u1ed1ng cu\u1ed9c s\u1ed1ng c\u1ee7a ch\u00fang kh\u00f4ng ch\u1ec9 trong nh\u1eefng v\u0103n hi\u1ebfn th\u01b0 t\u1ecbch hay c\u00e1c c\u00f4ng tr\u00ecnh kh\u1ea3o c\u1ee9u c\u1ee7a gi\u1edbi tr\u00ed th\u1ee9c, m\u00e0 ch\u1ee7 y\u1ebfu v\u00e0 quan tr\u1ecdng nh\u1ea5t l\u00e0 trong cu\u1ed9c s\u1ed1ng th\u01b0\u1eddng nh\u1eadt v\u1edbi nh\u1eefng m\u1ed1i b\u1eadn t\u00e2m chung nh\u1ea5t c\u1ee7a \u0111\u00f4ng \u0111\u1ea3o nh\u00e2n d\u00e2n.<\/p>\n<p>B\u1ea3n d\u1ecbch Li\u00eau Trai ch\u00ed d\u1ecb xu\u1ea5t b\u1ea3n l\u1ea7n n\u00e0y v\u1eabn theo k\u1ebft c\u1ea5u M\u1ee5c l\u1ee5c 17 quy\u1ec3n c\u1ea3 quy\u1ec3n Th\u1eadp di g\u1ed3m 500 truy\u1ec7n, 30 truy\u1ec7n \u0111\u01b0\u1ee3c gi\u1edbi thi\u1ec7u th\u00eam g\u1ed3m 29 truy\u1ec7n trong b\u1ea3n H\u1ed9i hi\u1ec7u h\u1ed9i ch\u00fa h\u1ed9i b\u00ecnh v\u00e0 truy\u1ec7n Ph\u00f2ng D\u0129 trong b\u1ea3n d\u1ecbch c\u1ee7a V\u0169 Hi T\u00f4 \u0111\u01b0\u1ee3c \u0111\u01b0a v\u00e0o ph\u1ea7n Ph\u1ee5 l\u1ee5c, t\u1ea5t c\u1ea3 530 truy\u1ec7n.<\/p>\n","protected":false},"featured_media":22419,"template":"","meta":{"_acf_changed":false},"product_brand":[],"product_cat":[15,45,72],"product_tag":[],"class_list":{"0":"post-22420","1":"product","2":"type-product","3":"status-publish","4":"has-post-thumbnail","6":"product_cat-sach-danh-cho-nguoi-lon","7":"product_cat-tieu-thuyet","8":"product_cat-trinh-tham-kinh-di","10":"first","11":"outofstock","12":"taxable","13":"shipping-taxable","14":"purchasable","15":"product-type-simple"},"supplier_id":null,"supplier_sku":"","barcode":null,"atum_controlled":true,"out_stock_date":"2025-09-29 16:43:59","out_stock_threshold":null,"inheritable":false,"inbound_stock":0,"stock_on_hold":0,"sold_today":0,"sales_last_days":0,"reserved_stock":0,"customer_returns":0,"warehouse_damage":0,"lost_in_post":0,"other_logs":0,"out_stock_days":121,"lost_sales":639,"has_location":false,"update_date":"2026-01-28T23:11:31","atum_locations":[],"atum_stock_status":"outofstock","restock_status":false,"low_stock_amount":"","sales_update_date":"2026-01-28T23:11:31","calc_backorders":null,"acf":{"publisher":{"ID":8682,"post_author":"1","post_date":"2021-04-28 14:30:43","post_date_gmt":"2021-04-28 11:30:43","post_content":"","post_title":"NXB Ph\u1ee5 N\u1eef","post_excerpt":"","post_status":"publish","comment_status":"closed","ping_status":"closed","post_password":"","post_name":"nxb-phu-nu","to_ping":"","pinged":"","post_modified":"2021-04-28 14:30:43","post_modified_gmt":"2021-04-28 11:30:43","post_content_filtered":"","post_parent":0,"guid":"https:\/\/sachviet.eu\/nha-phat-hanh\/nxb-phu-nu\/","menu_order":0,"post_type":"publisher","post_mime_type":"","comment_count":"0","filter":"raw"}},"_links":{"self":[{"href":"https:\/\/sachviet.eu\/en\/wp-json\/wp\/v2\/product\/22420","targetHints":{"allow":["GET"]}}],"collection":[{"href":"https:\/\/sachviet.eu\/en\/wp-json\/wp\/v2\/product"}],"about":[{"href":"https:\/\/sachviet.eu\/en\/wp-json\/wp\/v2\/types\/product"}],"wp:featuredmedia":[{"embeddable":true,"href":"https:\/\/sachviet.eu\/en\/wp-json\/wp\/v2\/media\/22419"}],"wp:attachment":[{"href":"https:\/\/sachviet.eu\/en\/wp-json\/wp\/v2\/media?parent=22420"}],"wp:term":[{"taxonomy":"product_brand","embeddable":true,"href":"https:\/\/sachviet.eu\/en\/wp-json\/wp\/v2\/product_brand?post=22420"},{"taxonomy":"product_cat","embeddable":true,"href":"https:\/\/sachviet.eu\/en\/wp-json\/wp\/v2\/product_cat?post=22420"},{"taxonomy":"product_tag","embeddable":true,"href":"https:\/\/sachviet.eu\/en\/wp-json\/wp\/v2\/product_tag?post=22420"}],"curies":[{"name":"wp","href":"https:\/\/api.w.org\/{rel}","templated":true}]}}