{"id":22414,"date":"2023-01-21T21:28:44","date_gmt":"2023-01-21T19:28:44","guid":{"rendered":"https:\/\/sachviet.eu\/shop\/ky-luat-tich-cuc-trong-lop-hoc\/"},"modified":"2023-01-22T00:28:23","modified_gmt":"2023-01-21T22:28:23","slug":"ky-luat-tich-cuc-trong-lop-hoc","status":"publish","type":"product","link":"https:\/\/sachviet.eu\/en\/shop\/ky-luat-tich-cuc-trong-lop-hoc\/","title":{"rendered":"K\u1ef7 Lu\u1eadt T\u00edch C\u1ef1c Trong L\u1edbp H\u1ecdc"},"content":{"rendered":"<p>K\u1ef7 lu\u1eadt t\u00edch c\u1ef1c trong l\u1edbp h\u1ecdc<\/p>\n<p>V\u1edbi cu\u1ed1n s\u00e1ch n\u00e0y, b\u1ea1n s\u1ebd h\u1ecdc \u0111\u01b0\u1ee3c c\u00e1ch:<\/p>\n<p>. T\u1ea1o m\u1ed9t m\u00f4i tr\u01b0\u1eddng l\u1edbp h\u1ecdc th\u00fac \u0111\u1ea9y tinh th\u1ea7n h\u1ecdc thu\u1eadt<\/p>\n<p>. S\u1eed d\u1ee5ng hi\u1ec7u qu\u1ea3 s\u1ef1 kh\u00edch l\u1ec7 thay v\u00ec ph\u1ea7n th\u01b0\u1edfng v\u00e0 l\u1eddi khen ng\u1ee3i<\/p>\n<p>. Gi\u00fap tr\u1ebb th\u1ea5m nhu\u1ea7n nh\u1eefng k\u1ef9 n\u0103ng x\u00e3 h\u1ed9i quan tr\u1ecdng v\u00e0 c\u00e1c h\u00e0nh vi t\u00edch c\u1ef1c qua c\u00e1c bu\u1ed5i sinh ho\u1ea1t l\u1edbp<\/p>\n<p>. Hi\u1ec3u \u0111\u01b0\u1ee3c t\u1ea1i sao m\u1eddi g\u1ecdi tr\u1ebb tham gia v\u00e0o qu\u00e1 tr\u00ecnh gi\u1ea3i quy\u1ebft v\u1ea5n \u0111\u1ec1 l\u1ea1i hi\u1ec7u qu\u1ea3 h\u01a1n vi\u1ec7c \u00e1p d\u1ee5ng h\u00ecnh ph\u1ea1t<\/p>\n<p>. Hi\u1ec3u \u0111\u01b0\u1ee3c \u0111\u1ed9ng l\u1ef1c \u0111\u1eb1ng sau h\u00e0nh vi c\u1ee7a tr\u1ebb thay v\u00ec t\u00ecm ki\u1ebfm nguy\u00ean nh\u00e2n<\/p>\n<p>V\u00e0 nhi\u1ec1u \u0111i\u1ec1u kh\u00e1c n\u1eefa\u2026<\/p>\n<p>Nhi\u1ec1u n\u0103m qua, h\u00e0ng tri\u1ec7u ph\u1ee5 huynh v\u00e0 gi\u00e1o vi\u00ean \u0111\u00e3 s\u1eed d\u1ee5ng nh\u1eefng chi\u1ebfn l\u01b0\u1ee3c hi\u1ec7u qu\u1ea3 c\u1ee7a ph\u01b0\u01a1ng ph\u00e1p K\u1ef7 lu\u1eadt T\u00edch c\u1ef1c \u0111\u1ec3 t\u00ecm l\u1ea1i s\u1ef1 \u1ed5n \u0111\u1ecbnh v\u00e0 n\u1ec1n n\u1ebfp t\u1ea1i gia \u0111\u00ecnh v\u00e0 l\u1edbp h\u1ecdc. V\u00e0 trong c\u00e1c l\u1edbp h\u1ecdc hi\u1ec7n nay, n\u01a1i gi\u00e1o vi\u00ean ph\u1ea3i c\u1ea1nh tranh v\u1edbi v\u00f4 s\u1ed1 thi\u1ebft b\u1ecb \u0111i\u1ec7n t\u1eed \u0111\u1ec3 d\u00e0nh \u0111\u01b0\u1ee3c s\u1ef1 ch\u00fa \u00fd c\u1ee7a h\u1ecdc sinh, \u0111\u1ed3ng th\u1eddi v\u1eabn ph\u1ea3i \u0111\u00e1p \u1ee9ng nh\u1eefng ti\u00eau chu\u1ea9n chuy\u00ean m\u00f4n v\u00e0 h\u1ecdc thu\u1eadt ng\u00e0y c\u00e0ng cao, th\u00ec \u0111i\u1ec1u quan tr\u1ecdng h\u01a1n bao gi\u1edd h\u1ebft l\u00e0 th\u1ea7y c\u00f4 c\u1ea7n c\u00f3 kh\u1ea3 n\u0103ng \u0111\u1ec3 chi\u1ebfn \u0111\u1ea5u v\u1edbi s\u1ef1 th\u1edd \u01a1 n\u01a1i c\u00e1c em, \u0111\u1ec3 l\u1ed3ng gh\u00e9p nh\u1eefng k\u1ef9 n\u0103ng gi\u1ea3i quy\u1ebft v\u1ea5n \u0111\u1ec1 v\u00e0 \u0111\u1ec3 t\u1ea1o m\u1ed9t m\u00f4i tr\u01b0\u1eddng t\u1ed1i \u01b0u h\u00f3a kh\u1ea3 n\u0103ng ti\u1ebfp thu v\u00e0 h\u1ecdc h\u1ecfi cho h\u1ecdc sinh c\u1ee7a m\u00ecnh.<\/p>\n","protected":false},"excerpt":{"rendered":"<p>K\u1ef7 lu\u1eadt t\u00edch c\u1ef1c trong l\u1edbp h\u1ecdc<\/p>\n<p>V\u1edbi cu\u1ed1n s\u00e1ch n\u00e0y, b\u1ea1n s\u1ebd h\u1ecdc \u0111\u01b0\u1ee3c c\u00e1ch:<\/p>\n<p>. T\u1ea1o m\u1ed9t m\u00f4i tr\u01b0\u1eddng l\u1edbp h\u1ecdc th\u00fac \u0111\u1ea9y tinh th\u1ea7n h\u1ecdc thu\u1eadt<\/p>\n<p>. S\u1eed d\u1ee5ng hi\u1ec7u qu\u1ea3 s\u1ef1 kh\u00edch l\u1ec7 thay v\u00ec ph\u1ea7n th\u01b0\u1edfng v\u00e0 l\u1eddi khen ng\u1ee3i<\/p>\n<p>. Gi\u00fap tr\u1ebb th\u1ea5m nhu\u1ea7n nh\u1eefng k\u1ef9 n\u0103ng x\u00e3 h\u1ed9i quan tr\u1ecdng v\u00e0 c\u00e1c h\u00e0nh vi t\u00edch c\u1ef1c qua c\u00e1c bu\u1ed5i sinh ho\u1ea1t l\u1edbp<\/p>\n<p>. Hi\u1ec3u \u0111\u01b0\u1ee3c t\u1ea1i sao m\u1eddi g\u1ecdi tr\u1ebb tham gia v\u00e0o qu\u00e1 tr\u00ecnh gi\u1ea3i quy\u1ebft v\u1ea5n \u0111\u1ec1 l\u1ea1i hi\u1ec7u qu\u1ea3 h\u01a1n vi\u1ec7c \u00e1p d\u1ee5ng h\u00ecnh ph\u1ea1t<\/p>\n<p>. Hi\u1ec3u \u0111\u01b0\u1ee3c \u0111\u1ed9ng l\u1ef1c \u0111\u1eb1ng sau h\u00e0nh vi c\u1ee7a tr\u1ebb thay v\u00ec t\u00ecm ki\u1ebfm nguy\u00ean nh\u00e2n<\/p>\n<p>V\u00e0 nhi\u1ec1u \u0111i\u1ec1u kh\u00e1c n\u1eefa\u2026<\/p>\n<p>Nhi\u1ec1u n\u0103m qua, h\u00e0ng tri\u1ec7u ph\u1ee5 huynh v\u00e0 gi\u00e1o vi\u00ean \u0111\u00e3 s\u1eed d\u1ee5ng nh\u1eefng chi\u1ebfn l\u01b0\u1ee3c hi\u1ec7u qu\u1ea3 c\u1ee7a ph\u01b0\u01a1ng ph\u00e1p K\u1ef7 lu\u1eadt T\u00edch c\u1ef1c \u0111\u1ec3 t\u00ecm l\u1ea1i s\u1ef1 \u1ed5n \u0111\u1ecbnh v\u00e0 n\u1ec1n n\u1ebfp t\u1ea1i gia \u0111\u00ecnh v\u00e0 l\u1edbp h\u1ecdc. V\u00e0 trong c\u00e1c l\u1edbp h\u1ecdc hi\u1ec7n nay, n\u01a1i gi\u00e1o vi\u00ean ph\u1ea3i c\u1ea1nh tranh v\u1edbi v\u00f4 s\u1ed1 thi\u1ebft b\u1ecb \u0111i\u1ec7n t\u1eed \u0111\u1ec3 d\u00e0nh \u0111\u01b0\u1ee3c s\u1ef1 ch\u00fa \u00fd c\u1ee7a h\u1ecdc sinh, \u0111\u1ed3ng th\u1eddi v\u1eabn ph\u1ea3i \u0111\u00e1p \u1ee9ng nh\u1eefng ti\u00eau chu\u1ea9n chuy\u00ean m\u00f4n v\u00e0 h\u1ecdc thu\u1eadt ng\u00e0y c\u00e0ng cao, th\u00ec \u0111i\u1ec1u quan tr\u1ecdng h\u01a1n bao gi\u1edd h\u1ebft l\u00e0 th\u1ea7y c\u00f4 c\u1ea7n c\u00f3 kh\u1ea3 n\u0103ng \u0111\u1ec3 chi\u1ebfn \u0111\u1ea5u v\u1edbi s\u1ef1 th\u1edd \u01a1 n\u01a1i c\u00e1c em, \u0111\u1ec3 l\u1ed3ng gh\u00e9p nh\u1eefng k\u1ef9 n\u0103ng gi\u1ea3i quy\u1ebft v\u1ea5n \u0111\u1ec1 v\u00e0 \u0111\u1ec3 t\u1ea1o m\u1ed9t m\u00f4i tr\u01b0\u1eddng t\u1ed1i \u01b0u h\u00f3a kh\u1ea3 n\u0103ng ti\u1ebfp thu v\u00e0 h\u1ecdc h\u1ecfi cho h\u1ecdc sinh c\u1ee7a m\u00ecnh.<\/p>\n","protected":false},"featured_media":22413,"template":"","meta":{"_acf_changed":false},"product_brand":[],"product_cat":[19],"product_tag":[83],"class_list":{"0":"post-22414","1":"product","2":"type-product","3":"status-publish","4":"has-post-thumbnail","6":"product_cat-nuoi-day-con","7":"product_tag-sach-moi-xuat-ban","9":"first","10":"instock","11":"taxable","12":"shipping-taxable","13":"purchasable","14":"product-type-simple"},"supplier_id":null,"supplier_sku":"","barcode":null,"atum_controlled":true,"out_stock_date":null,"out_stock_threshold":null,"inheritable":false,"inbound_stock":0,"stock_on_hold":0,"sold_today":0,"sales_last_days":0,"reserved_stock":0,"customer_returns":0,"warehouse_damage":0,"lost_in_post":0,"other_logs":0,"out_stock_days":0,"lost_sales":0,"has_location":false,"update_date":"2026-01-28T23:11:09","atum_locations":[],"atum_stock_status":"instock","restock_status":false,"low_stock_amount":"","sales_update_date":"2026-01-28T23:11:09","calc_backorders":null,"acf":{"publisher":{"ID":8682,"post_author":"1","post_date":"2021-04-28 14:30:43","post_date_gmt":"2021-04-28 11:30:43","post_content":"","post_title":"NXB Ph\u1ee5 N\u1eef","post_excerpt":"","post_status":"publish","comment_status":"closed","ping_status":"closed","post_password":"","post_name":"nxb-phu-nu","to_ping":"","pinged":"","post_modified":"2021-04-28 14:30:43","post_modified_gmt":"2021-04-28 11:30:43","post_content_filtered":"","post_parent":0,"guid":"https:\/\/sachviet.eu\/nha-phat-hanh\/nxb-phu-nu\/","menu_order":0,"post_type":"publisher","post_mime_type":"","comment_count":"0","filter":"raw"}},"_links":{"self":[{"href":"https:\/\/sachviet.eu\/en\/wp-json\/wp\/v2\/product\/22414","targetHints":{"allow":["GET"]}}],"collection":[{"href":"https:\/\/sachviet.eu\/en\/wp-json\/wp\/v2\/product"}],"about":[{"href":"https:\/\/sachviet.eu\/en\/wp-json\/wp\/v2\/types\/product"}],"wp:featuredmedia":[{"embeddable":true,"href":"https:\/\/sachviet.eu\/en\/wp-json\/wp\/v2\/media\/22413"}],"wp:attachment":[{"href":"https:\/\/sachviet.eu\/en\/wp-json\/wp\/v2\/media?parent=22414"}],"wp:term":[{"taxonomy":"product_brand","embeddable":true,"href":"https:\/\/sachviet.eu\/en\/wp-json\/wp\/v2\/product_brand?post=22414"},{"taxonomy":"product_cat","embeddable":true,"href":"https:\/\/sachviet.eu\/en\/wp-json\/wp\/v2\/product_cat?post=22414"},{"taxonomy":"product_tag","embeddable":true,"href":"https:\/\/sachviet.eu\/en\/wp-json\/wp\/v2\/product_tag?post=22414"}],"curies":[{"name":"wp","href":"https:\/\/api.w.org\/{rel}","templated":true}]}}