{"id":22412,"date":"2023-01-21T21:28:38","date_gmt":"2023-01-21T19:28:38","guid":{"rendered":"https:\/\/sachviet.eu\/shop\/khung-hoang-tuoi-chap-chung-danh-cho-cha-me-co-con-tu-1-4-tuoi\/"},"modified":"2023-01-22T00:28:22","modified_gmt":"2023-01-21T22:28:22","slug":"khung-hoang-tuoi-chap-chung-danh-cho-cha-me-co-con-tu-1-4-tuoi","status":"publish","type":"product","link":"https:\/\/sachviet.eu\/en\/shop\/khung-hoang-tuoi-chap-chung-danh-cho-cha-me-co-con-tu-1-4-tuoi\/","title":{"rendered":"Kh\u1ee7ng ho\u1ea3ng tu\u1ed5i ch\u1eadp ch\u1eefng: D\u00e0nh cho cha m\u1eb9 c\u00f3 con t\u1eeb 1 \u2013 4 tu\u1ed5i"},"content":{"rendered":"<p>M\u1ed9t g\u00f3c nh\u00ecn th\u1eadt v\u1ec1 giai \u0111o\u1ea1n ch\u1eadp ch\u1eefng<\/p>\n<p>B\u1ea1n c\u1ed1 g\u1eafng gi\u1ea3i th\u00edch. B\u1ea1n nh\u1eadn \u0111\u01b0\u1ee3c s\u1ef1 gi\u1eadn d\u1eef.<\/p>\n<p>B\u1ea1n \u0111\u00e1nh l\u1ea1c h\u01b0\u1edbng tr\u1ebb. B\u1ea1n nh\u1eadn \u0111\u01b0\u1ee3c s\u1ef1 gi\u1eadn d\u1eef.<\/p>\n<p>B\u1ea1n \u0111\u01b0a ra m\u1ed9t l\u1eddi c\u1ea3nh b\u00e1o. B\u1ea1n nh\u1eadn \u0111\u01b0\u1ee3c s\u1ef1 gi\u1eadn d\u1eef.<\/p>\n<p>B\u1ea1n c\u00e1ch ly tr\u1ebb (time-out). B\u1ea1n nh\u1eadn \u0111\u01b0\u1ee3c s\u1ef1 gi\u1eadn d\u1eef.<\/p>\n<p>Ch\u1eb3ng m\u1ea5y ch\u1ed1c ch\u00ednh b\u1ea1n c\u0169ng tr\u1edf n\u00ean gi\u1eadn d\u1eef.<\/p>\n<p>Chuy\u1ec7n g\u00ec \u0111\u00e3 x\u1ea3y ra v\u1eady?<\/p>\n<p>Em b\u00e9 s\u01a1 sinh c\u1ee7a b\u1ea1n \u0111i \u0111\u00e2u m\u1ea5t r\u1ed3i? M\u1edbi ng\u00e0y n\u00e0o, b\u1ea1n v\u1eabn c\u00f2n \u0111ang \u00f4m \u1ea5p \u0111\u1ee9a con<\/p>\n<p>m\u1edbi sinh nh\u1ecf b\u00e9 trong v\u00f2ng tay c\u1ee7a m\u00ecnh, con \u0111\u01b0\u1eddng l\u00e0m cha m\u1eb9 tr\u1ea3i d\u00e0i tr\u01b0\u1edbc m\u1eb7t. V\u1eady<\/p>\n<p>m\u00e0, tr\u01b0\u1edbc khi k\u1ecbp nh\u1eadn ra, b\u1ea1n \u0111\u00e3 l\u1ea1i \u0111ang s\u1ed1ng c\u00f9ng v\u1edbi m\u1ed9t sinh v\u1eadt ho\u00e0n to\u00e0n m\u1edbi \u2013<\/p>\n<p>\u0111\u00e1ng y\u00eau h\u01a1n bao gi\u1edd h\u1ebft, nh\u01b0ng c\u0169ng hi\u1ebfu \u0111\u1ed9ng, c\u1ee9ng \u0111\u1ea7u, kh\u00f3 b\u1ea3o kh\u00f4ng ai b\u1eb1ng. Ch\u00e0o<\/p>\n<p>m\u1eebng b\u1ea1n \u0111\u1ebfn v\u1edbi th\u1ebf gi\u1edbi c\u1ee7a tr\u1ebb ch\u1eadp ch\u1eefng.<\/p>\n<p>Th\u1eddi k\u1ef3 ch\u1eadp ch\u1eefng c\u1ee7a tr\u1ebb l\u00e0 m\u1ed9t trong nh\u1eefng giai \u0111o\u1ea1n cao tr\u00e0o c\u1ee7a h\u00e0nh tr\u00ecnh l\u00e0m cha<\/p>\n<p>m\u1eb9. Tr\u1ebb \u1edf giai \u0111o\u1ea1n n\u00e0y s\u1ebd gi\u00fap b\u1ea1n nh\u00ecn th\u1ebf gi\u1edbi theo m\u1ed9t c\u00e1ch ho\u00e0n to\u00e0n kh\u00e1c \u2013 m\u1ed9t<\/p>\n<p>c\u00e1ch th\u1eadt di\u1ec7u k\u1ef3! Nh\u1eefng con c\u00f4n tr\u00f9ng tr\u00ean b\u00e3i c\u1ecf\u2026 h\u00ecnh th\u00f9 nh\u1eefng \u0111\u00e1m m\u00e2y\u2026 nh\u1eefng<\/p>\n<p>\u201cl\u00e2u \u0111\u00e0i\u201d x\u00e2y tr\u00ean c\u00e1t\u2026 Tr\u1ebb ch\u1eadp ch\u1eefng lu\u00f4n tr\u00e0n \u0111\u1ea7y s\u1ef1 t\u00f2 m\u00f2, ni\u1ec1m h\u1ee9ng kh\u1edfi v\u00e0 s\u1ef1<\/p>\n<p>\u0111\u00e1ng y\u00eau kh\u00f3 c\u01b0\u1ee1ng.<\/p>\n","protected":false},"excerpt":{"rendered":"<p>M\u1ed9t g\u00f3c nh\u00ecn th\u1eadt v\u1ec1 giai \u0111o\u1ea1n ch\u1eadp ch\u1eefng<\/p>\n<p>B\u1ea1n c\u1ed1 g\u1eafng gi\u1ea3i th\u00edch. B\u1ea1n nh\u1eadn \u0111\u01b0\u1ee3c s\u1ef1 gi\u1eadn d\u1eef.<\/p>\n<p>B\u1ea1n \u0111\u00e1nh l\u1ea1c h\u01b0\u1edbng tr\u1ebb. B\u1ea1n nh\u1eadn \u0111\u01b0\u1ee3c s\u1ef1 gi\u1eadn d\u1eef.<\/p>\n<p>B\u1ea1n \u0111\u01b0a ra m\u1ed9t l\u1eddi c\u1ea3nh b\u00e1o. B\u1ea1n nh\u1eadn \u0111\u01b0\u1ee3c s\u1ef1 gi\u1eadn d\u1eef.<\/p>\n<p>B\u1ea1n c\u00e1ch ly tr\u1ebb (time-out). B\u1ea1n nh\u1eadn \u0111\u01b0\u1ee3c s\u1ef1 gi\u1eadn d\u1eef.<\/p>\n<p>Ch\u1eb3ng m\u1ea5y ch\u1ed1c ch\u00ednh b\u1ea1n c\u0169ng tr\u1edf n\u00ean gi\u1eadn d\u1eef.<\/p>\n<p>Chuy\u1ec7n g\u00ec \u0111\u00e3 x\u1ea3y ra v\u1eady?<\/p>\n<p>Em b\u00e9 s\u01a1 sinh c\u1ee7a b\u1ea1n \u0111i \u0111\u00e2u m\u1ea5t r\u1ed3i? M\u1edbi ng\u00e0y n\u00e0o, b\u1ea1n v\u1eabn c\u00f2n \u0111ang \u00f4m \u1ea5p \u0111\u1ee9a con<\/p>\n<p>m\u1edbi sinh nh\u1ecf b\u00e9 trong v\u00f2ng tay c\u1ee7a m\u00ecnh, con \u0111\u01b0\u1eddng l\u00e0m cha m\u1eb9 tr\u1ea3i d\u00e0i tr\u01b0\u1edbc m\u1eb7t. V\u1eady<\/p>\n<p>m\u00e0, tr\u01b0\u1edbc khi k\u1ecbp nh\u1eadn ra, b\u1ea1n \u0111\u00e3 l\u1ea1i \u0111ang s\u1ed1ng c\u00f9ng v\u1edbi m\u1ed9t sinh v\u1eadt ho\u00e0n to\u00e0n m\u1edbi \u2013<\/p>\n<p>\u0111\u00e1ng y\u00eau h\u01a1n bao gi\u1edd h\u1ebft, nh\u01b0ng c\u0169ng hi\u1ebfu \u0111\u1ed9ng, c\u1ee9ng \u0111\u1ea7u, kh\u00f3 b\u1ea3o kh\u00f4ng ai b\u1eb1ng. Ch\u00e0o<\/p>\n<p>m\u1eebng b\u1ea1n \u0111\u1ebfn v\u1edbi th\u1ebf gi\u1edbi c\u1ee7a tr\u1ebb ch\u1eadp ch\u1eefng.<\/p>\n<p>Th\u1eddi k\u1ef3 ch\u1eadp ch\u1eefng c\u1ee7a tr\u1ebb l\u00e0 m\u1ed9t trong nh\u1eefng giai \u0111o\u1ea1n cao tr\u00e0o c\u1ee7a h\u00e0nh tr\u00ecnh l\u00e0m cha<\/p>\n<p>m\u1eb9. Tr\u1ebb \u1edf giai \u0111o\u1ea1n n\u00e0y s\u1ebd gi\u00fap b\u1ea1n nh\u00ecn th\u1ebf gi\u1edbi theo m\u1ed9t c\u00e1ch ho\u00e0n to\u00e0n kh\u00e1c \u2013 m\u1ed9t<\/p>\n<p>c\u00e1ch th\u1eadt di\u1ec7u k\u1ef3! Nh\u1eefng con c\u00f4n tr\u00f9ng tr\u00ean b\u00e3i c\u1ecf\u2026 h\u00ecnh th\u00f9 nh\u1eefng \u0111\u00e1m m\u00e2y\u2026 nh\u1eefng<\/p>\n<p>\u201cl\u00e2u \u0111\u00e0i\u201d x\u00e2y tr\u00ean c\u00e1t\u2026 Tr\u1ebb ch\u1eadp ch\u1eefng lu\u00f4n tr\u00e0n \u0111\u1ea7y s\u1ef1 t\u00f2 m\u00f2, ni\u1ec1m h\u1ee9ng kh\u1edfi v\u00e0 s\u1ef1<\/p>\n<p>\u0111\u00e1ng y\u00eau kh\u00f3 c\u01b0\u1ee1ng.<\/p>\n","protected":false},"featured_media":22411,"template":"","meta":{"_acf_changed":false},"product_brand":[],"product_cat":[19],"product_tag":[83],"class_list":{"0":"post-22412","1":"product","2":"type-product","3":"status-publish","4":"has-post-thumbnail","6":"product_cat-nuoi-day-con","7":"product_tag-sach-moi-xuat-ban","9":"first","10":"instock","11":"taxable","12":"shipping-taxable","13":"purchasable","14":"product-type-simple"},"supplier_id":null,"supplier_sku":"","barcode":null,"atum_controlled":true,"out_stock_date":null,"out_stock_threshold":null,"inheritable":false,"inbound_stock":0,"stock_on_hold":0,"sold_today":0,"sales_last_days":0,"reserved_stock":0,"customer_returns":0,"warehouse_damage":0,"lost_in_post":0,"other_logs":0,"out_stock_days":0,"lost_sales":0,"has_location":false,"update_date":"2026-01-28T23:11:09","atum_locations":[],"atum_stock_status":"instock","restock_status":false,"low_stock_amount":"","sales_update_date":"2026-01-28T23:11:09","calc_backorders":null,"acf":{"publisher":{"ID":1474,"post_author":"1","post_date":"2021-02-17 01:12:51","post_date_gmt":"2021-02-16 23:12:51","post_content":"","post_title":"Th\u00e1i H\u00e0","post_excerpt":"","post_status":"publish","comment_status":"closed","ping_status":"closed","post_password":"","post_name":"thai-ha","to_ping":"","pinged":"","post_modified":"2021-02-17 01:12:51","post_modified_gmt":"2021-02-16 23:12:51","post_content_filtered":"","post_parent":0,"guid":"https:\/\/sachviet.eu\/nha-phat-hanh\/thai-ha\/","menu_order":0,"post_type":"publisher","post_mime_type":"","comment_count":"0","filter":"raw"}},"_links":{"self":[{"href":"https:\/\/sachviet.eu\/en\/wp-json\/wp\/v2\/product\/22412","targetHints":{"allow":["GET"]}}],"collection":[{"href":"https:\/\/sachviet.eu\/en\/wp-json\/wp\/v2\/product"}],"about":[{"href":"https:\/\/sachviet.eu\/en\/wp-json\/wp\/v2\/types\/product"}],"wp:featuredmedia":[{"embeddable":true,"href":"https:\/\/sachviet.eu\/en\/wp-json\/wp\/v2\/media\/22411"}],"wp:attachment":[{"href":"https:\/\/sachviet.eu\/en\/wp-json\/wp\/v2\/media?parent=22412"}],"wp:term":[{"taxonomy":"product_brand","embeddable":true,"href":"https:\/\/sachviet.eu\/en\/wp-json\/wp\/v2\/product_brand?post=22412"},{"taxonomy":"product_cat","embeddable":true,"href":"https:\/\/sachviet.eu\/en\/wp-json\/wp\/v2\/product_cat?post=22412"},{"taxonomy":"product_tag","embeddable":true,"href":"https:\/\/sachviet.eu\/en\/wp-json\/wp\/v2\/product_tag?post=22412"}],"curies":[{"name":"wp","href":"https:\/\/api.w.org\/{rel}","templated":true}]}}