{"id":22406,"date":"2023-01-21T21:28:14","date_gmt":"2023-01-21T19:28:14","guid":{"rendered":"https:\/\/sachviet.eu\/shop\/cua-hang-tien-loi-bat-tien\/"},"modified":"2023-04-15T19:52:49","modified_gmt":"2023-04-15T16:52:49","slug":"cua-hang-tien-loi-bat-tien","status":"publish","type":"product","link":"https:\/\/sachviet.eu\/en\/shop\/cua-hang-tien-loi-bat-tien\/","title":{"rendered":"C\u1eeda H\u00e0ng Ti\u1ec7n L\u1ee3i B\u1ea5t Ti\u1ec7n"},"content":{"rendered":"<p>C\u1eeda h\u00e0ng ti\u1ec7n l\u1ee3i b\u1ea5t ti\u1ec7n c\u1ee7a Kim Ho-Yeon l\u00e0 m\u1ed9t t\u00e1c ph\u1ea9m v\u0103n h\u1ecdc h\u01b0 c\u1ea5u, nh\u01b0ng n\u00f3 gi\u1ed1ng nh\u01b0 m\u1ed9t b\u1ed9 phim truy\u1ec1n h\u00ecnh, m\u1ed9t b\u1ed9 phim \u0111i\u1ec7n \u1ea3nh v\u00e0 c\u0169ng gi\u1ed1ng m\u1ed9t phim ho\u1ea1t h\u00ecnh. L\u1ed1i vi\u1ebft \u0111\u1ed9c \u0111\u00e1o gi\u00fap ng\u01b0\u1eddi \u0111\u1ecdc c\u00f3 tr\u00ed t\u01b0\u1edfng t\u01b0\u1ee3ng \u0111a chi\u1ec1u v\u1ec1 c\u00e1c c\u1ea3nh v\u1eadt. Nh\u00e2n v\u1eadt ch\u00ednh c\u1ee7a c\u00e2u chuy\u1ec7n n\u00e0y kh\u00f4ng ph\u1ea3i l\u00e0 m\u1ed9t anh h\u00f9ng, m\u00e0 l\u00e0 m\u1ed9t ng\u01b0\u1eddi r\u1ea5t \u0111\u1ed7i b\u00ecnh th\u01b0\u1eddng b\u00ean c\u1ea1nh ch\u00fang ta, ng\u01b0\u1eddi m\u00e0 ch\u00fang ta c\u00f3 th\u1ec3 \u0111\u00e3 l\u01b0\u1edbt qua v\u00e0o bu\u1ed5i s\u00e1ng ho\u1eb7c tr\u00ean \u0111\u01b0\u1eddng tr\u1edf v\u1ec1 nh\u00e0 sau gi\u1edd l\u00e0m vi\u1ec7c. Trong truy\u1ec7n, m\u1ed9t ng\u01b0\u1eddi \u0111\u00e0n \u00f4ng v\u00f4 gia c\u01b0 \u1edf ga Seoul m\u1eafc ch\u1ee9ng m\u1ea5t tr\u00ed nh\u1edb li\u00ean quan \u0111\u1ebfn r\u01b0\u1ee3u \u0111\u00e3 g\u1eb7p m\u1ed9t ng\u01b0\u1eddi ph\u1ee5 n\u1eef ngo\u00e0i 70 tu\u1ed5i khi anh ta nh\u1eb7t \u0111\u01b0\u1ee3c chi\u1ebfc v\u00ed c\u1ee7a b\u00e0. Sau \u0111\u00f3, anh b\u1eaft \u0111\u1ea7u l\u00e0m vi\u1ec7c ca \u0111\u00eam t\u1ea1i m\u1ed9t c\u1eeda h\u00e0ng ti\u1ec7n l\u1ee3i m\u00e0 b\u00e0 l\u00e0m ch\u1ee7. Li\u1ec7u con ng\u01b0\u1eddi v\u00f4 gia c\u01b0, m\u1ed9t ng\u01b0\u1eddi \u0111\u00e0n \u00f4ng n\u00f3i l\u1eafp v\u00e0 kh\u00f4ng ng\u1ea1i ng\u1ea7n \u0111\u1ea5u tranh v\u1edbi h\u00e0nh vi x\u1ea5u, s\u1ebd c\u00f3 th\u1ec3 l\u00e0m vi\u1ec7c b\u00ecnh th\u01b0\u1eddng \u1edf c\u1eeda h\u00e0ng ti\u1ec7n l\u1ee3i? Kh\u00f4ng ch\u1ec9 khi\u1ebfn m\u1ecdi ng\u01b0\u1eddi ph\u1ea3i b\u1ea5t ng\u1edd, anh c\u00f2n v\u1ef1c d\u1eady c\u1eeda h\u00e0ng ti\u1ec7n l\u1ee3i g\u1ea7n nh\u01b0 ph\u00e1 s\u1ea3n v\u00e0 bi\u1ebfn n\u00f3 th\u00e0nh n\u01a1i s\u00e1ng nh\u1ea5t v\u00e0o ban \u0111\u00eam trong khu ph\u1ed1, thu h\u00fat kh\u00e1ch h\u00e0ng m\u1ed9t c\u00e1ch k\u00ec l\u1ea1. B\u1ea1n c\u00f3 th\u1ec3 t\u00ecm th\u1ea5y s\u1ef1 th\u1ec3 hi\u1ec7n tinh t\u1ebf c\u1ee7a c\u1ea3m x\u00fac v\u00e0 t\u00ednh h\u00e0i h\u01b0\u1edbc \u0111\u1eb7c tr\u01b0ng c\u1ee7a \u0111i\u1ec7n \u1ea3nh H\u00e0n Qu\u1ed1c \u0111an xen trong c\u00e1c ph\u1ea7n c\u1ee7a cu\u1ed1n s\u00e1ch. Cu\u1ed1n ti\u1ec3u thuy\u1ebft n\u00e0y \u0111\u01b0\u1ee3c d\u1ef1 \u0111o\u00e1n s\u1ebd ra m\u1eaft kh\u00e1n gi\u1ea3 d\u01b0\u1edbi d\u1ea1ng phim \u0111i\u1ec7n \u1ea3nh ho\u1eb7c phim truy\u1ec1n h\u00ecnh trong th\u1eddi gian s\u1eafp t\u1edbi.<\/p>\n<p>S\u1ef1 ph\u00e2n c\u1ef1c tr\u00ean th\u1ebf gi\u1edbi \u0111\u00e3 tr\u1edf n\u00ean t\u1ed3i t\u1ec7 h\u01a1n do \u0111\u1ea1i d\u1ecbch COVID-19 b\u1eaft \u0111\u1ea7u t\u1eeb cu\u1ed1i n\u0103m 2019, \u0111\u1ea7u n\u0103m 2020, c\u1ed9ng th\u00eam c\u00e1c bi\u1ec7n ph\u00e1p gi\u00e3n c\u00e1ch x\u00e3 h\u1ed9i k\u00e9o d\u00e0i, ch\u00fang ta b\u1eaft \u0111\u1ea7u quen v\u00e0 s\u1eed d\u1ee5ng th\u1ebf gi\u1edbi \u1ea3o tho\u1ea3i m\u00e1i h\u01a1n th\u1ebf gi\u1edbi th\u1ef1c. T\u00e1c gi\u1ea3 \u0111\u00e3 s\u1eed d\u1ee5ng m\u1ed9t c\u00e1ch ti\u1ebfp c\u1eadn h\u00e0i h\u01b0\u1edbc \u0111\u1ec3 b\u1ed9c l\u1ed9, c\u0169ng nh\u01b0 xoa d\u1ecbu n\u1ed7i s\u1ee3 h\u00e3i v\u00e0 c\u00f4 \u0111\u01a1n m\u01a1 h\u1ed3 c\u1ee7a con ng\u01b0\u1eddi trong k\u1ec9 nguy\u00ean h\u1eadu COVID-19 s\u1eafp t\u1edbi. Hi v\u1ecdng \u0111\u1ed9c gi\u1ea3 c\u00f3 th\u1ec3 tr\u1ea3i nghi\u1ec7m s\u1ef1 m\u1edbi m\u1ebb c\u1ee7a nh\u1eefng c\u00e2u chuy\u1ec7n nh\u1ecf b\u00e9 trong cu\u1ed1n s\u00e1ch n\u00e0y, \u0111\u1ec3 t\u00ecm th\u1ea5y s\u1ef1 tho\u1ea3i m\u00e1i \u1edf nhau v\u00e0 tho\u00e1t kh\u1ecfi s\u1ef1 c\u00f4 \u0111\u01a1n trong th\u1ebf gi\u1edbi c\u1ee7a ch\u00fang ta.<\/p>\n<p>V\u1ec1 t\u00e1c gi\u1ea3:<\/p>\n<p>S\u1ef1 nghi\u1ec7p c\u1ee7a nh\u00e0 v\u0103n tr\u1ebb H\u00e0n Qu\u1ed1c Kim Ho-Yeon r\u1ea5t \u0111\u1ed9c \u0111\u00e1o. Anh b\u1eaft \u0111\u1ea7u vi\u1ebft k\u1ecbch b\u1ea3n cho m\u1ed9t c\u00f4ng ty s\u1ea3n xu\u1ea5t phim sau khi t\u1ed1t nghi\u1ec7p \u0111\u1ea1i h\u1ecdc. Anh tr\u1edf th\u00e0nh nh\u00e0 bi\u00ean k\u1ecbch khi k\u1ecbch b\u1ea3n m\u00e0 anh h\u1ee3p t\u00e1c \u0111\u01b0\u1ee3c d\u1ef1ng th\u00e0nh phim \u201cDouble Agent\u201d (\u0110i\u1ec7p v\u1ee5 k\u00e9p). N\u01a1i l\u00e0m vi\u1ec7c th\u1ee9 hai c\u1ee7a anh l\u00e0 Bucheon Cartoon Information Center (Trung t\u00e2m th\u00f4ng tin ho\u1ea1t h\u00ecnh Bucheon). Sau khi Experiment Zone: Human (Khu th\u1eed nghi\u1ec7m: Con ng\u01b0\u1eddi), t\u00e1c ph\u1ea9m Kim Ho-Yeon vi\u1ebft khi l\u00e0m vi\u1ec7c t\u1ea1i \u0111\u00e2y, gi\u00e0nh \u0111\u01b0\u1ee3c gi\u1ea3i th\u01b0\u1edfng l\u1edbn t\u1ea1i Cu\u1ed9c thi ho\u1ea1t h\u00ecnh Bucheon l\u1ea7n th\u1ee9 nh\u1ea5t, anh \u1ea5y tr\u1edf th\u00e0nh t\u00e1c gi\u1ea3 truy\u1ec7n ho\u1ea1t h\u00ecnh. Sau \u0111\u00f3, anh ti\u1ebfp t\u1ee5c s\u1ef1 nghi\u1ec7p ti\u1ec3u thuy\u1ebft gia khi gi\u00e0nh \u0111\u01b0\u1ee3c Gi\u1ea3i th\u01b0\u1edfng V\u0103n h\u1ecdc Saegae l\u1ea7n th\u1ee9 9 v\u00e0o n\u0103m 2013 v\u1edbi cu\u1ed1n ti\u1ec3u thuy\u1ebft Mangwon-dong Brothers (Anh em nh\u00e0 Mangwon-dong). Danh hi\u1ec7u \u201cti\u1ec3u thuy\u1ebft gia\u201d c\u00f3 l\u1ebd l\u00e0 kh\u00f4ng \u0111\u1ee7 \u0111\u1ec3 mi\u00eau t\u1ea3 v\u1ec1 nh\u00e0 v\u0103n Kim Ho-Yeon. C\u00f3 l\u1ebd c\u1ee5m t\u1eeb th\u1ec3 hi\u1ec7n ch\u00ednh x\u00e1c nh\u1ea5t v\u1ec1 nh\u00e0 v\u0103n tr\u1ebb n\u00e0y l\u00e0 \u201cng\u01b0\u1eddi k\u1ec3 chuy\u1ec7n\u201d, anh k\u1ec3 \u0111\u1ee7 m\u1ecdi c\u00e2u chuy\u1ec7n qua phim \u1ea3nh, phim ho\u1ea1t h\u00ecnh v\u00e0 ti\u1ec3u thuy\u1ebft. H\u00e0nh tr\u00ecnh c\u1ee7a Kim Ho-Yeon trong vai tr\u00f2 \u201cng\u01b0\u1eddi k\u1ec3 chuy\u1ec7n\u201d n\u00e0y s\u1ebd gi\u00fap b\u1ea1n hi\u1ec3u cu\u1ed1n s\u00e1ch c\u1ee7a anh \u1ea5y h\u01a1n.<\/p>\n","protected":false},"excerpt":{"rendered":"<p>C\u1eeda h\u00e0ng ti\u1ec7n l\u1ee3i b\u1ea5t ti\u1ec7n c\u1ee7a Kim Ho-Yeon l\u00e0 m\u1ed9t t\u00e1c ph\u1ea9m v\u0103n h\u1ecdc h\u01b0 c\u1ea5u, nh\u01b0ng n\u00f3 gi\u1ed1ng nh\u01b0 m\u1ed9t b\u1ed9 phim truy\u1ec1n h\u00ecnh, m\u1ed9t b\u1ed9 phim \u0111i\u1ec7n \u1ea3nh v\u00e0 c\u0169ng gi\u1ed1ng m\u1ed9t phim ho\u1ea1t h\u00ecnh. L\u1ed1i vi\u1ebft \u0111\u1ed9c \u0111\u00e1o gi\u00fap ng\u01b0\u1eddi \u0111\u1ecdc c\u00f3 tr\u00ed t\u01b0\u1edfng t\u01b0\u1ee3ng \u0111a chi\u1ec1u v\u1ec1 c\u00e1c c\u1ea3nh v\u1eadt. Nh\u00e2n v\u1eadt ch\u00ednh c\u1ee7a c\u00e2u chuy\u1ec7n n\u00e0y kh\u00f4ng ph\u1ea3i l\u00e0 m\u1ed9t anh h\u00f9ng, m\u00e0 l\u00e0 m\u1ed9t ng\u01b0\u1eddi r\u1ea5t \u0111\u1ed7i b\u00ecnh th\u01b0\u1eddng b\u00ean c\u1ea1nh ch\u00fang ta, ng\u01b0\u1eddi m\u00e0 ch\u00fang ta c\u00f3 th\u1ec3 \u0111\u00e3 l\u01b0\u1edbt qua v\u00e0o bu\u1ed5i s\u00e1ng ho\u1eb7c tr\u00ean \u0111\u01b0\u1eddng tr\u1edf v\u1ec1 nh\u00e0 sau gi\u1edd l\u00e0m vi\u1ec7c. Trong truy\u1ec7n, m\u1ed9t ng\u01b0\u1eddi \u0111\u00e0n \u00f4ng v\u00f4 gia c\u01b0 \u1edf ga Seoul m\u1eafc ch\u1ee9ng m\u1ea5t tr\u00ed nh\u1edb li\u00ean quan \u0111\u1ebfn r\u01b0\u1ee3u \u0111\u00e3 g\u1eb7p m\u1ed9t ng\u01b0\u1eddi ph\u1ee5 n\u1eef ngo\u00e0i 70 tu\u1ed5i khi anh ta nh\u1eb7t \u0111\u01b0\u1ee3c chi\u1ebfc v\u00ed c\u1ee7a b\u00e0. Sau \u0111\u00f3, anh b\u1eaft \u0111\u1ea7u l\u00e0m vi\u1ec7c ca \u0111\u00eam t\u1ea1i m\u1ed9t c\u1eeda h\u00e0ng ti\u1ec7n l\u1ee3i m\u00e0 b\u00e0 l\u00e0m ch\u1ee7. Li\u1ec7u con ng\u01b0\u1eddi v\u00f4 gia c\u01b0, m\u1ed9t ng\u01b0\u1eddi \u0111\u00e0n \u00f4ng n\u00f3i l\u1eafp v\u00e0 kh\u00f4ng ng\u1ea1i ng\u1ea7n \u0111\u1ea5u tranh v\u1edbi h\u00e0nh vi x\u1ea5u, s\u1ebd c\u00f3 th\u1ec3 l\u00e0m vi\u1ec7c b\u00ecnh th\u01b0\u1eddng \u1edf c\u1eeda h\u00e0ng ti\u1ec7n l\u1ee3i? Kh\u00f4ng ch\u1ec9 khi\u1ebfn m\u1ecdi ng\u01b0\u1eddi ph\u1ea3i b\u1ea5t ng\u1edd, anh c\u00f2n v\u1ef1c d\u1eady c\u1eeda h\u00e0ng ti\u1ec7n l\u1ee3i g\u1ea7n nh\u01b0 ph\u00e1 s\u1ea3n v\u00e0 bi\u1ebfn n\u00f3 th\u00e0nh n\u01a1i s\u00e1ng nh\u1ea5t v\u00e0o ban \u0111\u00eam trong khu ph\u1ed1, thu h\u00fat kh\u00e1ch h\u00e0ng m\u1ed9t c\u00e1ch k\u00ec l\u1ea1. B\u1ea1n c\u00f3 th\u1ec3 t\u00ecm th\u1ea5y s\u1ef1 th\u1ec3 hi\u1ec7n tinh t\u1ebf c\u1ee7a c\u1ea3m x\u00fac v\u00e0 t\u00ednh h\u00e0i h\u01b0\u1edbc \u0111\u1eb7c tr\u01b0ng c\u1ee7a \u0111i\u1ec7n \u1ea3nh H\u00e0n Qu\u1ed1c \u0111an xen trong c\u00e1c ph\u1ea7n c\u1ee7a cu\u1ed1n s\u00e1ch. Cu\u1ed1n ti\u1ec3u thuy\u1ebft n\u00e0y \u0111\u01b0\u1ee3c d\u1ef1 \u0111o\u00e1n s\u1ebd ra m\u1eaft kh\u00e1n gi\u1ea3 d\u01b0\u1edbi d\u1ea1ng phim \u0111i\u1ec7n \u1ea3nh ho\u1eb7c phim truy\u1ec1n h\u00ecnh trong th\u1eddi gian s\u1eafp t\u1edbi.<\/p>\n<p>S\u1ef1 ph\u00e2n c\u1ef1c tr\u00ean th\u1ebf gi\u1edbi \u0111\u00e3 tr\u1edf n\u00ean t\u1ed3i t\u1ec7 h\u01a1n do \u0111\u1ea1i d\u1ecbch COVID-19 b\u1eaft \u0111\u1ea7u t\u1eeb cu\u1ed1i n\u0103m 2019, \u0111\u1ea7u n\u0103m 2020, c\u1ed9ng th\u00eam c\u00e1c bi\u1ec7n ph\u00e1p gi\u00e3n c\u00e1ch x\u00e3 h\u1ed9i k\u00e9o d\u00e0i, ch\u00fang ta b\u1eaft \u0111\u1ea7u quen v\u00e0 s\u1eed d\u1ee5ng th\u1ebf gi\u1edbi \u1ea3o tho\u1ea3i m\u00e1i h\u01a1n th\u1ebf gi\u1edbi th\u1ef1c. T\u00e1c gi\u1ea3 \u0111\u00e3 s\u1eed d\u1ee5ng m\u1ed9t c\u00e1ch ti\u1ebfp c\u1eadn h\u00e0i h\u01b0\u1edbc \u0111\u1ec3 b\u1ed9c l\u1ed9, c\u0169ng nh\u01b0 xoa d\u1ecbu n\u1ed7i s\u1ee3 h\u00e3i v\u00e0 c\u00f4 \u0111\u01a1n m\u01a1 h\u1ed3 c\u1ee7a con ng\u01b0\u1eddi trong k\u1ec9 nguy\u00ean h\u1eadu COVID-19 s\u1eafp t\u1edbi. Hi v\u1ecdng \u0111\u1ed9c gi\u1ea3 c\u00f3 th\u1ec3 tr\u1ea3i nghi\u1ec7m s\u1ef1 m\u1edbi m\u1ebb c\u1ee7a nh\u1eefng c\u00e2u chuy\u1ec7n nh\u1ecf b\u00e9 trong cu\u1ed1n s\u00e1ch n\u00e0y, \u0111\u1ec3 t\u00ecm th\u1ea5y s\u1ef1 tho\u1ea3i m\u00e1i \u1edf nhau v\u00e0 tho\u00e1t kh\u1ecfi s\u1ef1 c\u00f4 \u0111\u01a1n trong th\u1ebf gi\u1edbi c\u1ee7a ch\u00fang ta.<\/p>\n","protected":false},"featured_media":22404,"template":"","meta":{"_acf_changed":false},"product_brand":[],"product_cat":[15,45],"product_tag":[83],"class_list":{"0":"post-22406","1":"product","2":"type-product","3":"status-publish","4":"has-post-thumbnail","6":"product_cat-sach-danh-cho-nguoi-lon","7":"product_cat-tieu-thuyet","8":"product_tag-sach-moi-xuat-ban","10":"first","11":"outofstock","12":"taxable","13":"shipping-taxable","14":"purchasable","15":"product-type-simple"},"supplier_id":null,"supplier_sku":"","barcode":null,"atum_controlled":true,"out_stock_date":"2023-04-15 16:52:49","out_stock_threshold":null,"inheritable":false,"inbound_stock":0,"stock_on_hold":0,"sold_today":0,"sales_last_days":0,"reserved_stock":0,"customer_returns":0,"warehouse_damage":0,"lost_in_post":0,"other_logs":0,"out_stock_days":1019,"lost_sales":0,"has_location":false,"update_date":"2026-01-28T23:11:08","atum_locations":[],"atum_stock_status":"outofstock","restock_status":false,"low_stock_amount":"","sales_update_date":"2026-01-28T23:11:08","calc_backorders":null,"acf":{"publisher":{"ID":22403,"post_author":"1","post_date":"2023-01-21 21:28:04","post_date_gmt":"2023-01-21 19:28:04","post_content":"","post_title":"Gieobooks","post_excerpt":"","post_status":"publish","comment_status":"closed","ping_status":"closed","post_password":"","post_name":"gieobooks","to_ping":"","pinged":"","post_modified":"2023-01-21 21:28:04","post_modified_gmt":"2023-01-21 19:28:04","post_content_filtered":"","post_parent":0,"guid":"https:\/\/sachviet.eu\/nha-phat-hanh\/gieobooks\/","menu_order":0,"post_type":"publisher","post_mime_type":"","comment_count":"0","filter":"raw"}},"_links":{"self":[{"href":"https:\/\/sachviet.eu\/en\/wp-json\/wp\/v2\/product\/22406","targetHints":{"allow":["GET"]}}],"collection":[{"href":"https:\/\/sachviet.eu\/en\/wp-json\/wp\/v2\/product"}],"about":[{"href":"https:\/\/sachviet.eu\/en\/wp-json\/wp\/v2\/types\/product"}],"wp:featuredmedia":[{"embeddable":true,"href":"https:\/\/sachviet.eu\/en\/wp-json\/wp\/v2\/media\/22404"}],"wp:attachment":[{"href":"https:\/\/sachviet.eu\/en\/wp-json\/wp\/v2\/media?parent=22406"}],"wp:term":[{"taxonomy":"product_brand","embeddable":true,"href":"https:\/\/sachviet.eu\/en\/wp-json\/wp\/v2\/product_brand?post=22406"},{"taxonomy":"product_cat","embeddable":true,"href":"https:\/\/sachviet.eu\/en\/wp-json\/wp\/v2\/product_cat?post=22406"},{"taxonomy":"product_tag","embeddable":true,"href":"https:\/\/sachviet.eu\/en\/wp-json\/wp\/v2\/product_tag?post=22406"}],"curies":[{"name":"wp","href":"https:\/\/api.w.org\/{rel}","templated":true}]}}