{"id":22400,"date":"2023-01-21T21:27:53","date_gmt":"2023-01-21T19:27:53","guid":{"rendered":"https:\/\/sachviet.eu\/shop\/tren-lung-khong-tuong-kinh-doanh-online-tren-san-thuong-mai-dien-tu-khoi-nghiep-voi-ban-hang-qua-mang-va-nhan-hang-rieng\/"},"modified":"2024-08-10T14:05:19","modified_gmt":"2024-08-10T11:05:19","slug":"tren-lung-khong-tuong-kinh-doanh-online-tren-san-thuong-mai-dien-tu-khoi-nghiep-voi-ban-hang-qua-mang-va-nhan-hang-rieng","status":"publish","type":"product","link":"https:\/\/sachviet.eu\/en\/shop\/tren-lung-khong-tuong-kinh-doanh-online-tren-san-thuong-mai-dien-tu-khoi-nghiep-voi-ban-hang-qua-mang-va-nhan-hang-rieng\/","title":{"rendered":"Tr\u00ean L\u01b0ng Kh\u1ed5ng T\u01b0\u1ee3ng &#8211; Kinh Doanh Online Tr\u00ean S\u00e0n Th\u01b0\u01a1ng M\u1ea1i \u0110i\u1ec7n T\u1eed &#8211; Kh\u1edfi Nghi\u1ec7p V\u1edbi B\u00e1n H\u00e0ng Qua M\u1ea1ng v\u00e0 Nh\u00e3n H\u00e0ng Ri\u00eang"},"content":{"rendered":"<p>Tr\u1ea7n Thanh Phong l\u00e0 t\u00e1c gi\u1ea3, ch\u1ee7 doanh nghi\u1ec7p v\u00e0 l\u00e0 m\u1ed9t v\u1eadn \u0111\u1ed9ng vi\u00ean ba m\u00f4n ph\u1ed1i h\u1ee3p Ironman. Anh \u0111\u01b0\u1ee3c m\u1ecdi ng\u01b0\u1eddi nh\u1eafc \u0111\u1ebfn nh\u01b0 l\u00e0 m\u1ed9t t\u00e1c gi\u1ea3 Vi\u1ec7t \u0111\u1ea7u ti\u00ean vi\u1ebft v\u1ec1 ch\u1ee7 \u0111\u1ec1 Kh\u1edfi Nghi\u1ec7p Kinh Doanh Th\u1ef1c Chi\u1ebfn, bao g\u1ed3m nh\u1eefng quy\u1ec3n s\u00e1ch nh\u01b0:<\/p>\n<p>Kh\u1edfi Nghi\u1ec7p B\u00e1n L\u1ebb<br \/>\nKh\u1edfi Nghi\u1ec7p Du K\u00edch<br \/>\n\u0110\u1eebng \u0110\u1ec3 M\u1ea5t B\u00f2<br \/>\nTr\u00ean L\u01b0ng Kh\u1ed5ng T\u01b0\u1ee3ng<br \/>\nAnh kh\u00f4ng ph\u1ea3i l\u00e0 di\u1ec5n gi\u1ea3 hay h\u1ecdc gi\u1ea3 m\u00e0 l\u00e0 m\u1ed9t ng\u01b0\u1eddi l\u00e0m ngh\u1ec1 th\u1ef1c s\u1ef1. Sau 15 n\u0103m kh\u1edfi nghi\u1ec7p, t\u1eebng qu\u1ea3n l\u00fd nhi\u1ec1u c\u00f4ng vi\u1ec7c kinh doanh, t\u1eeb ng\u00e0nh b\u00e1n l\u1ebb, th\u01b0\u01a1ng m\u1ea1i \u0111i\u1ec7n t\u1eed cho \u0111\u1ebfn l\u0129nh v\u1ef1c xu\u1ea5t b\u1ea3n, anh \u0111\u00e3 \u0111\u00fac k\u1ebft nhi\u1ec1u kinh nghi\u1ec7m h\u1ebft s\u1ee9c th\u1ef1c t\u1ebf v\u00e0 g\u00f3i g\u1ecdn trong t\u1eadp s\u00e1ch n\u00e0y.<\/p>\n","protected":false},"excerpt":{"rendered":"<p>Tr\u1ea7n Thanh Phong l\u00e0 t\u00e1c gi\u1ea3, ch\u1ee7 doanh nghi\u1ec7p v\u00e0 l\u00e0 m\u1ed9t v\u1eadn \u0111\u1ed9ng vi\u00ean ba m\u00f4n ph\u1ed1i h\u1ee3p Ironman. Anh \u0111\u01b0\u1ee3c m\u1ecdi ng\u01b0\u1eddi nh\u1eafc \u0111\u1ebfn nh\u01b0 l\u00e0 m\u1ed9t t\u00e1c gi\u1ea3 Vi\u1ec7t \u0111\u1ea7u ti\u00ean vi\u1ebft v\u1ec1 ch\u1ee7 \u0111\u1ec1 Kh\u1edfi Nghi\u1ec7p Kinh Doanh Th\u1ef1c Chi\u1ebfn, bao g\u1ed3m nh\u1eefng quy\u1ec3n s\u00e1ch nh\u01b0:<\/p>\n<p>Kh\u1edfi Nghi\u1ec7p B\u00e1n L\u1ebb<br \/>\nKh\u1edfi Nghi\u1ec7p Du K\u00edch<br \/>\n\u0110\u1eebng \u0110\u1ec3 M\u1ea5t B\u00f2<br \/>\nTr\u00ean L\u01b0ng Kh\u1ed5ng T\u01b0\u1ee3ng<br \/>\nAnh kh\u00f4ng ph\u1ea3i l\u00e0 di\u1ec5n gi\u1ea3 hay h\u1ecdc gi\u1ea3 m\u00e0 l\u00e0 m\u1ed9t ng\u01b0\u1eddi l\u00e0m ngh\u1ec1 th\u1ef1c s\u1ef1. Sau 15 n\u0103m kh\u1edfi nghi\u1ec7p, t\u1eebng qu\u1ea3n l\u00fd nhi\u1ec1u c\u00f4ng vi\u1ec7c kinh doanh, t\u1eeb ng\u00e0nh b\u00e1n l\u1ebb, th\u01b0\u01a1ng m\u1ea1i \u0111i\u1ec7n t\u1eed cho \u0111\u1ebfn l\u0129nh v\u1ef1c xu\u1ea5t b\u1ea3n, anh \u0111\u00e3 \u0111\u00fac k\u1ebft nhi\u1ec1u kinh nghi\u1ec7m h\u1ebft s\u1ee9c th\u1ef1c t\u1ebf v\u00e0 g\u00f3i g\u1ecdn trong t\u1eadp s\u00e1ch n\u00e0y.<\/p>\n","protected":false},"featured_media":22399,"template":"","meta":{"_acf_changed":false},"product_brand":[],"product_cat":[18,15,46],"product_tag":[83],"class_list":{"0":"post-22400","1":"product","2":"type-product","3":"status-publish","4":"has-post-thumbnail","6":"product_cat-kinh-te","7":"product_cat-sach-danh-cho-nguoi-lon","8":"product_cat-ky-nang-song","9":"product_tag-sach-moi-xuat-ban","11":"first","12":"outofstock","13":"taxable","14":"shipping-taxable","15":"purchasable","16":"product-type-simple"},"supplier_id":null,"supplier_sku":"","barcode":null,"atum_controlled":true,"out_stock_date":"2024-08-10 11:05:19","out_stock_threshold":null,"inheritable":false,"inbound_stock":0,"stock_on_hold":0,"sold_today":0,"sales_last_days":0,"reserved_stock":0,"customer_returns":0,"warehouse_damage":0,"lost_in_post":0,"other_logs":0,"out_stock_days":536,"lost_sales":0,"has_location":false,"update_date":"2026-01-28T23:11:18","atum_locations":[],"atum_stock_status":"outofstock","restock_status":false,"low_stock_amount":"","sales_update_date":"2026-01-28T23:11:18","calc_backorders":null,"acf":{"publisher":{"ID":22398,"post_author":"1","post_date":"2023-01-21 21:27:49","post_date_gmt":"2023-01-21 19:27:49","post_content":"","post_title":"\u0110\u00e0 N\u1eb5ng","post_excerpt":"","post_status":"publish","comment_status":"closed","ping_status":"closed","post_password":"","post_name":"da-nang","to_ping":"","pinged":"","post_modified":"2023-01-21 21:27:49","post_modified_gmt":"2023-01-21 19:27:49","post_content_filtered":"","post_parent":0,"guid":"https:\/\/sachviet.eu\/nha-phat-hanh\/da-nang\/","menu_order":0,"post_type":"publisher","post_mime_type":"","comment_count":"0","filter":"raw"}},"_links":{"self":[{"href":"https:\/\/sachviet.eu\/en\/wp-json\/wp\/v2\/product\/22400","targetHints":{"allow":["GET"]}}],"collection":[{"href":"https:\/\/sachviet.eu\/en\/wp-json\/wp\/v2\/product"}],"about":[{"href":"https:\/\/sachviet.eu\/en\/wp-json\/wp\/v2\/types\/product"}],"wp:featuredmedia":[{"embeddable":true,"href":"https:\/\/sachviet.eu\/en\/wp-json\/wp\/v2\/media\/22399"}],"wp:attachment":[{"href":"https:\/\/sachviet.eu\/en\/wp-json\/wp\/v2\/media?parent=22400"}],"wp:term":[{"taxonomy":"product_brand","embeddable":true,"href":"https:\/\/sachviet.eu\/en\/wp-json\/wp\/v2\/product_brand?post=22400"},{"taxonomy":"product_cat","embeddable":true,"href":"https:\/\/sachviet.eu\/en\/wp-json\/wp\/v2\/product_cat?post=22400"},{"taxonomy":"product_tag","embeddable":true,"href":"https:\/\/sachviet.eu\/en\/wp-json\/wp\/v2\/product_tag?post=22400"}],"curies":[{"name":"wp","href":"https:\/\/api.w.org\/{rel}","templated":true}]}}