{"id":2240,"date":"2021-02-25T19:27:01","date_gmt":"2021-02-25T17:27:01","guid":{"rendered":"https:\/\/sachviet.eu\/shop\/bert-oach-xa-lach\/"},"modified":"2023-05-05T21:16:48","modified_gmt":"2023-05-05T18:16:48","slug":"bert-oach-xa-lach","status":"publish","type":"product","link":"https:\/\/sachviet.eu\/en\/shop\/bert-oach-xa-lach\/","title":{"rendered":"Bert o\u00e1ch x\u00e0 l\u00e1ch"},"content":{"rendered":"<p>C\u00f3 l\u1ebd m\u1ecdi \u0111\u1ee9a tr\u1ebb \u0111\u1ec1u c\u00f3 th\u1ec3 nh\u1edb l\u1ea1i c\u1ea3m gi\u00e1c c\u0103ng th\u1eb3ng v\u00e0 \u00e2u lo khi bu\u1ed9c m\u00ecnh ph\u1ea3i tho\u00e1t ra kh\u1ecfi \u201cv\u00f9ng an to\u00e0n. \u0110\u1ed1i v\u1edbi Bert (m\u1ed9t ch\u00fa chim non cho\u1eb9t), \u0111\u00f3 l\u00e0 vi\u1ec7c lao m\u00ecnh kh\u1ecfi c\u00e0nh c\u00e2y trong m\u1ed9t n\u1ed7 l\u1ef1c nh\u1eb1m h\u1ecdc bay. C\u1eadu \u0111\u00e3 \u201cs\u1eb5n s\u00e0ng t\u1eeb trong ra ngo\u00e0i, t\u1eeb tr\u00ean xu\u1ed1ng d\u01b0\u1edbi. \u0110\u1ea7u \u00f3c th\u01b0 th\u00e1i, th\u00e2n th\u1ec3 tho\u1ea3i m\u00e1i.\u201d v\u00e0 c\u0169ng kh\u00f4ng k\u00e9m ph\u1ea7n c\u1ea9n tr\u1ecdng khi v\u01b0\u01a1n c\u1ed5 v\u1ec1 ph\u00eda tr\u01b0\u1edbc v\u00e0 t\u00ednh to\u00e1n k\u1ef9 c\u00e0ng m\u1ecdi kh\u1ea3 n\u0103ng.<\/p>\n<p>H\u00f2a c\u00f9ng v\u1edbi gi\u1ecdng k\u1ec3 c\u1ee7a t\u00e1c gi\u1ea3, ng\u01b0\u1eddi \u0111\u1ecdc c\u0169ng nh\u01b0 \u0111ang kh\u00edch l\u1ec7, h\u00e9t l\u00ean nh\u1eefng l\u1eddi \u0111\u1ed9ng vi\u00ean, c\u1ed5 v\u0169, th\u00fac gi\u1ee5c Bert h\u00e3y c\u1ed1 l\u00ean n\u00e0o. Cu\u1ed1i c\u00f9ng th\u00ec Bert c\u0169ng \u0111\u00e1p tr\u1ea3 v\u1edbi t\u1ea5t c\u1ea3 quy\u1ebft t\u00e2m c\u1ee7a m\u00ecnh, ch\u1ea1y m\u1ed9t m\u1ea1ch \u0111\u1ebfn cu\u1ed1i c\u00e0nh c\u00e2y, v\u1eeba nh\u1eafm m\u1eaft v\u1eeba nh\u1ea3y m\u1ea1nh v\u00e0\u2026 ch\u1eb3ng h\u1ec1 bay!<\/p>\n<p>S\u1ef1 xu\u1ea5t hi\u1ec7n c\u1ee7a v\u00f4 v\u00e0n nh\u1eefng kho\u1ea3ng tr\u1eafng nh\u01b0 kho\u1ea3ng tr\u1eddi v\u00f4 t\u1eadn trong cu\u1ed1n s\u00e1ch ch\u00ednh l\u00e0 \u0111\u1ec3 c\u00e1c em nh\u1ecf th\u1ecfa thu\u00ea bay b\u1ed5ng v\u00e0 ng\u1ee5p l\u1eb7n v\u1edbi tr\u00ed t\u01b0\u1edfng t\u01b0\u1ee3ng v\u00f4 bi\u00ean c\u1ee7a m\u00ecnh. \u0110\u1ed3ng th\u1eddi, s\u1ef1 y\u00ean \u1ea3 tr\u1ed1ng v\u1eafng trong nh\u1eefng trang s\u00e1ch c\u00f2n \u0111\u1ed1i l\u1eadp ho\u00e0n to\u00e0n v\u1edbi c\u1ea3m gi\u00e1c h\u1ed3i h\u1ed9p r\u1ed1i lo\u1ea1n trong t\u00e2m tr\u00ed Bert, t\u1ea1o n\u00ean m\u1ed9t tr\u1ea3i nghi\u1ec7m \u0111\u1ecdc s\u00e1ch th\u00fa v\u1ecb cho tr\u1ebb.<\/p>\n<p>L\u01b0\u1ee3ng t\u1eeb v\u1eeba ph\u1ea3i trong m\u1ed9t cu\u1ed1n s\u00e1ch \u0111\u1ea7y h\u1ee9ng th\u00fa d\u00e0nh ri\u00eang cho nh\u1eefng b\u00e9 \u0111ang b\u1eaft \u0111\u1ea7u l\u00e0m quen v\u1edbi vi\u1ec7c \u0111\u1ecdc s\u00e1ch. &#8220;Bert o\u00e1ch x\u00e0 l\u00e1ch&#8221; ch\u00ednh l\u00e0 m\u1ed9t cu\u1ed1n s\u00e1ch t\u1ea1o \u0111\u1ed9ng l\u1ef1c c\u1ef1c k\u1ef3 th\u00edch h\u1ee3p cho danh s\u00e1ch \u0111\u1ecdc m\u00f9a h\u00e8 c\u1ee7a con, m\u00f9a c\u1ee7a nh\u1eefng cu\u1ed9c phi\u00eau l\u01b0u b\u1ea5t t\u1eadn!  <div class=\"banner-grid-wrapper\">\n  <div id=\"banner-grid-1594684822\" class=\"banner-grid row row-grid row-small\" data-packery-options=\"\">\n            <style>\n    #banner-grid-1594684822 .grid-col-1{height: 600px}\n    #banner-grid-1594684822 .grid-col-1-2{height: 300px}\n    #banner-grid-1594684822 .grid-col-1-3{height:200px}\n    #banner-grid-1594684822 .grid-col-2-3{height: 400px}\n    #banner-grid-1594684822 .grid-col-1-4{height: 150px}\n    #banner-grid-1594684822 .grid-col-3-4{height: 450px}\n\n\n        \/* Tablet *\/\n    @media (max-width: 850px){\n      #banner-grid-1594684822 .grid-col-1{height: 400px}\n      #banner-grid-1594684822 .grid-col-1-2{height: 200px}\n      #banner-grid-1594684822 .grid-col-1-3{height:133.33333333333px}\n      #banner-grid-1594684822 .grid-col-2-3{height: 266.66666666667px}\n      #banner-grid-1594684822 .grid-col-1-4{height: 100px}\n      #banner-grid-1594684822 .grid-col-3-4{height: 300px}\n    }\n    \n        \/* Mobile *\/\n    @media (max-width: 550px){\n      #banner-grid-1594684822 .grid-col-1{height: 400px}\n      #banner-grid-1594684822 .grid-col-1-2{height: 200px}\n      #banner-grid-1594684822 .grid-col-1-3{height:133.33333333333px}\n      #banner-grid-1594684822 .grid-col-2-3{height: 266.66666666667px}\n      #banner-grid-1594684822 .grid-col-1-4{height: 100px}\n      #banner-grid-1594684822 .grid-col-3-4{height: 300px}\n    }\n    \n\n  <\/style>\n    <\/div>\n    <style>\n    #banner-grid-1594684822 .grid-col-1{height: 600px}\n    #banner-grid-1594684822 .grid-col-1-2{height: 300px}\n    #banner-grid-1594684822 .grid-col-1-3{height:200px}\n    #banner-grid-1594684822 .grid-col-2-3{height: 400px}\n    #banner-grid-1594684822 .grid-col-1-4{height: 150px}\n    #banner-grid-1594684822 .grid-col-3-4{height: 450px}\n\n\n    \n    \n\n  <\/style>\n    <\/div>\n  \n","protected":false},"excerpt":{"rendered":"<p>\u201cBert o\u00e1ch x\u00e0 l\u00e1ch\u201d c\u00f3 th\u1ec3 coi l\u00e0 m\u1ed9t cu\u1ed1n s\u00e1ch tranh ho\u00e0n h\u1ea3o cho tr\u1ebb t\u1eeb 0-3 tu\u1ed5i, v\u1edbi c\u1ed1t truy\u1ec7n \u0111\u01a1n gi\u1ea3n nh\u01b0ng \u0111\u1ea7y b\u1ea5t ng\u1edd. Trong cu\u1ed9c \u0111\u1eddi c\u1ee7a m\u1ed7i ng\u01b0\u1eddi, s\u1ebd c\u00f3 bi\u1ebft bao l\u1ea7n m\u00ecnh ph\u1ea3i \u0111\u1ee9ng tr\u01b0\u1edbc nh\u1eefng ng\u01b0\u1ee1ng c\u1eeda, m\u00e0 ch\u1ec9 m\u1ed9t b\u01b0\u1edbc n\u1eefa th\u00f4i l\u00e0 m\u00ecnh s\u1ebd \u0111\u1eb7t ch\u00e2n v\u00e0o m\u1ed9t th\u1ebf gi\u1edbi ho\u00e0n to\u00e0n m\u1edbi, v\u1edbi nh\u1eefng bi\u1ebfn chuy\u1ec3n kh\u00f4n l\u01b0\u1eddng. \u0110\u00f4i khi nh\u1eefng thay \u0111\u1ed5i \u0111\u00f3 l\u1ea1i \u0111\u00f2i h\u1ecfi m\u1ed9t ch\u00fat d\u0169ng kh\u00ed c\u1ee7a m\u00ecnh n\u1eefa. M\u1ed9t cu\u1ed1n s\u00e1ch nh\u01b0 \u201cBert o\u00e1ch x\u00e0 l\u00e1ch\u201d \u0111\u00fang l\u00e0 m\u1ed9t ngu\u1ed3n \u0111\u1ed9ng l\u1ef1c cho t\u1ea5t c\u1ea3 m\u1ecdi ng\u01b0\u1eddi tr\u00ean h\u00e0nh tr\u00ecnh tr\u01b0\u1edfng th\u00e0nh v\u00e0 ho\u00e0n thi\u1ec7n b\u1ea3n th\u00e2n.<\/p>\n","protected":false},"featured_media":2236,"template":"","meta":{"_acf_changed":false},"product_brand":[],"product_cat":[25,17],"product_tag":[],"class_list":{"0":"post-2240","1":"product","2":"type-product","3":"status-publish","4":"has-post-thumbnail","6":"product_cat-nhi-dong-6-tuoi-12-tuoi","7":"product_cat-sach-danh-cho-cac-be","9":"first","10":"instock","11":"taxable","12":"shipping-taxable","13":"purchasable","14":"product-type-simple"},"supplier_id":null,"supplier_sku":"","barcode":null,"atum_controlled":true,"out_stock_date":null,"out_stock_threshold":null,"inheritable":false,"inbound_stock":0,"stock_on_hold":0,"sold_today":0,"sales_last_days":0,"reserved_stock":0,"customer_returns":0,"warehouse_damage":0,"lost_in_post":0,"other_logs":0,"out_stock_days":0,"lost_sales":0,"has_location":false,"update_date":"2026-01-28T23:10:30","atum_locations":[],"atum_stock_status":"instock","restock_status":false,"low_stock_amount":"","sales_update_date":"2026-01-28T23:10:30","calc_backorders":null,"acf":{"publisher":{"ID":1458,"post_author":"1","post_date":"2021-02-17 01:12:22","post_date_gmt":"2021-02-16 23:12:22","post_content":"<!-- wp:flatsome\/uxbuilder -->\n<h1 style=\"text-align: center\"><strong>Crabit Kidbooks<\/strong><\/h1>\n[row]\n\n[col span=\"8\" span__sm=\"12\"]\n\n<p>Crabit Kidbooks l\u00e0 nh\u00e0 ph\u00e1t h\u00e0nh s\u00e1ch thi\u1ebfu nhi thu\u1ed9c C\u00f4ng ty CPTM &amp; XNK Ng\u1ecdc \u00c1nh \u2013 \u0111\u01a1n v\u1ecb h\u01a1n 20 n\u0103m kinh nghi\u1ec7m trong ng\u00e0nh in \u1ea5n v\u00e0 l\u00e0 \u0111\u1ed1i t\u00e1c uy t\u00edn cung c\u1ea5p h\u1ecdc li\u1ec7u, s\u00e1ch v\u1edf h\u1ecdc sinh cho h\u01a1n 5000 kh\u00e1ch h\u00e0ng kh\u1eafp 28 t\u1ec9nh th\u00e0nh ph\u00eda B\u1eafc Vi\u1ec7t Nam H\u1ec7 th\u1ed1ng s\u1ea3n ph\u1ea9m Crabit Kidbooks<\/p>\n<p>Theo s\u1ef1 t\u00ecm hi\u1ec3u c\u1ee7a <strong>SACHVIET.EU<\/strong><strong>\u00a0<\/strong>tuy Crabit Kidbooks l\u00e0 m\u1ed9t nh\u00e0 ph\u00e1t h\u00e0nh tr\u1ebb t\u1ea1i Vi\u1ec7t Nam nh\u01b0ng l\u1ea1i mang \u0111\u1ebfn s\u1ef1 ch\u1ec9n chu qua t\u1eebng trang s\u00e1ch, t\u1eeb ch\u1ea5t li\u1ec7u gi\u1ea5y cao c\u1ea5p, b\u00eca c\u1ee9ng gi\u1eef g\u00ecn s\u00e1ch \u0111\u01b0\u1ee3c b\u1ec1n l\u00e2u \u0111\u1ebfn l\u1eddi v\u0103n c\u00e2u ch\u1eef \u0111\u01b0\u1ee3c ch\u1ecdn l\u1ecdc ch\u1ec9nh s\u1eeda sao cho ti\u1ebfp c\u1eadn th\u00e2n thi\u1ec7n nh\u1ea5t v\u1edbi tr\u1ebb em. <strong>SACHVIET.EU<\/strong> th\u1ef1c s\u1ef1 \u1ea5n t\u01b0\u1ee3ng b\u1edfi t\u1ea7m nh\u00ecn v\u00e0 s\u1ef1 c\u1ed1 g\u1eafng ho\u00e0n thi\u1ec7n nh\u1eefng t\u00e1c ph\u1ea9m c\u00f3 gi\u00e1 tr\u1ecb tuy\u1ec7t v\u1eddi m\u00e0 Crabit Kidbooks mang l\u1ea1i. \u0110\u00e2y c\u0169ng l\u00e0 nh\u00e0 ph\u00e1t h\u00e0nh duy nh\u1ea5t t\u1edbi th\u1eddi \u0111i\u1ec3m n\u00e0y m\u00e0 <strong>SACHVIET.EU<\/strong> quy\u1ebft t\u00e2m h\u1ee3p t\u00e1c mang h\u1ebft t\u1ea5t c\u1ea3 c\u00e1c \u0111\u1ea7u s\u00e1ch m\u00e0 Crabit Kidbooks c\u00f3 \u0111\u1ec3 \u0111em \u0111\u1ebfn Ch\u00e2u \u00c2u ph\u1ee5c v\u1ee5 m\u1ecdi ng\u01b0\u1eddi. \u0110\u00e2y th\u1ef1c s\u1ef1 l\u00e0 m\u1ed9t s\u1ef1 li\u1ec1u l\u0129nh c\u1ee7a <strong>SACHVIET.EU<\/strong>, tuy nhi\u00ean ch\u00fang m\u00ecnh tin t\u01b0\u1edfng v\u00e0 t\u1ef1 tin r\u1eb1ng t\u1eebng cu\u1ed1n s\u00e1ch m\u00e0 ch\u00fang m\u00ecnh gi\u1edbi thi\u1ec7u x\u1ee9ng \u0111\u00e1ng v\u1edbi nh\u1eefng g\u00ec ch\u00fang m\u00ecnh theo \u0111u\u1ed5i.<\/p>\n\n[\/col]\n[col span=\"4\" span__sm=\"12\"]\n\n[ux_image id=\"1701\" image_size=\"medium\"]\n\n\n[\/col]\n\n[\/row]\n\n<!-- \/wp:flatsome\/uxbuilder -->","post_title":"Crabit Kidbooks","post_excerpt":"","post_status":"publish","comment_status":"closed","ping_status":"closed","post_password":"","post_name":"crabit-kidbooks","to_ping":"","pinged":"","post_modified":"2022-12-19 23:12:10","post_modified_gmt":"2022-12-19 21:12:10","post_content_filtered":"","post_parent":0,"guid":"https:\/\/sachviet.eu\/nha-phat-hanh\/crabitkidbooks\/","menu_order":0,"post_type":"publisher","post_mime_type":"","comment_count":"0","filter":"raw"}},"_links":{"self":[{"href":"https:\/\/sachviet.eu\/en\/wp-json\/wp\/v2\/product\/2240","targetHints":{"allow":["GET"]}}],"collection":[{"href":"https:\/\/sachviet.eu\/en\/wp-json\/wp\/v2\/product"}],"about":[{"href":"https:\/\/sachviet.eu\/en\/wp-json\/wp\/v2\/types\/product"}],"wp:featuredmedia":[{"embeddable":true,"href":"https:\/\/sachviet.eu\/en\/wp-json\/wp\/v2\/media\/2236"}],"wp:attachment":[{"href":"https:\/\/sachviet.eu\/en\/wp-json\/wp\/v2\/media?parent=2240"}],"wp:term":[{"taxonomy":"product_brand","embeddable":true,"href":"https:\/\/sachviet.eu\/en\/wp-json\/wp\/v2\/product_brand?post=2240"},{"taxonomy":"product_cat","embeddable":true,"href":"https:\/\/sachviet.eu\/en\/wp-json\/wp\/v2\/product_cat?post=2240"},{"taxonomy":"product_tag","embeddable":true,"href":"https:\/\/sachviet.eu\/en\/wp-json\/wp\/v2\/product_tag?post=2240"}],"curies":[{"name":"wp","href":"https:\/\/api.w.org\/{rel}","templated":true}]}}