{"id":22390,"date":"2023-01-21T02:44:50","date_gmt":"2023-01-21T00:44:50","guid":{"rendered":"https:\/\/sachviet.eu\/shop\/on-dinh-hay-tu-do\/"},"modified":"2023-07-04T21:27:57","modified_gmt":"2023-07-04T18:27:57","slug":"on-dinh-hay-tu-do","status":"publish","type":"product","link":"https:\/\/sachviet.eu\/en\/shop\/on-dinh-hay-tu-do\/","title":{"rendered":"\u1ed4n \u0110\u1ecbnh Hay T\u1ef1 Do"},"content":{"rendered":"<p>\u1ed4N \u0110\u1ecaNH HAY T\u1ef0 DO (Y\u00ean \u1ed5n b\u1ea1n th\u00edch kh\u00f4ng cho b\u1ea1n \u0111\u01b0\u1ee3c cu\u1ed9c \u0111\u1eddi nh\u01b0 mong mu\u1ed1n) &#8211; cu\u1ed1n s\u00e1ch Best-seller d\u00e0nh cho th\u1ebf h\u1ec7 GEN Z, ti\u1ebfp n\u1ed1i H\u00e3y khi\u1ebfn t\u01b0\u01a1ng lai bi\u1ebft \u01a1n v\u00ec hi\u1ec7n t\u1ea1i b\u1ea1n \u0111\u00e3 c\u1ed1 g\u1eafng h\u1ebft m\u00ecnh.<\/p>\n<p>D\u01b0\u1edbi g\u00f3c nh\u00ecn th\u1ef1c t\u1ebf c\u00f9ng gi\u1ecdng v\u0103n v\u00f4 c\u00f9ng th\u1eb3ng th\u1eafn, s\u1eafc s\u1ea3o, n\u1eef nh\u00e0 v\u0103n \u0111\u00e3 th\u1ee9c t\u1ec9nh h\u00e0ng v\u1ea1n thanh ni\u00ean Trung Qu\u1ed1c:<\/p>\n<p>M\u01a1 m\u1ed9ng vi\u1ec3n v\u00f4ng &#8211; \u0111\u01a1n gi\u1ea3n l\u00e0 kh\u00f4ng c\u00f3 kh\u1ea3 n\u0103ng th\u1ef1c hi\u1ec7n \u01b0\u1edbc m\u01a1<br \/>\nN\u1ebfu nh\u01b0 kh\u00f4ng c\u00f3 \u0111\u00edch \u0111\u1ebfn, th\u00ec gi\u00f3 ph\u01b0\u01a1ng n\u00e0o c\u0169ng l\u00e0 ng\u01b0\u1ee3c chi\u1ec1u<br \/>\nKhi t\u00e2m th\u00e1i thay \u0111\u1ed5i, \u00e1p l\u1ef1c s\u1ebd bi\u1ebfn th\u00e0nh \u0111\u1ed9ng l\u1ef1c<br \/>\nTh\u00e0nh c\u00f4ng ch\u1ec9 \u01b0u \u00e1i cho nh\u1eefng ng\u01b0\u1eddi d\u0169ng c\u1ea3m<br \/>\nXuy\u00ean su\u1ed1t 300 trang s\u00e1ch, b\u1ea1n s\u1ebd c\u00f3 \u0111\u01b0\u1ee3c h\u01a1n 56 b\u00e0i h\u1ecdc gi\u00e1 tr\u1ecb kh\u00e1c cho b\u1ea3n th\u00e2n:<\/p>\n<p>Cu\u1ed1n s\u00e1ch truy\u1ec1n \u0111\u1ed9ng l\u1ef1c t\u1edbi b\u1ea1n: d\u00e1m \u01b0\u1edbc m\u01a1 c\u0169ng d\u00e1m bi\u1ebfn \u01b0\u1edbc m\u01a1 th\u00e0nh hi\u1ec7n th\u1ef1c<br \/>\nKh\u00edch l\u1ec7 b\u1ea1n theo \u0111u\u1ed5i \u0111\u1ebfn c\u00f9ng s\u1ef1 n\u1ed7 l\u1ef1c \u0111\u1ec3 \u0111\u1ea1t \u0111\u01b0\u1ee3c th\u00e0nh t\u1ef1u t\u1ed1i \u01b0u<br \/>\nTruy\u1ec1n c\u1ea3m h\u1ee9ng \u0111\u1ec3 s\u1ed1ng v\u00e0 l\u00e0m theo nh\u1eefng g\u00ec m\u00ecnh mu\u1ed1n<br \/>\nKh\u00f4ng qu\u00ean nh\u1eafc nh\u1edf b\u1ea1n v\u1ec1 s\u1ee9c m\u1ea1nh c\u1ee7a th\u00e1i \u0111\u1ed9 m\u1ec1m m\u1ecfng: v\u1eeba bi\u1ebft khoan dung cho ng\u01b0\u1eddi kh\u00e1c, v\u1eeba bi\u1ebft c\u00fai m\u00ecnh khi\u00eam t\u1ed1n<br \/>\n\u0110\u01b0\u1ee3c vi\u1ebft ra v\u1edbi m\u1ee5c \u0111\u00edch song h\u00e0nh c\u00f9ng nh\u1eefng ng\u01b0\u1eddi tr\u1ebb v\u00ec v\u1eady m\u00e0 cu\u1ed1n s\u00e1ch \u0111\u1eb7c bi\u1ec7t ph\u00f9 h\u1ee3p d\u00e0nh cho th\u1ebf h\u1ec7 GEN Z v\u00e0 cu\u1ed1i GEN Y &#8211; l\u00e0 nh\u1eefng ng\u01b0\u1eddi tr\u1ebb<\/p>\n<p>\u0110\u1ee9ng tr\u01b0\u1edbc ng\u01b0\u1ee1ng c\u1eeda ch\u1ecdn tr\u01b0\u1eddng, ch\u1ecdn ng\u00e0nh, ch\u1ecdn h\u01b0\u1edbng \u0111i theo \u0111u\u1ed5i \u0111am m\u00ea<br \/>\nLoay hoay v\u00e0 m\u1ec7t m\u1ecfi v\u1edbi c\u00f4ng vi\u1ec7c v\u0103n ph\u00f2ng 8 ti\u1ebfng nh\u01b0ng kh\u00f4ng bi\u1ebft l\u00e0m sao \u0111\u1ec3 thay \u0111\u1ed5i<br \/>\nKh\u00f4ng c\u00f3 \u0111\u1ed9ng l\u1ef1c s\u1ed1ng, h\u1ecdc t\u1eadp v\u00e0 l\u00e0m vi\u1ec7c. Lu\u00f4n hoang mang v\u00e0 m\u01a1 h\u1ed3 khi ngh\u0129 v\u1ec1 t\u01b0\u01a1ng lai.<br \/>\nTr\u00edch d\u1eabn l\u1eddi khuy\u00ean \u0111\u1eaft gi\u00e1 nh\u1ea5t trong cu\u1ed1n s\u00e1ch: &#8220;Nh\u00e2n l\u00fac c\u00f2n tr\u1ebb, ch\u00fang ta h\u00e3y c\u1ed1 g\u1eafng ch\u1ea1y th\u1eadt nhanh, l\u00e0m nhi\u1ec1u h\u01a1n nh\u1eefng g\u00ec b\u1ea1n mu\u1ed1n l\u00e0m, ph\u1ea5n \u0111\u1ea5u kh\u00f4ng ng\u1eebng ti\u1ebfn l\u00ean, tin t\u01b0\u1edfng b\u1ea3n th\u00e2n trong t\u01b0\u01a1ng lai nh\u1ea5t \u0111\u1ecbnh s\u1ebd c\u00f3 m\u1ed9t cu\u1ed9c s\u1ed1ng tuy\u1ec7t v\u1eddi.&#8221;<\/p>\n<p>V\u1eady n\u00ean \u1ed4N \u0110\u1ecaNH hay T\u1ef0 DO? &#8211; b\u1ea1n h\u00e3y ki\u00ean \u0111\u1ecbnh l\u1ef1a ch\u1ecdn<\/p>\n","protected":false},"excerpt":{"rendered":"<p>\u1ed4N \u0110\u1ecaNH HAY T\u1ef0 DO (Y\u00ean \u1ed5n b\u1ea1n th\u00edch kh\u00f4ng cho b\u1ea1n \u0111\u01b0\u1ee3c cu\u1ed9c \u0111\u1eddi nh\u01b0 mong mu\u1ed1n) &#8211; cu\u1ed1n s\u00e1ch Best-seller d\u00e0nh cho th\u1ebf h\u1ec7 GEN Z, ti\u1ebfp n\u1ed1i H\u00e3y khi\u1ebfn t\u01b0\u01a1ng lai bi\u1ebft \u01a1n v\u00ec hi\u1ec7n t\u1ea1i b\u1ea1n \u0111\u00e3 c\u1ed1 g\u1eafng h\u1ebft m\u00ecnh.<\/p>\n","protected":false},"featured_media":22388,"template":"","meta":{"_acf_changed":false},"product_brand":[],"product_cat":[15,46],"product_tag":[83],"class_list":{"0":"post-22390","1":"product","2":"type-product","3":"status-publish","4":"has-post-thumbnail","6":"product_cat-sach-danh-cho-nguoi-lon","7":"product_cat-ky-nang-song","8":"product_tag-sach-moi-xuat-ban","10":"first","11":"outofstock","12":"taxable","13":"shipping-taxable","14":"purchasable","15":"product-type-simple"},"supplier_id":null,"supplier_sku":"","barcode":null,"atum_controlled":true,"out_stock_date":"2023-07-04 18:27:57","out_stock_threshold":null,"inheritable":false,"inbound_stock":0,"stock_on_hold":0,"sold_today":0,"sales_last_days":0,"reserved_stock":0,"customer_returns":0,"warehouse_damage":0,"lost_in_post":0,"other_logs":0,"out_stock_days":939,"lost_sales":0,"has_location":false,"update_date":"2026-01-28T23:11:08","atum_locations":[],"atum_stock_status":"outofstock","restock_status":false,"low_stock_amount":"","sales_update_date":"2026-01-28T23:11:08","calc_backorders":null,"acf":{"publisher":false},"_links":{"self":[{"href":"https:\/\/sachviet.eu\/en\/wp-json\/wp\/v2\/product\/22390","targetHints":{"allow":["GET"]}}],"collection":[{"href":"https:\/\/sachviet.eu\/en\/wp-json\/wp\/v2\/product"}],"about":[{"href":"https:\/\/sachviet.eu\/en\/wp-json\/wp\/v2\/types\/product"}],"wp:featuredmedia":[{"embeddable":true,"href":"https:\/\/sachviet.eu\/en\/wp-json\/wp\/v2\/media\/22388"}],"wp:attachment":[{"href":"https:\/\/sachviet.eu\/en\/wp-json\/wp\/v2\/media?parent=22390"}],"wp:term":[{"taxonomy":"product_brand","embeddable":true,"href":"https:\/\/sachviet.eu\/en\/wp-json\/wp\/v2\/product_brand?post=22390"},{"taxonomy":"product_cat","embeddable":true,"href":"https:\/\/sachviet.eu\/en\/wp-json\/wp\/v2\/product_cat?post=22390"},{"taxonomy":"product_tag","embeddable":true,"href":"https:\/\/sachviet.eu\/en\/wp-json\/wp\/v2\/product_tag?post=22390"}],"curies":[{"name":"wp","href":"https:\/\/api.w.org\/{rel}","templated":true}]}}