{"id":22386,"date":"2023-01-21T02:44:22","date_gmt":"2023-01-21T00:44:22","guid":{"rendered":"https:\/\/sachviet.eu\/shop\/than-so-hoc-ung-dung\/"},"modified":"2025-09-29T16:43:58","modified_gmt":"2025-09-29T13:43:58","slug":"than-so-hoc-ung-dung","status":"publish","type":"product","link":"https:\/\/sachviet.eu\/en\/shop\/than-so-hoc-ung-dung\/","title":{"rendered":"Th\u1ea7n S\u1ed1 H\u1ecdc \u1ee8ng D\u1ee5ng"},"content":{"rendered":"<p>Th\u00f4ng tin t\u00e1c gi\u1ea3:<\/p>\n<p>Joy Woodward l\u00e0 m\u1ed9t nh\u00e0 Th\u1ea7n s\u1ed1 h\u1ecdc Pythagoras, ng\u01b0\u1eddi th\u1ef1c h\u00e0nh ch\u1eefa l\u00e0nh b\u1eb1ng tinh th\u1ec3 \u0111\u01b0\u1ee3c ch\u1ee9ng nh\u1eadn v\u00e0 l\u00e0 ng\u01b0\u1eddi s\u00e1ng l\u1eadp ra The Joy of Numerology. C\u00f4 \u0111\u00e3 th\u1ef1c hi\u1ec7n h\u00e0ng ngh\u00ecn l\u01b0\u1ee3t di\u1ec5n gi\u1ea3i cho kh\u00e1ch h\u00e0ng t\u1eeb kh\u1eafp n\u01a1i tr\u00ean th\u1ebf gi\u1edbi. C\u00f4 c\u0169ng l\u00e0 ng\u01b0\u1eddi d\u1eabn ch\u01b0\u01a1ng tr\u00ecnh truy\u1ec1n h\u00ecnh Joy of Numerology tr\u00ean CATV1.<\/p>\n","protected":false},"excerpt":{"rendered":"<p>M\u1ed7i c\u00e1i t\u00ean, m\u1ed7i ng\u00e0y th\u00e1ng v\u00e0 m\u1ed7i con s\u1ed1 \u0111\u1ec1u mang nh\u1eefng \u00fd ngh\u0129a ri\u00eang v\u00e0 c\u00f3 th\u1ec3 gi\u00fap b\u1ea1n hi\u1ec3u s\u00e2u s\u1eafc h\u01a1n v\u1ec1 b\u1ea3n th\u00e2n, c\u00e1c m\u1ed1i quan h\u1ec7 v\u00e0 s\u1ed1 ph\u1eadn c\u1ee7a m\u00ecnh.<\/p>\n<p>B\u1ea1n c\u00f3 t\u1eebng b\u0103n kho\u0103n khi t\u00ecnh c\u1edd nh\u00ecn th\u1ea5y c\u00e1c d\u00e3y s\u1ed1 l\u1eb7p l\u1ea1i nh\u01b0 11:11 hay 444 hay ng\u00e0y sinh c\u1ee7a b\u1ea1n b\u00e8, ng\u01b0\u1eddi th\u00e2n?<\/p>\n<p>B\u1ea1n c\u00f3 t\u1eebng th\u1eafc m\u1eafc t\u1ea1i sao ngay trong l\u1ea7n g\u1eb7p \u0111\u1ea7u ti\u00ean c\u00f3 nh\u1eefng ng\u01b0\u1eddi mang l\u1ea1i cho b\u1ea1n c\u1ea3m gi\u00e1c th\u00e2n thi\u1ebft, nh\u1eefng ng\u01b0\u1eddi kh\u00e1c l\u1ea1i kh\u00f4ng?<\/p>\n<p>T\u1ea5t c\u1ea3 nh\u1eefng th\u1eafc m\u1eafc, b\u0103n kho\u0103n c\u1ee7a b\u1ea1n s\u1ebd \u0111\u01b0\u1ee3c gi\u1ea3i \u0111\u00e1p trong cu\u1ed1n Th\u1ea7n s\u1ed1 h\u1ecdc \u1ee9ng d\u1ee5ng.<\/p>\n<p>Cu\u1ed1n s\u00e1ch s\u1ebd cung c\u1ea5p m\u1ecdi th\u1ee9 b\u1ea1n c\u1ea7n \u0111\u1ec3 m\u00e0i gi\u0169a tr\u1ef1c gi\u00e1c c\u1ee7a m\u00ecnh, hi\u1ec3u r\u00f5 h\u01a1n nh\u1eefng ng\u01b0\u1eddi xung quanh v\u00e0 th\u1eadm ch\u00ed c\u00f3 th\u00eam t\u1ef1 tin khi \u0111\u01b0a ra c\u00e1c quy\u1ebft \u0111\u1ecbnh l\u1edbn.<\/p>\n<p>Th\u1ea7n s\u1ed1 h\u1ecdc c\u0169ng c\u00f3 th\u1ec3 gi\u00fap b\u1ea1n nh\u00ecn l\u1ea1i qu\u00e1 kh\u1ee9. Khi suy ng\u1eabm v\u1ec1 c\u00e1c s\u1ef1 ki\u1ec7n c\u1ee7a cu\u1ed9c \u0111\u1eddi m\u00ecnh v\u00e0 c\u00e1ch ch\u00fang di\u1ec5n ra trong c\u00e1c chu k\u1ef3 s\u1ed1, b\u1ea1n s\u1ebd nh\u00ecn nh\u1eadn r\u00f5 r\u00e0ng h\u01a1n v\u1ec1 nh\u1eefng g\u00ec \u0111\u00e3 x\u1ea3y ra v\u00e0 nguy\u00ean nh\u00e2n c\u1ee7a nh\u1eefng \u0111i\u1ec1u \u0111\u00f3.<br \/>\nBi\u1ebft \u0111\u01b0\u1ee3c nh\u1eefng g\u00ec b\u1ea1n s\u1eafp ph\u1ea3i tr\u1ea3i qua trong m\u1ed9t n\u0103m, th\u00e1ng ho\u1eb7c ng\u00e0y c\u1ee5 th\u1ec3 gi\u00fap b\u1ea1n \u0111i\u1ec1u h\u01b0\u1edbng chu k\u1ef3 cu\u1ed9c s\u1ed1ng d\u1ec5 d\u00e0ng h\u01a1n. B\u1ea1n s\u1ebd c\u00f3 th\u1ec3 d\u1ef1 \u0111o\u00e1n v\u00e0 chu\u1ea9n b\u1ecb cho nh\u1eefng th\u1eed th\u00e1ch s\u1eafp t\u1edbi c\u0169ng nh\u01b0 t\u1eadn d\u1ee5ng c\u00e1c c\u01a1 h\u1ed9i tuy\u1ec7t v\u1eddi v\u00e0 \u0111\u1ea7y ti\u1ec1m n\u0103ng.<\/p>\n<p>\u0110\u1eb7c bi\u1ec7t, b\u1ea1n c\u00f3 th\u1ec3 \u0111\u00e1nh th\u1ee9c ti\u1ec1m n\u0103ng to l\u1edbn c\u1ee7a m\u00ecnh v\u1edbi:<\/p>\n<p>&#8211; Nh\u1eefng con s\u1ed1 c\u1ed1t l\u00f5i: Kh\u00e1m ph\u00e1 \u1ea3nh h\u01b0\u1edfng c\u1ee7a ng\u00e0y sinh \u0111\u1ebfn t\u00e2m h\u1ed3n, t\u00ednh c\u00e1ch v\u00e0 s\u1ed1 ph\u1eadn c\u1ee7a b\u1ea1n.<\/p>\n<p>&#8211; Vi\u1ec7c di\u1ec5n gi\u1ea3i m\u1ed1i quan h\u1ec7: R\u00fat ra \u00fd ngh\u0129a t\u1eeb c\u00e1c con s\u1ed1 \u0111\u1ec3 l\u00e0m s\u00e1ng t\u1ecf c\u00e1c m\u1ed1i quan h\u1ec7 gi\u1eefa b\u1ea1n v\u1edbi gia \u0111\u00ecnh, b\u1ea1n b\u00e8, \u0111\u1ed3ng nghi\u1ec7p v\u00e0 nh\u1eefng ng\u01b0\u1eddi quan tr\u1ecdng kh\u00e1c.<\/p>\n<p>&#8211; Nh\u1eefng hi\u1ec3u bi\u1ebft si\u00eau h\u00ecnh: T\u00ecm hi\u1ec3u xem tarot, chi\u00eam tinh, tinh th\u1ec3 v\u00e0 chu k\u1ef3 M\u1eb7t Tr\u0103ng c\u00f3 th\u1ec3 gi\u00fap b\u1ea1n hi\u1ec3u s\u00e2u h\u01a1n v\u1ec1 nh\u1eefng \u0111i\u1ec1u k\u1ef3 di\u1ec7u trong cu\u1ed9c s\u1ed1ng nh\u01b0 th\u1ebf n\u00e0o.<\/p>\n<p>Th\u00f4ng qua cu\u1ed1n s\u00e1ch n\u00e0y, b\u1ea1n s\u1ebd hi\u1ec3u r\u00f5 h\u01a1n v\u1ec1 nh\u1eefng con s\u1ed1 xung quanh m\u00ecnh, l\u1eadp v\u00e0 gi\u1ea3i m\u00e3 \u0111\u01b0\u1ee3c c\u00e1c bi\u1ec3u \u0111\u1ed3 c\u01a1 b\u1ea3n, \u0111\u1ed3ng th\u1eddi hi\u1ec3u \u0111\u01b0\u1ee3c nh\u1eefng rung \u0111\u1ed9ng v\u00e0 n\u0103ng l\u01b0\u1ee3ng trong cu\u1ed9c s\u1ed1ng h\u1eb1ng ng\u00e0<\/p>\n","protected":false},"featured_media":22385,"template":"","meta":{"_acf_changed":false},"product_brand":[],"product_cat":[18,15,76],"product_tag":[83],"class_list":{"0":"post-22386","1":"product","2":"type-product","3":"status-publish","4":"has-post-thumbnail","6":"product_cat-kinh-te","7":"product_cat-sach-danh-cho-nguoi-lon","8":"product_cat-ton-giao-tam-linh","9":"product_tag-sach-moi-xuat-ban","11":"first","12":"instock","13":"taxable","14":"shipping-taxable","15":"purchasable","16":"product-type-simple"},"supplier_id":null,"supplier_sku":"","barcode":null,"atum_controlled":true,"out_stock_date":null,"out_stock_threshold":null,"inheritable":false,"inbound_stock":0,"stock_on_hold":0,"sold_today":0,"sales_last_days":0,"reserved_stock":0,"customer_returns":0,"warehouse_damage":0,"lost_in_post":0,"other_logs":0,"out_stock_days":0,"lost_sales":0,"has_location":false,"update_date":"2026-01-28T23:11:31","atum_locations":[],"atum_stock_status":"instock","restock_status":false,"low_stock_amount":"","sales_update_date":"2026-01-28T23:11:31","calc_backorders":null,"acf":{"publisher":false},"_links":{"self":[{"href":"https:\/\/sachviet.eu\/en\/wp-json\/wp\/v2\/product\/22386","targetHints":{"allow":["GET"]}}],"collection":[{"href":"https:\/\/sachviet.eu\/en\/wp-json\/wp\/v2\/product"}],"about":[{"href":"https:\/\/sachviet.eu\/en\/wp-json\/wp\/v2\/types\/product"}],"wp:featuredmedia":[{"embeddable":true,"href":"https:\/\/sachviet.eu\/en\/wp-json\/wp\/v2\/media\/22385"}],"wp:attachment":[{"href":"https:\/\/sachviet.eu\/en\/wp-json\/wp\/v2\/media?parent=22386"}],"wp:term":[{"taxonomy":"product_brand","embeddable":true,"href":"https:\/\/sachviet.eu\/en\/wp-json\/wp\/v2\/product_brand?post=22386"},{"taxonomy":"product_cat","embeddable":true,"href":"https:\/\/sachviet.eu\/en\/wp-json\/wp\/v2\/product_cat?post=22386"},{"taxonomy":"product_tag","embeddable":true,"href":"https:\/\/sachviet.eu\/en\/wp-json\/wp\/v2\/product_tag?post=22386"}],"curies":[{"name":"wp","href":"https:\/\/api.w.org\/{rel}","templated":true}]}}