{"id":22381,"date":"2023-01-21T02:42:46","date_gmt":"2023-01-21T00:42:46","guid":{"rendered":"https:\/\/sachviet.eu\/shop\/kim-cac-tu\/"},"modified":"2023-05-22T13:42:21","modified_gmt":"2023-05-22T10:42:21","slug":"kim-cac-tu","status":"publish","type":"product","link":"https:\/\/sachviet.eu\/en\/shop\/kim-cac-tu\/","title":{"rendered":"Kim C\u00e1c T\u1ef1"},"content":{"rendered":"<p>T\u00c1C GI\u1ea2:<br \/>\nMISHIMA YUKIO<br \/>\n(1925-1970)<br \/>\n\u00d4ng sinh t\u1ea1i Tokyo, t\u1ed1t nghi\u1ec7p khoa Lu\u1eadt \u0110\u1ea1i h\u1ecdc Tokyo n\u0103m 1947, sau \u0111\u00f3 l\u00e0m vi\u1ec7c cho B\u1ed9 t\u00e0i ch\u00ednh. Sau 9 th\u00e1ng, \u00f4ng t\u1eeb ch\u1ee9c v\u00e0 b\u1eaft \u0111\u1ea7u vi\u1ebft v\u0103n.<\/p>\n<p>C\u00e1c t\u00e1c ph\u1ea9m ti\u00eau bi\u1ec3u: Kh\u00e1t v\u1ecdng y\u00eau \u0111\u01b0\u01a1ng (n\u0103m 1950), Ti\u1ebfng tri\u1ec1u d\u00e2ng (n\u0103m 1954, gi\u1ea3i th\u01b0\u1edfng V\u0103n h\u1ecdc Shinchosha), Kim C\u00e1c T\u1ef1 (n\u0103m 1956, gi\u1ea3i th\u01b0\u1edfng V\u0103n h\u1ecdc Yomiuri), Sau b\u1eefa ti\u1ec7c (n\u0103m 1960)\u2026<\/p>\n<p>Ng\u00e0y 25 th\u00e1ng 11 n\u0103m 1970, \u00f4ng t\u1ef1 s\u00e1t t\u1ea1i doanh tr\u1ea1i Ichigaya c\u1ee7a L\u1ef1c l\u01b0\u1ee3ng Ph\u00f2ng v\u1ec7 Nh\u1eadt B\u1ea3n, sau khi ho\u00e0n th\u00e0nh nh\u1eefng trang cu\u1ed1i b\u1ea3n th\u1ea3o \u201cN\u0103m t\u01b0\u1edbng suy c\u1ee7a ng\u01b0\u1eddi tr\u1eddi\u201d \u2013 t\u1eadp th\u1ee9 4 trong t\u00e1c ph\u1ea9m tr\u01b0\u1eddng thi\u00ean Bi\u1ec3n ph\u00ec nhi\u00eau.<\/p>\n<p>C\u00e1c t\u00e1c ph\u1ea9m c\u1ee7a Mishima Yukio \u0111\u00e3 \u0111\u01b0\u1ee3c d\u1ecbch ra nhi\u1ec1u th\u1ee9 ti\u1ebfng v\u00e0 \u0111\u01b0\u1ee3c y\u00eau th\u00edch tr\u00ean to\u00e0n th\u1ebf gi\u1edbi.<\/p>\n<p>T\u00e1c ph\u1ea9m kh\u00e1c c\u1ee7a Mishima Yukio do Nh\u00e3 Nam xu\u1ea5t b\u1ea3n: Ti\u1ebfng tri\u1ec1u d\u00e2ng.<\/p>\n","protected":false},"excerpt":{"rendered":"<p>\u201cT\u00f4i h\u1ea7u nh\u01b0 ng\u00e2y say v\u1edbi \u00fd ngh\u0129 ng\u1ecdn l\u1eeda thi\u00eau h\u1ee7y t\u00f4i c\u0169ng l\u00e0 ng\u1ecdn l\u1eeda s\u1ebd h\u1ee7y thi\u00eau Kim C\u00e1c. C\u00f9ng ch\u1ecbu m\u1ed9t ki\u1ebfp n\u1ea1n, m\u1ed9t v\u1eadn m\u1ec7nh c\u1ee7a ng\u1ecdn l\u1eeda tai h\u1ecda, Kim C\u00e1c v\u00e0 c\u00f5i th\u1ebf n\u01a1i t\u00f4i s\u1ed1ng s\u1ebd c\u00f9ng thu\u1ed9c m\u1ed9t chi\u1ec1u kh\u00f4ng gian. C\u0169ng gi\u1ed1ng nh\u01b0 th\u00e2n x\u00e1c m\u1ecfng gi\u00f2n, x\u1ea5u x\u00ed c\u1ee7a t\u00f4i, t\u00f2a ki\u1ebfn tr\u00fac, d\u1eabu l\u00e0 c\u1ee9ng c\u1ea1nh, c\u0169ng \u00f4m m\u1ed9t th\u00e2n th\u1ec3 l\u00e0m b\u1eb1ng c\u00e1c bon d\u1ec5 ch\u00e1y. Khi ngh\u0129 nh\u01b0 th\u1ebf, \u0111\u00f4i khi t\u00f4i c\u1ea3m th\u1ea5y l\u00e0 t\u00f4i c\u00f3 th\u1ec3 tr\u1ed1n ch\u1ea1y \u0111\u1ed3ng th\u1eddi gi\u1ea5u Kim C\u00e1c trong m\u00e1u th\u1ecbt t\u00f4i, trong c\u1ea5u tr\u00fac th\u00e2n th\u1ec3 t\u00f4i, gi\u1ed1ng nh\u01b0 t\u00ean \u0103n tr\u1ed9m nu\u1ed1t \u0111\u00e1 qu\u00fd v\u00e0o b\u1ee5ng r\u1ed3i ch\u1ea1y tr\u1ed1n.\u201d<\/p>\n","protected":false},"featured_media":22380,"template":"","meta":{"_acf_changed":false},"product_brand":[],"product_cat":[15,45],"product_tag":[83],"class_list":{"0":"post-22381","1":"product","2":"type-product","3":"status-publish","4":"has-post-thumbnail","6":"product_cat-sach-danh-cho-nguoi-lon","7":"product_cat-tieu-thuyet","8":"product_tag-sach-moi-xuat-ban","10":"first","11":"outofstock","12":"taxable","13":"shipping-taxable","14":"purchasable","15":"product-type-simple"},"supplier_id":null,"supplier_sku":"","barcode":null,"atum_controlled":true,"out_stock_date":"2023-05-22 10:42:21","out_stock_threshold":null,"inheritable":false,"inbound_stock":0,"stock_on_hold":0,"sold_today":0,"sales_last_days":0,"reserved_stock":0,"customer_returns":0,"warehouse_damage":0,"lost_in_post":0,"other_logs":0,"out_stock_days":982,"lost_sales":0,"has_location":false,"update_date":"2026-01-28T23:11:08","atum_locations":[],"atum_stock_status":"outofstock","restock_status":false,"low_stock_amount":"","sales_update_date":"2026-01-28T23:11:08","calc_backorders":null,"acf":{"publisher":null},"_links":{"self":[{"href":"https:\/\/sachviet.eu\/en\/wp-json\/wp\/v2\/product\/22381","targetHints":{"allow":["GET"]}}],"collection":[{"href":"https:\/\/sachviet.eu\/en\/wp-json\/wp\/v2\/product"}],"about":[{"href":"https:\/\/sachviet.eu\/en\/wp-json\/wp\/v2\/types\/product"}],"wp:featuredmedia":[{"embeddable":true,"href":"https:\/\/sachviet.eu\/en\/wp-json\/wp\/v2\/media\/22380"}],"wp:attachment":[{"href":"https:\/\/sachviet.eu\/en\/wp-json\/wp\/v2\/media?parent=22381"}],"wp:term":[{"taxonomy":"product_brand","embeddable":true,"href":"https:\/\/sachviet.eu\/en\/wp-json\/wp\/v2\/product_brand?post=22381"},{"taxonomy":"product_cat","embeddable":true,"href":"https:\/\/sachviet.eu\/en\/wp-json\/wp\/v2\/product_cat?post=22381"},{"taxonomy":"product_tag","embeddable":true,"href":"https:\/\/sachviet.eu\/en\/wp-json\/wp\/v2\/product_tag?post=22381"}],"curies":[{"name":"wp","href":"https:\/\/api.w.org\/{rel}","templated":true}]}}