{"id":22379,"date":"2023-01-21T02:42:39","date_gmt":"2023-01-21T00:42:39","guid":{"rendered":"https:\/\/sachviet.eu\/shop\/danh-thuc-con-nguoi-phi-thuong-trong-ban\/"},"modified":"2023-04-18T10:47:06","modified_gmt":"2023-04-18T07:47:06","slug":"danh-thuc-con-nguoi-phi-thuong-trong-ban","status":"publish","type":"product","link":"https:\/\/sachviet.eu\/en\/shop\/danh-thuc-con-nguoi-phi-thuong-trong-ban\/","title":{"rendered":"\u0110\u00e1nh Th\u1ee9c Con Ng\u01b0\u1eddi Phi Th\u01b0\u1eddng Trong B\u1ea1n"},"content":{"rendered":"<p>N\u00e2ng t\u1ea7m b\u1ea3n th\u00e2n, thay \u0111\u1ed5i ni\u1ec1m tin h\u1ea1n h\u1eb9p v\u1ec1 b\u1ea3n th\u00e2n, thay \u0111\u1ed5i chi\u1ebfn l\u01b0\u1ee3c, l\u00e0m ch\u1ee7 c\u1ea3m x\u00fac, l\u00e0m ch\u1ee7 c\u01a1 th\u1ec3, t\u1ea1o d\u1ef1ng v\u00e0 duy tr\u00ec m\u1ed1i quan h\u1ec7, qu\u1ea3n l\u00fd t\u00e0i ch\u00ednh, l\u00e0m ch\u1ee7 th\u1eddi gian l\u00e0 nh\u1eefng th\u00e0nh t\u00edch tuy\u1ec7 v\u1eddi cu\u1ed1n s\u00e1ch \u0111em l\u1ea1i cho b\u1ea1n &#8211; m\u1ed9t di\u1ec7n m\u1ea1o ho\u00e0n h\u1ea3o.<\/p>\n","protected":false},"excerpt":{"rendered":"<p>Cu\u1ed9c s\u1ed1ng l\u00e0 m\u1ed9t m\u00f3n qu\u00e0. N\u00f3 cho ch\u00fang ta quy\u1ec1n l\u1ee3i, c\u01a1 h\u1ed9i, c\u0169ng nh\u01b0 tr\u00e1ch nhi\u1ec7m c\u1ed1ng hi\u1ebfn, chia s\u1ebb \u0111\u1ec3 nh\u1eefng \u0111i\u1ec1u t\u1ed1t \u0111\u1eb9p ng\u00e0y c\u00e0ng \u0111\u01b0\u1ee3c sinh s\u00f4i. T\u1ea5t c\u1ea3 ch\u00fang ta \u0111\u1ec1u c\u00f3 \u01b0\u1edbc m\u01a1. T\u1eeb s\u00e2u th\u1eb3m t\u00e2m h\u1ed3n, m\u1ed7i ch\u00fang ta tin r\u1eb1ng m\u00ecnh c\u00f3 kh\u1ea3 n\u0103ng \u0111\u1eb7c bi\u1ec7t, r\u1eb1ng m\u00ecnh c\u00f3 kh\u1ea3 n\u0103ng t\u1ea1p ra s\u1ef1 \u0111\u1ed5i kh\u00e1c, c\u00f3 th\u1ec3 \u1ea3nh h\u01b0\u1edfng \u0111\u1ebfn ng\u01b0\u1eddi kh\u00e1c b\u1eb1ng nh\u1eefng c\u00e1ch r\u1ea5t ri\u00eang v\u00e0 c\u00f3 th\u1ec3 bi\u1ebfn th\u1ebf gi\u1edbi n\u00e0y th\u00e0nh m\u1ed9t n\u01a1i t\u1ed1t \u0111\u1eb9p h\u01a1n. ch\u00ednh v\u00ec th\u1ebf SIBBOOKS gi\u1edbi thi\u1ec7u \u0111\u1ecdc gi\u1ea3 cu\u1ed1n s\u00e1ch \u0110\u00e1nh Th\u1ee9c Con Ng\u01b0\u1eddi Phi Th\u01b0\u1eddng Trong B\u1ea1n<\/p>\n","protected":false},"featured_media":22377,"template":"","meta":{"_acf_changed":false},"product_brand":[],"product_cat":[18,15,46],"product_tag":[83],"class_list":{"0":"post-22379","1":"product","2":"type-product","3":"status-publish","4":"has-post-thumbnail","6":"product_cat-kinh-te","7":"product_cat-sach-danh-cho-nguoi-lon","8":"product_cat-ky-nang-song","9":"product_tag-sach-moi-xuat-ban","11":"first","12":"outofstock","13":"taxable","14":"shipping-taxable","15":"purchasable","16":"product-type-simple"},"supplier_id":null,"supplier_sku":"","barcode":null,"atum_controlled":true,"out_stock_date":"2023-04-18 07:47:06","out_stock_threshold":null,"inheritable":false,"inbound_stock":0,"stock_on_hold":0,"sold_today":0,"sales_last_days":0,"reserved_stock":0,"customer_returns":0,"warehouse_damage":0,"lost_in_post":0,"other_logs":0,"out_stock_days":1016,"lost_sales":0,"has_location":false,"update_date":"2026-01-28T23:11:08","atum_locations":[],"atum_stock_status":"outofstock","restock_status":false,"low_stock_amount":"","sales_update_date":"2026-01-28T23:11:08","calc_backorders":null,"acf":{"publisher":false},"_links":{"self":[{"href":"https:\/\/sachviet.eu\/en\/wp-json\/wp\/v2\/product\/22379","targetHints":{"allow":["GET"]}}],"collection":[{"href":"https:\/\/sachviet.eu\/en\/wp-json\/wp\/v2\/product"}],"about":[{"href":"https:\/\/sachviet.eu\/en\/wp-json\/wp\/v2\/types\/product"}],"wp:featuredmedia":[{"embeddable":true,"href":"https:\/\/sachviet.eu\/en\/wp-json\/wp\/v2\/media\/22377"}],"wp:attachment":[{"href":"https:\/\/sachviet.eu\/en\/wp-json\/wp\/v2\/media?parent=22379"}],"wp:term":[{"taxonomy":"product_brand","embeddable":true,"href":"https:\/\/sachviet.eu\/en\/wp-json\/wp\/v2\/product_brand?post=22379"},{"taxonomy":"product_cat","embeddable":true,"href":"https:\/\/sachviet.eu\/en\/wp-json\/wp\/v2\/product_cat?post=22379"},{"taxonomy":"product_tag","embeddable":true,"href":"https:\/\/sachviet.eu\/en\/wp-json\/wp\/v2\/product_tag?post=22379"}],"curies":[{"name":"wp","href":"https:\/\/api.w.org\/{rel}","templated":true}]}}