{"id":22376,"date":"2023-01-21T02:42:32","date_gmt":"2023-01-21T00:42:32","guid":{"rendered":"https:\/\/sachviet.eu\/shop\/slam-dunk-deluxe-edition-tap-11\/"},"modified":"2023-01-23T12:31:28","modified_gmt":"2023-01-23T10:31:28","slug":"slam-dunk-deluxe-edition-tap-11","status":"publish","type":"product","link":"https:\/\/sachviet.eu\/en\/shop\/slam-dunk-deluxe-edition-tap-11\/","title":{"rendered":"Slam Dunk \u2013 Deluxe Edition T\u1eadp 11"},"content":{"rendered":"<p>\u0110\u1ec3 tr\u1ea3 th\u00f9 Ryota Miyagi, Hisashi Mitsui \u0111\u00e3 k\u00e9o h\u1ed9i ban l\u01b0u manh \u0111\u1ebfn \u0111\u00e1nh nhau v\u1edbi CLB B\u00f3ng r\u1ed5. Khi tr\u1eadn h\u1ed7n chi\u1ebfn \u0111\u00e3 \u0111\u1ebfn h\u1ed3i ng\u00e3 ng\u0169, s\u1ef1 th\u1eadt v\u1eabn \u0111\u01b0\u1ee3c che gi\u1ea5u trong l\u00f2ng Mitsui b\u1ea5y l\u00e2u nay l\u1ea1i l\u00e0!?<\/p>\n<p>B\u01b0\u1edbc sang n\u0103m th\u1ee9 hai-m\u01b0\u01a1i-m\u1ed1t, &#8220;Huy\u1ec1n tho\u1ea1i Manga b\u00f3ng r\u1ed5 SLAM DUNK&#8221; c\u1ee7a ch\u00fang ta v\u1eabn \u0111\u01b0\u1ee3c c\u00e1c \u0111\u1ed9c gi\u1ea3 \u1edf kh\u1eafp n\u01a1i tr\u00ean th\u1ebf gi\u1edbi h\u00e0o h\u1ee9ng \u0111\u00f3n nh\u1eadn! Nh\u1ea5t l\u00e0 khi t\u00e1c gi\u1ea3 TAKEHIKO INOUE c\u00f4ng b\u1ed1 d\u1ef1 \u00e1n Anime Movie m\u1edbi v\u1ec1 Slam Dunk. V\u00e0 th\u1eadt tuy\u1ec7t v\u1eddi sau th\u1eddi gian d\u00e0i \u0111\u00f3n \u0111\u1ee3i, c\u00e1c Fan Vi\u1ec7t Nam s\u1ebd \u0111\u01b0\u1ee3c t\u00e1i ng\u1ed9 Hanamichi v\u00e0 \u0111\u1ed3ng \u0111\u1ed9i trong Manga SLAM DUNK &#8211; T\u00e1c ph\u1ea9m m\u1ed9t l\u1ea7n n\u1eefa tr\u1edf l\u1ea1i v\u1edbi h\u00ecnh th\u1ee9c \u0110\u1eb7c bi\u1ec7t nh\u1ea5t tr\u01b0\u1edbc nay: PHI\u00caN B\u1ea2N DELUXE do NXB Kim \u0110\u1ed3ng ph\u00e1t h\u00e0nh!!<\/p>\n<p>24 cu\u1ed1n truy\u1ec7n trong b\u1ea3n n\u00e2ng c\u1ea5p \u0111\u1eb7c bi\u1ec7t n\u00e0y c\u00f3 khu\u00f4n kh\u1ed5 13x18cm, v\u1edbi tranh b\u00eca ho\u00e0n to\u00e0n kh\u00e1c so v\u1edbi phi\u00ean b\u1ea3n \u0111\u1eddi \u0111\u1ea7u. Nh\u1eefng tranh m\u00e0u tr\u00ean t\u1ea1p ch\u00ed \u0111\u01b0\u1ee3c gi\u1eef nguy\u00ean, h\u1eb3n b\u1ea1n s\u1ebd ph\u1ea3i xu\u00fdt xoa khi \u0111\u01b0\u1ee3c th\u1ea5y c\u00e1c nh\u00e2n v\u1eadt xu\u1ea5t hi\u1ec7n \u0111\u1ea7y s\u1ed1ng \u0111\u1ed9ng \u0111\u1ea5y nh\u00e9! H\u00ecnh th\u1ee9c b\u00ean ngo\u00e0i c\u0169ng r\u1ea5t \u0111\u01b0\u1ee3c NXB ch\u0103m ch\u00fat v\u1edbi ph\u1ea7n t\u00edt ph\u1ee7 UV n\u1ed5i tr\u00ean m\u1eb7t gi\u1ea5y m\u1ecbn nh\u01b0 s\u00e1ch g\u1ed1c, ch\u1ea5t gi\u1ea5y c\u1ee7a b\u00eca trong do Ekip \u0111\u1eb7t s\u1ea3n xu\u1ea5t ri\u00eang cho b\u1ed9 truy\u1ec7n c\u0169ng s\u1ebd khi\u1ebfn nhi\u1ec1u Fan s\u01b0u t\u1eadp th\u00edch th\u00fa! Ch\u01b0a k\u1ec3 t\u1edbi trang gi\u1ea5y trong, trang l\u00f3t \u0111en tr\u1eafng ph\u1ee7 nh\u0169 ch\u00ec<\/p>\n<p>M\u1ed7i cu\u1ed1n \u0111\u1ec1u s\u1ebd \u0111\u01b0\u1ee3c b\u1ecdc m\u00e0ng co, v\u1edbi ph\u1ea7n Obi (\u0110ai s\u00e1ch) t\u00f3m t\u1eaft n\u1ed9i dung bao b\u00ean ngo\u00e0i. <\/p>\n","protected":false},"excerpt":{"rendered":"<p>\u0110\u1ec3 tr\u1ea3 th\u00f9 Ryota Miyagi, Hisashi Mitsui \u0111\u00e3 k\u00e9o h\u1ed9i ban l\u01b0u manh \u0111\u1ebfn \u0111\u00e1nh nhau v\u1edbi CLB B\u00f3ng r\u1ed5. Khi tr\u1eadn h\u1ed7n chi\u1ebfn \u0111\u00e3 \u0111\u1ebfn h\u1ed3i ng\u00e3 ng\u0169, s\u1ef1 th\u1eadt v\u1eabn \u0111\u01b0\u1ee3c che gi\u1ea5u trong l\u00f2ng Mitsui b\u1ea5y l\u00e2u nay l\u1ea1i l\u00e0!?<\/p>\n<p>B\u01b0\u1edbc sang n\u0103m th\u1ee9 hai-m\u01b0\u01a1i-m\u1ed1t, &#8220;Huy\u1ec1n tho\u1ea1i Manga b\u00f3ng r\u1ed5 SLAM DUNK&#8221; c\u1ee7a ch\u00fang ta v\u1eabn \u0111\u01b0\u1ee3c c\u00e1c \u0111\u1ed9c gi\u1ea3 \u1edf kh\u1eafp n\u01a1i tr\u00ean th\u1ebf gi\u1edbi h\u00e0o h\u1ee9ng \u0111\u00f3n nh\u1eadn! Nh\u1ea5t l\u00e0 khi t\u00e1c gi\u1ea3 TAKEHIKO INOUE c\u00f4ng b\u1ed1 d\u1ef1 \u00e1n Anime Movie m\u1edbi v\u1ec1 Slam Dunk. V\u00e0 th\u1eadt tuy\u1ec7t v\u1eddi sau th\u1eddi gian d\u00e0i \u0111\u00f3n \u0111\u1ee3i, c\u00e1c Fan Vi\u1ec7t Nam s\u1ebd \u0111\u01b0\u1ee3c t\u00e1i ng\u1ed9 Hanamichi v\u00e0 \u0111\u1ed3ng \u0111\u1ed9i trong Manga SLAM DUNK &#8211; T\u00e1c ph\u1ea9m m\u1ed9t l\u1ea7n n\u1eefa tr\u1edf l\u1ea1i v\u1edbi h\u00ecnh th\u1ee9c \u0110\u1eb7c bi\u1ec7t nh\u1ea5t tr\u01b0\u1edbc nay: PHI\u00caN B\u1ea2N DELUXE do NXB Kim \u0110\u1ed3ng ph\u00e1t h\u00e0nh!!<\/p>\n<p>24 cu\u1ed1n truy\u1ec7n trong b\u1ea3n n\u00e2ng c\u1ea5p \u0111\u1eb7c bi\u1ec7t n\u00e0y c\u00f3 khu\u00f4n kh\u1ed5 13x18cm, v\u1edbi tranh b\u00eca ho\u00e0n to\u00e0n kh\u00e1c so v\u1edbi phi\u00ean b\u1ea3n \u0111\u1eddi \u0111\u1ea7u. Nh\u1eefng tranh m\u00e0u tr\u00ean t\u1ea1p ch\u00ed \u0111\u01b0\u1ee3c gi\u1eef nguy\u00ean, h\u1eb3n b\u1ea1n s\u1ebd ph\u1ea3i xu\u00fdt xoa khi \u0111\u01b0\u1ee3c th\u1ea5y c\u00e1c nh\u00e2n v\u1eadt xu\u1ea5t hi\u1ec7n \u0111\u1ea7y s\u1ed1ng \u0111\u1ed9ng \u0111\u1ea5y nh\u00e9! H\u00ecnh th\u1ee9c b\u00ean ngo\u00e0i c\u0169ng r\u1ea5t \u0111\u01b0\u1ee3c NXB ch\u0103m ch\u00fat v\u1edbi ph\u1ea7n t\u00edt ph\u1ee7 UV n\u1ed5i tr\u00ean m\u1eb7t gi\u1ea5y m\u1ecbn nh\u01b0 s\u00e1ch g\u1ed1c, ch\u1ea5t gi\u1ea5y c\u1ee7a b\u00eca trong do Ekip \u0111\u1eb7t s\u1ea3n xu\u1ea5t ri\u00eang cho b\u1ed9 truy\u1ec7n c\u0169ng s\u1ebd khi\u1ebfn nhi\u1ec1u Fan s\u01b0u t\u1eadp th\u00edch th\u00fa! Ch\u01b0a k\u1ec3 t\u1edbi trang gi\u1ea5y trong, trang l\u00f3t \u0111en tr\u1eafng ph\u1ee7 nh\u0169 ch\u00ec<\/p>\n<p>M\u1ed7i cu\u1ed1n \u0111\u1ec1u s\u1ebd \u0111\u01b0\u1ee3c b\u1ecdc m\u00e0ng co, v\u1edbi ph\u1ea7n Obi (\u0110ai s\u00e1ch) t\u00f3m t\u1eaft n\u1ed9i dung bao b\u00ean ngo\u00e0i.<\/p>\n","protected":false},"featured_media":22374,"template":"","meta":{"_acf_changed":false},"product_brand":[],"product_cat":[29],"product_tag":[83],"class_list":{"0":"post-22376","1":"product","2":"type-product","3":"status-publish","4":"has-post-thumbnail","6":"product_cat-manga-comics","7":"product_tag-sach-moi-xuat-ban","9":"first","10":"outofstock","11":"taxable","12":"shipping-taxable","13":"purchasable","14":"product-type-simple"},"supplier_id":null,"supplier_sku":"","barcode":null,"atum_controlled":true,"out_stock_date":"2023-01-23 10:31:28","out_stock_threshold":null,"inheritable":false,"inbound_stock":0,"stock_on_hold":0,"sold_today":0,"sales_last_days":0,"reserved_stock":0,"customer_returns":0,"warehouse_damage":0,"lost_in_post":0,"other_logs":0,"out_stock_days":1101,"lost_sales":0,"has_location":false,"update_date":"2026-01-28T23:11:08","atum_locations":[],"atum_stock_status":"outofstock","restock_status":false,"low_stock_amount":"","sales_update_date":"2026-01-28T23:11:08","calc_backorders":null,"acf":{"publisher":null},"_links":{"self":[{"href":"https:\/\/sachviet.eu\/en\/wp-json\/wp\/v2\/product\/22376","targetHints":{"allow":["GET"]}}],"collection":[{"href":"https:\/\/sachviet.eu\/en\/wp-json\/wp\/v2\/product"}],"about":[{"href":"https:\/\/sachviet.eu\/en\/wp-json\/wp\/v2\/types\/product"}],"wp:featuredmedia":[{"embeddable":true,"href":"https:\/\/sachviet.eu\/en\/wp-json\/wp\/v2\/media\/22374"}],"wp:attachment":[{"href":"https:\/\/sachviet.eu\/en\/wp-json\/wp\/v2\/media?parent=22376"}],"wp:term":[{"taxonomy":"product_brand","embeddable":true,"href":"https:\/\/sachviet.eu\/en\/wp-json\/wp\/v2\/product_brand?post=22376"},{"taxonomy":"product_cat","embeddable":true,"href":"https:\/\/sachviet.eu\/en\/wp-json\/wp\/v2\/product_cat?post=22376"},{"taxonomy":"product_tag","embeddable":true,"href":"https:\/\/sachviet.eu\/en\/wp-json\/wp\/v2\/product_tag?post=22376"}],"curies":[{"name":"wp","href":"https:\/\/api.w.org\/{rel}","templated":true}]}}