{"id":22373,"date":"2023-01-21T02:42:20","date_gmt":"2023-01-21T00:42:20","guid":{"rendered":"https:\/\/sachviet.eu\/shop\/nguoi-ba-tai-gioi-vung-saga-tap-9\/"},"modified":"2023-05-31T16:53:54","modified_gmt":"2023-05-31T13:53:54","slug":"nguoi-ba-tai-gioi-vung-saga-tap-9","status":"publish","type":"product","link":"https:\/\/sachviet.eu\/en\/shop\/nguoi-ba-tai-gioi-vung-saga-tap-9\/","title":{"rendered":"Ng\u01b0\u1eddi B\u00e0 T\u00e0i Gi\u1ecfi V\u00f9ng Saga \u2013 T\u1eadp 9"},"content":{"rendered":"<p>Th\u1eddi gian th\u1ea5m tho\u1eaft tr\u00f4i qua, Akihiro \u1edf Saga v\u1edbi b\u00e0 ngo\u1ea1i, v\u1edbi Nanri v\u00e0 c\u00e1c b\u1ea1n tuy v\u1eabn ngh\u00e8o nh\u01b0ng l\u00fac n\u00e0o c\u0169ng \u0111\u1ea7y ni\u1ec1m vui.<br \/>\nAkihiro v\u1eabn tr\u1ea3i qua nh\u1eefng ng\u00e0y s\u1ed1ng \u201cngh\u00e8o vui ngh\u00e8o v\u1ebb\u201d nh\u01b0 th\u01b0\u1eddng l\u1ec7. Nh\u01b0ng r\u1ed3i trong h\u1ecdc k\u00ec m\u1edbi n\u00e0y, \u201c\u0111\u1ea1i n\u1ea1n khi\u1ebfp \u0111\u1ea3m nh\u1ea5t \u0111\u1eddi Akihiro\u201d \u0111\u00e3 \u1eadp t\u1edbi. C\u1ea3 l\u1edbp b\u1eaft bu\u1ed9c ph\u1ea3i \u0111\u1ed5i ch\u1ed7 v\u00e0 c\u1eadu nh\u00f3c b\u1ecb x\u1ebfp ng\u1ed3i c\u1ea1nh c\u00f4 b\u1ea1n Komoto c\u0169ng v\u1eeba chuy\u1ec3n \u0111\u1ebfn t\u1eeb Hiroshima. Nh\u1eefng t\u01b0\u1edfng hai c\u00f4 c\u1eadu nh\u00f3c s\u1ebd c\u00f3 th\u1ec3 tr\u1edf th\u00e0nh b\u1ea1n t\u1ed1t c\u1ee7a nhau nh\u01b0ng Komoto l\u1ea1i c\u00f3 v\u1ebb kh\u00e1 ki\u00eau k\u00ec, \u0111\u00e3 v\u1eady c\u00f2n ch\u1ea1y nhanh h\u01a1n c\u1ea3 Akihiro. Ng\u00f4i v\u1ecb ch\u1ea1y nhanh s\u1ed1 m\u1ed9t c\u1ee7a Akihiro \u0111ang b\u1ecb lung lay?<\/p>\n<p>Kh\u00f4ng ch\u1ec9 v\u1eady, trong t\u1eadp n\u00e0y Akihiro c\u00f2n thu n\u1ea1p \u0111\u01b0\u1ee3c m\u1ed9t \u0111\u1ec7 t\u1eed. Ch\u1eb3ng ph\u1ea3i l\u00e0 d\u1ea1y to\u00e1n c\u0169ng kh\u00f4ng ph\u1ea3i l\u00e0 h\u1ecdc ch\u1ea1y, c\u00e1i m\u00e0 \u201cs\u01b0 ph\u1ee5\u201d Akihiro truy\u1ec1n d\u1ea1y cho \u0111\u1ec7 t\u1eed c\u1ee7a m\u00ecnh ch\u00ednh l\u00e0 \u201cngh\u1ec1 s\u1ed1ng vui v\u1edbi c\u00e1i ngh\u00e8o\u201d. T\u1eeb v\u1edbt rau c\u1ee7 ngo\u00e0i s\u00f4ng cho \u0111\u1ebfn k\u00e9o nam ch\u00e2m \u0111\u1ec3 nh\u1eb7t s\u1eaft v\u1ee5n, cu\u1ed1i c\u00f9ng Akihiro c\u0169ng c\u00f3 d\u1ecbp \u0111\u1ec3 truy\u1ec1n th\u1ee5 nh\u1eefng b\u00ed k\u00edp \u201cluy\u1ec7n cho quen v\u1edbi c\u00e1i ngh\u00e8o\u201d m\u00e0 c\u1eadu nh\u00f3c \u0111\u00e3 \u201ch\u1ecdc m\u00f3t\u201d \u0111\u01b0\u1ee3c t\u1eeb b\u00e0 ngo\u1ea1i. C\u00f4ng cu\u1ed9c d\u1ea1y d\u1ed7 \u0111\u1ec7 t\u1eed c\u1ee7a Akihiro s\u1ebd nh\u01b0 th\u1ebf n\u00e0o \u0111\u00e2y?<\/p>\n<p>Ngo\u00e0i ra, l\u1ea7n n\u00e0y m\u1eb9 c\u1ee7a Akihiro \u0111\u00e3 thu x\u1ebfp c\u00f4ng vi\u1ec7c \u0111\u1ec3 xu\u1ed1ng Saga th\u0103m c\u1eadu b\u00e9. Akihiro tr\u00f4ng ng\u00f3ng t\u1eebng ng\u00e0y v\u00e0 r\u1ea5t s\u1ee3 s\u1ebd gi\u1ed1ng nh\u01b0 nhi\u1ec1u l\u1ea7n tr\u01b0\u1edbc, \u0111\u1ebfn cu\u1ed1i c\u00f9ng m\u1eb9 l\u1ea1i b\u1eadn kh\u00f4ng v\u1ec1 \u0111\u01b0\u1ee3c. Li\u1ec7u m\u1eb9 c\u1ee7a Akihiro c\u00f3 v\u1ec1 Saga nh\u01b0 \u0111\u00e3 h\u1ee9a \u0111\u1ec3 c\u1eadu nh\u00f3c \u0111\u01b0\u1ee3c g\u1eb7p m\u1eb9 kh\u00f4ng \u0111\u00e2y?<\/p>\n<p>C\u00f9ng ti\u1ebfp t\u1ee5c theo d\u00f5i 8 ch\u01b0\u01a1ng truy\u1ec7n chan ch\u1ee9a bi h\u00e0i trong t\u1eadp th\u1ee9 9 c\u1ee7a b\u1ed9 truy\u1ec7n tranh v\u1ec1 cu\u1ed9c s\u1ed1ng tuy ngh\u00e8o nh\u01b0ng tr\u00e0n \u0111\u1ea7y ni\u1ec1m vui c\u1ee7a Akihiro c\u00f9ng ng\u01b0\u1eddi b\u00e0 t\u00e0i gi\u1ecfi \u201cd\u1eef th\u1ea7n\u201d \u1edf Saga nh\u00e9!<\/p>\n","protected":false},"excerpt":{"rendered":"<p>Th\u1eddi gian th\u1ea5m tho\u1eaft tr\u00f4i qua, Akihiro \u1edf Saga v\u1edbi b\u00e0 ngo\u1ea1i, v\u1edbi Nanri v\u00e0 c\u00e1c b\u1ea1n tuy v\u1eabn ngh\u00e8o nh\u01b0ng l\u00fac n\u00e0o c\u0169ng \u0111\u1ea7y ni\u1ec1m vui.<br \/>\nAkihiro v\u1eabn tr\u1ea3i qua nh\u1eefng ng\u00e0y s\u1ed1ng \u201cngh\u00e8o vui ngh\u00e8o v\u1ebb\u201d nh\u01b0 th\u01b0\u1eddng l\u1ec7. Nh\u01b0ng r\u1ed3i trong h\u1ecdc k\u00ec m\u1edbi n\u00e0y, \u201c\u0111\u1ea1i n\u1ea1n khi\u1ebfp \u0111\u1ea3m nh\u1ea5t \u0111\u1eddi Akihiro\u201d \u0111\u00e3 \u1eadp t\u1edbi. C\u1ea3 l\u1edbp b\u1eaft bu\u1ed9c ph\u1ea3i \u0111\u1ed5i ch\u1ed7 v\u00e0 c\u1eadu nh\u00f3c b\u1ecb x\u1ebfp ng\u1ed3i c\u1ea1nh c\u00f4 b\u1ea1n Komoto c\u0169ng v\u1eeba chuy\u1ec3n \u0111\u1ebfn t\u1eeb Hiroshima. Nh\u1eefng t\u01b0\u1edfng hai c\u00f4 c\u1eadu nh\u00f3c s\u1ebd c\u00f3 th\u1ec3 tr\u1edf th\u00e0nh b\u1ea1n t\u1ed1t c\u1ee7a nhau nh\u01b0ng Komoto l\u1ea1i c\u00f3 v\u1ebb kh\u00e1 ki\u00eau k\u00ec, \u0111\u00e3 v\u1eady c\u00f2n ch\u1ea1y nhanh h\u01a1n c\u1ea3 Akihiro. Ng\u00f4i v\u1ecb ch\u1ea1y nhanh s\u1ed1 m\u1ed9t c\u1ee7a Akihiro \u0111ang b\u1ecb lung lay?<\/p>\n<p>Kh\u00f4ng ch\u1ec9 v\u1eady, trong t\u1eadp n\u00e0y Akihiro c\u00f2n thu n\u1ea1p \u0111\u01b0\u1ee3c m\u1ed9t \u0111\u1ec7 t\u1eed. Ch\u1eb3ng ph\u1ea3i l\u00e0 d\u1ea1y to\u00e1n c\u0169ng kh\u00f4ng ph\u1ea3i l\u00e0 h\u1ecdc ch\u1ea1y, c\u00e1i m\u00e0 \u201cs\u01b0 ph\u1ee5\u201d Akihiro truy\u1ec1n d\u1ea1y cho \u0111\u1ec7 t\u1eed c\u1ee7a m\u00ecnh ch\u00ednh l\u00e0 \u201cngh\u1ec1 s\u1ed1ng vui v\u1edbi c\u00e1i ngh\u00e8o\u201d. T\u1eeb v\u1edbt rau c\u1ee7 ngo\u00e0i s\u00f4ng cho \u0111\u1ebfn k\u00e9o nam ch\u00e2m \u0111\u1ec3 nh\u1eb7t s\u1eaft v\u1ee5n, cu\u1ed1i c\u00f9ng Akihiro c\u0169ng c\u00f3 d\u1ecbp \u0111\u1ec3 truy\u1ec1n th\u1ee5 nh\u1eefng b\u00ed k\u00edp \u201cluy\u1ec7n cho quen v\u1edbi c\u00e1i ngh\u00e8o\u201d m\u00e0 c\u1eadu nh\u00f3c \u0111\u00e3 \u201ch\u1ecdc m\u00f3t\u201d \u0111\u01b0\u1ee3c t\u1eeb b\u00e0 ngo\u1ea1i. C\u00f4ng cu\u1ed9c d\u1ea1y d\u1ed7 \u0111\u1ec7 t\u1eed c\u1ee7a Akihiro s\u1ebd nh\u01b0 th\u1ebf n\u00e0o \u0111\u00e2y?<\/p>\n<p>Ngo\u00e0i ra, l\u1ea7n n\u00e0y m\u1eb9 c\u1ee7a Akihiro \u0111\u00e3 thu x\u1ebfp c\u00f4ng vi\u1ec7c \u0111\u1ec3 xu\u1ed1ng Saga th\u0103m c\u1eadu b\u00e9. Akihiro tr\u00f4ng ng\u00f3ng t\u1eebng ng\u00e0y v\u00e0 r\u1ea5t s\u1ee3 s\u1ebd gi\u1ed1ng nh\u01b0 nhi\u1ec1u l\u1ea7n tr\u01b0\u1edbc, \u0111\u1ebfn cu\u1ed1i c\u00f9ng m\u1eb9 l\u1ea1i b\u1eadn kh\u00f4ng v\u1ec1 \u0111\u01b0\u1ee3c. Li\u1ec7u m\u1eb9 c\u1ee7a Akihiro c\u00f3 v\u1ec1 Saga nh\u01b0 \u0111\u00e3 h\u1ee9a \u0111\u1ec3 c\u1eadu nh\u00f3c \u0111\u01b0\u1ee3c g\u1eb7p m\u1eb9 kh\u00f4ng \u0111\u00e2y?<\/p>\n<p>C\u00f9ng ti\u1ebfp t\u1ee5c theo d\u00f5i 8 ch\u01b0\u01a1ng truy\u1ec7n chan ch\u1ee9a bi h\u00e0i trong t\u1eadp th\u1ee9 9 c\u1ee7a b\u1ed9 truy\u1ec7n tranh v\u1ec1 cu\u1ed9c s\u1ed1ng tuy ngh\u00e8o nh\u01b0ng tr\u00e0n \u0111\u1ea7y ni\u1ec1m vui c\u1ee7a Akihiro c\u00f9ng ng\u01b0\u1eddi b\u00e0 t\u00e0i gi\u1ecfi \u201cd\u1eef th\u1ea7n\u201d \u1edf Saga nh\u00e9!<\/p>\n","protected":false},"featured_media":22372,"template":"","meta":{"_acf_changed":false},"product_brand":[],"product_cat":[29],"product_tag":[],"class_list":{"0":"post-22373","1":"product","2":"type-product","3":"status-publish","4":"has-post-thumbnail","6":"product_cat-manga-comics","8":"first","9":"outofstock","10":"taxable","11":"shipping-taxable","12":"purchasable","13":"product-type-simple"},"supplier_id":null,"supplier_sku":"","barcode":null,"atum_controlled":true,"out_stock_date":"2023-05-31 13:53:54","out_stock_threshold":null,"inheritable":false,"inbound_stock":0,"stock_on_hold":0,"sold_today":0,"sales_last_days":0,"reserved_stock":0,"customer_returns":0,"warehouse_damage":0,"lost_in_post":0,"other_logs":0,"out_stock_days":973,"lost_sales":0,"has_location":false,"update_date":"2026-01-28T23:11:08","atum_locations":[],"atum_stock_status":"outofstock","restock_status":false,"low_stock_amount":"","sales_update_date":"2026-01-28T23:11:08","calc_backorders":null,"acf":{"publisher":false},"_links":{"self":[{"href":"https:\/\/sachviet.eu\/en\/wp-json\/wp\/v2\/product\/22373","targetHints":{"allow":["GET"]}}],"collection":[{"href":"https:\/\/sachviet.eu\/en\/wp-json\/wp\/v2\/product"}],"about":[{"href":"https:\/\/sachviet.eu\/en\/wp-json\/wp\/v2\/types\/product"}],"wp:featuredmedia":[{"embeddable":true,"href":"https:\/\/sachviet.eu\/en\/wp-json\/wp\/v2\/media\/22372"}],"wp:attachment":[{"href":"https:\/\/sachviet.eu\/en\/wp-json\/wp\/v2\/media?parent=22373"}],"wp:term":[{"taxonomy":"product_brand","embeddable":true,"href":"https:\/\/sachviet.eu\/en\/wp-json\/wp\/v2\/product_brand?post=22373"},{"taxonomy":"product_cat","embeddable":true,"href":"https:\/\/sachviet.eu\/en\/wp-json\/wp\/v2\/product_cat?post=22373"},{"taxonomy":"product_tag","embeddable":true,"href":"https:\/\/sachviet.eu\/en\/wp-json\/wp\/v2\/product_tag?post=22373"}],"curies":[{"name":"wp","href":"https:\/\/api.w.org\/{rel}","templated":true}]}}