{"id":22371,"date":"2023-01-21T02:42:14","date_gmt":"2023-01-21T00:42:14","guid":{"rendered":"https:\/\/sachviet.eu\/shop\/combo-2-cuon-tac-pham-kinh-dien-minh-hoa-moi-hai-van-dam-duoi-bien\/"},"modified":"2023-01-22T00:28:20","modified_gmt":"2023-01-21T22:28:20","slug":"combo-2-cuon-tac-pham-kinh-dien-minh-hoa-moi-hai-van-dam-duoi-bien","status":"publish","type":"product","link":"https:\/\/sachviet.eu\/en\/shop\/combo-2-cuon-tac-pham-kinh-dien-minh-hoa-moi-hai-van-dam-duoi-bien\/","title":{"rendered":"Combo 2 cu\u1ed1n &#8211; T\u00e1c ph\u1ea9m kinh \u0111i\u1ec3n minh h\u1ecda m\u1edbi &#8211; Hai v\u1ea1n d\u1eb7m d\u01b0\u1edbi bi\u1ec3n"},"content":{"rendered":"<p>Jules Verne (1828 &#8211; 1905) l\u00e0 m\u1ed9t nh\u00e0 v\u0103n chuy\u00ean vi\u1ebft truy\u1ec7n khoa h\u1ecdc vi\u1ec5n t\u01b0\u1edfng c\u1ee7a Ph\u00e1p. Trong s\u1ed1 h\u01a1n n\u0103m m\u01b0\u01a1i t\u00e1c ph\u1ea9m c\u1ee7a \u00f4ng, Hai v\u1ea1n d\u1eb7m d\u01b0\u1edbi bi\u1ec3n c\u00f3 th\u1ec3 coi l\u00e0 xu\u1ea5t s\u1eafc nh\u1ea5t.<\/p>\n<p>Th\u00f4ng qua chuy\u1ebfn th\u00e1m hi\u1ec3m c\u1ee7a Gi\u00e1o s\u01b0 Aronnax, c\u1eadu ph\u1ee5 t\u00e1 Conseil v\u00e0 anh ch\u00e0ng th\u1ee3 s\u0103n c\u00e1 voi Ned Land tr\u00ean con t\u00e0u Nautilus do thuy\u1ec1n tr\u01b0\u1edfng Nemo l\u00e0m ch\u1ee7, Jules Verne \u0111\u00e3 cho tr\u00ed t\u01b0\u1edfng t\u01b0\u1ee3ng c\u1ee7a ng\u01b0\u1eddi \u0111\u1ecdc \u0111\u01b0\u1ee3c ng\u1ee5p l\u1eb7n trong m\u1ed9t th\u1ebf gi\u1edbi \u0111\u1ea1i d\u01b0\u01a1ng tr\u00e1ng l\u1ec7 m\u00e0 huy\u1ec1n b\u00ed, nh\u01b0ng c\u0169ng \u1ea9n ch\u1ee9a v\u00f4 v\u00e0n m\u1ed1i hi\u1ec3m nguy.<\/p>\n<p>Kh\u00f4ng d\u1eebng l\u1ea1i \u1edf \u0111\u00f3, nh\u1eefng thi\u1ebft k\u1ebf v\u00e0 t\u00ednh n\u0103ng \u0111i tr\u01b0\u1edbc th\u1eddi \u0111\u1ea1i c\u1ee7a t\u00e0u Nautilus c\u00f2n khi\u1ebfn m\u1ecdi ng\u01b0\u1eddi c\u00f9ng th\u1eddi, th\u1eadm ch\u00ed l\u00e0 \u0111\u1eddi sau, ph\u1ea3i s\u1eedng s\u1ed1t kh\u00f4ng ng\u1eebng. Qua t\u1eebng chi ti\u1ebft, ta c\u00f3 th\u1ec3 nh\u1eadn th\u1ea5y v\u1ed1n ki\u1ebfn th\u1ee9c s\u00e2u r\u1ed9ng c\u00f9ng ni\u1ec1m say m\u00ea khoa h\u1ecdc c\u1ee7a Jules Verne, c\u0169ng ch\u00ednh ng\u1ecdn l\u1eeda nhi\u1ec7t huy\u1ebft \u1ea5y \u0111\u00e3 kh\u01a1i g\u1ee3i v\u00e0 th\u00f4i th\u00fac bi\u1ebft bao th\u1ebf h\u1ec7 \u0111\u1ed9c gi\u1ea3 d\u1ea5n th\u00e2n v\u00e0o con \u0111\u01b0\u1eddng khoa h\u1ecdc.<\/p>\n<p>Trong phi\u00ean b\u1ea3n l\u1ea7n n\u00e0y, \u0110inh T\u1ecb Books xin \u0111\u01b0\u1ee3c gi\u1edbi thi\u1ec7u t\u1edbi c\u00e1c b\u1ea1n m\u1ed9t b\u1ea3n d\u1ecbch m\u1edbi c\u00f4ng phu v\u00e0 tr\u1ecdn v\u1eb9n, \u0111i k\u00e8m lo\u1ea1t tranh minh h\u1ecda s\u1ed1ng \u0111\u1ed9ng v\u00e0 t\u1ec9 m\u1ec9 trong t\u1eebng chi ti\u1ebft, t\u1eeb c\u00e1c trang thi\u1ebft b\u1ecb c\u1ee7a t\u00e0u Nautilus cho \u0111\u1ebfn c\u1ea3nh v\u1eadt h\u00f9ng v\u0129 ch\u1ed1n bi\u1ec3n kh\u01a1i. Ch\u1eafc ch\u1eafn b\u1ea1n \u0111\u1ecdc \u1edf m\u1ecdi l\u1ee9a tu\u1ed5i s\u1ebd h\u00e0i l\u00f2ng v\u1edbi chuy\u1ebfn th\u00e1m hi\u1ec3m di\u1ec7u k\u1ef3 b\u1eb1ng ng\u00f4n t\u1eeb v\u00e0 m\u00e0u s\u1eafc trong cu\u1ed1n s\u00e1ch n\u00e0y.<\/p>\n","protected":false},"excerpt":{"rendered":"<p>Jules Verne (1828 &#8211; 1905) l\u00e0 m\u1ed9t nh\u00e0 v\u0103n chuy\u00ean vi\u1ebft truy\u1ec7n khoa h\u1ecdc vi\u1ec5n t\u01b0\u1edfng c\u1ee7a Ph\u00e1p. Trong s\u1ed1 h\u01a1n n\u0103m m\u01b0\u01a1i t\u00e1c ph\u1ea9m c\u1ee7a \u00f4ng, Hai v\u1ea1n d\u1eb7m d\u01b0\u1edbi bi\u1ec3n c\u00f3 th\u1ec3 coi l\u00e0 xu\u1ea5t s\u1eafc nh\u1ea5t.<\/p>\n<p>Th\u00f4ng qua chuy\u1ebfn th\u00e1m hi\u1ec3m c\u1ee7a Gi\u00e1o s\u01b0 Aronnax, c\u1eadu ph\u1ee5 t\u00e1 Conseil v\u00e0 anh ch\u00e0ng th\u1ee3 s\u0103n c\u00e1 voi Ned Land tr\u00ean con t\u00e0u Nautilus do thuy\u1ec1n tr\u01b0\u1edfng Nemo l\u00e0m ch\u1ee7, Jules Verne \u0111\u00e3 cho tr\u00ed t\u01b0\u1edfng t\u01b0\u1ee3ng c\u1ee7a ng\u01b0\u1eddi \u0111\u1ecdc \u0111\u01b0\u1ee3c ng\u1ee5p l\u1eb7n trong m\u1ed9t th\u1ebf gi\u1edbi \u0111\u1ea1i d\u01b0\u01a1ng tr\u00e1ng l\u1ec7 m\u00e0 huy\u1ec1n b\u00ed, nh\u01b0ng c\u0169ng \u1ea9n ch\u1ee9a v\u00f4 v\u00e0n m\u1ed1i hi\u1ec3m nguy.<\/p>\n<p>Kh\u00f4ng d\u1eebng l\u1ea1i \u1edf \u0111\u00f3, nh\u1eefng thi\u1ebft k\u1ebf v\u00e0 t\u00ednh n\u0103ng \u0111i tr\u01b0\u1edbc th\u1eddi \u0111\u1ea1i c\u1ee7a t\u00e0u Nautilus c\u00f2n khi\u1ebfn m\u1ecdi ng\u01b0\u1eddi c\u00f9ng th\u1eddi, th\u1eadm ch\u00ed l\u00e0 \u0111\u1eddi sau, ph\u1ea3i s\u1eedng s\u1ed1t kh\u00f4ng ng\u1eebng. Qua t\u1eebng chi ti\u1ebft, ta c\u00f3 th\u1ec3 nh\u1eadn th\u1ea5y v\u1ed1n ki\u1ebfn th\u1ee9c s\u00e2u r\u1ed9ng c\u00f9ng ni\u1ec1m say m\u00ea khoa h\u1ecdc c\u1ee7a Jules Verne, c\u0169ng ch\u00ednh ng\u1ecdn l\u1eeda nhi\u1ec7t huy\u1ebft \u1ea5y \u0111\u00e3 kh\u01a1i g\u1ee3i v\u00e0 th\u00f4i th\u00fac bi\u1ebft bao th\u1ebf h\u1ec7 \u0111\u1ed9c gi\u1ea3 d\u1ea5n th\u00e2n v\u00e0o con \u0111\u01b0\u1eddng khoa h\u1ecdc.<\/p>\n<p>Trong phi\u00ean b\u1ea3n l\u1ea7n n\u00e0y, \u0110inh T\u1ecb Books xin \u0111\u01b0\u1ee3c gi\u1edbi thi\u1ec7u t\u1edbi c\u00e1c b\u1ea1n m\u1ed9t b\u1ea3n d\u1ecbch m\u1edbi c\u00f4ng phu v\u00e0 tr\u1ecdn v\u1eb9n, \u0111i k\u00e8m lo\u1ea1t tranh minh h\u1ecda s\u1ed1ng \u0111\u1ed9ng v\u00e0 t\u1ec9 m\u1ec9 trong t\u1eebng chi ti\u1ebft, t\u1eeb c\u00e1c trang thi\u1ebft b\u1ecb c\u1ee7a t\u00e0u Nautilus cho \u0111\u1ebfn c\u1ea3nh v\u1eadt h\u00f9ng v\u0129 ch\u1ed1n bi\u1ec3n kh\u01a1i. Ch\u1eafc ch\u1eafn b\u1ea1n \u0111\u1ecdc \u1edf m\u1ecdi l\u1ee9a tu\u1ed5i s\u1ebd h\u00e0i l\u00f2ng v\u1edbi chuy\u1ebfn th\u00e1m hi\u1ec3m di\u1ec7u k\u1ef3 b\u1eb1ng ng\u00f4n t\u1eeb v\u00e0 m\u00e0u s\u1eafc trong cu\u1ed1n s\u00e1ch n\u00e0y.<\/p>\n","protected":false},"featured_media":22369,"template":"","meta":{"_acf_changed":false},"product_brand":[],"product_cat":[17,26,77],"product_tag":[83],"class_list":{"0":"post-22371","1":"product","2":"type-product","3":"status-publish","4":"has-post-thumbnail","6":"product_cat-sach-danh-cho-cac-be","7":"product_cat-thieu-nien-11-tuoi-18-tuoi","8":"product_cat-van-hoc-kinh-dien","9":"product_tag-sach-moi-xuat-ban","11":"first","12":"instock","13":"taxable","14":"shipping-taxable","15":"purchasable","16":"product-type-simple"},"supplier_id":null,"supplier_sku":"","barcode":null,"atum_controlled":true,"out_stock_date":null,"out_stock_threshold":null,"inheritable":false,"inbound_stock":0,"stock_on_hold":0,"sold_today":0,"sales_last_days":0,"reserved_stock":0,"customer_returns":0,"warehouse_damage":0,"lost_in_post":0,"other_logs":0,"out_stock_days":0,"lost_sales":0,"has_location":false,"update_date":"2026-01-28T23:11:08","atum_locations":[],"atum_stock_status":"instock","restock_status":false,"low_stock_amount":"","sales_update_date":"2026-01-28T23:11:08","calc_backorders":null,"acf":{"publisher":null},"_links":{"self":[{"href":"https:\/\/sachviet.eu\/en\/wp-json\/wp\/v2\/product\/22371","targetHints":{"allow":["GET"]}}],"collection":[{"href":"https:\/\/sachviet.eu\/en\/wp-json\/wp\/v2\/product"}],"about":[{"href":"https:\/\/sachviet.eu\/en\/wp-json\/wp\/v2\/types\/product"}],"wp:featuredmedia":[{"embeddable":true,"href":"https:\/\/sachviet.eu\/en\/wp-json\/wp\/v2\/media\/22369"}],"wp:attachment":[{"href":"https:\/\/sachviet.eu\/en\/wp-json\/wp\/v2\/media?parent=22371"}],"wp:term":[{"taxonomy":"product_brand","embeddable":true,"href":"https:\/\/sachviet.eu\/en\/wp-json\/wp\/v2\/product_brand?post=22371"},{"taxonomy":"product_cat","embeddable":true,"href":"https:\/\/sachviet.eu\/en\/wp-json\/wp\/v2\/product_cat?post=22371"},{"taxonomy":"product_tag","embeddable":true,"href":"https:\/\/sachviet.eu\/en\/wp-json\/wp\/v2\/product_tag?post=22371"}],"curies":[{"name":"wp","href":"https:\/\/api.w.org\/{rel}","templated":true}]}}