{"id":22366,"date":"2023-01-21T02:41:52","date_gmt":"2023-01-21T00:41:52","guid":{"rendered":"https:\/\/sachviet.eu\/shop\/nhung-chang-trai-o-loc-phong-quan-tap-9\/"},"modified":"2024-08-25T22:41:45","modified_gmt":"2024-08-25T19:41:45","slug":"nhung-chang-trai-o-loc-phong-quan-tap-9","status":"publish","type":"product","link":"https:\/\/sachviet.eu\/en\/shop\/nhung-chang-trai-o-loc-phong-quan-tap-9\/","title":{"rendered":"Nh\u1eefng Ch\u00e0ng Trai \u1ede L\u1ed9c Phong Qu\u00e1n \u2013 T\u1eadp 9"},"content":{"rendered":"<p>N\u1ea5p m\u00ecnh trong con ng\u00f5 nh\u1ecf \u1edf v\u00f9ng ngo\u1ea1i \u00f4 Tokyo, ti\u1ec7m c\u00e0 ph\u00ea L\u1ed9c Phong Qu\u00e1n v\u1eabn lu\u00f4n t\u1ea5p n\u1eadp kh\u00e1ch v\u00e0o ra nh\u1edd c\u00f3 b\u1ed1n ch\u00e0ng nh\u00e2n vi\u00ean t\u1eadn t\u00e2m chu \u0111\u00e1o v\u1edbi t\u00e0i \u201cg\u1ee1 r\u1ed1i\u201d t\u00e2m t\u01b0 kh\u00e1ch h\u00e0ng. Th\u1ebf nh\u01b0ng, ch\u1ee7 ti\u1ec7m Sui v\u1eabn ch\u01b0a th\u1ec3 g\u1ee1 b\u1ecf m\u1ed1i \u01b0u t\u01b0 c\u1ee7a ch\u00ednh m\u00ecnh.<br \/>\nSui v\u00e0 ng\u01b0\u1eddi anh trai sinh \u0111\u00f4i Yakyo \u0111\u00e3 t\u1eebng r\u1ea5t th\u00e2n thi\u1ebft nh\u01b0ng c\u00e0ng tr\u01b0\u1edfng th\u00e0nh h\u1ecd l\u1ea1i c\u00e0ng xa c\u00e1ch, ch\u00f4n s\u00e2u trong l\u00f2ng nh\u1eefng n\u1ed7i ni\u1ec1m ri\u00eang kh\u00f4ng th\u1ec3 gi\u00e3i b\u00e0y. Trong t\u1eadp n\u00e0y, m\u1ed1i quan h\u1ec7 ph\u1ee9c t\u1ea1p gi\u1eefa hai anh em s\u1ebd c\u00f3 b\u01b0\u1edbc ngo\u1eb7t b\u1ea5t ng\u1edd, khi Sui nghe tin Yakyo ph\u1ea3i \u0111i n\u01b0\u1edbc ngo\u00e0i m\u1ed9t th\u1eddi gian d\u00e0i. Li\u1ec7u Sui c\u00f3 s\u1eb5n s\u00e0ng b\u1ecf l\u1ea1i L\u1ed9c Phong Qu\u00e1n trong th\u1eddi \u0111i\u1ec3m b\u1eadn r\u1ed9n nh\u1ea5t \u0111\u1ec3 \u0111i ti\u1ec5n anh trai kh\u00f4ng, hay hai ng\u01b0\u1eddi h\u1ecd s\u1ebd c\u1ee9 th\u1ebf m\u00e0 xa c\u00e1ch \u0111\u1eb1ng \u0111\u1eb5ng?<br \/>\n\u201cNh\u1eefng ch\u00e0ng trai \u1edf L\u1ed9c Phong Qu\u00e1n\u201d \u0111ang d\u1ea7n tr\u1edf n\u00ean h\u1ea5p d\u1eabn khi\u1ebfn \u0111\u1ed9c gi\u1ea3 kh\u00f4ng th\u1ec3 r\u1eddi m\u1eaft, nh\u1ea5t l\u00e0 v\u1edbi s\u1ef1 g\u00f3p m\u1eb7t c\u1ee7a nh\u1eefng m\u00f3n \u0103n m\u1edbi \u0111\u1ea7y s\u00e1ng t\u1ea1o s\u1ebd \u0111\u01b0\u1ee3c \u201ctr\u00ecnh di\u1ec5n\u201d trong t\u1eadp 10. \u0110\u00f3 l\u00e0 su\u1ea5t \u0103n \u0111\u1eb7c bi\u1ec7t d\u00e0nh cho ng\u01b0\u1eddi l\u1edbn \u0111\u00e3 c\u1ee9u L\u1ed9c Phong Qu\u00e1n kh\u1ecfi t\u00ecnh hu\u1ed1ng v\u00f4 c\u00f9ng c\u0103ng th\u1eb3ng, hay l\u00e0 m\u00f3n ng\u1ecdt v\u1edbi s\u1ef1 k\u1ebft h\u1ee3p ch\u01b0a t\u1eebng th\u1ea5y gi\u1eefa Tsubaki v\u00e0 Gure.<\/p>\n","protected":false},"excerpt":{"rendered":"<p>N\u1ea5p m\u00ecnh trong con ng\u00f5 nh\u1ecf \u1edf v\u00f9ng ngo\u1ea1i \u00f4 Tokyo, ti\u1ec7m c\u00e0 ph\u00ea L\u1ed9c Phong Qu\u00e1n v\u1eabn lu\u00f4n t\u1ea5p n\u1eadp kh\u00e1ch v\u00e0o ra nh\u1edd c\u00f3 b\u1ed1n ch\u00e0ng nh\u00e2n vi\u00ean t\u1eadn t\u00e2m chu \u0111\u00e1o v\u1edbi t\u00e0i \u201cg\u1ee1 r\u1ed1i\u201d t\u00e2m t\u01b0 kh\u00e1ch h\u00e0ng. Th\u1ebf nh\u01b0ng, ch\u1ee7 ti\u1ec7m Sui v\u1eabn ch\u01b0a th\u1ec3 g\u1ee1 b\u1ecf m\u1ed1i \u01b0u t\u01b0 c\u1ee7a ch\u00ednh m\u00ecnh.<br \/>\nSui v\u00e0 ng\u01b0\u1eddi anh trai sinh \u0111\u00f4i Yakyo \u0111\u00e3 t\u1eebng r\u1ea5t th\u00e2n thi\u1ebft nh\u01b0ng c\u00e0ng tr\u01b0\u1edfng th\u00e0nh h\u1ecd l\u1ea1i c\u00e0ng xa c\u00e1ch, ch\u00f4n s\u00e2u trong l\u00f2ng nh\u1eefng n\u1ed7i ni\u1ec1m ri\u00eang kh\u00f4ng th\u1ec3 gi\u00e3i b\u00e0y. Trong t\u1eadp n\u00e0y, m\u1ed1i quan h\u1ec7 ph\u1ee9c t\u1ea1p gi\u1eefa hai anh em s\u1ebd c\u00f3 b\u01b0\u1edbc ngo\u1eb7t b\u1ea5t ng\u1edd, khi Sui nghe tin Yakyo ph\u1ea3i \u0111i n\u01b0\u1edbc ngo\u00e0i m\u1ed9t th\u1eddi gian d\u00e0i. Li\u1ec7u Sui c\u00f3 s\u1eb5n s\u00e0ng b\u1ecf l\u1ea1i L\u1ed9c Phong Qu\u00e1n trong th\u1eddi \u0111i\u1ec3m b\u1eadn r\u1ed9n nh\u1ea5t \u0111\u1ec3 \u0111i ti\u1ec5n anh trai kh\u00f4ng, hay hai ng\u01b0\u1eddi h\u1ecd s\u1ebd c\u1ee9 th\u1ebf m\u00e0 xa c\u00e1ch \u0111\u1eb1ng \u0111\u1eb5ng?<br \/>\n\u201cNh\u1eefng ch\u00e0ng trai \u1edf L\u1ed9c Phong Qu\u00e1n\u201d \u0111ang d\u1ea7n tr\u1edf n\u00ean h\u1ea5p d\u1eabn khi\u1ebfn \u0111\u1ed9c gi\u1ea3 kh\u00f4ng th\u1ec3 r\u1eddi m\u1eaft, nh\u1ea5t l\u00e0 v\u1edbi s\u1ef1 g\u00f3p m\u1eb7t c\u1ee7a nh\u1eefng m\u00f3n \u0103n m\u1edbi \u0111\u1ea7y s\u00e1ng t\u1ea1o s\u1ebd \u0111\u01b0\u1ee3c \u201ctr\u00ecnh di\u1ec5n\u201d trong t\u1eadp 10. \u0110\u00f3 l\u00e0 su\u1ea5t \u0103n \u0111\u1eb7c bi\u1ec7t d\u00e0nh cho ng\u01b0\u1eddi l\u1edbn \u0111\u00e3 c\u1ee9u L\u1ed9c Phong Qu\u00e1n kh\u1ecfi t\u00ecnh hu\u1ed1ng v\u00f4 c\u00f9ng c\u0103ng th\u1eb3ng, hay l\u00e0 m\u00f3n ng\u1ecdt v\u1edbi s\u1ef1 k\u1ebft h\u1ee3p ch\u01b0a t\u1eebng th\u1ea5y gi\u1eefa Tsubaki v\u00e0 Gure.<\/p>\n","protected":false},"featured_media":22365,"template":"","meta":{"_acf_changed":false},"product_brand":[],"product_cat":[29],"product_tag":[],"class_list":{"0":"post-22366","1":"product","2":"type-product","3":"status-publish","4":"has-post-thumbnail","6":"product_cat-manga-comics","8":"first","9":"outofstock","10":"taxable","11":"shipping-taxable","12":"purchasable","13":"product-type-simple"},"supplier_id":null,"supplier_sku":"","barcode":null,"atum_controlled":true,"out_stock_date":"2024-08-25 19:41:45","out_stock_threshold":null,"inheritable":false,"inbound_stock":0,"stock_on_hold":0,"sold_today":0,"sales_last_days":0,"reserved_stock":0,"customer_returns":0,"warehouse_damage":0,"lost_in_post":0,"other_logs":0,"out_stock_days":521,"lost_sales":371,"has_location":false,"update_date":"2026-01-28T23:11:23","atum_locations":[],"atum_stock_status":"outofstock","restock_status":false,"low_stock_amount":"","sales_update_date":"2026-01-28T23:11:23","calc_backorders":null,"acf":{"publisher":null},"_links":{"self":[{"href":"https:\/\/sachviet.eu\/en\/wp-json\/wp\/v2\/product\/22366","targetHints":{"allow":["GET"]}}],"collection":[{"href":"https:\/\/sachviet.eu\/en\/wp-json\/wp\/v2\/product"}],"about":[{"href":"https:\/\/sachviet.eu\/en\/wp-json\/wp\/v2\/types\/product"}],"wp:featuredmedia":[{"embeddable":true,"href":"https:\/\/sachviet.eu\/en\/wp-json\/wp\/v2\/media\/22365"}],"wp:attachment":[{"href":"https:\/\/sachviet.eu\/en\/wp-json\/wp\/v2\/media?parent=22366"}],"wp:term":[{"taxonomy":"product_brand","embeddable":true,"href":"https:\/\/sachviet.eu\/en\/wp-json\/wp\/v2\/product_brand?post=22366"},{"taxonomy":"product_cat","embeddable":true,"href":"https:\/\/sachviet.eu\/en\/wp-json\/wp\/v2\/product_cat?post=22366"},{"taxonomy":"product_tag","embeddable":true,"href":"https:\/\/sachviet.eu\/en\/wp-json\/wp\/v2\/product_tag?post=22366"}],"curies":[{"name":"wp","href":"https:\/\/api.w.org\/{rel}","templated":true}]}}