{"id":22360,"date":"2023-01-21T02:41:33","date_gmt":"2023-01-21T00:41:33","guid":{"rendered":"https:\/\/sachviet.eu\/shop\/toi-tu-duy-vay-thi-toi-ve\/"},"modified":"2024-04-07T23:53:44","modified_gmt":"2024-04-07T20:53:44","slug":"toi-tu-duy-vay-thi-toi-ve","status":"publish","type":"product","link":"https:\/\/sachviet.eu\/en\/shop\/toi-tu-duy-vay-thi-toi-ve\/","title":{"rendered":"T\u00f4i T\u01b0 Duy, V\u1eady Th\u00ec T\u00f4i V\u1ebd"},"content":{"rendered":"<p>V\u1ec0 T\u00c1C GI\u1ea2:<br \/>\nThomas Cathcart v\u00e0 Daniel Klein l\u00e0m nh\u1eefng c\u00f4ng vi\u1ec7c b\u00ecnh th\u01b0\u1eddng sau khi t\u1ed1t nghi\u1ec7p chuy\u00ean ng\u00e0nh Tri\u1ebft h\u1ecdc t\u1ea1i Harvard. Thomas \u0111\u00e3 kinh qua nhi\u1ec1u tr\u01b0\u1eddng th\u1ea7n h\u1ecdc. Daniel \u0111\u00e3 vi\u1ebft nhi\u1ec1u truy\u1ec7n c\u01b0\u1eddi cho c\u00e1c di\u1ec5n vi\u00ean h\u00e0i nh\u01b0 Flip Wilson v\u00e0 Lily Tomlin<\/p>\n","protected":false},"excerpt":{"rendered":"<p>V\u1eady l\u00e0, sau best seller Plato v\u00e0 con th\u00fa m\u1ecf v\u1ecbt b\u01b0\u1edbc v\u00e0o qu\u00e1n bar\u2026 Thomas Cathcart v\u00e0 Daniel Klein m\u1ed9t l\u1ea7n n\u1eefa d\u1eabn d\u1eaft b\u1ea1n \u0111\u1ecdc b\u01b0\u1edbc v\u00e0o ng\u00f4i \u0111\u1ec1n tri\u1ebft h\u1ecdc linh thi\u00eang b\u1eb1ng nh\u1eefng tr\u00e0ng c\u01b0\u1eddi ng\u1ea3 nghi\u00eang.<\/p>\n<p>Wittgenstein, tri\u1ebft gia v\u0129 \u0111\u1ea1i ng\u01b0\u1eddi \u00c1o t\u1eebng b\u1ea3o r\u1eb1ng ng\u01b0\u1eddi ta c\u00f3 th\u1ec3 vi\u1ebft n\u00ean c\u1ea3 m\u1ed9t t\u00e1c ph\u1ea9m tri\u1ebft h\u1ecdc hay ho v\u00e0 nghi\u00eam t\u00fac b\u1eb1ng to\u00e0n nh\u1eefng c\u00e2u \u0111\u00f9a. Gi\u00e1 m\u00e0 m\u1ecdi chuy\u1ec7n di\u1ec5n ra nh\u01b0 v\u1eady, v\u00ec s\u1ef1 th\u1ef1c l\u00e0 m\u1ea5y ai hi\u1ec3u \u0111\u01b0\u1ee3c c\u00e1c tri\u1ebft gia vi\u1ebft c\u00e1i kh\u1ec9 gi\u00f3 g\u00ec!<\/p>\n<p>\u1ea4y th\u1ebf m\u00e0 c\u00f3 nh\u1eefng h\u1ecda s\u0129 thi\u00ean t\u00e0i c\u00f3 th\u1ec3 v\u1ea1ch ra nh\u1eefng t\u01b0 t\u01b0\u1edfng tri\u1ebft h\u1ecdc qua c\u00e1c n\u00e9t v\u1ebd h\u00e0i h\u01b0\u1edbc. Cu\u1ed1n s\u00e1ch n\u00e0y s\u1ebd mang \u0111\u1ebfn cho b\u1ea1n s\u1ef1 kho\u00e1i ch\u00ed khi xem tranh c\u1ee7a h\u1ecd &#8211; nh\u1eefng tay h\u00ed h\u1ecda ch\u1eafc h\u1eb3n t\u1eebng nghi\u1ec1n ng\u1eabm \u0111\u1ebfn n\u00e1t s\u00e1ch c\u1ee7a Nietzsche, Aristotle, Sartre, Russell, Quine, Derrida v.v. V\u00e0 \u0111\u1ec3 gi\u00fap b\u1ea1n kh\u00f4ng b\u1ecb ch\u00ecm trong l\u00fd lu\u1eadn cao si\u00eau, Thomas Cathcart v\u00e0 Daniel Klein di\u1ec5n gi\u1ea3i r\u1ea5t h\u00f3m nh\u1eefng g\u00ec m\u00e0 c\u00e1c tay h\u00ed h\u1ecda kia gi\u1ea3ng cho ta v\u1ec1 c\u00e1c c\u00e2u h\u1ecfi l\u1edbn trong tri\u1ebft h\u1ecdc, t\u1ec9 nh\u01b0 \u201cC\u00f3 th\u1ef1c con g\u00e1i v\u00e0 con trai kh\u00e1c nhau kh\u00f4ng?\u201d, v\u00e0 \u201cPh\u1ea3i ch\u0103ng c\u00f3 m\u1ed9t \u201cB\u1ea3n t\u1ed5ng \u0111\u1ed3 v\u0169 tr\u1ee5?\u201d\u201d, hay \u201cC\u00f3 g\u00ec kh\u00f4ng \u1ed5n v\u1edbi c\u00e1i g\u1ecdi l\u00e0 s\u1ef1 ph\u00e2n bi\u1ec7t \u0111\u00fang sai?\u201d.<\/p>\n<p>V\u1eeba xem tranh vui v\u1eeba hi\u1ec3u s\u00e2u tri\u1ebft h\u1ecdc, \u00e2u c\u0169ng l\u00e0 m\u1ed9t th\u1ed1ng kho\u00e1i \u1edf \u0111\u1eddi!<\/p>\n","protected":false},"featured_media":22359,"template":"","meta":{"_acf_changed":false},"product_brand":[],"product_cat":[18,15,46],"product_tag":[83],"class_list":{"0":"post-22360","1":"product","2":"type-product","3":"status-publish","4":"has-post-thumbnail","6":"product_cat-kinh-te","7":"product_cat-sach-danh-cho-nguoi-lon","8":"product_cat-ky-nang-song","9":"product_tag-sach-moi-xuat-ban","11":"first","12":"outofstock","13":"taxable","14":"shipping-taxable","15":"purchasable","16":"product-type-simple"},"supplier_id":null,"supplier_sku":"","barcode":null,"atum_controlled":true,"out_stock_date":"2024-04-07 20:53:44","out_stock_threshold":null,"inheritable":false,"inbound_stock":0,"stock_on_hold":0,"sold_today":0,"sales_last_days":0,"reserved_stock":0,"customer_returns":0,"warehouse_damage":0,"lost_in_post":0,"other_logs":0,"out_stock_days":661,"lost_sales":0,"has_location":false,"update_date":"2026-01-28T23:11:08","atum_locations":[],"atum_stock_status":"outofstock","restock_status":false,"low_stock_amount":"","sales_update_date":"2026-01-28T23:11:08","calc_backorders":null,"acf":{"publisher":null},"_links":{"self":[{"href":"https:\/\/sachviet.eu\/en\/wp-json\/wp\/v2\/product\/22360","targetHints":{"allow":["GET"]}}],"collection":[{"href":"https:\/\/sachviet.eu\/en\/wp-json\/wp\/v2\/product"}],"about":[{"href":"https:\/\/sachviet.eu\/en\/wp-json\/wp\/v2\/types\/product"}],"wp:featuredmedia":[{"embeddable":true,"href":"https:\/\/sachviet.eu\/en\/wp-json\/wp\/v2\/media\/22359"}],"wp:attachment":[{"href":"https:\/\/sachviet.eu\/en\/wp-json\/wp\/v2\/media?parent=22360"}],"wp:term":[{"taxonomy":"product_brand","embeddable":true,"href":"https:\/\/sachviet.eu\/en\/wp-json\/wp\/v2\/product_brand?post=22360"},{"taxonomy":"product_cat","embeddable":true,"href":"https:\/\/sachviet.eu\/en\/wp-json\/wp\/v2\/product_cat?post=22360"},{"taxonomy":"product_tag","embeddable":true,"href":"https:\/\/sachviet.eu\/en\/wp-json\/wp\/v2\/product_tag?post=22360"}],"curies":[{"name":"wp","href":"https:\/\/api.w.org\/{rel}","templated":true}]}}