{"id":22358,"date":"2023-01-21T02:41:27","date_gmt":"2023-01-21T00:41:27","guid":{"rendered":"https:\/\/sachviet.eu\/shop\/poupelle-o-thi-tran-ong-khoi\/"},"modified":"2023-05-22T13:42:20","modified_gmt":"2023-05-22T10:42:20","slug":"poupelle-o-thi-tran-ong-khoi","status":"publish","type":"product","link":"https:\/\/sachviet.eu\/en\/shop\/poupelle-o-thi-tran-ong-khoi\/","title":{"rendered":"Poupelle \u1ede Th\u1ecb Tr\u1ea5n \u1ed0ng Kh\u00f3i"},"content":{"rendered":"<p>\u201cCon kh\u00f4ng c\u1ea7n \u0111\u1ec3 \u00fd \u0111\u1ebfn ai kh\u00e1c.<\/p>\n<p>Khi tr\u00f4ng th\u1ea5y \u00e1nh s\u00e1ng l\u1ea5p l\u00e1nh ph\u00eda tr\u00ean l\u00e0n kh\u00f3i \u0111en, con h\u00e3y ti\u1ebfn v\u1ec1 ph\u00eda tr\u01b0\u1edbc!<\/p>\n<p>\u0110\u1eebng n\u1ea3n l\u1ecfng!<\/p>\n<p>Nh\u1eefng g\u00ec con t\u1eadn m\u1eaft th\u1ea5y ch\u00ednh l\u00e0 s\u1ef1 th\u1eadt!<\/p>\n<p>Ng\u00e0y h\u00f4m \u0111\u00f3, v\u00e0o th\u1eddi \u0111i\u1ec3m \u0111\u00f3, h\u00e3y tin t\u01b0\u1edfng v\u00e0o b\u1ea3n th\u00e2n con &#8211; ng\u01b0\u1eddi nh\u00ecn th\u1ea5y \u00e1nh s\u00e1ng \u0111\u00f3.<\/p>\n<p>H\u00e3y tin t\u01b0\u1edfng! Ngay c\u1ea3 khi con l\u00e0 ng\u01b0\u1eddi duy nh\u1ea5t.\u201d<\/p>\n<p>L\u1eddi tho\u1ea1i trong phim \u201cTh\u1ecb tr\u1ea5n \u1ed0ng Kh\u00f3i\u201d<\/p>\n<p>&#8211; L\u1eddi c\u1ee7a b\u1ed1 &#8211;<\/p>\n<p>T\u00e1c gi\u1ea3: Akihiro Nishino<\/p>\n<p>Sinh n\u0103m 1980<\/p>\n<p>C\u00e1c t\u00e1c ph\u1ea9m ti\u00eau bi\u1ec3u:<\/p>\n<p>Ehon \u201cB\u1ea7u tr\u1eddi sao l\u1ea5p l\u00e1nh c\u1ee7a Ng\u00e0i Ink\u201d, \u201cZip v\u00e0 Candy &#8211; L\u1ec5 Gi\u00e1ng sinh c\u1ee7a nh\u1eefng ch\u00fa robot\u201d, \u201cTh\u1ebf gi\u1edbi h\u1ed9p nh\u1ea1c\u201d c\u00f9ng nhi\u1ec1u ti\u1ec3u thuy\u1ebft v\u00e0 b\u00e0i vi\u1ebft kh\u00e1c.<\/p>\n","protected":false},"excerpt":{"rendered":"<p>\u201cCon kh\u00f4ng c\u1ea7n \u0111\u1ec3 \u00fd \u0111\u1ebfn ai kh\u00e1c.<\/p>\n<p>Khi tr\u00f4ng th\u1ea5y \u00e1nh s\u00e1ng l\u1ea5p l\u00e1nh ph\u00eda tr\u00ean l\u00e0n kh\u00f3i \u0111en, con h\u00e3y ti\u1ebfn v\u1ec1 ph\u00eda tr\u01b0\u1edbc!<\/p>\n<p>\u0110\u1eebng n\u1ea3n l\u1ecfng!<\/p>\n<p>Nh\u1eefng g\u00ec con t\u1eadn m\u1eaft th\u1ea5y ch\u00ednh l\u00e0 s\u1ef1 th\u1eadt!<\/p>\n<p>Ng\u00e0y h\u00f4m \u0111\u00f3, v\u00e0o th\u1eddi \u0111i\u1ec3m \u0111\u00f3, h\u00e3y tin t\u01b0\u1edfng v\u00e0o b\u1ea3n th\u00e2n con &#8211; ng\u01b0\u1eddi nh\u00ecn th\u1ea5y \u00e1nh s\u00e1ng \u0111\u00f3.<\/p>\n<p>H\u00e3y tin t\u01b0\u1edfng! Ngay c\u1ea3 khi con l\u00e0 ng\u01b0\u1eddi duy nh\u1ea5t.\u201d<\/p>\n<p>L\u1eddi tho\u1ea1i trong phim \u201cTh\u1ecb tr\u1ea5n \u1ed0ng Kh\u00f3i\u201d<\/p>\n<p>&#8211; L\u1eddi c\u1ee7a b\u1ed1 &#8211;<\/p>\n<p>T\u00e1c gi\u1ea3: Akihiro Nishino<\/p>\n<p>Sinh n\u0103m 1980<\/p>\n<p>C\u00e1c t\u00e1c ph\u1ea9m ti\u00eau bi\u1ec3u:<\/p>\n<p>Ehon \u201cB\u1ea7u tr\u1eddi sao l\u1ea5p l\u00e1nh c\u1ee7a Ng\u00e0i Ink\u201d, \u201cZip v\u00e0 Candy &#8211; L\u1ec5 Gi\u00e1ng sinh c\u1ee7a nh\u1eefng ch\u00fa robot\u201d, \u201cTh\u1ebf gi\u1edbi h\u1ed9p nh\u1ea1c\u201d c\u00f9ng nhi\u1ec1u ti\u1ec3u thuy\u1ebft v\u00e0 b\u00e0i vi\u1ebft kh\u00e1c.<\/p>\n","protected":false},"featured_media":22357,"template":"","meta":{"_acf_changed":false},"product_brand":[],"product_cat":[25,17,26],"product_tag":[83],"class_list":{"0":"post-22358","1":"product","2":"type-product","3":"status-publish","4":"has-post-thumbnail","6":"product_cat-nhi-dong-6-tuoi-12-tuoi","7":"product_cat-sach-danh-cho-cac-be","8":"product_cat-thieu-nien-11-tuoi-18-tuoi","9":"product_tag-sach-moi-xuat-ban","11":"first","12":"outofstock","13":"taxable","14":"shipping-taxable","15":"purchasable","16":"product-type-simple"},"supplier_id":null,"supplier_sku":"","barcode":null,"atum_controlled":true,"out_stock_date":"2023-05-22 10:42:20","out_stock_threshold":null,"inheritable":false,"inbound_stock":0,"stock_on_hold":0,"sold_today":0,"sales_last_days":0,"reserved_stock":0,"customer_returns":0,"warehouse_damage":0,"lost_in_post":0,"other_logs":0,"out_stock_days":982,"lost_sales":0,"has_location":false,"update_date":"2026-01-28T23:11:08","atum_locations":[],"atum_stock_status":"outofstock","restock_status":false,"low_stock_amount":"","sales_update_date":"2026-01-28T23:11:08","calc_backorders":null,"acf":{"publisher":null},"_links":{"self":[{"href":"https:\/\/sachviet.eu\/en\/wp-json\/wp\/v2\/product\/22358","targetHints":{"allow":["GET"]}}],"collection":[{"href":"https:\/\/sachviet.eu\/en\/wp-json\/wp\/v2\/product"}],"about":[{"href":"https:\/\/sachviet.eu\/en\/wp-json\/wp\/v2\/types\/product"}],"wp:featuredmedia":[{"embeddable":true,"href":"https:\/\/sachviet.eu\/en\/wp-json\/wp\/v2\/media\/22357"}],"wp:attachment":[{"href":"https:\/\/sachviet.eu\/en\/wp-json\/wp\/v2\/media?parent=22358"}],"wp:term":[{"taxonomy":"product_brand","embeddable":true,"href":"https:\/\/sachviet.eu\/en\/wp-json\/wp\/v2\/product_brand?post=22358"},{"taxonomy":"product_cat","embeddable":true,"href":"https:\/\/sachviet.eu\/en\/wp-json\/wp\/v2\/product_cat?post=22358"},{"taxonomy":"product_tag","embeddable":true,"href":"https:\/\/sachviet.eu\/en\/wp-json\/wp\/v2\/product_tag?post=22358"}],"curies":[{"name":"wp","href":"https:\/\/api.w.org\/{rel}","templated":true}]}}