{"id":22356,"date":"2023-01-21T02:41:19","date_gmt":"2023-01-21T00:41:19","guid":{"rendered":"https:\/\/sachviet.eu\/shop\/chu-cuu-xanh-la-o-dau-roi-nhi\/"},"modified":"2024-08-25T22:41:46","modified_gmt":"2024-08-25T19:41:46","slug":"chu-cuu-xanh-la-o-dau-roi-nhi","status":"publish","type":"product","link":"https:\/\/sachviet.eu\/en\/shop\/chu-cuu-xanh-la-o-dau-roi-nhi\/","title":{"rendered":"Ch\u00fa C\u1eebu Xanh L\u00e1 \u1ede \u0110\u00e2u R\u1ed3i Nh\u1ec9?"},"content":{"rendered":"<p>Ch\u00fa C\u1eebu Xanh L\u00e1 \u1ede \u0110\u00e2u R\u1ed3i Nh\u1ec9?<\/p>\n<p>\u0110\u00e2y l\u00e0 cu\u1ed1n s\u00e1ch picture books song ng\u1eef gi\u00fap tr\u1ebb h\u1ecdc ti\u1ebfng Anh qua nh\u1eefng c\u00e2u chuy\u1ec7n li k\u00ec.<\/p>\n<p>L\u00e0 m\u1ed9t cu\u1ed1n s\u00e1ch kinh \u0111i\u1ec3n trong v\u0103n h\u1ecdc thi\u1ebfu nhi Australia, cu\u1ed1n s\u00e1ch Ch\u00fa c\u1eebu xanh l\u00e1 \u1edf \u0111\u00e2u r\u1ed3i nh\u1ec9? t\u00ean g\u1ed1c Where is the green sheep? \u0111\u00e3 tr\u1edf th\u00e0nh cu\u1ed1n s\u00e1ch c\u1ee7a n\u0103m do H\u1ed9i \u0111\u1ed3ng S\u00e1ch thi\u1ebfu nhi Australia v\u00e0 Hi\u1ec7p h\u1ed9i \u00c2m ng\u1eef Tr\u1ecb li\u1ec7u Australia trao t\u1eb7ng n\u0103m 2005.<\/p>\n<p>Hai t\u00e1c gi\u1ea3 Mem Fox v\u00e0 Judy Horacek (minh h\u1ecda) \u0111\u00e3 mang \u0111\u1ebfn cho c\u00e1c em nh\u1ecf m\u1ed9t cu\u1ed1n s\u00e1ch v\u1edbi n\u1ed9i dung th\u00fa v\u1ecb, h\u1ea5p d\u1eabn, s\u1eed d\u1ee5ng m\u1eabu c\u00e2u \u0111\u01a1n gi\u1ea3n nh\u01b0ng t\u1eeb ng\u1eef v\u00f4 c\u00f9ng phong ph\u00fa, ch\u01b0a k\u1ec3 nh\u1eefng h\u00ecnh \u1ea3nh minh h\u1ecda \u0111\u1eb9p m\u1eaft s\u1ebd cu\u1ed1n h\u00fat c\u00e1c b\u00e9 v\u00e0o h\u00e0nh tr\u00ecnh li k\u00ec \u0111i t\u00ecm ch\u00fa c\u1eebu m\u00e0u xanh l\u00e1, v\u00e0 \u0111\u1eb7c bi\u1ec7t \u0111\u00e2y s\u1ebd l\u00e0 m\u1ed9t cu\u1ed1n s\u00e1ch r\u1ea5t ph\u00f9 h\u1ee3p \u0111\u1ec3 m\u1eb9 k\u1ec3 ho\u1eb7c h\u00e1t cho b\u00e9 nghe tr\u01b0\u1edbc gi\u1edd \u0111i ng\u1ee7.<\/p>\n<p>Ch\u00fa c\u1eebu xanh l\u00e1 \u1edf \u0111\u00e2u r\u1ed3i nh\u1ec9? \u0111\u01b0\u1ee3c \u0111\u00e1nh gi\u00e1 l\u00e0 cu\u1ed1n s\u00e1ch kinh \u0111i\u1ec3n, \u0111\u01b0\u1ee3c nh\u01b0\u1ee3ng quy\u1ec1n v\u00e0 s\u1eed d\u1ee5ng l\u00e0m gi\u00e1o tr\u00ecnh h\u1ecdc ti\u1ebfng Anh t\u1ea1i Vi\u1ec7t Nam. Ngo\u00e0i ra cu\u1ed1n s\u00e1ch n\u00e0y c\u00f2n \u0111\u01b0\u1ee3c ph\u1ed5 nh\u1ea1c v\u1edbi ca t\u1eeb nh\u1eb9 nh\u00e0ng, vui t\u01b0\u01a1i, trong s\u00e1ng, ch\u1eafc ch\u1eafn c\u00e1c b\u00e9 t\u1eeb 0-6 tu\u1ed5i s\u1ebd h\u1ecdc ngo\u1ea1i ng\u1eef r\u1ea5t nhanh qua cu\u1ed1n s\u00e1ch n\u00e0y.<\/p>\n","protected":false},"excerpt":{"rendered":"<p>Ch\u00fa C\u1eebu Xanh L\u00e1 \u1ede \u0110\u00e2u R\u1ed3i Nh\u1ec9?<\/p>\n<p>\u0110\u00e2y l\u00e0 cu\u1ed1n s\u00e1ch picture books song ng\u1eef gi\u00fap tr\u1ebb h\u1ecdc ti\u1ebfng Anh qua nh\u1eefng c\u00e2u chuy\u1ec7n li k\u00ec.<\/p>\n<p>L\u00e0 m\u1ed9t cu\u1ed1n s\u00e1ch kinh \u0111i\u1ec3n trong v\u0103n h\u1ecdc thi\u1ebfu nhi Australia, cu\u1ed1n s\u00e1ch Ch\u00fa c\u1eebu xanh l\u00e1 \u1edf \u0111\u00e2u r\u1ed3i nh\u1ec9? t\u00ean g\u1ed1c Where is the green sheep? \u0111\u00e3 tr\u1edf th\u00e0nh cu\u1ed1n s\u00e1ch c\u1ee7a n\u0103m do H\u1ed9i \u0111\u1ed3ng S\u00e1ch thi\u1ebfu nhi Australia v\u00e0 Hi\u1ec7p h\u1ed9i \u00c2m ng\u1eef Tr\u1ecb li\u1ec7u Australia trao t\u1eb7ng n\u0103m 2005.<\/p>\n<p>Hai t\u00e1c gi\u1ea3 Mem Fox v\u00e0 Judy Horacek (minh h\u1ecda) \u0111\u00e3 mang \u0111\u1ebfn cho c\u00e1c em nh\u1ecf m\u1ed9t cu\u1ed1n s\u00e1ch v\u1edbi n\u1ed9i dung th\u00fa v\u1ecb, h\u1ea5p d\u1eabn, s\u1eed d\u1ee5ng m\u1eabu c\u00e2u \u0111\u01a1n gi\u1ea3n nh\u01b0ng t\u1eeb ng\u1eef v\u00f4 c\u00f9ng phong ph\u00fa, ch\u01b0a k\u1ec3 nh\u1eefng h\u00ecnh \u1ea3nh minh h\u1ecda \u0111\u1eb9p m\u1eaft s\u1ebd cu\u1ed1n h\u00fat c\u00e1c b\u00e9 v\u00e0o h\u00e0nh tr\u00ecnh li k\u00ec \u0111i t\u00ecm ch\u00fa c\u1eebu m\u00e0u xanh l\u00e1, v\u00e0 \u0111\u1eb7c bi\u1ec7t \u0111\u00e2y s\u1ebd l\u00e0 m\u1ed9t cu\u1ed1n s\u00e1ch r\u1ea5t ph\u00f9 h\u1ee3p \u0111\u1ec3 m\u1eb9 k\u1ec3 ho\u1eb7c h\u00e1t cho b\u00e9 nghe tr\u01b0\u1edbc gi\u1edd \u0111i ng\u1ee7.<\/p>\n<p>Ch\u00fa c\u1eebu xanh l\u00e1 \u1edf \u0111\u00e2u r\u1ed3i nh\u1ec9? \u0111\u01b0\u1ee3c \u0111\u00e1nh gi\u00e1 l\u00e0 cu\u1ed1n s\u00e1ch kinh \u0111i\u1ec3n, \u0111\u01b0\u1ee3c nh\u01b0\u1ee3ng quy\u1ec1n v\u00e0 s\u1eed d\u1ee5ng l\u00e0m gi\u00e1o tr\u00ecnh h\u1ecdc ti\u1ebfng Anh t\u1ea1i Vi\u1ec7t Nam. Ngo\u00e0i ra cu\u1ed1n s\u00e1ch n\u00e0y c\u00f2n \u0111\u01b0\u1ee3c ph\u1ed5 nh\u1ea1c v\u1edbi ca t\u1eeb nh\u1eb9 nh\u00e0ng, vui t\u01b0\u01a1i, trong s\u00e1ng, ch\u1eafc ch\u1eafn c\u00e1c b\u00e9 t\u1eeb 0-6 tu\u1ed5i s\u1ebd h\u1ecdc ngo\u1ea1i ng\u1eef r\u1ea5t nhanh qua cu\u1ed1n s\u00e1ch n\u00e0y.<\/p>\n","protected":false},"featured_media":22355,"template":"","meta":{"_acf_changed":false},"product_brand":[],"product_cat":[24,25,17],"product_tag":[83],"class_list":{"0":"post-22356","1":"product","2":"type-product","3":"status-publish","4":"has-post-thumbnail","6":"product_cat-nha-tre-mau-giao-0-tuoi-6-tuoi","7":"product_cat-nhi-dong-6-tuoi-12-tuoi","8":"product_cat-sach-danh-cho-cac-be","9":"product_tag-sach-moi-xuat-ban","11":"first","12":"outofstock","13":"taxable","14":"shipping-taxable","15":"purchasable","16":"product-type-simple"},"supplier_id":null,"supplier_sku":"","barcode":null,"atum_controlled":true,"out_stock_date":"2024-08-25 19:41:46","out_stock_threshold":null,"inheritable":false,"inbound_stock":0,"stock_on_hold":0,"sold_today":0,"sales_last_days":0,"reserved_stock":0,"customer_returns":0,"warehouse_damage":0,"lost_in_post":0,"other_logs":0,"out_stock_days":521,"lost_sales":891,"has_location":false,"update_date":"2026-01-28T23:11:24","atum_locations":[],"atum_stock_status":"outofstock","restock_status":false,"low_stock_amount":"","sales_update_date":"2026-01-28T23:11:24","calc_backorders":null,"acf":{"publisher":null},"_links":{"self":[{"href":"https:\/\/sachviet.eu\/en\/wp-json\/wp\/v2\/product\/22356","targetHints":{"allow":["GET"]}}],"collection":[{"href":"https:\/\/sachviet.eu\/en\/wp-json\/wp\/v2\/product"}],"about":[{"href":"https:\/\/sachviet.eu\/en\/wp-json\/wp\/v2\/types\/product"}],"wp:featuredmedia":[{"embeddable":true,"href":"https:\/\/sachviet.eu\/en\/wp-json\/wp\/v2\/media\/22355"}],"wp:attachment":[{"href":"https:\/\/sachviet.eu\/en\/wp-json\/wp\/v2\/media?parent=22356"}],"wp:term":[{"taxonomy":"product_brand","embeddable":true,"href":"https:\/\/sachviet.eu\/en\/wp-json\/wp\/v2\/product_brand?post=22356"},{"taxonomy":"product_cat","embeddable":true,"href":"https:\/\/sachviet.eu\/en\/wp-json\/wp\/v2\/product_cat?post=22356"},{"taxonomy":"product_tag","embeddable":true,"href":"https:\/\/sachviet.eu\/en\/wp-json\/wp\/v2\/product_tag?post=22356"}],"curies":[{"name":"wp","href":"https:\/\/api.w.org\/{rel}","templated":true}]}}