{"id":22352,"date":"2023-01-21T02:41:04","date_gmt":"2023-01-21T00:41:04","guid":{"rendered":"https:\/\/sachviet.eu\/shop\/chiec-bao-tay\/"},"modified":"2024-08-25T22:41:46","modified_gmt":"2024-08-25T19:41:46","slug":"chiec-bao-tay","status":"publish","type":"product","link":"https:\/\/sachviet.eu\/en\/shop\/chiec-bao-tay\/","title":{"rendered":"Chi\u1ebfc bao tay"},"content":{"rendered":"<p>Nh\u1eadn x\u00e9t t\u1eeb c\u00e1c t\u1ea1p ch\u00ed n\u1ed5i ti\u1ebfng:<\/p>\n<p>\u201cM\u1ed9t t\u00e1c ph\u1ea9m tuy\u1ec7t v\u1eddi\u2026Brett \u0111\u00e3 th\u1ec3 hi\u1ec7n c\u00e1c lo\u00e0i v\u1eadt v\u1edbi nh\u1eefng chi ti\u1ebft h\u1ebft s\u1ee9c t\u1ef1 nhi\u00ean, th\u1ebf nh\u01b0ng v\u1eabn truy\u1ec1n t\u1ea3i \u0111\u01b0\u1ee3c c\u1ea3m x\u00fac v\u00e0 t\u00ednh c\u00e1ch c\u1ee7a ch\u00fang m\u1ed9t c\u00e1ch tinh t\u1ebf, r\u00f5 rang v\u00e0 h\u00e0i h\u01b0\u1edbc.\u201d<\/p>\n<p>&#8211; Booklist &#8211;<\/p>\n<p>\u201cC\u00e1c con v\u1eadt trong cu\u1ed1n s\u00e1ch c\u1ee7a Brett \u0111\u00e3 th\u00e0nh c\u00f4ng thu h\u00fat s\u1ef1 ch\u00fa \u00fd c\u1ee7a c\u00e1c \u0111\u1ed9c gi\u1ea3\u2026\u0110\u00e2y l\u00e0 m\u1ed9t l\u1ef1a ch\u1ecdn l\u00ed t\u01b0\u1edfng cho c\u00e1c gi\u1edd \u0111\u1ecdc truy\u1ec7n v\u00e0 l\u00e0 m\u1ed9t cu\u1ed1n s\u00e1ch h\u1ea5p d\u1eabn \u0111\u00e1ng \u0111\u1ec3 \u0111\u1ecdc \u0111i \u0111\u1ecdc l\u1ea1i nhi\u1ec1u l\u1ea7n\u201d<\/p>\n<p>&#8211; School Library Journal &#8211;<\/p>\n<p>GI\u1edaI THI\u1ec6U T\u00c1C GI\u1ea2<\/p>\n<p>Jan Brett l\u00e0 m\u1ed9t trong nh\u1eefng t\u00e1c gi\u1ea3 &#8211; h\u1ecda s\u0129 minh h\u1ecda s\u00e1ch thi\u1ebfu nhi h\u00e0ng \u0111\u1ea7u c\u1ee7a n\u01b0\u1edbc M\u1ef9. Khi c\u00f2n b\u00e9, Jan Brett quy\u1ebft \u0111\u1ecbnh tr\u1edf th\u00e0nh h\u1ecda s\u0129 minh h\u1ecda v\u00e0 d\u00e0nh nhi\u1ec1u th\u1eddi gian \u0111\u1ec3 \u0111\u1ecdc s\u00e1ch v\u00e0 v\u1ebd tranh. Khi l\u1edbn l\u00ean v\u00e0 theo h\u1ecdc t\u1ea1i Tr\u01b0\u1edfng B\u1ea3o tang Boston, b\u00e0 d\u00e0nh nhi\u1ec1u th\u1eddi gian kh\u00e1m ph\u00e1 B\u1ea3o tang M\u1ef9 thu\u1eadt. Du l\u1ecbch l\u00e0 m\u1ed9t ngu\u1ed3n c\u1ea3m h\u1ee9ng b\u1ea5t t\u1eadn c\u1ee7a b\u00e0. B\u00e0 c\u00f9ng v\u1edbi ch\u1ed3ng \u0111\u00e3 \u0111\u1ebfn th\u0103m nhi\u1ec1u qu\u1ed1c gia, nghi\u00ean c\u1ee9u v\u1ec1 ki\u1ebfn tr\u00fac, trang ph\u1ee5c v\u00e0 \u0111\u01b0a ch\u00fang v\u00e0o trong c\u00e1c t\u00e1c ph\u1ea9m c\u1ee7a m\u00ecnh.<\/p>\n<p>Jan Brett c\u0169ng ch\u00ednh l\u00e0 t\u00e1c gi\u1ea3 c\u1ee7a nhi\u1ec1u cu\u1ed1n s\u00e1ch b\u00e1n ch\u1ea1y tr\u00ean New York Times, trong \u0111\u00f3 ph\u1ea3i k\u1ec3 \u0111\u1ebfn The Three Sown Bears, Gingerbread friends v\u00e0 The Hat (Gi\u1ea3i th\u01b0\u1edfng Boston Globe \u2013 Horn Book).<\/p>\n","protected":false},"excerpt":{"rendered":"<p>M\u1ed9t trong \u201c100 cu\u1ed1n s\u00e1ch thi\u1ebfu nhi c\u1ee7a n\u0103m 2007 do c\u00e1c nh\u00e0 gi\u00e1o d\u1ee5c b\u00ecnh ch\u1ecdn\u201d theo danh s\u00e1ch c\u1ee7a Hi\u1ec7p h\u1ed9i Gi\u00e1o d\u1ee5c Qu\u1ed1c gia Hoa K\u1ef3.<\/p>\n<p> M\u1ed9t trong \u201c10 cu\u1ed1n s\u00e1ch d\u00e0nh cho h\u1ecdc sinh ti\u1ec3u h\u1ecdc n\u0103m 1999\u201d theo danh s\u00e1ch  c\u1ee7a Hi\u1ec7p h\u1ed9i Gi\u00e1o vi\u00ean Qu\u1ed1c gia Hoa K\u1ef3.<\/p>\n<p> M\u1ed9t trong \u201cnh\u1eefng cu\u1ed1n s\u00e1ch tranh hay nh\u1ea5t n\u0103m 1989\u201d theo danh s\u00e1ch c\u1ee7a t\u1ea1p ch\u00ed New Yorker<\/p>\n<p>Chi\u1ebfc bao tay l\u00e0 c\u00e2u chuy\u1ec7n \u0111\u01b0\u1ee3c Jan Brett ph\u00f3ng t\u00e1c t\u1eeb truy\u1ec7n d\u00e2n gian Ukraina. T\u1eeb c\u00e1c phi\u00ean b\u1ea3n kh\u00e1c nhau c\u1ee7a c\u00e2u chuy\u1ec7n g\u1ed1c, Jan Brett \u0111\u00e3 t\u01b0\u1edfng t\u01b0\u1ee3ng ra m\u1ed9t c\u00e2u b\u00e9 t\u00ean l\u00e0 Nicki, trong l\u00fac c\u1eadu \u0111i tr\u00ean con \u0111\u01b0\u1eddng tuy\u1ebft ph\u1ee7, kh\u00f4ng m\u1ea3y may ch\u00fa \u00fd \u0111\u1ebfn c\u00e1c lo\u00e0i v\u1eadt s\u1ed1ng trong khu r\u1eebng, c\u1eadu \u0111\u00e3 \u0111\u00e1nh r\u01a1i m\u1ed9t chi\u1ebfc bao tay m\u00e0u tr\u1eafng do b\u00e0 c\u1ee7a c\u1eadu \u2013 B\u00e0 Baba \u0111an. B\u1eb1ng nh\u1eefng n\u00e9t v\u1ebd ch\u00e2n th\u1ef1c v\u00f4 c\u00f9ng \u0111\u1eb9p \u0111\u1ebd v\u1ec1 v\u00f9ng \u0111\u1ea5t Ukraina \u0111\u1ea7y tuy\u1ebft tr\u1eafng v\u1edbi m\u1ed9t c\u00e2u chuy\u1ec7n v\u00f4 c\u00f9ng d\u1ec5 th\u01b0\u01a1ng Chi\u1ebfc bao tay \u0111\u00e3 tr\u1edf th\u00e0nh cu\u1ed1n s\u00e1ch tranh \u0111\u01b0\u1ee3c y\u00eau th\u00edch c\u1ee7a r\u1ea5t nhi\u1ec1u tr\u1ebb em tr\u00ean th\u1ebf gi\u1edbi trong su\u1ed1t h\u01a1n 30 n\u0103m qua.<\/p>\n","protected":false},"featured_media":22351,"template":"","meta":{"_acf_changed":false},"product_brand":[],"product_cat":[24,25,17],"product_tag":[83],"class_list":{"0":"post-22352","1":"product","2":"type-product","3":"status-publish","4":"has-post-thumbnail","6":"product_cat-nha-tre-mau-giao-0-tuoi-6-tuoi","7":"product_cat-nhi-dong-6-tuoi-12-tuoi","8":"product_cat-sach-danh-cho-cac-be","9":"product_tag-sach-moi-xuat-ban","11":"first","12":"outofstock","13":"taxable","14":"shipping-taxable","15":"purchasable","16":"product-type-simple"},"supplier_id":null,"supplier_sku":"","barcode":null,"atum_controlled":true,"out_stock_date":"2024-08-25 19:41:46","out_stock_threshold":null,"inheritable":false,"inbound_stock":0,"stock_on_hold":0,"sold_today":0,"sales_last_days":0,"reserved_stock":0,"customer_returns":0,"warehouse_damage":0,"lost_in_post":0,"other_logs":0,"out_stock_days":521,"lost_sales":371,"has_location":false,"update_date":"2026-01-28T23:11:24","atum_locations":[],"atum_stock_status":"outofstock","restock_status":false,"low_stock_amount":"","sales_update_date":"2026-01-28T23:11:24","calc_backorders":null,"acf":{"publisher":false},"_links":{"self":[{"href":"https:\/\/sachviet.eu\/en\/wp-json\/wp\/v2\/product\/22352","targetHints":{"allow":["GET"]}}],"collection":[{"href":"https:\/\/sachviet.eu\/en\/wp-json\/wp\/v2\/product"}],"about":[{"href":"https:\/\/sachviet.eu\/en\/wp-json\/wp\/v2\/types\/product"}],"wp:featuredmedia":[{"embeddable":true,"href":"https:\/\/sachviet.eu\/en\/wp-json\/wp\/v2\/media\/22351"}],"wp:attachment":[{"href":"https:\/\/sachviet.eu\/en\/wp-json\/wp\/v2\/media?parent=22352"}],"wp:term":[{"taxonomy":"product_brand","embeddable":true,"href":"https:\/\/sachviet.eu\/en\/wp-json\/wp\/v2\/product_brand?post=22352"},{"taxonomy":"product_cat","embeddable":true,"href":"https:\/\/sachviet.eu\/en\/wp-json\/wp\/v2\/product_cat?post=22352"},{"taxonomy":"product_tag","embeddable":true,"href":"https:\/\/sachviet.eu\/en\/wp-json\/wp\/v2\/product_tag?post=22352"}],"curies":[{"name":"wp","href":"https:\/\/api.w.org\/{rel}","templated":true}]}}