{"id":22350,"date":"2023-01-21T02:40:49","date_gmt":"2023-01-21T00:40:49","guid":{"rendered":"https:\/\/sachviet.eu\/shop\/corduroy\/"},"modified":"2024-09-08T01:47:42","modified_gmt":"2024-09-07T22:47:42","slug":"corduroy","status":"publish","type":"product","link":"https:\/\/sachviet.eu\/en\/shop\/corduroy\/","title":{"rendered":"Corduroy"},"content":{"rendered":"<p>C\u00e1c gi\u1ea3i th\u01b0\u1edfng \u0111\u00e3 \u0111\u1ea1t \u0111\u01b0\u1ee3c:<\/p>\n<p>Top  \u201c100 cu\u1ed1n s\u00e1ch tranh\u201d c\u1ee7a m\u1ecdi th\u1eddi \u0111\u1ea1i theo danh s\u00e1ch c\u1ee7a t\u1ea1p ch\u00ed School Library Journal (2012)<\/p>\n<p>Top  \u201c100 cu\u1ed1n s\u00e1ch tranh d\u00e0nh cho thi\u1ebfu nhi do c\u00e1c gi\u00e1o vi\u00ean b\u00ecnh ch\u1ecdn\u201d theo danh s\u00e1ch c\u1ee7a Hi\u1ec7p h\u1ed9i Gi\u00e1o d\u1ee5c Qu\u1ed1c gia Hoa K\u1ef3.<\/p>\n<p>Nh\u1eadn x\u00e9t t\u1eeb t\u1ea1p ch\u00ed n\u1ed5i ti\u1ebfng:<\/p>\n<p>\u201cM\u1ed9t cu\u1ed1n s\u00e1ch tranh thi\u1ebfu nhi th\u1ef1c s\u1ef1 tuy\u1ec7t v\u1eddi, trong \u0111\u00f3 ch\u00fa g\u1ea5u b\u00f4ng v\u1eabn lu\u00f4n hi v\u1ecdng ch\u1edd \u0111\u1ee3i \u1edf gian h\u00e0ng \u0111\u1ed3 ch\u01a1i cu\u1ed1i c\u00f9ng c\u0169ng \u0111\u00e3 t\u00ecm th\u1ea5y m\u1ed9t m\u00e1i nh\u00e0, n\u01a1i \u0111\u00f3 c\u00f3 m\u1ed9t c\u00f4 b\u00e9 mu\u1ed1n c\u00f3 Cordyroy nhi\u1ec1u \u0111\u1ebfn m\u1ee9c, khi m\u1eb9 c\u00f4 b\u00e9 t\u1eeb ch\u1ed1i mua ch\u00fa g\u1ea5u, ngay ng\u00e0y h\u00f4m sau c\u00f4 b\u00e9 c\u00f4 b\u00e9 \u0111\u00e3 quay tr\u1edf l\u1ea1i c\u1eeda h\u00e0ng v\u1edbi s\u1ed1 ti\u1ec1n ti\u1ebft ki\u1ec7m c\u1ee7a m\u00ecnh. Th\u00f4ng qua nh\u1eefng c\u00e2u v\u0103n g\u1ea7n gi\u0169 v\u00e0 nh\u1eefng b\u1ee9c tranh d\u1ec5 th\u01b0\u01a1ng v\u1edbi m\u00e0u s\u1eafc t\u01b0\u01a1i s\u00e1ng, chuy\u1ebfn phi\u00eau l\u01b0u c\u1ee7a Corduroy \u0111\u00e3 \u0111\u01b0\u1ee3c k\u1ec3 l\u1ea1i v\u1edbi th\u1eadt nhi\u1ec1u c\u1ea3m x\u00fac.\u201d<\/p>\n","protected":false},"excerpt":{"rendered":"<p>Corduroy l\u00e0 m\u1ed9t ch\u00fa g\u1ea5u b\u00f4ng \u1edf trong gian h\u00e0ng \u0111\u1ed3 ch\u01a1i c\u1ee7a m\u1ed9t c\u1eeda h\u00e0ng l\u1edbn. Ng\u00e0y qua ng\u00e0y, ch\u00fa c\u00f9ng v\u1edbi c\u00e1c b\u1ea1n b\u00fap b\u00ea kh\u00e1c ch\u1edd \u0111\u1ee3i s\u1ebd c\u00f3 ng\u01b0\u1eddi \u0111\u1ebfn v\u00e0 mang ch\u00fa v\u1ec1 nh\u00e0. Th\u1ebf nh\u01b0ng r\u1ea5t nhi\u1ec1u ng\u00e0y tr\u00f4i qua, r\u1ea5t nhi\u1ec1u ng\u01b0\u1eddi b\u1ea1n kh\u00e1c c\u1ee7a Corduroy \u0111\u00e3 t\u00ecm \u0111\u01b0\u1ee3c ng\u00f4i nh\u00e0 m\u1edbi th\u00ec ch\u00fa g\u1ea5u b\u00f4ng c\u00f3 qu\u1ea7n y\u1ebfm m\u00e0u xanh l\u00e0 c\u1eadu v\u1eabn \u0111ang c\u00f4 \u0111\u01a1n. M\u1ed9t ng\u00e0y n\u1ecd, c\u00f3 m\u1ed9t c\u00f4 b\u00e9 \u0111\u00e3 r\u1ea5t mu\u1ed1n c\u00f3 Corduroy nh\u01b0ng b\u1ecb m\u1eb9 t\u1eeb ch\u1ed1i v\u00ec ch\u00fa b\u1ecb m\u1ea5t m\u1ed9t chi\u1ebfc c\u00fac b\u00ean \u0111ai qu\u1ea7n. Corduroy v\u00f4 c\u00f9ng bu\u1ed3n b\u00e3 v\u00e0 t\u1ef1 h\u1ee9a s\u1ebd t\u00ecm l\u1ea1i chi\u1ebfc c\u00fac c\u1ee7a m\u00ecnh. Ch\u00fa \u0111\u00e3 tr\u1ea3i qua m\u1ed9t cu\u1ed9c h\u00e0nh tr\u00ecnh t\u00ecm chi\u1ebfc c\u00fac \u00e1o nhi\u1ec1u nguy hi\u1ec3m trong \u0111\u00eam. Li\u1ec7u Corduroy c\u00f3 t\u00ecm \u0111\u01b0\u1ee3c chi\u1ebfc c\u00fac \u00e1o kh\u00f4ng? Li\u1ec7u ch\u00fa c\u00f3 t\u00ecm th\u1ea5y m\u1ed9t m\u00e1i nh\u00e0 v\u00e0 m\u1ed9t ng\u01b0\u1eddi b\u1ea1n th\u1ef1c s\u1ef1 y\u00eau th\u01b0\u01a1ng m\u00ecnh hay kh\u00f4ng? C\u00e1c b\u00e9 h\u00e3y kh\u00e1m ph\u00e1 trong cu\u1ed1n s\u00e1ch tranh Corduroy nh\u00e9.<\/p>\n<p>Th\u00f4ng qua m\u1ed9t c\u00e2u chuy\u1ec7n g\u1ea7n g\u0169i nh\u1eb9 nh\u00e0ng t\u00e1c gi\u1ea3 \u0111\u00e3 mang \u0111\u1ebfn m\u1ed9t th\u00f4ng \u0111i\u1ec7p \u0111\u1ea7y nh\u00e2n v\u0103n v\u1edbi nhi\u1ec1u c\u1ea3m x\u00fac: H\u00e3y y\u00eau qu\u00fd nh\u1eefng ng\u01b0\u1eddi b\u1ea1n xung quanh m\u00ecnh cho d\u00f9 ng\u01b0\u1eddi \u0111\u00f3 c\u00f3 nh\u1eefng khi\u1ebfm khuy\u1ebft, x\u1ea5u x\u00ed. H\u00e3y gi\u00fap b\u1ea1n ho\u00e0n thi\u1ec7n b\u1ea3n th\u00e2n thay v\u00ec \u0111\u1ec3 m\u1eb7c h\u1ecd c\u00f4 \u0111\u01a1n .<\/p>\n","protected":false},"featured_media":22349,"template":"","meta":{"_acf_changed":false},"product_brand":[],"product_cat":[24,25,17],"product_tag":[83],"class_list":{"0":"post-22350","1":"product","2":"type-product","3":"status-publish","4":"has-post-thumbnail","6":"product_cat-nha-tre-mau-giao-0-tuoi-6-tuoi","7":"product_cat-nhi-dong-6-tuoi-12-tuoi","8":"product_cat-sach-danh-cho-cac-be","9":"product_tag-sach-moi-xuat-ban","11":"first","12":"instock","13":"taxable","14":"shipping-taxable","15":"purchasable","16":"product-type-simple"},"supplier_id":null,"supplier_sku":"","barcode":null,"atum_controlled":true,"out_stock_date":null,"out_stock_threshold":null,"inheritable":false,"inbound_stock":0,"stock_on_hold":0,"sold_today":0,"sales_last_days":0,"reserved_stock":0,"customer_returns":0,"warehouse_damage":0,"lost_in_post":0,"other_logs":0,"out_stock_days":0,"lost_sales":0,"has_location":false,"update_date":"2026-01-28T23:11:25","atum_locations":[],"atum_stock_status":"instock","restock_status":false,"low_stock_amount":"","sales_update_date":"2026-01-28T23:11:25","calc_backorders":null,"acf":{"publisher":null},"_links":{"self":[{"href":"https:\/\/sachviet.eu\/en\/wp-json\/wp\/v2\/product\/22350","targetHints":{"allow":["GET"]}}],"collection":[{"href":"https:\/\/sachviet.eu\/en\/wp-json\/wp\/v2\/product"}],"about":[{"href":"https:\/\/sachviet.eu\/en\/wp-json\/wp\/v2\/types\/product"}],"wp:featuredmedia":[{"embeddable":true,"href":"https:\/\/sachviet.eu\/en\/wp-json\/wp\/v2\/media\/22349"}],"wp:attachment":[{"href":"https:\/\/sachviet.eu\/en\/wp-json\/wp\/v2\/media?parent=22350"}],"wp:term":[{"taxonomy":"product_brand","embeddable":true,"href":"https:\/\/sachviet.eu\/en\/wp-json\/wp\/v2\/product_brand?post=22350"},{"taxonomy":"product_cat","embeddable":true,"href":"https:\/\/sachviet.eu\/en\/wp-json\/wp\/v2\/product_cat?post=22350"},{"taxonomy":"product_tag","embeddable":true,"href":"https:\/\/sachviet.eu\/en\/wp-json\/wp\/v2\/product_tag?post=22350"}],"curies":[{"name":"wp","href":"https:\/\/api.w.org\/{rel}","templated":true}]}}