{"id":22348,"date":"2023-01-21T02:40:37","date_gmt":"2023-01-21T00:40:37","guid":{"rendered":"https:\/\/sachviet.eu\/shop\/cai-gi-quan-trong-nhat\/"},"modified":"2023-01-26T22:42:56","modified_gmt":"2023-01-26T20:42:56","slug":"cai-gi-quan-trong-nhat","status":"publish","type":"product","link":"https:\/\/sachviet.eu\/en\/shop\/cai-gi-quan-trong-nhat\/","title":{"rendered":"C\u00e1i G\u00ec Quan Tr\u1ecdng Nh\u1ea5t"},"content":{"rendered":"<p>T\u1eeb 0-6 tu\u1ed5i, ch\u1eafc ch\u1eafn c\u00e1c b\u00e9 \u0111\u00e3 bi\u1ebft \u0111\u01b0\u1ee3c r\u1ea5t nhi\u1ec1u lo\u00e0i \u0111\u1ed9ng v\u1eadt c\u00f9ng v\u1edbi nh\u1eefng \u0111\u1eb7c \u0111i\u1ec3m n\u1ed5i b\u1eadt c\u1ee7a ch\u00fang. Nh\u01b0ng c\u00f3 bao gi\u1edd c\u00e1c b\u00e9 th\u1eafc m\u1eafc v\u00ec sao h\u01b0\u01a1u cao c\u1ed5 c\u00f3c\u1ed5 th\u1eadt d\u00e0i? V\u00ec sao voi l\u1ea1i c\u00f3v\u00f2i th\u1eadt l\u1edbn? V\u00ec sao nh\u00edm c\u00f3 gai? V\u00ec sao chim c\u00f3 c\u00e1nh?&#8230; v\u00e0 v\u00f4 s\u1ed1 c\u00e2u h\u1ecfi kh\u00e1c v\u1ec1 c\u00e1c lo\u00e0i \u0111\u1ed9ng v\u1eadt.V\u00e0 trong s\u1ed1 nh\u1eefng \u0111\u1eb7c \u0111i\u1ec3m \u0111\u00f3, b\u00e9 ngh\u0129 \u0111\u1eb7c \u0111i\u1ec3m n\u00e0o l\u00e0 quan tr\u1ecdng nh\u1ea5t? N\u1ebfu t\u1ea5t c\u1ea3 c\u00e1c lo\u00e0i \u0111\u1ed9ng v\u1eadt c\u00f3 tai d\u00e0i nh\u01b0 th\u1ecf, c\u00f3 c\u00e1nh nh\u01b0 chim hay c\u00f3 gai nh\u01b0 nh\u00edm th\u00ec tr\u00f4ng s\u1ebd th\u1ebf n\u00e0o nh\u1ec9? S\u1ebd ra sao n\u1ebfu chim c\u00f3 v\u00f2i gi\u1ed1ng nh\u01b0 voi, voi c\u00f3 gai gi\u1ed1ng nh\u01b0 nh\u00edm, v\u00e0 nh\u00edm c\u00f3da xanh nh\u01b0 \u1ebfch?V\u1eady ba m\u1eb9 v\u00e0 c\u00e1c b\u00e9 h\u00e3y tham gia bu\u1ed5i tranh lu\u1eadn c\u00f9ng c\u00e1c lo\u00e0i \u0111\u1ed9ng v\u1eadt \u1edf r\u1eebng  Th\u1ea3o  Nguy\u00ean  \u0110\u1ecf  trong C\u00e1i  g\u00ec  quan  tr\u1ecdng nh\u1ea5t \u0111\u1ec3 c\u00f3 c\u00e2u tr\u1ea3 l\u1eddi.<br \/>\n C\u00e1i g\u00ec quan tr\u1ecdng nh\u1ea5t (t\u00ean\u0111\u01b0\u1ee3c d\u1ecbch t\u1eeb ti\u1ebfng Anh \u2013What  is  the  most  important  thing? )l\u00e0 m\u1ed9t cu\u1ed1n s\u00e1ch song ng\u1eef v\u1edbi ng\u00f4n t\u1eeb phong ph\u00fa v\u1ec1 c\u00e1c lo\u00e0i \u0111\u1ed9ng v\u1eadt, sau khi \u0111\u1ecdc xong c\u00e2u chuy\u1ec7n n\u00e0y, c\u00e1c b\u00e9 c\u00f3 th\u1ec3 nh\u00ecn v\u00e0o nh\u1eefng b\u1ee9c tranh minh h\u1ecda \u0111\u1eb9p m\u1eaft, sinh \u0111\u1ed9ng, g\u1ea7n g\u0169i v\u00e0 v\u00f4 c\u00f9ng s\u00e1ng t\u1ea1o v\u1ec1 c\u00e1c lo\u00e0i \u0111\u1ed9ng v\u1eadt\u0111\u1ec3 k\u1ec3 l\u1ea1i c\u00e2u chuy\u1ec7n b\u1eb1ng ti\u1ebfng Anh.<br \/>\nC\u00e1i g\u00ec quan tr\u1ecdng nh\u1ea5t \u0111\u01b0\u1ee3c \u0111\u00e1nh gi\u00e1 l\u00e0 m\u1ed9t cu\u1ed1n s\u00e1ch hay v\u1ec1 n\u1ed9i dung, \u0111\u1eb9p v\u1ec1 h\u00ecnh th\u1ee9c, mang l\u1ea1i nhi\u1ec1u ki\u1ebfn th\u1ee9c phong ph\u00fa v\u1ec1 c\u00e1c lo\u00e0i \u0111\u1ed9ng v\u1eadt cho tr\u1ebb t\u1eeb 0-6, v\u00e0 \u0111\u1eb7c bi\u1ec7t gi\u00fap tr\u1ebb h\u1ecdc ti\u1ebfng Anh qua c\u00e2u chuy\u1ec7n \u0111\u01a1n gi\u1ea3n v\u00e0 nh\u00e2n v\u0103n, t\u00e1c ph\u1ea9m \u0111o\u1ea1t gi\u1ea3i Danh d\u1ef1V\u00ec s\u1ef1 chung s\u1ed1ng h\u00f2a b\u00ecnhdo  UNESCO trao t\u1eb7ng n\u0103m 2001<\/p>\n","protected":false},"excerpt":{"rendered":"<p>T\u1eeb 0-6 tu\u1ed5i, ch\u1eafc ch\u1eafn c\u00e1c b\u00e9 \u0111\u00e3 bi\u1ebft \u0111\u01b0\u1ee3c r\u1ea5t nhi\u1ec1u lo\u00e0i \u0111\u1ed9ng v\u1eadt c\u00f9ng v\u1edbi nh\u1eefng \u0111\u1eb7c \u0111i\u1ec3m n\u1ed5i b\u1eadt c\u1ee7a ch\u00fang. Nh\u01b0ng c\u00f3 bao gi\u1edd c\u00e1c b\u00e9 th\u1eafc m\u1eafc v\u00ec sao h\u01b0\u01a1u cao c\u1ed5 c\u00f3c\u1ed5 th\u1eadt d\u00e0i? V\u00ec sao voi l\u1ea1i c\u00f3v\u00f2i th\u1eadt l\u1edbn? V\u00ec sao nh\u00edm c\u00f3 gai? V\u00ec sao chim c\u00f3 c\u00e1nh?&#8230; v\u00e0 v\u00f4 s\u1ed1 c\u00e2u h\u1ecfi kh\u00e1c v\u1ec1 c\u00e1c lo\u00e0i \u0111\u1ed9ng v\u1eadt.V\u00e0 trong s\u1ed1 nh\u1eefng \u0111\u1eb7c \u0111i\u1ec3m \u0111\u00f3, b\u00e9 ngh\u0129 \u0111\u1eb7c \u0111i\u1ec3m n\u00e0o l\u00e0 quan tr\u1ecdng nh\u1ea5t? N\u1ebfu t\u1ea5t c\u1ea3 c\u00e1c lo\u00e0i \u0111\u1ed9ng v\u1eadt c\u00f3 tai d\u00e0i nh\u01b0 th\u1ecf, c\u00f3 c\u00e1nh nh\u01b0 chim hay c\u00f3 gai nh\u01b0 nh\u00edm th\u00ec tr\u00f4ng s\u1ebd th\u1ebf n\u00e0o nh\u1ec9? S\u1ebd ra sao n\u1ebfu chim c\u00f3 v\u00f2i gi\u1ed1ng nh\u01b0 voi, voi c\u00f3 gai gi\u1ed1ng nh\u01b0 nh\u00edm, v\u00e0 nh\u00edm c\u00f3da xanh nh\u01b0 \u1ebfch?V\u1eady ba m\u1eb9 v\u00e0 c\u00e1c b\u00e9 h\u00e3y tham gia bu\u1ed5i tranh lu\u1eadn c\u00f9ng c\u00e1c lo\u00e0i \u0111\u1ed9ng v\u1eadt \u1edf r\u1eebng  Th\u1ea3o  Nguy\u00ean  \u0110\u1ecf  trong C\u00e1i  g\u00ec  quan  tr\u1ecdng nh\u1ea5t \u0111\u1ec3 c\u00f3 c\u00e2u tr\u1ea3 l\u1eddi.<br \/>\n C\u00e1i g\u00ec quan tr\u1ecdng nh\u1ea5t (t\u00ean\u0111\u01b0\u1ee3c d\u1ecbch t\u1eeb ti\u1ebfng Anh \u2013What  is  the  most  important  thing? )l\u00e0 m\u1ed9t cu\u1ed1n s\u00e1ch song ng\u1eef v\u1edbi ng\u00f4n t\u1eeb phong ph\u00fa v\u1ec1 c\u00e1c lo\u00e0i \u0111\u1ed9ng v\u1eadt, sau khi \u0111\u1ecdc xong c\u00e2u chuy\u1ec7n n\u00e0y, c\u00e1c b\u00e9 c\u00f3 th\u1ec3 nh\u00ecn v\u00e0o nh\u1eefng b\u1ee9c tranh minh h\u1ecda \u0111\u1eb9p m\u1eaft, sinh \u0111\u1ed9ng, g\u1ea7n g\u0169i v\u00e0 v\u00f4 c\u00f9ng s\u00e1ng t\u1ea1o v\u1ec1 c\u00e1c lo\u00e0i \u0111\u1ed9ng v\u1eadt\u0111\u1ec3 k\u1ec3 l\u1ea1i c\u00e2u chuy\u1ec7n b\u1eb1ng ti\u1ebfng Anh.<br \/>\nC\u00e1i g\u00ec quan tr\u1ecdng nh\u1ea5t \u0111\u01b0\u1ee3c \u0111\u00e1nh gi\u00e1 l\u00e0 m\u1ed9t cu\u1ed1n s\u00e1ch hay v\u1ec1 n\u1ed9i dung, \u0111\u1eb9p v\u1ec1 h\u00ecnh th\u1ee9c, mang l\u1ea1i nhi\u1ec1u ki\u1ebfn th\u1ee9c phong ph\u00fa v\u1ec1 c\u00e1c lo\u00e0i \u0111\u1ed9ng v\u1eadt cho tr\u1ebb t\u1eeb 0-6, v\u00e0 \u0111\u1eb7c bi\u1ec7t gi\u00fap tr\u1ebb h\u1ecdc ti\u1ebfng Anh qua c\u00e2u chuy\u1ec7n \u0111\u01a1n gi\u1ea3n v\u00e0 nh\u00e2n v\u0103n, t\u00e1c ph\u1ea9m \u0111o\u1ea1t gi\u1ea3i Danh d\u1ef1V\u00ec s\u1ef1 chung s\u1ed1ng h\u00f2a b\u00ecnhdo  UNESCO trao t\u1eb7ng n\u0103m 2001<\/p>\n","protected":false},"featured_media":22347,"template":"","meta":{"_acf_changed":false},"product_brand":[],"product_cat":[24,25,17],"product_tag":[83],"class_list":{"0":"post-22348","1":"product","2":"type-product","3":"status-publish","4":"has-post-thumbnail","6":"product_cat-nha-tre-mau-giao-0-tuoi-6-tuoi","7":"product_cat-nhi-dong-6-tuoi-12-tuoi","8":"product_cat-sach-danh-cho-cac-be","9":"product_tag-sach-moi-xuat-ban","11":"first","12":"instock","13":"taxable","14":"shipping-taxable","15":"purchasable","16":"product-type-simple"},"supplier_id":null,"supplier_sku":"","barcode":null,"atum_controlled":true,"out_stock_date":null,"out_stock_threshold":null,"inheritable":false,"inbound_stock":0,"stock_on_hold":0,"sold_today":0,"sales_last_days":0,"reserved_stock":0,"customer_returns":0,"warehouse_damage":0,"lost_in_post":0,"other_logs":0,"out_stock_days":0,"lost_sales":0,"has_location":false,"update_date":"2026-01-28T23:11:08","atum_locations":[],"atum_stock_status":"instock","restock_status":false,"low_stock_amount":"","sales_update_date":"2026-01-28T23:11:08","calc_backorders":null,"acf":{"publisher":null},"_links":{"self":[{"href":"https:\/\/sachviet.eu\/en\/wp-json\/wp\/v2\/product\/22348","targetHints":{"allow":["GET"]}}],"collection":[{"href":"https:\/\/sachviet.eu\/en\/wp-json\/wp\/v2\/product"}],"about":[{"href":"https:\/\/sachviet.eu\/en\/wp-json\/wp\/v2\/types\/product"}],"wp:featuredmedia":[{"embeddable":true,"href":"https:\/\/sachviet.eu\/en\/wp-json\/wp\/v2\/media\/22347"}],"wp:attachment":[{"href":"https:\/\/sachviet.eu\/en\/wp-json\/wp\/v2\/media?parent=22348"}],"wp:term":[{"taxonomy":"product_brand","embeddable":true,"href":"https:\/\/sachviet.eu\/en\/wp-json\/wp\/v2\/product_brand?post=22348"},{"taxonomy":"product_cat","embeddable":true,"href":"https:\/\/sachviet.eu\/en\/wp-json\/wp\/v2\/product_cat?post=22348"},{"taxonomy":"product_tag","embeddable":true,"href":"https:\/\/sachviet.eu\/en\/wp-json\/wp\/v2\/product_tag?post=22348"}],"curies":[{"name":"wp","href":"https:\/\/api.w.org\/{rel}","templated":true}]}}