{"id":22346,"date":"2023-01-21T02:40:26","date_gmt":"2023-01-21T00:40:26","guid":{"rendered":"https:\/\/sachviet.eu\/shop\/cho-sua-nham-cay-tai-sao-nhung-gi-ta-biet-ve-thanh-cong-co-khi-lai-sai\/"},"modified":"2023-06-24T09:14:51","modified_gmt":"2023-06-24T06:14:51","slug":"cho-sua-nham-cay-tai-sao-nhung-gi-ta-biet-ve-thanh-cong-co-khi-lai-sai","status":"publish","type":"product","link":"https:\/\/sachviet.eu\/en\/shop\/cho-sua-nham-cay-tai-sao-nhung-gi-ta-biet-ve-thanh-cong-co-khi-lai-sai\/","title":{"rendered":"Ch\u00f3 s\u1ee7a nh\u1ea7m c\u00e2y &#8211; T\u1ea1i sao nh\u1eefng g\u00ec ta bi\u1ebft v\u1ec1 th\u00e0nh c\u00f4ng c\u00f3 khi l\u1ea1i sai"},"content":{"rendered":"<p>CH\u00d3 S\u1ee6A NH\u1ea6M C\u00c2Y &#8211; BARKING UP THE WRONG TREE &#8211; l\u00e0 quy\u1ec3n s\u00e1ch g\u00e2y ti\u1ebfng vang, li\u00ean t\u1ee5c n\u1eb1m trong danh s\u00e1ch bestseller Amazon c\u1ee7a t\u00e1c gi\u1ea3 ki\u00eam ch\u1ee7 trang blog Barking up the wrong tree &#8211; Eric Barker. Xuy\u00ean su\u1ed1t n\u1ed9i dung s\u00e1ch, Eric s\u1ebd c\u00f9ng ch\u00fang ta l\u00fd gi\u1ea3i m\u1ed9t c\u00e1ch \u0111\u1ea7y h\u00f3m h\u1ec9nh nh\u01b0ng kh\u00f4ng k\u00e9m ph\u1ea7n ch\u1eb7t ch\u1ebd nh\u1eefng quan ni\u1ec7m kh\u00e1c nhau v\u1ec1 th\u00e0nh c\u00f4ng t\u1eeb tr\u01b0\u1edbc \u0111\u1ebfn nay. V\u00e0 \u1edf cu\u1ed1i con \u0111\u01b0\u1eddng \u0111\u00f3, m\u1ed7i ng\u01b0\u1eddi ch\u00fang ta s\u1ebd t\u1ef1 t\u00ecm th\u1ea5y ng\u01b0\u1ee1ng c\u1eeda th\u00e0nh c\u00f4ng cho ri\u00eang m\u00ecnh.<\/p>\n","protected":false},"excerpt":{"rendered":"<p>B\u1ea1n c\u00f3 bi\u1ebft:<\/p>\n<p>&#8211; C\u00e1c th\u1ee7 khoa hi\u1ebfm khi tr\u1edf th\u00e0nh tri\u1ec7u ph\u00fa, v\u00e0 nh\u01b0\u1ee3c \u0111i\u1ec3m l\u1edbn nh\u1ea5t c\u00f3 khi l\u1ea1i l\u00e0 \u01b0u \u0111i\u1ec3m tuy\u1ec7t v\u1eddi nh\u1ea5t m\u00e0 ai ai c\u0169ng khao kh\u00e1t s\u1edf h\u1eefu.<\/p>\n<p>&#8211; \u1ede c\u00f4ng ty, s\u1ef1 ch\u0103m ch\u1ec9 \u0111ang b\u1ecb th\u1ed5i ph\u1ed3ng qu\u00e1 m\u1ee9c, c\u00f2n nh\u1eefng tr\u00f2 n\u1ecbnh b\u1ee3 l\u1ea1i th\u01b0\u1eddng mang \u0111\u1ebfn k\u1ebft qu\u1ea3 t\u1ed1t, v\u00e0 li\u1ec7u \u0111\u1ec1 cao ch\u00ednh ngh\u0129a hay sa v\u00e0o t\u00e0 \u0111\u1ea1o m\u1edbi l\u00e0 con \u0111\u01b0\u1eddng d\u1eabn \u0111\u1ebfn th\u00e0nh c\u00f4ng?<\/p>\n<p>&#8211; Nh\u1eefng ng\u01b0\u1eddi l\u00ednh Navy SEAL v\u00e0 nh\u1eefng nh\u00e2n vi\u00ean b\u00e1n b\u1ea3o hi\u1ec3m c\u00f3 m\u1ed9t \u0111i\u1ec3m chung quan tr\u1ecdng, v\u00e0 c\u00e1ch s\u1eed d\u1ee5ng nguy\u00ean t\u1eafc WNGF trong thi\u1ebft k\u1ebf tr\u00f2 ch\u01a1i \u0111\u1ec3 bi\u1ebfn \u0111\u1ed1ng b\u00e0i t\u1eadp ch\u00e1n ng\u1eaft th\u00e0nh nh\u1eefng tr\u00f2 ch\u01a1i h\u1ea5p d\u1eabn. <\/p>\n<p>R\u1ea5t nhi\u1ec1u l\u1eddi khuy\u00ean v\u1ec1 th\u00e0nh c\u00f4ng r\u1ea5t logic, \u0111\u1ea7y c\u1ea3m h\u1ee9ng, v\u00e0 sai b\u00e9t. B\u1eb1ng c\u00e1ch nh\u00ecn qua l\u0103ng k\u00ednh khoa h\u1ecdc \u0111\u1ec3 xem nh\u1eefng ng\u01b0\u1eddi c\u1ef1c k\u1ef3 th\u00e0nh c\u00f4ng kh\u00e1c v\u1edbi m\u00ecnh \u1edf nh\u1eefng \u0111i\u1ec3m n\u00e0o, ta h\u1ecdc \u0111\u01b0\u1ee3c c\u00e1ch \u0111\u1ec3 tr\u1edf n\u00ean gi\u1ed1ng h\u1ecd\u2014v\u00e0 nh\u1eadn ra trong v\u00e0i tr\u01b0\u1eddng h\u1ee3p, kh\u00f4ng \u0111\u01b0\u1ee3c nh\u01b0 h\u1ecd h\u00f3a ra l\u1ea1i t\u1ed1t h\u01a1n.<\/p>\n","protected":false},"featured_media":22345,"template":"","meta":{"_acf_changed":false},"product_brand":[],"product_cat":[18,15,46],"product_tag":[83],"class_list":{"0":"post-22346","1":"product","2":"type-product","3":"status-publish","4":"has-post-thumbnail","6":"product_cat-kinh-te","7":"product_cat-sach-danh-cho-nguoi-lon","8":"product_cat-ky-nang-song","9":"product_tag-sach-moi-xuat-ban","11":"first","12":"outofstock","13":"taxable","14":"shipping-taxable","15":"purchasable","16":"product-type-simple"},"supplier_id":null,"supplier_sku":"","barcode":null,"atum_controlled":true,"out_stock_date":"2023-06-24 06:14:51","out_stock_threshold":null,"inheritable":false,"inbound_stock":0,"stock_on_hold":0,"sold_today":0,"sales_last_days":0,"reserved_stock":0,"customer_returns":0,"warehouse_damage":0,"lost_in_post":0,"other_logs":0,"out_stock_days":949,"lost_sales":0,"has_location":false,"update_date":"2026-01-28T23:11:08","atum_locations":[],"atum_stock_status":"outofstock","restock_status":false,"low_stock_amount":"","sales_update_date":"2026-01-28T23:11:08","calc_backorders":null,"acf":{"publisher":false},"_links":{"self":[{"href":"https:\/\/sachviet.eu\/en\/wp-json\/wp\/v2\/product\/22346","targetHints":{"allow":["GET"]}}],"collection":[{"href":"https:\/\/sachviet.eu\/en\/wp-json\/wp\/v2\/product"}],"about":[{"href":"https:\/\/sachviet.eu\/en\/wp-json\/wp\/v2\/types\/product"}],"wp:featuredmedia":[{"embeddable":true,"href":"https:\/\/sachviet.eu\/en\/wp-json\/wp\/v2\/media\/22345"}],"wp:attachment":[{"href":"https:\/\/sachviet.eu\/en\/wp-json\/wp\/v2\/media?parent=22346"}],"wp:term":[{"taxonomy":"product_brand","embeddable":true,"href":"https:\/\/sachviet.eu\/en\/wp-json\/wp\/v2\/product_brand?post=22346"},{"taxonomy":"product_cat","embeddable":true,"href":"https:\/\/sachviet.eu\/en\/wp-json\/wp\/v2\/product_cat?post=22346"},{"taxonomy":"product_tag","embeddable":true,"href":"https:\/\/sachviet.eu\/en\/wp-json\/wp\/v2\/product_tag?post=22346"}],"curies":[{"name":"wp","href":"https:\/\/api.w.org\/{rel}","templated":true}]}}