{"id":22342,"date":"2023-01-21T02:38:31","date_gmt":"2023-01-21T00:38:31","guid":{"rendered":"https:\/\/sachviet.eu\/shop\/di-vao-thuc-tai-eckhart-tolle\/"},"modified":"2024-10-10T08:48:37","modified_gmt":"2024-10-10T05:48:37","slug":"di-vao-thuc-tai-eckhart-tolle","status":"publish","type":"product","link":"https:\/\/sachviet.eu\/en\/shop\/di-vao-thuc-tai-eckhart-tolle\/","title":{"rendered":"\u0110i v\u00e0o th\u1ef1c t\u1ea1i &#8211; Eckhart Tolle"},"content":{"rendered":"<p>CU\u1ed0N S\u00c1CH N\u00c0Y D\u00c0NH CHO NH\u1eeeNG AI?<br \/>\nT\u1ea5t c\u1ea3 nh\u1eefng ai \u0111ang c\u00f2n nh\u1eefng l\u1eafng lo trong l\u00f2ng<br \/>\nT\u1ea5t c\u1ea3 nh\u1eefng ai \u0111\u00e3 v\u00e0 \u0111ang b\u01b0\u1edbc tr\u00ean con \u0111\u01b0\u1eddng &#8220;tr\u1edf v\u1ec1 v\u1edbi b\u1ea3n th\u00e2n&#8221; hay &#8220;t\u00ecm l\u1ea1i ch\u00ednh m\u00ecnh&#8221;.<br \/>\nT\u1ea5t c\u1ea3 nh\u1eefng ai th\u1ea5y \u0111\u01b0\u1ee3c r\u1eb1ng s\u1ef1 th\u1ee9c t\u1ec9nh t\u00e2m linh kh\u00f4ng \u1edf \u0111\u00e2u xa l\u1ea1, m\u00e0 \u1edf ngay n\u01a1i nh\u1eefng \u0111i\u1ec1u nh\u1ecf b\u00e9, t\u1ea7m th\u01b0\u1eddng, ngay b\u00ean c\u1ea1nh b\u1ea1n v\u00e0 ngay b\u00e2y gi\u1edd<br \/>\nT\u1ea5t c\u1ea3 nh\u1eefng ai c\u00f3 t\u00ecnh th\u01b0\u01a1ng m\u1ebfn v\u1edbi mu\u00f4n lo\u00e0i v\u00e0 mu\u1ed1n s\u1ed1ng h\u00f2a h\u1ee3p c\u00f9ng thi\u00ean nhi\u00ean<br \/>\nT\u1ea5t c\u1ea3 nh\u1eefng ai t\u1eebng \u0111\u1ecdc s\u00e1ch v\u00e0 nghe c\u00e1c b\u00e0i gi\u1ea3ng c\u1ee7a Eckhart Tolle b\u1edfi cu\u1ed1n s\u00e1ch n\u00e0y \u0111\u00e3 ch\u1ee9a \u0111\u1ef1ng t\u1ea5t c\u1ea3 nh\u1eefng tinh t\u00fay nh\u1ea5t t\u1eeb nh\u1eefng l\u1eddi d\u1ea1y c\u1ee7a \u00f4ng, \u0111\u01b0\u1ee3c di\u1ec5n b\u00e0y b\u1eb1ng nh\u1eefng b\u1ee9c tranh c\u1ee7a h\u1ecda s\u0129 minh h\u1ecda n\u1ed5i ti\u1ebfng th\u1ebf gi\u1edbi, Patrick McDonnell  <\/p>\n<p>\u201cCu\u1ed1n s\u00e1ch l\u00e0 m\u1ed9t thi\u1ec1n th\u01b0, nh\u01b0ng kh\u00f4ng h\u1ec1 h\u01b0\u1edbng d\u1eabn b\u1ea1n ph\u1ea3i thi\u1ec1n nh\u01b0 th\u1ebf n\u00e0o m\u00e0 gi\u00fap b\u1ea1n nh\u1eadn ra th\u1ebf n\u00e0o l\u00e0&#8230; thi\u1ec1n!\u201d<br \/>\nKrishnamurti, m\u1ed9t b\u1eadc th\u1ea7y gi\u00e1c ng\u1ed9, \u0111\u00e3 n\u00f3i v\u1ec1 thi\u1ec1n nh\u01b0 sau \u201cN\u1ebfu mu\u1ed1n hi\u1ec3u thi\u1ec1n l\u00e0 g\u00ec, b\u1ea1n ph\u1ea3i ho\u00e0n to\u00e0n qu\u00ean h\u1eb3n ch\u1eef \u1ea5y, v\u00ec ng\u00f4n t\u1eeb kh\u00f4ng cho ph\u00e9p ta \u0111o l\u01b0\u1eddng c\u00e1i kh\u00f4ng th\u1ec3 \u0111o l\u01b0\u1eddng, c\u00e1i v\u00f4 l\u01b0\u1ee3ng. Danh t\u1eeb thi\u1ec1n b\u1ecb hi\u1ec3u sai \u0111\u1ebfn n\u1ed7i tr\u1edf n\u00ean t\u1ea7m th\u01b0\u1eddng v\u00e0 l\u1ea1c l\u1ed1i, thi\u1ec1n ph\u1ea3i x\u1ea3y ra l\u1eb7ng l\u1ebd nh\u01b0 con r\u1eafn l\u1eabn v\u1edbi b\u1ee5i c\u1ecf cao xanh r\u00ec trong \u00e1nh s\u00e1ng m\u00e1t r\u01b0\u1ee3i c\u1ee7a bu\u1ed5i s\u1edbm mai.\u201d B\u1ea1n c\u00f3 hi\u1ec3u ng\u00e0i n\u00f3i g\u00ec ch\u0103ng? N\u1ebfu ch\u1ec9 \u0111\u1ec3 hi\u1ec3u b\u1eb1ng t\u01b0 duy l\u1eadp lu\u1eadn th\u00f4ng th\u01b0\u1eddng th\u00ec s\u1ebd kh\u00f4ng bao gi\u1edd hi\u1ec3u \u0111\u01b0\u1ee3c th\u1ebf n\u00e0o l\u00e0 thi\u1ec1n. C\u00f3 r\u1ea5t nhi\u1ec1u c\u00e1ch hi\u1ec3u kh\u00e1c nhau v\u1ec1 thi\u1ec1n, Eckhart Tolle th\u00ec n\u00f3i, \u201ct\u1ea1o ra kho\u1ea3ng h\u1edf trong d\u00f2ng ch\u1ea3y li\u00ean t\u1ee5c c\u1ee7a suy t\u01b0&#8230; \u0111\u1ea5y ch\u00ednh l\u00e0 tinh y\u1ebfu c\u1ee7a thi\u1ec1n t\u1eadp&#8221;. Cu\u1ed1n s\u00e1ch \u201c\u0110i v\u00e0o th\u1ef1c t\u1ea1i\u201d mang theo n\u0103ng l\u01b0\u1ee3ng \u0111\u00f3, n\u0103ng l\u01b0\u1ee3ng c\u1ee7a s\u1ef1 t\u0129nh l\u1eb7ng, c\u1ee7a kho\u1ea3ng kh\u00f4ng, m\u1ed7i trang s\u00e1ch m\u1edf ra \u0111\u1ec1u cho ph\u00e9p s\u1ef1 t\u0129nh l\u1eb7ng \u0111\u00f3 ch\u1ea3y qua b\u1ea1n v\u00e0 r\u1ed3i b\u1ea1n s\u1ebd nh\u1eadn ra th\u1ebf n\u00e0o l\u00e0 thi\u1ec1n.    <\/p>\n<p>C\u00f9ng m\u1ed9t cu\u1ed1n s\u00e1ch nh\u01b0ng khi \u0111\u1ebfn v\u1edbi m\u1ed7i b\u1ea1n \u0111\u1ecdc kh\u00e1c nhau th\u00ec c\u00e1ch \u0111\u1ecdc c\u00f3 th\u1ec3 c\u0169ng kh\u00e1c nhau. V\u1edbi &#8220;\u0110i v\u00e0o th\u1ef1c t\u1ea1i&#8221;, m\u1ed9t cu\u1ed1n s\u00e1ch \u0111\u1eb9p v\u00e0 ch\u1ee9a \u0111\u1ef1ng th\u00f4ng \u0111i\u1ec7p s\u00e2u s\u1eafc, ch\u00fang t\u00f4i c\u00f3 g\u1ee3i \u00fd r\u1eb1ng v\u1edbi nh\u1eefng ai \u0111\u00e3 t\u1eebng bi\u1ebft \u0111\u1ebfn Eckhart Tolle hay t\u1eebng th\u1ef1c h\u00e0nh v\u00e0 t\u00ecm hi\u1ec3u v\u1ec1 m\u1ed9t truy\u1ec1n th\u1ed1ng t\u00e2m linh hay tinh th\u1ea7n n\u00e0o \u0111\u00f3 th\u00ec c\u00f3 th\u1ec3 \u0111\u1ecdc cu\u1ed1n s\u00e1ch t\u1eeb \u0111\u1ea7u \u0111\u1ebfn cu\u1ed1i, t\u00f9y v\u00e0o s\u1ef1 h\u1ee9ng th\u00fa c\u1ee7a b\u1ea1n. Tuy nhi\u00ean v\u1edbi nh\u1eefng ng\u01b0\u1eddi ch\u01b0a t\u1eebng c\u00f3 nh\u1eefng tr\u1ea3i nghi\u1ec7m tr\u00ean th\u00ec ch\u1ec9 n\u00ean xem 2-4 trang s\u00e1ch v\u00e0 tranh m\u1ed7i ng\u00e0y, suy ng\u1eabm v\u1ec1 n\u1ed9i dung chia s\u1ebb trong nh\u1eefng trang s\u00e1ch \u0111\u00f3, c\u1ee9 th\u1ebf cho \u0111\u1ebfn khi h\u1ebft cu\u1ed1n s\u00e1ch, nh\u01b0 v\u1eady th\u00ec b\u1ea1n c\u00f3 th\u1ec3 th\u1ea9m th\u1ea5u \u0111\u01b0\u1ee3c m\u1ed9t c\u00e1ch t\u1ed1t nh\u1ea5t th\u00f4ng \u0111i\u1ec7p s\u00e2u s\u1eafc t\u1eeb cu\u1ed1n s\u00e1ch. Th\u00eam n\u1eefa, b\u1ea5t k\u1ec3 l\u00fac n\u00e0o b\u1ea1n c\u1ea3m th\u1ea5y ch\u1ed9n r\u1ed9n trong l\u00f2ng, c\u00f3 nh\u1eefng l\u1eafng lo c\u1ea7n gi\u1ea3i t\u1ecfa, b\u1ea1n c\u00f3 th\u1ec3 m\u1edf b\u1ea5t k\u00ec trang s\u00e1ch n\u00e0o v\u00e0 \u0111\u1ecdc, ch\u00fang t\u00f4i tin, b\u1ea1n s\u1ebd th\u1ea5y m\u00ecnh \u0111\u01b0\u1ee3c xoa d\u1ecbu r\u1ea5t nhi\u1ec1u, v\u00e0 t\u1ea5t nhi\u00ean, c\u00f3 th\u1ec3 nh\u1edd v\u1eady m\u00e0 b\u1ea1n s\u1ebd t\u00ecm ra \u0111\u01b0\u1ee3c h\u01b0\u1edbng \u0111i hay gi\u1ea3i ph\u00e1p cho v\u1ea5n \u0111\u1ec1 c\u1ee7a m\u00ecnh l\u00fac \u0111\u00f3.   <\/p>\n<p>Ch\u00fac b\u1ea1n c\u00f3 th\u1eadt nhi\u1ec1u ni\u1ec1m an vui khi th\u01b0\u1edfng th\u1ee9c &#8220;\u0110i v\u00e0o th\u1ef1c t\u1ea1i&#8221;!<\/p>\n","protected":false},"excerpt":{"rendered":"<p>Cu\u1ed1n s\u00e1ch nh\u1ecf qu\u00fd gi\u00e1 n\u00e0y c\u00f3 th\u1ec3 thay \u0111\u1ed5i cu\u1ed9c s\u1ed1ng c\u1ee7a b\u1ea5t k\u00ec ai n\u1ebfu h\u1ecd hi\u1ec3u th\u00f4ng \u0111i\u1ec7p v\u00e0 \u1ee9ng d\u1ee5ng v\u00e0o trong c\u00f4ng vi\u1ec7c. Cu\u1ed1n s\u00e1ch r\u00fat t\u1ec9a nh\u1eefng l\u1eddi d\u1ea1y s\u00e2u s\u1eafc nh\u1ea5t c\u1ee7a Eckhart Tolle v\u00e0 \u0111\u01b0\u1ee3c g\u00f3i gh\u00e9m l\u1ea1i trong ch\u1ec9 v\u00e0i c\u00e2u, \u0111i c\u00f9ng v\u1edbi nh\u1eefng b\u1ee9c tranh ho\u1ea1t h\u1ecda s\u1ed1ng \u0111\u1ed9ng t\u1eeb m\u1ed9t t\u00e1c gi\u1ea3 truy\u1ec7n tranh r\u1ea5t n\u1ed5i ti\u1ebfng \u0111\u00e3 s\u00e1ng l\u1eadp n\u00ean \u201cMutts\u201d.<br \/>\nC\u00f3 th\u1ec3 n\u00f3i t\u1ea5t c\u1ea3 nh\u1eefng g\u00ec tinh tu\u00fd nh\u1ea5t t\u1eeb tr\u00ed tu\u1ec7 c\u1ee7a Eckhart Tolle \u0111\u1ec1u \u0111\u01b0\u1ee3c ch\u1ee9a \u0111\u1ef1ng trong t\u00e1c ph\u1ea9m n\u00e0y, \u201c\u0110i v\u00e0o Th\u1ef1c t\u1ea1i\u201d, m\u1ed9t t\u00e1c ph\u1ea9m v\u00f4 c\u00f9ng \u0111\u1eb7c bi\u1ec7t, m\u1ed9t cu\u1ed1n s\u00e1ch \u0111\u01b0\u1ee3c hi\u1ec3n b\u00e0y r\u1ea5t g\u1ea7n v\u1edbi l\u1ed1i&#8230; v\u00f4 ng\u00f4n. M\u1edf b\u1ea5t c\u1ee9 trang s\u00e1ch n\u00e0o trong \u201c\u0110i v\u00e0o Th\u1ef1c t\u1ea1i\u201d, b\u1ea1n c\u0169ng s\u1ebd c\u1ea3m th\u1ea5y l\u00f2ng m\u00ecnh \u1ea5m y\u00ean tr\u1edf l\u1ea1i, d\u1ecbu \u0111i nh\u1eefng c\u0103ng th\u1eb3ng, nh\u1eefng l\u1eafng lo v\u00e0 s\u1ee3 h\u00e3i th\u01b0\u1eddng tr\u1ef1c h\u00e0ng ng\u00e0y.<\/p>\n","protected":false},"featured_media":22340,"template":"","meta":{"_acf_changed":false},"product_brand":[],"product_cat":[15,46],"product_tag":[83],"class_list":{"0":"post-22342","1":"product","2":"type-product","3":"status-publish","4":"has-post-thumbnail","6":"product_cat-sach-danh-cho-nguoi-lon","7":"product_cat-ky-nang-song","8":"product_tag-sach-moi-xuat-ban","10":"first","11":"outofstock","12":"taxable","13":"shipping-taxable","14":"purchasable","15":"product-type-simple"},"supplier_id":null,"supplier_sku":"","barcode":null,"atum_controlled":true,"out_stock_date":"2024-10-10 05:48:37","out_stock_threshold":null,"inheritable":false,"inbound_stock":0,"stock_on_hold":0,"sold_today":0,"sales_last_days":0,"reserved_stock":0,"customer_returns":0,"warehouse_damage":0,"lost_in_post":0,"other_logs":0,"out_stock_days":475,"lost_sales":0,"has_location":false,"update_date":"2026-01-28T23:11:26","atum_locations":[],"atum_stock_status":"outofstock","restock_status":false,"low_stock_amount":"","sales_update_date":"2026-01-28T23:11:26","calc_backorders":null,"acf":{"publisher":null},"_links":{"self":[{"href":"https:\/\/sachviet.eu\/en\/wp-json\/wp\/v2\/product\/22342","targetHints":{"allow":["GET"]}}],"collection":[{"href":"https:\/\/sachviet.eu\/en\/wp-json\/wp\/v2\/product"}],"about":[{"href":"https:\/\/sachviet.eu\/en\/wp-json\/wp\/v2\/types\/product"}],"wp:featuredmedia":[{"embeddable":true,"href":"https:\/\/sachviet.eu\/en\/wp-json\/wp\/v2\/media\/22340"}],"wp:attachment":[{"href":"https:\/\/sachviet.eu\/en\/wp-json\/wp\/v2\/media?parent=22342"}],"wp:term":[{"taxonomy":"product_brand","embeddable":true,"href":"https:\/\/sachviet.eu\/en\/wp-json\/wp\/v2\/product_brand?post=22342"},{"taxonomy":"product_cat","embeddable":true,"href":"https:\/\/sachviet.eu\/en\/wp-json\/wp\/v2\/product_cat?post=22342"},{"taxonomy":"product_tag","embeddable":true,"href":"https:\/\/sachviet.eu\/en\/wp-json\/wp\/v2\/product_tag?post=22342"}],"curies":[{"name":"wp","href":"https:\/\/api.w.org\/{rel}","templated":true}]}}