{"id":22339,"date":"2023-01-21T02:38:18","date_gmt":"2023-01-21T00:38:18","guid":{"rendered":"https:\/\/sachviet.eu\/shop\/hanh-trinh-tarot-tai-ban-2022\/"},"modified":"2024-08-12T11:29:26","modified_gmt":"2024-08-12T08:29:26","slug":"hanh-trinh-tarot-tai-ban-2022","status":"publish","type":"product","link":"https:\/\/sachviet.eu\/en\/shop\/hanh-trinh-tarot-tai-ban-2022\/","title":{"rendered":"H\u00e0nh Tr\u00ecnh Tarot (T\u00e1i B\u1ea3n 2022)"},"content":{"rendered":"<p>Hi\u1ec3u v\u1ec1 qu\u00e1 kh\u1ee9, tin \u1edf hi\u1ec7n t\u1ea1i, n\u1eafm l\u1ea5y t\u01b0\u01a1ng lai<\/p>\n<p>Tarot l\u00e0 g\u00ec?<\/p>\n<p>Th\u1ef1c h\u00e0nh Tarot nh\u01b0 th\u1ebf n\u00e0o?<\/p>\n<p>Li\u1ec7u n\u00f3 c\u00f3 gi\u1ed1ng nh\u01b0 nh\u1eefng g\u00ec ng\u01b0\u1eddi ta v\u1eabn hay n\u00f3i r\u1eb1ng, xem Tarot gi\u1ed1ng nh\u01b0 xem b\u00f3i, ng\u01b0\u1eddi xem b\u00e0i l\u00e0 nh\u1eefng th\u1ea7y ph\u00e9p c\u00f3 c\u0103n c\u01a1, c\u00f3 kh\u1ea3 n\u0103ng \u0111\u1ecdc hi\u1ec3u \u0111\u01b0\u1ee3c t\u01b0\u01a1ng lai, bi\u1ebft \u0111\u01b0\u1ee3c v\u1eadn m\u1ec7nh v\u00e0 gi\u1ea3i ngh\u0129a \u0111\u01b0\u1ee3c nh\u1eefng v\u1ea5n \u0111\u1ec1 c\u1ee7a m\u1ed9t ng\u01b0\u1eddi xa l\u1ea1 ngay trong l\u1ea7n \u0111\u1ea7u g\u1eb7p g\u1ee1. V\u00e0 r\u1eb1ng b\u1ea1n, m\u1ed9t ng\u01b0\u1eddi b\u00ecnh th\u01b0\u1eddng, li\u1ec7u c\u00f3 \u0111\u1ee7 n\u0103ng l\u1ef1c \u0111\u1ec3 xem \u0111\u01b0\u1ee3c Tarot hay kh\u00f4ng?<\/p>\n<p>T\u1ea5t c\u1ea3 c\u00e1c c\u00e2u h\u1ecfi, c\u00e1c v\u1ea5n \u0111\u1ec1 th\u1eafc m\u1eafc \u1ea5y \u0111\u1ec1u s\u1ebd \u0111\u01b0\u1ee3c gi\u1ea3i \u0111\u00e1p trong cu\u1ed1n s\u00e1ch &#8220;&#8221;H\u00e0nh Tr\u00ecnh Tarot &#8211; Hi\u1ec3u v\u1ec1 qu\u00e1 kh\u1ee9, tin \u1edf hi\u1ec7n t\u1ea1i, n\u1eafm l\u1ea5y t\u01b0\u01a1ng lai&#8221;&#8221;<br \/>\n\u0110\u1ebfn v\u1edbi Tarot, b\u1ea1n kh\u00f4ng ch\u1ec9 c\u00f3 m\u1ed9t l\u1ef1a ch\u1ecdn \u0111\u01a1n thu\u1ea7n l\u00e0 nh\u00ecn v\u00e0o t\u01b0\u01a1ng lai, m\u00e0 c\u00f2n c\u00f3 th\u1ec3 t\u1eadn d\u1ee5ng nhi\u1ec1u m\u1ee5c \u0111\u00edch kh\u00e1c c\u1ee7a Tarot \u0111\u1ec3 ph\u1ee5c v\u1ee5 cho cu\u1ed9c s\u1ed1ng c\u1ee7a m\u00ecnh.<\/p>\n<p>V\u00ed d\u1ee5 nh\u01b0:<\/p>\n<p>Chi\u00eam \u0111o\u00e1n t\u01b0\u01a1ng lai.<\/p>\n<p>X\u00e9t \u0111o\u00e1n c\u1ea3m nh\u1eadn c\u1ee7a m\u1ed9t ng\u01b0\u1eddi v\u1ec1 m\u1ed9t t\u00ecnh hu\u1ed1ng ho\u1eb7c v\u1ec1 m\u1ed9t ng\u01b0\u1eddi kh\u00e1c<\/p>\n<p>Ph\u00e2n t\u00edch m\u1ed9t t\u00ecnh hu\u1ed1ng, v\u1ea5n \u0111\u1ec1 n\u00e0o \u0111\u00f3.<\/p>\n<p>V\u1ebd ra t\u01b0\u01a1ng lai v\u1edbi m\u1ed7i h\u01b0\u1edbng \u0111i, m\u1ed7i s\u1ef1 l\u1ef1a ch\u1ecdn trong c\u00f9ng m\u1ed9t v\u1ea5n \u0111\u1ec1.<\/p>\n<p>Kh\u00e1m ph\u00e1 c\u00e1c s\u1ef1 ki\u1ec7n trong qu\u00e1 kh\u1ee9 v\u00e0 t\u00e1c \u0111\u1ed9ng c\u1ee7a ch\u00fang l\u00ean hi\u1ec7n t\u1ea1i.<\/p>\n<p>Kh\u00e1m ph\u00e1 n\u1ed9i t\u00e2m v\u00e0 c\u1ea3nh hu\u1ed1ng hi\u1ec7n t\u1ea1i c\u1ee7a ai \u0111\u00f3.<\/p>\n<p>\u0110\u01b0a ra quy\u1ebft \u0111\u1ecbnh.<\/p>\n<p>Cu\u1ed1n s\u00e1ch nh\u01b0 m\u1ed9t cu\u1ed1n T\u1eeb \u0111i\u1ec3n Tarot trong \u0111\u00f3 b\u1ea1n c\u00f3 th\u1ec3 t\u00ecm hi\u1ec3u Tarot t\u1eeb A \u0111\u1ebfn Z, t\u1eeb nh\u1eefng ki\u1ebfn th\u1ee9c c\u01a1 b\u1ea3n (\u00fd ngh\u0129a 78 l\u00e1 b\u00e0i, c\u00e1c c\u00e1ch tr\u1ea3i b\u00e0i ph\u1ed5 bi\u1ebfn,\u2026) \u0111\u1ebfn c\u00e1c ph\u1ee5 ch\u00fa n\u00e2ng cao d\u00e0nh cho c\u00e1c Tarot reader.<\/p>\n","protected":false},"excerpt":{"rendered":"<p>Hi\u1ec3u v\u1ec1 qu\u00e1 kh\u1ee9, tin \u1edf hi\u1ec7n t\u1ea1i, n\u1eafm l\u1ea5y t\u01b0\u01a1ng lai<\/p>\n<p>Tarot l\u00e0 g\u00ec?<\/p>\n<p>Th\u1ef1c h\u00e0nh Tarot nh\u01b0 th\u1ebf n\u00e0o?<\/p>\n<p>Li\u1ec7u n\u00f3 c\u00f3 gi\u1ed1ng nh\u01b0 nh\u1eefng g\u00ec ng\u01b0\u1eddi ta v\u1eabn hay n\u00f3i r\u1eb1ng, xem Tarot gi\u1ed1ng nh\u01b0 xem b\u00f3i, ng\u01b0\u1eddi xem b\u00e0i l\u00e0 nh\u1eefng th\u1ea7y ph\u00e9p c\u00f3 c\u0103n c\u01a1, c\u00f3 kh\u1ea3 n\u0103ng \u0111\u1ecdc hi\u1ec3u \u0111\u01b0\u1ee3c t\u01b0\u01a1ng lai, bi\u1ebft \u0111\u01b0\u1ee3c v\u1eadn m\u1ec7nh v\u00e0 gi\u1ea3i ngh\u0129a \u0111\u01b0\u1ee3c nh\u1eefng v\u1ea5n \u0111\u1ec1 c\u1ee7a m\u1ed9t ng\u01b0\u1eddi xa l\u1ea1 ngay trong l\u1ea7n \u0111\u1ea7u g\u1eb7p g\u1ee1. V\u00e0 r\u1eb1ng b\u1ea1n, m\u1ed9t ng\u01b0\u1eddi b\u00ecnh th\u01b0\u1eddng, li\u1ec7u c\u00f3 \u0111\u1ee7 n\u0103ng l\u1ef1c \u0111\u1ec3 xem \u0111\u01b0\u1ee3c Tarot hay kh\u00f4ng?<\/p>\n<p>T\u1ea5t c\u1ea3 c\u00e1c c\u00e2u h\u1ecfi, c\u00e1c v\u1ea5n \u0111\u1ec1 th\u1eafc m\u1eafc \u1ea5y \u0111\u1ec1u s\u1ebd \u0111\u01b0\u1ee3c gi\u1ea3i \u0111\u00e1p trong cu\u1ed1n s\u00e1ch &#8220;&#8221;H\u00e0nh Tr\u00ecnh Tarot &#8211; Hi\u1ec3u v\u1ec1 qu\u00e1 kh\u1ee9, tin \u1edf hi\u1ec7n t\u1ea1i, n\u1eafm l\u1ea5y t\u01b0\u01a1ng lai&#8221;&#8221;<br \/>\n\u0110\u1ebfn v\u1edbi Tarot, b\u1ea1n kh\u00f4ng ch\u1ec9 c\u00f3 m\u1ed9t l\u1ef1a ch\u1ecdn \u0111\u01a1n thu\u1ea7n l\u00e0 nh\u00ecn v\u00e0o t\u01b0\u01a1ng lai, m\u00e0 c\u00f2n c\u00f3 th\u1ec3 t\u1eadn d\u1ee5ng nhi\u1ec1u m\u1ee5c \u0111\u00edch kh\u00e1c c\u1ee7a Tarot \u0111\u1ec3 ph\u1ee5c v\u1ee5 cho cu\u1ed9c s\u1ed1ng c\u1ee7a m\u00ecnh.<\/p>\n<p>V\u00ed d\u1ee5 nh\u01b0:<\/p>\n<p>Chi\u00eam \u0111o\u00e1n t\u01b0\u01a1ng lai.<\/p>\n<p>X\u00e9t \u0111o\u00e1n c\u1ea3m nh\u1eadn c\u1ee7a m\u1ed9t ng\u01b0\u1eddi v\u1ec1 m\u1ed9t t\u00ecnh hu\u1ed1ng ho\u1eb7c v\u1ec1 m\u1ed9t ng\u01b0\u1eddi kh\u00e1c<\/p>\n<p>Ph\u00e2n t\u00edch m\u1ed9t t\u00ecnh hu\u1ed1ng, v\u1ea5n \u0111\u1ec1 n\u00e0o \u0111\u00f3.<\/p>\n<p>V\u1ebd ra t\u01b0\u01a1ng lai v\u1edbi m\u1ed7i h\u01b0\u1edbng \u0111i, m\u1ed7i s\u1ef1 l\u1ef1a ch\u1ecdn trong c\u00f9ng m\u1ed9t v\u1ea5n \u0111\u1ec1.<\/p>\n<p>Kh\u00e1m ph\u00e1 c\u00e1c s\u1ef1 ki\u1ec7n trong qu\u00e1 kh\u1ee9 v\u00e0 t\u00e1c \u0111\u1ed9ng c\u1ee7a ch\u00fang l\u00ean hi\u1ec7n t\u1ea1i.<\/p>\n<p>Kh\u00e1m ph\u00e1 n\u1ed9i t\u00e2m v\u00e0 c\u1ea3nh hu\u1ed1ng hi\u1ec7n t\u1ea1i c\u1ee7a ai \u0111\u00f3.<\/p>\n<p>\u0110\u01b0a ra quy\u1ebft \u0111\u1ecbnh.<\/p>\n<p>Cu\u1ed1n s\u00e1ch nh\u01b0 m\u1ed9t cu\u1ed1n T\u1eeb \u0111i\u1ec3n Tarot trong \u0111\u00f3 b\u1ea1n c\u00f3 th\u1ec3 t\u00ecm hi\u1ec3u Tarot t\u1eeb A \u0111\u1ebfn Z, t\u1eeb nh\u1eefng ki\u1ebfn th\u1ee9c c\u01a1 b\u1ea3n (\u00fd ngh\u0129a 78 l\u00e1 b\u00e0i, c\u00e1c c\u00e1ch tr\u1ea3i b\u00e0i ph\u1ed5 bi\u1ebfn,\u2026) \u0111\u1ebfn c\u00e1c ph\u1ee5 ch\u00fa n\u00e2ng cao d\u00e0nh cho c\u00e1c Tarot reader.<\/p>\n","protected":false},"featured_media":22338,"template":"","meta":{"_acf_changed":false},"product_brand":[],"product_cat":[18,15,76],"product_tag":[],"class_list":{"0":"post-22339","1":"product","2":"type-product","3":"status-publish","4":"has-post-thumbnail","6":"product_cat-kinh-te","7":"product_cat-sach-danh-cho-nguoi-lon","8":"product_cat-ton-giao-tam-linh","10":"first","11":"instock","12":"taxable","13":"shipping-taxable","14":"purchasable","15":"product-type-simple"},"supplier_id":null,"supplier_sku":"","barcode":null,"atum_controlled":true,"out_stock_date":null,"out_stock_threshold":null,"inheritable":false,"inbound_stock":0,"stock_on_hold":0,"sold_today":0,"sales_last_days":0,"reserved_stock":0,"customer_returns":0,"warehouse_damage":0,"lost_in_post":0,"other_logs":0,"out_stock_days":0,"lost_sales":0,"has_location":false,"update_date":"2026-01-28T23:11:21","atum_locations":[],"atum_stock_status":"instock","restock_status":false,"low_stock_amount":"","sales_update_date":"2026-01-28T23:11:20","calc_backorders":null,"acf":{"publisher":false},"_links":{"self":[{"href":"https:\/\/sachviet.eu\/en\/wp-json\/wp\/v2\/product\/22339","targetHints":{"allow":["GET"]}}],"collection":[{"href":"https:\/\/sachviet.eu\/en\/wp-json\/wp\/v2\/product"}],"about":[{"href":"https:\/\/sachviet.eu\/en\/wp-json\/wp\/v2\/types\/product"}],"wp:featuredmedia":[{"embeddable":true,"href":"https:\/\/sachviet.eu\/en\/wp-json\/wp\/v2\/media\/22338"}],"wp:attachment":[{"href":"https:\/\/sachviet.eu\/en\/wp-json\/wp\/v2\/media?parent=22339"}],"wp:term":[{"taxonomy":"product_brand","embeddable":true,"href":"https:\/\/sachviet.eu\/en\/wp-json\/wp\/v2\/product_brand?post=22339"},{"taxonomy":"product_cat","embeddable":true,"href":"https:\/\/sachviet.eu\/en\/wp-json\/wp\/v2\/product_cat?post=22339"},{"taxonomy":"product_tag","embeddable":true,"href":"https:\/\/sachviet.eu\/en\/wp-json\/wp\/v2\/product_tag?post=22339"}],"curies":[{"name":"wp","href":"https:\/\/api.w.org\/{rel}","templated":true}]}}