{"id":22335,"date":"2023-01-21T02:37:12","date_gmt":"2023-01-21T00:37:12","guid":{"rendered":"https:\/\/sachviet.eu\/shop\/lich-su-the-gioi-chan-dung-nhan-loai-theo-dong-su-kien\/"},"modified":"2023-01-25T23:11:29","modified_gmt":"2023-01-25T21:11:29","slug":"lich-su-the-gioi-chan-dung-nhan-loai-theo-dong-su-kien","status":"publish","type":"product","link":"https:\/\/sachviet.eu\/en\/shop\/lich-su-the-gioi-chan-dung-nhan-loai-theo-dong-su-kien\/","title":{"rendered":"L\u1ecbch S\u1eed Th\u1ebf Gi\u1edbi: Ch\u00e2n Dung Nh\u00e2n Lo\u1ea1i Theo D\u00f2ng S\u1ef1 Ki\u1ec7n"},"content":{"rendered":"<p>V\u1edbi l\u01b0\u1ee3ng th\u00f4ng tin v\u00e0 h\u00ecnh \u1ea3nh \u0111\u1ed3 s\u1ed9, cu\u1ed1n s\u00e1ch l\u00e0 h\u00e0nh tr\u00ecnh h\u1ea5p d\u1eabn gi\u00fap b\u1ea1n kh\u00e1m ph\u00e1 c\u00e1c b\u01b0\u1edbc ti\u1ebfn l\u1ecbch s\u1eed \u0111\u00e3 l\u00e0m n\u00ean ch\u00e2n dung nh\u00e2n lo\u1ea1i ng\u00e0y nay.<\/p>\n<p>TO\u00c0N DI\u1ec6N V\u00c0 \u0110\u1ed8C \u0110\u00c1O<\/p>\n<p>M\u1edf \u0111\u1ea7u t\u1eeb s\u1ef1 xu\u1ea5t hi\u1ec7n lo\u00e0i ng\u01b0\u1eddi, cu\u1ed1n s\u00e1ch \u0111\u01b0a b\u1ea1n qua ti\u1ebfn tr\u00ecnh ph\u00e1t tri\u1ec3n v\u00e0 suy t\u00e0n c\u1ee7a c\u00e1c n\u1ec1n v\u0103n minh tr\u00ean to\u00e0n th\u1ebf gi\u1edbi, m\u00e0 tr\u1ecdng t\u00e2m l\u00e0 c\u00e1c s\u1ef1 ki\u1ec7n chi\u1ebfn tranh, th\u01b0\u01a1ng m\u1ea1i v\u00e0 th\u00e1m hi\u1ec3m, c\u00e1c cu\u1ed9c c\u00e1ch m\u1ea1ng v\u00e0 \u0111\u1ed5i thay c\u00f4ng ngh\u1ec7\u2026 \u0110\u1eb7c bi\u1ec7t, n\u1ed9i dung s\u00e1ch kh\u00f4ng chia theo ch\u1ee7 \u0111\u1ec1 hay khu v\u1ef1c m\u00e0 \u0111\u01b0\u1ee3c tr\u00ecnh b\u00e0y theo di\u1ec5n ti\u1ebfn th\u1eddi gian nh\u1eb1m gi\u00fap b\u1ea1n c\u00f3 c\u00e1i nh\u00ecn to\u00e0n c\u1ea3nh v\u00e0 so s\u00e1nh v\u1ec1 s\u1ef1 ph\u00e1t tri\u1ec3n c\u1ee7a c\u00e1c qu\u1ed1c gia, d\u00e2n t\u1ed9c t\u1ea1i c\u00f9ng m\u1ed9t th\u1eddi \u0111i\u1ec3m trong qu\u00e1 kh\u1ee9.<\/p>\n<p>MINH H\u1eccA S\u1ed0NG \u0110\u1ed8NG<\/p>\n<p>B\u00ean c\u1ea1nh l\u01b0\u1ee3ng th\u00f4ng tin d\u1ed3i d\u00e0o, cu\u1ed1n s\u00e1ch c\u00f2n cung c\u1ea5p h\u01a1n 1000 h\u00ecnh minh h\u1ecda \u0111\u1ed9c \u0111\u00e1o bao g\u1ed3m c\u00e1c hi\u1ec7n v\u1eadt, t\u00e1c ph\u1ea9m ngh\u1ec7 thu\u1eadt, \u1ea3nh t\u01b0 li\u1ec7u nh\u1eb1m t\u00e1i hi\u1ec7n ch\u00e2n dung c\u00e1c n\u1ec1n v\u0103n h\u00f3a, s\u1ef1 ki\u1ec7n v\u00e0 nh\u00e2n v\u1eadt. Ngo\u00e0i ra, cu\u1ed1n s\u00e1ch c\u00f2n c\u00f3 h\u00e0ng tr\u0103m bi\u1ec3u \u0111\u1ed3, b\u1ea3n \u0111\u1ed3 v\u00e0 s\u1ed1 li\u1ec7u ph\u1ea3n \u00e1nh quy m\u00f4, t\u00ednh ch\u1ea5t v\u00e0 di\u1ec5n bi\u1ebfn c\u1ee7a c\u00e1c s\u1ef1 ki\u1ec7n, th\u1eddi k\u00ec l\u1ecbch s\u1eed.<\/p>\n<p>\u0110\u1ed8I NG\u0168 BI\u00caN SO\u1ea0N UY T\u00cdN<\/p>\n<p>\u0110\u00e2y l\u00e0 c\u00f4ng tr\u00ecnh bi\u00ean so\u1ea1n c\u1ee7a nhi\u1ec1u gi\u1ea3ng vi\u00ean, nh\u00e0 nghi\u00ean c\u1ee9u t\u1eeb c\u00e1c tr\u01b0\u1eddng \u0111\u1ea1i h\u1ecdc danh ti\u1ebfng c\u1ee7a Anh qu\u1ed1c nh\u01b0 Oxford, Cambridge, Edinburgh c\u00f9ng s\u1ef1 \u0111\u00f3ng g\u00f3p c\u1ee7a \u0111\u1ed9i ng\u0169 chuy\u00ean gia t\u1eeb Vi\u1ec7n Smithsonian, m\u1ed9t h\u1ec7 th\u1ed1ng bao g\u1ed3m g\u1ea7n 20 b\u1ea3o t\u00e0ng v\u00e0 trung t\u00e2m nghi\u00ean c\u1ee9u c\u1ea5p qu\u1ed1c gia c\u1ee7a Hoa K\u1ef3, n\u01a1i l\u01b0u gi\u1eef 138 tri\u1ec7u hi\u1ec7n v\u1eadt c\u00f9ng c\u00e1c t\u01b0 li\u1ec7u qu\u00fd gi\u00e1 v\u1ec1 l\u1ecbch s\u1eed nh\u00e2n lo\u1ea1i.<\/p>\n<p>\u0110\u1eb6C BI\u1ec6T B\u1ed4 SUNG<\/p>\n<p>V\u1edbi mong mu\u1ed1n ti\u1ebfp c\u1eadn t\u1ed1t h\u01a1n s\u1ef1 quan t\u00e2m c\u1ee7a \u0111\u1ed9c gi\u1ea3 trong n\u01b0\u1edbc, nh\u00f3m bi\u00ean d\u1ecbch v\u00e0 hi\u1ec7u \u0111\u00ednh \u0111\u00e3 b\u1ed5 sung m\u1ed9t s\u1ed1 s\u1ef1 ki\u1ec7n l\u1ecbch s\u1eed ti\u00eau bi\u1ec3u c\u1ee7a Vi\u1ec7t Nam v\u00e0o \u1ea5n b\u1ea3n ti\u1ebfng Vi\u1ec7t. C\u00e1c s\u1ef1 ki\u1ec7n n\u00e0y \u0111\u01b0\u1ee3c ch\u1ecdn l\u1ecdc m\u1ed9t c\u00e1ch c\u1ea9n tr\u1ecdng, tu\u00e2n th\u1ee7 tinh th\u1ea7n chung c\u1ee7a b\u1ea3n g\u1ed1c \u0111\u1ec3 \u0111\u1ea3m b\u1ea3o t\u00ednh nh\u1ea5t qu\u00e1n v\u1edbi t\u1ed5ng th\u1ec3. Qua \u0111\u00f3, b\u1ea1n \u0111\u1ecdc s\u1ebd c\u00f3 c\u00e1i nh\u00ecn \u0111\u1ed1i s\u00e1nh v\u1ec1 tr\u00ecnh \u0111\u1ed9 ph\u00e1t tri\u1ec3n, c\u00e1c b\u01b0\u1edbc ti\u1ebfn c\u1ee7a l\u1ecbch s\u1eed Vi\u1ec7t Nam so v\u1edbi c\u00e1c qu\u1ed1c gia trong khu v\u1ef1c v\u00e0 tr\u00ean th\u1ebf gi\u1edbi.<\/p>\n","protected":false},"excerpt":{"rendered":"<p>V\u1edbi l\u01b0\u1ee3ng th\u00f4ng tin v\u00e0 h\u00ecnh \u1ea3nh \u0111\u1ed3 s\u1ed9, cu\u1ed1n s\u00e1ch l\u00e0 h\u00e0nh tr\u00ecnh h\u1ea5p d\u1eabn gi\u00fap b\u1ea1n kh\u00e1m ph\u00e1 c\u00e1c b\u01b0\u1edbc ti\u1ebfn l\u1ecbch s\u1eed \u0111\u00e3 l\u00e0m n\u00ean ch\u00e2n dung nh\u00e2n lo\u1ea1i ng\u00e0y nay.<\/p>\n<p>TO\u00c0N DI\u1ec6N V\u00c0 \u0110\u1ed8C \u0110\u00c1O<\/p>\n<p>M\u1edf \u0111\u1ea7u t\u1eeb s\u1ef1 xu\u1ea5t hi\u1ec7n lo\u00e0i ng\u01b0\u1eddi, cu\u1ed1n s\u00e1ch \u0111\u01b0a b\u1ea1n qua ti\u1ebfn tr\u00ecnh ph\u00e1t tri\u1ec3n v\u00e0 suy t\u00e0n c\u1ee7a c\u00e1c n\u1ec1n v\u0103n minh tr\u00ean to\u00e0n th\u1ebf gi\u1edbi, m\u00e0 tr\u1ecdng t\u00e2m l\u00e0 c\u00e1c s\u1ef1 ki\u1ec7n chi\u1ebfn tranh, th\u01b0\u01a1ng m\u1ea1i v\u00e0 th\u00e1m hi\u1ec3m, c\u00e1c cu\u1ed9c c\u00e1ch m\u1ea1ng v\u00e0 \u0111\u1ed5i thay c\u00f4ng ngh\u1ec7\u2026 \u0110\u1eb7c bi\u1ec7t, n\u1ed9i dung s\u00e1ch kh\u00f4ng chia theo ch\u1ee7 \u0111\u1ec1 hay khu v\u1ef1c m\u00e0 \u0111\u01b0\u1ee3c tr\u00ecnh b\u00e0y theo di\u1ec5n ti\u1ebfn th\u1eddi gian nh\u1eb1m gi\u00fap b\u1ea1n c\u00f3 c\u00e1i nh\u00ecn to\u00e0n c\u1ea3nh v\u00e0 so s\u00e1nh v\u1ec1 s\u1ef1 ph\u00e1t tri\u1ec3n c\u1ee7a c\u00e1c qu\u1ed1c gia, d\u00e2n t\u1ed9c t\u1ea1i c\u00f9ng m\u1ed9t th\u1eddi \u0111i\u1ec3m trong qu\u00e1 kh\u1ee9.<\/p>\n<p>MINH H\u1eccA S\u1ed0NG \u0110\u1ed8NG<\/p>\n<p>B\u00ean c\u1ea1nh l\u01b0\u1ee3ng th\u00f4ng tin d\u1ed3i d\u00e0o, cu\u1ed1n s\u00e1ch c\u00f2n cung c\u1ea5p h\u01a1n 1000 h\u00ecnh minh h\u1ecda \u0111\u1ed9c \u0111\u00e1o bao g\u1ed3m c\u00e1c hi\u1ec7n v\u1eadt, t\u00e1c ph\u1ea9m ngh\u1ec7 thu\u1eadt, \u1ea3nh t\u01b0 li\u1ec7u nh\u1eb1m t\u00e1i hi\u1ec7n ch\u00e2n dung c\u00e1c n\u1ec1n v\u0103n h\u00f3a, s\u1ef1 ki\u1ec7n v\u00e0 nh\u00e2n v\u1eadt. Ngo\u00e0i ra, cu\u1ed1n s\u00e1ch c\u00f2n c\u00f3 h\u00e0ng tr\u0103m bi\u1ec3u \u0111\u1ed3, b\u1ea3n \u0111\u1ed3 v\u00e0 s\u1ed1 li\u1ec7u ph\u1ea3n \u00e1nh quy m\u00f4, t\u00ednh ch\u1ea5t v\u00e0 di\u1ec5n bi\u1ebfn c\u1ee7a c\u00e1c s\u1ef1 ki\u1ec7n, th\u1eddi k\u00ec l\u1ecbch s\u1eed.<\/p>\n<p>\u0110\u1ed8I NG\u0168 BI\u00caN SO\u1ea0N UY T\u00cdN<\/p>\n<p>\u0110\u00e2y l\u00e0 c\u00f4ng tr\u00ecnh bi\u00ean so\u1ea1n c\u1ee7a nhi\u1ec1u gi\u1ea3ng vi\u00ean, nh\u00e0 nghi\u00ean c\u1ee9u t\u1eeb c\u00e1c tr\u01b0\u1eddng \u0111\u1ea1i h\u1ecdc danh ti\u1ebfng c\u1ee7a Anh qu\u1ed1c nh\u01b0 Oxford, Cambridge, Edinburgh c\u00f9ng s\u1ef1 \u0111\u00f3ng g\u00f3p c\u1ee7a \u0111\u1ed9i ng\u0169 chuy\u00ean gia t\u1eeb Vi\u1ec7n Smithsonian, m\u1ed9t h\u1ec7 th\u1ed1ng bao g\u1ed3m g\u1ea7n 20 b\u1ea3o t\u00e0ng v\u00e0 trung t\u00e2m nghi\u00ean c\u1ee9u c\u1ea5p qu\u1ed1c gia c\u1ee7a Hoa K\u1ef3, n\u01a1i l\u01b0u gi\u1eef 138 tri\u1ec7u hi\u1ec7n v\u1eadt c\u00f9ng c\u00e1c t\u01b0 li\u1ec7u qu\u00fd gi\u00e1 v\u1ec1 l\u1ecbch s\u1eed nh\u00e2n lo\u1ea1i.<\/p>\n<p>\u0110\u1eb6C BI\u1ec6T B\u1ed4 SUNG<\/p>\n<p>V\u1edbi mong mu\u1ed1n ti\u1ebfp c\u1eadn t\u1ed1t h\u01a1n s\u1ef1 quan t\u00e2m c\u1ee7a \u0111\u1ed9c gi\u1ea3 trong n\u01b0\u1edbc, nh\u00f3m bi\u00ean d\u1ecbch v\u00e0 hi\u1ec7u \u0111\u00ednh \u0111\u00e3 b\u1ed5 sung m\u1ed9t s\u1ed1 s\u1ef1 ki\u1ec7n l\u1ecbch s\u1eed ti\u00eau bi\u1ec3u c\u1ee7a Vi\u1ec7t Nam v\u00e0o \u1ea5n b\u1ea3n ti\u1ebfng Vi\u1ec7t. C\u00e1c s\u1ef1 ki\u1ec7n n\u00e0y \u0111\u01b0\u1ee3c ch\u1ecdn l\u1ecdc m\u1ed9t c\u00e1ch c\u1ea9n tr\u1ecdng, tu\u00e2n th\u1ee7 tinh th\u1ea7n chung c\u1ee7a b\u1ea3n g\u1ed1c \u0111\u1ec3 \u0111\u1ea3m b\u1ea3o t\u00ednh nh\u1ea5t qu\u00e1n v\u1edbi t\u1ed5ng th\u1ec3. Qua \u0111\u00f3, b\u1ea1n \u0111\u1ecdc s\u1ebd c\u00f3 c\u00e1i nh\u00ecn \u0111\u1ed1i s\u00e1nh v\u1ec1 tr\u00ecnh \u0111\u1ed9 ph\u00e1t tri\u1ec3n, c\u00e1c b\u01b0\u1edbc ti\u1ebfn c\u1ee7a l\u1ecbch s\u1eed Vi\u1ec7t Nam so v\u1edbi c\u00e1c qu\u1ed1c gia trong khu v\u1ef1c v\u00e0 tr\u00ean th\u1ebf gi\u1edbi.<\/p>\n","protected":false},"featured_media":22334,"template":"","meta":{"_acf_changed":false},"product_brand":[],"product_cat":[18],"product_tag":[],"class_list":{"0":"post-22335","1":"product","2":"type-product","3":"status-publish","4":"has-post-thumbnail","6":"product_cat-kinh-te","8":"first","9":"instock","10":"taxable","11":"shipping-taxable","12":"purchasable","13":"product-type-simple"},"supplier_id":null,"supplier_sku":"","barcode":null,"atum_controlled":true,"out_stock_date":null,"out_stock_threshold":null,"inheritable":false,"inbound_stock":0,"stock_on_hold":0,"sold_today":0,"sales_last_days":0,"reserved_stock":0,"customer_returns":0,"warehouse_damage":0,"lost_in_post":0,"other_logs":0,"out_stock_days":0,"lost_sales":0,"has_location":false,"update_date":"2026-01-28T23:11:08","atum_locations":[],"atum_stock_status":"instock","restock_status":false,"low_stock_amount":"","sales_update_date":"2026-01-28T23:11:08","calc_backorders":null,"acf":{"publisher":null},"_links":{"self":[{"href":"https:\/\/sachviet.eu\/en\/wp-json\/wp\/v2\/product\/22335","targetHints":{"allow":["GET"]}}],"collection":[{"href":"https:\/\/sachviet.eu\/en\/wp-json\/wp\/v2\/product"}],"about":[{"href":"https:\/\/sachviet.eu\/en\/wp-json\/wp\/v2\/types\/product"}],"wp:featuredmedia":[{"embeddable":true,"href":"https:\/\/sachviet.eu\/en\/wp-json\/wp\/v2\/media\/22334"}],"wp:attachment":[{"href":"https:\/\/sachviet.eu\/en\/wp-json\/wp\/v2\/media?parent=22335"}],"wp:term":[{"taxonomy":"product_brand","embeddable":true,"href":"https:\/\/sachviet.eu\/en\/wp-json\/wp\/v2\/product_brand?post=22335"},{"taxonomy":"product_cat","embeddable":true,"href":"https:\/\/sachviet.eu\/en\/wp-json\/wp\/v2\/product_cat?post=22335"},{"taxonomy":"product_tag","embeddable":true,"href":"https:\/\/sachviet.eu\/en\/wp-json\/wp\/v2\/product_tag?post=22335"}],"curies":[{"name":"wp","href":"https:\/\/api.w.org\/{rel}","templated":true}]}}