{"id":22331,"date":"2023-01-21T02:36:53","date_gmt":"2023-01-21T00:36:53","guid":{"rendered":"https:\/\/sachviet.eu\/shop\/tranh-truyen-ehon-nhat-ban-chu-tho-cat-toc-xoet-xoet\/"},"modified":"2023-01-27T15:16:40","modified_gmt":"2023-01-27T13:16:40","slug":"tranh-truyen-ehon-nhat-ban-chu-tho-cat-toc-xoet-xoet","status":"publish","type":"product","link":"https:\/\/sachviet.eu\/en\/shop\/tranh-truyen-ehon-nhat-ban-chu-tho-cat-toc-xoet-xoet\/","title":{"rendered":"Tranh Truy\u1ec7n Ehon Nh\u1eadt B\u1ea3n &#8211; Ch\u00fa Th\u1ee3 C\u1eaft T\u00f3c Xo\u1eb9t Xo\u1eb9t"},"content":{"rendered":"<p>\u1ede ngo\u1ea1i \u00f4 th\u1ecb tr\u1ea5n c\u00f3 ti\u1ec7m c\u1eaft t\u00f3c c\u1ee7a ch\u00fa Xo\u1eb9t Xo\u1eb9t. H\u00e0ng ng\u00e0y ch\u00fa l\u00e0m vi\u1ec7c r\u1ea5t vui v\u1ebb, l\u00fac th\u00ec c\u1eaft t\u00f3c, l\u00fac g\u1ed9i \u0111\u1ea7u, khi th\u00ec c\u1ea1o r\u00e2u. M\u1ed9t ng\u00e0y n\u1ecd, c\u00f3 r\u1ea5t nhi\u1ec1u v\u1ecb kh\u00e1ch k\u1ef3 l\u1ea1 t\u1edbi c\u1eeda ti\u1ec7m c\u1ee7a ch\u00fa b\u1edfi v\u00ec m\u1ed9t m\u1ed9t d\u00f2ng ch\u1eef vi\u1ebft nghu\u1ec7ch ngo\u1ea1c tr\u00ean t\u1ea5m b\u1ea3ng hi\u1ec7u. Th\u1ebf nh\u01b0ng ch\u00fa v\u1eabn th\u1ea5y r\u1ea5t l\u00e0 vui ^^!<\/p>\n","protected":false},"excerpt":{"rendered":"<p>\u1ede ngo\u1ea1i \u00f4 th\u1ecb tr\u1ea5n c\u00f3 ti\u1ec7m c\u1eaft t\u00f3c c\u1ee7a ch\u00fa Xo\u1eb9t Xo\u1eb9t. H\u00e0ng ng\u00e0y ch\u00fa l\u00e0m vi\u1ec7c r\u1ea5t vui v\u1ebb, l\u00fac th\u00ec c\u1eaft t\u00f3c, l\u00fac g\u1ed9i \u0111\u1ea7u, khi th\u00ec c\u1ea1o r\u00e2u. M\u1ed9t ng\u00e0y n\u1ecd, c\u00f3 r\u1ea5t nhi\u1ec1u v\u1ecb kh\u00e1ch k\u1ef3 l\u1ea1 t\u1edbi c\u1eeda ti\u1ec7m c\u1ee7a ch\u00fa b\u1edfi v\u00ec m\u1ed9t m\u1ed9t d\u00f2ng ch\u1eef vi\u1ebft nghu\u1ec7ch ngo\u1ea1c tr\u00ean t\u1ea5m b\u1ea3ng hi\u1ec7u. Th\u1ebf nh\u01b0ng ch\u00fa v\u1eabn th\u1ea5y r\u1ea5t l\u00e0 vui ^^!<\/p>\n","protected":false},"featured_media":22330,"template":"","meta":{"_acf_changed":false},"product_brand":[],"product_cat":[24,25,17],"product_tag":[83],"class_list":{"0":"post-22331","1":"product","2":"type-product","3":"status-publish","4":"has-post-thumbnail","6":"product_cat-nha-tre-mau-giao-0-tuoi-6-tuoi","7":"product_cat-nhi-dong-6-tuoi-12-tuoi","8":"product_cat-sach-danh-cho-cac-be","9":"product_tag-sach-moi-xuat-ban","11":"first","12":"outofstock","13":"taxable","14":"shipping-taxable","15":"purchasable","16":"product-type-simple"},"supplier_id":null,"supplier_sku":"","barcode":null,"atum_controlled":true,"out_stock_date":"2023-01-27 13:16:40","out_stock_threshold":null,"inheritable":false,"inbound_stock":0,"stock_on_hold":0,"sold_today":0,"sales_last_days":0,"reserved_stock":0,"customer_returns":0,"warehouse_damage":0,"lost_in_post":0,"other_logs":0,"out_stock_days":1097,"lost_sales":0,"has_location":false,"update_date":"2026-01-28T23:11:08","atum_locations":[],"atum_stock_status":"outofstock","restock_status":false,"low_stock_amount":"","sales_update_date":"2026-01-28T23:11:08","calc_backorders":null,"acf":{"publisher":null},"_links":{"self":[{"href":"https:\/\/sachviet.eu\/en\/wp-json\/wp\/v2\/product\/22331","targetHints":{"allow":["GET"]}}],"collection":[{"href":"https:\/\/sachviet.eu\/en\/wp-json\/wp\/v2\/product"}],"about":[{"href":"https:\/\/sachviet.eu\/en\/wp-json\/wp\/v2\/types\/product"}],"wp:featuredmedia":[{"embeddable":true,"href":"https:\/\/sachviet.eu\/en\/wp-json\/wp\/v2\/media\/22330"}],"wp:attachment":[{"href":"https:\/\/sachviet.eu\/en\/wp-json\/wp\/v2\/media?parent=22331"}],"wp:term":[{"taxonomy":"product_brand","embeddable":true,"href":"https:\/\/sachviet.eu\/en\/wp-json\/wp\/v2\/product_brand?post=22331"},{"taxonomy":"product_cat","embeddable":true,"href":"https:\/\/sachviet.eu\/en\/wp-json\/wp\/v2\/product_cat?post=22331"},{"taxonomy":"product_tag","embeddable":true,"href":"https:\/\/sachviet.eu\/en\/wp-json\/wp\/v2\/product_tag?post=22331"}],"curies":[{"name":"wp","href":"https:\/\/api.w.org\/{rel}","templated":true}]}}