{"id":22329,"date":"2023-01-21T02:36:42","date_gmt":"2023-01-21T00:36:42","guid":{"rendered":"https:\/\/sachviet.eu\/shop\/bo-sach-nha-lanh-dao-nhi-5-cuon\/"},"modified":"2023-01-27T15:16:39","modified_gmt":"2023-01-27T13:16:39","slug":"bo-sach-nha-lanh-dao-nhi-5-cuon","status":"publish","type":"product","link":"https:\/\/sachviet.eu\/en\/shop\/bo-sach-nha-lanh-dao-nhi-5-cuon\/","title":{"rendered":"B\u1ed9 S\u00e1ch Nh\u00e0 L\u00e3nh \u0110\u1ea1o Nh\u00ed (5 Cu\u1ed1n)"},"content":{"rendered":"<p>B\u1ed9 s\u00e1ch g\u1ed3m 5 cu\u1ed1n, trau d\u1ed3i 5 k\u0129 n\u0103ng quan tr\u1ecdng cho s\u1ef1 tr\u01b0\u1edfng th\u00e0nh c\u1ee7a m\u1ed7i \u0111\u1ee9a tr\u1ebb: k\u0129 n\u0103ng x\u00e2y d\u1ef1ng t\u1ea7m nh\u00ecn, qu\u1ea3n l\u00fd th\u1eddi gian, gi\u1eef g\u00ecn ph\u00e9p t\u1eafc, ki\u1ec3m so\u00e1t b\u1ea3n th\u00e2n, k\u0129 n\u0103ng \u0111\u1ed9ng n\u00e3o.<\/p>\n<p>M\u1ed7i cu\u1ed1n s\u00e1ch nh\u1ecf \u0111\u01b0\u1ee3c k\u1ec3 b\u1eb1ng 1 c\u00e2u chuy\u1ec7n h\u1ea5p d\u1eabn, ng\u00f4n t\u1eeb hay, th\u1ebf gi\u1edbi nh\u00e2n v\u1eadt \u0111\u00e1ng y\u00eau, g\u1ea7n g\u0169i, mi\u00eau t\u1ea3 ngo\u1ea1i c\u1ea3nh sinh \u0111\u1ed9ng v\u00e0 minh h\u1ecda \u0111\u1eb9p \u0111\u1ebd&#8230;<\/p>\n<p>\u0110i\u1ec1u r\u1ea5t th\u00fa v\u1ecb l\u00e0 nh\u1eefng th\u00f4ng \u0111i\u1ec7p v\u1ec1 vi\u1ec7c r\u00e8n luy\u1ec7n c\u00e1c k\u0129 n\u0103ng \u0111\u01b0\u1ee3c l\u1ed3ng gh\u00e9p v\u00e0o t\u1eebng c\u00e2u chuy\u1ec7n gi\u1ea3n d\u1ecb, ng\u1ecdt ng\u00e0o, \u1ea5m \u00e1p; \u0111em \u0111\u1ebfn nhi\u1ec1u th\u00f4ng \u0111i\u1ec7p \u00fd ngh\u0129a.<\/p>\n<p>Nh\u00e0 l\u00e3nh \u0111\u1ea1o nh\u00ed- tr\u01b0\u1edbc khi tr\u1edf th\u00e0nh ng\u01b0\u1eddi l\u00e3nh \u0111\u1ea1o t\u00e0i ba th\u00ec ch\u00ednh b\u1ea3n th\u00e2n ph\u1ea3i tr\u01b0\u1edfng th\u00e0nh tr\u01b0\u1edbc nh\u1ec9?<\/p>\n<p>Tr\u1ecdn b\u1ed9 5 cu\u1ed1n- B\u1ed9 s\u00e1ch \u201cNh\u00e0 l\u00e3nh \u0111\u1ea1o nh\u00ed\u201d<\/p>\n<p>Ai k\u00e9o c\u1ed7 xe tr\u01b0\u1ee3t tuy\u1ebft<\/p>\n<p>Tr\u01b0\u1eddng h\u1ecdc c\u1ee7a h\u1ecdc sinh h\u01b0<\/p>\n<p>Chi\u1ebfc c\u1eb7p mang nh\u1eefng \u01b0\u1edbc m\u01a1<\/p>\n<p>Ch\u00fang em y\u00eau c\u00f4 gi\u00e1o<\/p>\n<p>Th\u1eddi gian bi\u1ec3u c\u1ee7a thi\u00ean th\u1ea7n m\u00f9a \u0111\u00f4ng<\/p>\n","protected":false},"excerpt":{"rendered":"<p>B\u1ed9 s\u00e1ch g\u1ed3m 5 cu\u1ed1n, trau d\u1ed3i 5 k\u0129 n\u0103ng quan tr\u1ecdng cho s\u1ef1 tr\u01b0\u1edfng th\u00e0nh c\u1ee7a m\u1ed7i \u0111\u1ee9a tr\u1ebb: k\u0129 n\u0103ng x\u00e2y d\u1ef1ng t\u1ea7m nh\u00ecn, qu\u1ea3n l\u00fd th\u1eddi gian, gi\u1eef g\u00ecn ph\u00e9p t\u1eafc, ki\u1ec3m so\u00e1t b\u1ea3n th\u00e2n, k\u0129 n\u0103ng \u0111\u1ed9ng n\u00e3o.<\/p>\n<p>M\u1ed7i cu\u1ed1n s\u00e1ch nh\u1ecf \u0111\u01b0\u1ee3c k\u1ec3 b\u1eb1ng 1 c\u00e2u chuy\u1ec7n h\u1ea5p d\u1eabn, ng\u00f4n t\u1eeb hay, th\u1ebf gi\u1edbi nh\u00e2n v\u1eadt \u0111\u00e1ng y\u00eau, g\u1ea7n g\u0169i, mi\u00eau t\u1ea3 ngo\u1ea1i c\u1ea3nh sinh \u0111\u1ed9ng v\u00e0 minh h\u1ecda \u0111\u1eb9p \u0111\u1ebd&#8230;<\/p>\n<p>\u0110i\u1ec1u r\u1ea5t th\u00fa v\u1ecb l\u00e0 nh\u1eefng th\u00f4ng \u0111i\u1ec7p v\u1ec1 vi\u1ec7c r\u00e8n luy\u1ec7n c\u00e1c k\u0129 n\u0103ng \u0111\u01b0\u1ee3c l\u1ed3ng gh\u00e9p v\u00e0o t\u1eebng c\u00e2u chuy\u1ec7n gi\u1ea3n d\u1ecb, ng\u1ecdt ng\u00e0o, \u1ea5m \u00e1p; \u0111em \u0111\u1ebfn nhi\u1ec1u th\u00f4ng \u0111i\u1ec7p \u00fd ngh\u0129a.<\/p>\n<p>Nh\u00e0 l\u00e3nh \u0111\u1ea1o nh\u00ed- tr\u01b0\u1edbc khi tr\u1edf th\u00e0nh ng\u01b0\u1eddi l\u00e3nh \u0111\u1ea1o t\u00e0i ba th\u00ec ch\u00ednh b\u1ea3n th\u00e2n ph\u1ea3i tr\u01b0\u1edfng th\u00e0nh tr\u01b0\u1edbc nh\u1ec9?<\/p>\n<p>Tr\u1ecdn b\u1ed9 5 cu\u1ed1n- B\u1ed9 s\u00e1ch \u201cNh\u00e0 l\u00e3nh \u0111\u1ea1o nh\u00ed\u201d<\/p>\n<p>Ai k\u00e9o c\u1ed7 xe tr\u01b0\u1ee3t tuy\u1ebft<\/p>\n<p>Tr\u01b0\u1eddng h\u1ecdc c\u1ee7a h\u1ecdc sinh h\u01b0<\/p>\n<p>Chi\u1ebfc c\u1eb7p mang nh\u1eefng \u01b0\u1edbc m\u01a1<\/p>\n<p>Ch\u00fang em y\u00eau c\u00f4 gi\u00e1o<\/p>\n<p>Th\u1eddi gian bi\u1ec3u c\u1ee7a thi\u00ean th\u1ea7n m\u00f9a \u0111\u00f4ng<\/p>\n","protected":false},"featured_media":22326,"template":"","meta":{"_acf_changed":false},"product_brand":[],"product_cat":[25,17,26],"product_tag":[83],"class_list":{"0":"post-22329","1":"product","2":"type-product","3":"status-publish","4":"has-post-thumbnail","6":"product_cat-nhi-dong-6-tuoi-12-tuoi","7":"product_cat-sach-danh-cho-cac-be","8":"product_cat-thieu-nien-11-tuoi-18-tuoi","9":"product_tag-sach-moi-xuat-ban","11":"first","12":"outofstock","13":"taxable","14":"shipping-taxable","15":"purchasable","16":"product-type-simple"},"supplier_id":null,"supplier_sku":"","barcode":null,"atum_controlled":true,"out_stock_date":"2023-01-27 13:16:39","out_stock_threshold":null,"inheritable":false,"inbound_stock":0,"stock_on_hold":0,"sold_today":0,"sales_last_days":0,"reserved_stock":0,"customer_returns":0,"warehouse_damage":0,"lost_in_post":0,"other_logs":0,"out_stock_days":1097,"lost_sales":0,"has_location":false,"update_date":"2026-01-28T23:11:08","atum_locations":[],"atum_stock_status":"outofstock","restock_status":false,"low_stock_amount":"","sales_update_date":"2026-01-28T23:11:08","calc_backorders":null,"acf":{"publisher":null},"_links":{"self":[{"href":"https:\/\/sachviet.eu\/en\/wp-json\/wp\/v2\/product\/22329","targetHints":{"allow":["GET"]}}],"collection":[{"href":"https:\/\/sachviet.eu\/en\/wp-json\/wp\/v2\/product"}],"about":[{"href":"https:\/\/sachviet.eu\/en\/wp-json\/wp\/v2\/types\/product"}],"wp:featuredmedia":[{"embeddable":true,"href":"https:\/\/sachviet.eu\/en\/wp-json\/wp\/v2\/media\/22326"}],"wp:attachment":[{"href":"https:\/\/sachviet.eu\/en\/wp-json\/wp\/v2\/media?parent=22329"}],"wp:term":[{"taxonomy":"product_brand","embeddable":true,"href":"https:\/\/sachviet.eu\/en\/wp-json\/wp\/v2\/product_brand?post=22329"},{"taxonomy":"product_cat","embeddable":true,"href":"https:\/\/sachviet.eu\/en\/wp-json\/wp\/v2\/product_cat?post=22329"},{"taxonomy":"product_tag","embeddable":true,"href":"https:\/\/sachviet.eu\/en\/wp-json\/wp\/v2\/product_tag?post=22329"}],"curies":[{"name":"wp","href":"https:\/\/api.w.org\/{rel}","templated":true}]}}