{"id":22325,"date":"2023-01-21T02:36:27","date_gmt":"2023-01-21T00:36:27","guid":{"rendered":"https:\/\/sachviet.eu\/shop\/uoc-gi-chau-khong-bi-mang\/"},"modified":"2023-01-27T15:16:38","modified_gmt":"2023-01-27T13:16:38","slug":"uoc-gi-chau-khong-bi-mang","status":"publish","type":"product","link":"https:\/\/sachviet.eu\/en\/shop\/uoc-gi-chau-khong-bi-mang\/","title":{"rendered":"\u01af\u1edbc G\u00ec Ch\u00e1u Kh\u00f4ng B\u1ecb M\u1eafng"},"content":{"rendered":"<p>\u201c\u01af\u1edbc g\u00ec ch\u00e1u kh\u00f4ng b\u1ecb m\u1eafng\u201d l\u00e0 m\u1ed9t cu\u1ed1n s\u00e1ch \u00fd ngh\u0129a kh\u00f4ng ch\u1ec9 d\u00e0nh cho tr\u1ebb m\u00e0 c\u00f2n c\u1ea3 c\u00e1c b\u1eadc ph\u1ee5 huynh v\u00e0 ng\u01b0\u1eddi l\u1edbn n\u00f3i chung.<\/p>\n<p>C\u00e2u chuy\u1ec7n k\u1ec3 v\u1ec1 m\u1ed9t c\u1eadu b\u00e9 th\u01b0\u1eddng hay b\u1ecb m\u1eb9 m\u1eafng khi \u1edf nh\u00e0 v\u00e0 c\u00e1c th\u1ea7y c\u00f4 m\u1eafng khi \u1edf tr\u01b0\u1eddng. \u0110i\u1ec1u \u0111\u1eb7c bi\u1ec7t l\u00e0 c\u1eadu bi\u1ebft m\u00ecnh s\u1ebd b\u1ecb m\u1eafng trong ho\u00e0n c\u1ea3nh n\u00e0o: khi em kh\u00f3c, khi l\u00e0m c\u00e1c b\u1ea1n kh\u00f3c, khi m\u00ecnh n\u1ed9p b\u00e0i ch\u1eadm\u2026 C\u00f3 l\u1ebd nh\u1eefng t\u00ecnh hu\u1ed1ng \u1ea5y v\u1eabn th\u01b0\u1eddng xuy\u00ean x\u1ea3y ra v\u1edbi c\u1eadu, th\u1ebf nh\u01b0ng c\u1eadu l\u1ea1i kh\u00f4ng tr\u00e1nh \u0111\u01b0\u1ee3c v\u00e0 l\u1ea1i b\u1ecb m\u1eafng. Li\u1ec7u cu\u1ed1i c\u00f9ng c\u1eadu b\u00e9 c\u00f3 t\u00ecm ra \u0111\u01b0\u1ee3c c\u00e2u tr\u1ea3 l\u1eddi cho c\u00e2u h\u1ecfi \u201cL\u00e0m th\u1ebf n\u00e0o \u0111\u1ec3 kh\u00f4ng b\u1ecb m\u1eafng\u201d hay kh\u00f4ng? C\u00e1c b\u00e9 h\u00e3y \u0111\u1ecdc cu\u1ed1n s\u00e1ch th\u00fa v\u1ecb n\u00e0y v\u00e0 c\u00f9ng t\u00ecm c\u00e2u tr\u1ea3 l\u1eddi v\u1edbi b\u1ea1n nh\u00e2n v\u1eadt trong s\u00e1ch nh\u00e9.<\/p>\n<p>\u201c\u01af\u1edbc g\u00ec ch\u00e1u kh\u00f4ng b\u1ecb m\u1eafng\u201d gi\u1ed1ng nh\u01b0 l\u1eddi chia s\u1ebb c\u1ee7a c\u00e1c b\u1ea1n nh\u1ecf \u0111\u1ed1i v\u1edbi b\u1ed1 m\u1eb9 v\u00e0 nh\u1eefng ng\u01b0\u1eddi l\u1edbn xung quanh: H\u00e3y bi\u1ebft bao dung h\u01a1n v\u1edbi nh\u1eefng gi\u00e2y ph\u00fat ng\u1ecbch ng\u1ee3m, nh\u1eefng kho\u1ea3nh kh\u1eafc h\u1ed3n nhi\u00ean h\u01a1i qu\u00e1 \u0111\u00e0 c\u1ee7a tr\u1ebb. C\u00e1c b\u1ed1 m\u1eb9 h\u00e3y d\u1eabn d\u1eaft v\u00e0 \u0111\u1ed9ng vi\u00ean tr\u1ebb hi\u1ec3u \u0111\u01b0\u1ee3c nguy\u00ean nh\u00e2n c\u1ee7a v\u1ea5n \u0111\u1ec1 v\u00e0 gi\u00fap tr\u1ebb tim \u0111\u01b0\u1ee3c c\u00e2u tr\u1ea3 l\u1eddi \u201cl\u00e0m th\u1ebf n\u00e0o \u0111\u1ec3 kh\u00f4ng b\u1ecb m\u1eafng\u201d.<\/p>\n<p>Cu\u1ed1n s\u00e1ch \u0111\u01b0\u1ee3c vi\u1ebft b\u1edfi t\u00e1c gi\u1ea3 Shigenori Kusunoki v\u1edbi mong mu\u1ed1n n\u00f3i h\u1ed9 tr\u00e1i tim c\u1ee7a t\u1eebng \u0111\u1ee9a tr\u1ebb. \u00d4ng mong r\u1eb1ng \u201cng\u01b0\u1eddi l\u1edbn h\u00e3y c\u1ea3m nh\u1eadn nh\u1eefng mong mu\u1ed1n t\u1eeb trong s\u00e2u th\u1eb3m t\u00e2m h\u1ed3n tr\u1ebb b\u1eb1ng \u00e1nh m\u1eaft ch\u00e2n t\u00ecnh v\u00e0 tr\u00e1i tim th\u1eadt bao dung\u201d. \u201c\u01af\u1edbc g\u00ec ch\u00e1u kh\u00f4ng b\u1ecb m\u1eafng\u201d \u0111\u00e3 gi\u00e0nh \u0111\u01b0\u1ee3c gi\u1ea3i th\u01b0\u1edfng JBBY l\u1ea7n th\u1ee9 2 v\u00e0 gi\u1ea3i th\u01b0\u1edfng Ehon cho tr\u1ebb l\u1ea7n th\u1ee9 3 t\u1ea1i Nh\u1eadt B\u1ea3n.<\/p>\n","protected":false},"excerpt":{"rendered":"<p>\u201c\u01af\u1edbc g\u00ec ch\u00e1u kh\u00f4ng b\u1ecb m\u1eafng\u201d l\u00e0 m\u1ed9t cu\u1ed1n s\u00e1ch \u00fd ngh\u0129a kh\u00f4ng ch\u1ec9 d\u00e0nh cho tr\u1ebb m\u00e0 c\u00f2n c\u1ea3 c\u00e1c b\u1eadc ph\u1ee5 huynh v\u00e0 ng\u01b0\u1eddi l\u1edbn n\u00f3i chung.<\/p>\n<p>C\u00e2u chuy\u1ec7n k\u1ec3 v\u1ec1 m\u1ed9t c\u1eadu b\u00e9 th\u01b0\u1eddng hay b\u1ecb m\u1eb9 m\u1eafng khi \u1edf nh\u00e0 v\u00e0 c\u00e1c th\u1ea7y c\u00f4 m\u1eafng khi \u1edf tr\u01b0\u1eddng. \u0110i\u1ec1u \u0111\u1eb7c bi\u1ec7t l\u00e0 c\u1eadu bi\u1ebft m\u00ecnh s\u1ebd b\u1ecb m\u1eafng trong ho\u00e0n c\u1ea3nh n\u00e0o: khi em kh\u00f3c, khi l\u00e0m c\u00e1c b\u1ea1n kh\u00f3c, khi m\u00ecnh n\u1ed9p b\u00e0i ch\u1eadm\u2026 C\u00f3 l\u1ebd nh\u1eefng t\u00ecnh hu\u1ed1ng \u1ea5y v\u1eabn th\u01b0\u1eddng xuy\u00ean x\u1ea3y ra v\u1edbi c\u1eadu, th\u1ebf nh\u01b0ng c\u1eadu l\u1ea1i kh\u00f4ng tr\u00e1nh \u0111\u01b0\u1ee3c v\u00e0 l\u1ea1i b\u1ecb m\u1eafng. Li\u1ec7u cu\u1ed1i c\u00f9ng c\u1eadu b\u00e9 c\u00f3 t\u00ecm ra \u0111\u01b0\u1ee3c c\u00e2u tr\u1ea3 l\u1eddi cho c\u00e2u h\u1ecfi \u201cL\u00e0m th\u1ebf n\u00e0o \u0111\u1ec3 kh\u00f4ng b\u1ecb m\u1eafng\u201d hay kh\u00f4ng? C\u00e1c b\u00e9 h\u00e3y \u0111\u1ecdc cu\u1ed1n s\u00e1ch th\u00fa v\u1ecb n\u00e0y v\u00e0 c\u00f9ng t\u00ecm c\u00e2u tr\u1ea3 l\u1eddi v\u1edbi b\u1ea1n nh\u00e2n v\u1eadt trong s\u00e1ch nh\u00e9.<\/p>\n<p>\u201c\u01af\u1edbc g\u00ec ch\u00e1u kh\u00f4ng b\u1ecb m\u1eafng\u201d gi\u1ed1ng nh\u01b0 l\u1eddi chia s\u1ebb c\u1ee7a c\u00e1c b\u1ea1n nh\u1ecf \u0111\u1ed1i v\u1edbi b\u1ed1 m\u1eb9 v\u00e0 nh\u1eefng ng\u01b0\u1eddi l\u1edbn xung quanh: H\u00e3y bi\u1ebft bao dung h\u01a1n v\u1edbi nh\u1eefng gi\u00e2y ph\u00fat ng\u1ecbch ng\u1ee3m, nh\u1eefng kho\u1ea3nh kh\u1eafc h\u1ed3n nhi\u00ean h\u01a1i qu\u00e1 \u0111\u00e0 c\u1ee7a tr\u1ebb. C\u00e1c b\u1ed1 m\u1eb9 h\u00e3y d\u1eabn d\u1eaft v\u00e0 \u0111\u1ed9ng vi\u00ean tr\u1ebb hi\u1ec3u \u0111\u01b0\u1ee3c nguy\u00ean nh\u00e2n c\u1ee7a v\u1ea5n \u0111\u1ec1 v\u00e0 gi\u00fap tr\u1ebb tim \u0111\u01b0\u1ee3c c\u00e2u tr\u1ea3 l\u1eddi \u201cl\u00e0m th\u1ebf n\u00e0o \u0111\u1ec3 kh\u00f4ng b\u1ecb m\u1eafng\u201d.<\/p>\n<p>Cu\u1ed1n s\u00e1ch \u0111\u01b0\u1ee3c vi\u1ebft b\u1edfi t\u00e1c gi\u1ea3 Shigenori Kusunoki v\u1edbi mong mu\u1ed1n n\u00f3i h\u1ed9 tr\u00e1i tim c\u1ee7a t\u1eebng \u0111\u1ee9a tr\u1ebb. \u00d4ng mong r\u1eb1ng \u201cng\u01b0\u1eddi l\u1edbn h\u00e3y c\u1ea3m nh\u1eadn nh\u1eefng mong mu\u1ed1n t\u1eeb trong s\u00e2u th\u1eb3m t\u00e2m h\u1ed3n tr\u1ebb b\u1eb1ng \u00e1nh m\u1eaft ch\u00e2n t\u00ecnh v\u00e0 tr\u00e1i tim th\u1eadt bao dung\u201d. \u201c\u01af\u1edbc g\u00ec ch\u00e1u kh\u00f4ng b\u1ecb m\u1eafng\u201d \u0111\u00e3 gi\u00e0nh \u0111\u01b0\u1ee3c gi\u1ea3i th\u01b0\u1edfng JBBY l\u1ea7n th\u1ee9 2 v\u00e0 gi\u1ea3i th\u01b0\u1edfng Ehon cho tr\u1ebb l\u1ea7n th\u1ee9 3 t\u1ea1i Nh\u1eadt B\u1ea3n.<\/p>\n","protected":false},"featured_media":22323,"template":"","meta":{"_acf_changed":false},"product_brand":[],"product_cat":[24,25,17],"product_tag":[83],"class_list":{"0":"post-22325","1":"product","2":"type-product","3":"status-publish","4":"has-post-thumbnail","6":"product_cat-nha-tre-mau-giao-0-tuoi-6-tuoi","7":"product_cat-nhi-dong-6-tuoi-12-tuoi","8":"product_cat-sach-danh-cho-cac-be","9":"product_tag-sach-moi-xuat-ban","11":"first","12":"outofstock","13":"taxable","14":"shipping-taxable","15":"purchasable","16":"product-type-simple"},"supplier_id":null,"supplier_sku":"","barcode":null,"atum_controlled":true,"out_stock_date":"2023-01-27 13:16:38","out_stock_threshold":null,"inheritable":false,"inbound_stock":0,"stock_on_hold":0,"sold_today":0,"sales_last_days":0,"reserved_stock":0,"customer_returns":0,"warehouse_damage":0,"lost_in_post":0,"other_logs":0,"out_stock_days":1097,"lost_sales":0,"has_location":false,"update_date":"2026-01-28T23:11:08","atum_locations":[],"atum_stock_status":"outofstock","restock_status":false,"low_stock_amount":"","sales_update_date":"2026-01-28T23:11:08","calc_backorders":null,"acf":{"publisher":null},"_links":{"self":[{"href":"https:\/\/sachviet.eu\/en\/wp-json\/wp\/v2\/product\/22325","targetHints":{"allow":["GET"]}}],"collection":[{"href":"https:\/\/sachviet.eu\/en\/wp-json\/wp\/v2\/product"}],"about":[{"href":"https:\/\/sachviet.eu\/en\/wp-json\/wp\/v2\/types\/product"}],"wp:featuredmedia":[{"embeddable":true,"href":"https:\/\/sachviet.eu\/en\/wp-json\/wp\/v2\/media\/22323"}],"wp:attachment":[{"href":"https:\/\/sachviet.eu\/en\/wp-json\/wp\/v2\/media?parent=22325"}],"wp:term":[{"taxonomy":"product_brand","embeddable":true,"href":"https:\/\/sachviet.eu\/en\/wp-json\/wp\/v2\/product_brand?post=22325"},{"taxonomy":"product_cat","embeddable":true,"href":"https:\/\/sachviet.eu\/en\/wp-json\/wp\/v2\/product_cat?post=22325"},{"taxonomy":"product_tag","embeddable":true,"href":"https:\/\/sachviet.eu\/en\/wp-json\/wp\/v2\/product_tag?post=22325"}],"curies":[{"name":"wp","href":"https:\/\/api.w.org\/{rel}","templated":true}]}}