{"id":22316,"date":"2023-01-21T02:21:06","date_gmt":"2023-01-21T00:21:06","guid":{"rendered":"https:\/\/sachviet.eu\/shop\/truyen-tranh-ehon-nhat-ban-truoc-tien-xin-loi-nhe\/"},"modified":"2023-01-27T15:16:40","modified_gmt":"2023-01-27T13:16:40","slug":"truyen-tranh-ehon-nhat-ban-truoc-tien-xin-loi-nhe","status":"publish","type":"product","link":"https:\/\/sachviet.eu\/en\/shop\/truyen-tranh-ehon-nhat-ban-truoc-tien-xin-loi-nhe\/","title":{"rendered":"Truy\u1ec7n Tranh Ehon Nh\u1eadt B\u1ea3n &#8211; Tr\u01b0\u1edbc Ti\u00ean Xin L\u1ed7i Nh\u00e9"},"content":{"rendered":"<p>Gi\u00fap tr\u1ebb r\u00e8n luy\u1ec7n t\u00ednh ki\u00ean nh\u1eabn th\u00f4ng qua c\u00e1c t\u00ecnh hu\u1ed1ng th\u00e2n thu\u1ed9c h\u00e0ng ng\u00e0y. <\/p>\n","protected":false},"excerpt":{"rendered":"<p>Gi\u00fap tr\u1ebb r\u00e8n luy\u1ec7n t\u00ednh ki\u00ean nh\u1eabn th\u00f4ng qua c\u00e1c t\u00ecnh hu\u1ed1ng th\u00e2n thu\u1ed9c h\u00e0ng ng\u00e0y.<\/p>\n","protected":false},"featured_media":22314,"template":"","meta":{"_acf_changed":false},"product_brand":[],"product_cat":[24,25,17],"product_tag":[83],"class_list":{"0":"post-22316","1":"product","2":"type-product","3":"status-publish","4":"has-post-thumbnail","6":"product_cat-nha-tre-mau-giao-0-tuoi-6-tuoi","7":"product_cat-nhi-dong-6-tuoi-12-tuoi","8":"product_cat-sach-danh-cho-cac-be","9":"product_tag-sach-moi-xuat-ban","11":"first","12":"outofstock","13":"taxable","14":"shipping-taxable","15":"purchasable","16":"product-type-simple"},"supplier_id":null,"supplier_sku":"","barcode":null,"atum_controlled":true,"out_stock_date":"2023-01-27 13:16:40","out_stock_threshold":null,"inheritable":false,"inbound_stock":0,"stock_on_hold":0,"sold_today":0,"sales_last_days":0,"reserved_stock":0,"customer_returns":0,"warehouse_damage":0,"lost_in_post":0,"other_logs":0,"out_stock_days":1097,"lost_sales":0,"has_location":false,"update_date":"2026-01-28T23:11:08","atum_locations":[],"atum_stock_status":"outofstock","restock_status":false,"low_stock_amount":"","sales_update_date":"2026-01-28T23:11:08","calc_backorders":null,"acf":{"publisher":null},"_links":{"self":[{"href":"https:\/\/sachviet.eu\/en\/wp-json\/wp\/v2\/product\/22316","targetHints":{"allow":["GET"]}}],"collection":[{"href":"https:\/\/sachviet.eu\/en\/wp-json\/wp\/v2\/product"}],"about":[{"href":"https:\/\/sachviet.eu\/en\/wp-json\/wp\/v2\/types\/product"}],"wp:featuredmedia":[{"embeddable":true,"href":"https:\/\/sachviet.eu\/en\/wp-json\/wp\/v2\/media\/22314"}],"wp:attachment":[{"href":"https:\/\/sachviet.eu\/en\/wp-json\/wp\/v2\/media?parent=22316"}],"wp:term":[{"taxonomy":"product_brand","embeddable":true,"href":"https:\/\/sachviet.eu\/en\/wp-json\/wp\/v2\/product_brand?post=22316"},{"taxonomy":"product_cat","embeddable":true,"href":"https:\/\/sachviet.eu\/en\/wp-json\/wp\/v2\/product_cat?post=22316"},{"taxonomy":"product_tag","embeddable":true,"href":"https:\/\/sachviet.eu\/en\/wp-json\/wp\/v2\/product_tag?post=22316"}],"curies":[{"name":"wp","href":"https:\/\/api.w.org\/{rel}","templated":true}]}}