{"id":22313,"date":"2023-01-21T02:20:55","date_gmt":"2023-01-21T00:20:55","guid":{"rendered":"https:\/\/sachviet.eu\/shop\/tranh-truyen-ehon-nhat-ban-banh-xang-uych\/"},"modified":"2023-01-27T15:16:40","modified_gmt":"2023-01-27T13:16:40","slug":"tranh-truyen-ehon-nhat-ban-banh-xang-uych","status":"publish","type":"product","link":"https:\/\/sachviet.eu\/en\/shop\/tranh-truyen-ehon-nhat-ban-banh-xang-uych\/","title":{"rendered":"Tranh Truy\u1ec7n Ehon Nh\u1eadt B\u1ea3n &#8211; B\u00e1nh X\u0103ng-U\u00fdch"},"content":{"rendered":"<p>C\u00e1c b\u1ea1n c\u00f3 th\u00edch \u0103n b\u00e1nh X\u0103ng-u\u00fdch kh\u00f4ng n\u00e0o? H\u00e3y c\u00f9ng nhau l\u00e0m b\u00e1nh X\u0103ng-u\u00fdch nh\u00e9. \u0110\u1ea7u ti\u00ean l\u00e0 ph\u1ebft th\u1eadt nhi\u1ec1u b\u01a1, r\u1ed3i \u0111\u1eb7t th\u00eam rau x\u00e0 l\u00e1ch, c\u00e0 chua l\u00ean n\u1eefa. Kh\u00f4ng th\u1ec3 thi\u1ebfu ph\u00f4 mai v\u00e0 m\u1ed9t mi\u1ebfng gi\u0103m b\u00f4ng th\u1eadt to\u2026.\u0111\u1eebng qu\u00ean d\u01b0a chu\u1ed9t, tr\u1ee9ng v\u00e0 s\u1ed1t mayonnaise n\u1eefa nh\u00e9\u2026M\u00f3n b\u0103ng X\u0103ng-u\u00fdch \u0111\u00e3 ho\u00e0n th\u00e0nh xong r\u1ed3i \u0111\u00e2y ^^!<\/p>\n","protected":false},"excerpt":{"rendered":"<p>C\u00e1c b\u1ea1n c\u00f3 th\u00edch \u0103n b\u00e1nh X\u0103ng-u\u00fdch kh\u00f4ng n\u00e0o? H\u00e3y c\u00f9ng nhau l\u00e0m b\u00e1nh X\u0103ng-u\u00fdch nh\u00e9. \u0110\u1ea7u ti\u00ean l\u00e0 ph\u1ebft th\u1eadt nhi\u1ec1u b\u01a1, r\u1ed3i \u0111\u1eb7t th\u00eam rau x\u00e0 l\u00e1ch, c\u00e0 chua l\u00ean n\u1eefa. Kh\u00f4ng th\u1ec3 thi\u1ebfu ph\u00f4 mai v\u00e0 m\u1ed9t mi\u1ebfng gi\u0103m b\u00f4ng th\u1eadt to\u2026.\u0111\u1eebng qu\u00ean d\u01b0a chu\u1ed9t, tr\u1ee9ng v\u00e0 s\u1ed1t mayonnaise n\u1eefa nh\u00e9\u2026M\u00f3n b\u0103ng X\u0103ng-u\u00fdch \u0111\u00e3 ho\u00e0n th\u00e0nh xong r\u1ed3i \u0111\u00e2y ^^!<\/p>\n","protected":false},"featured_media":22312,"template":"","meta":{"_acf_changed":false},"product_brand":[],"product_cat":[24,25,17],"product_tag":[83],"class_list":{"0":"post-22313","1":"product","2":"type-product","3":"status-publish","4":"has-post-thumbnail","6":"product_cat-nha-tre-mau-giao-0-tuoi-6-tuoi","7":"product_cat-nhi-dong-6-tuoi-12-tuoi","8":"product_cat-sach-danh-cho-cac-be","9":"product_tag-sach-moi-xuat-ban","11":"first","12":"outofstock","13":"taxable","14":"shipping-taxable","15":"purchasable","16":"product-type-simple"},"supplier_id":null,"supplier_sku":"","barcode":null,"atum_controlled":true,"out_stock_date":"2023-01-27 13:16:40","out_stock_threshold":null,"inheritable":false,"inbound_stock":0,"stock_on_hold":0,"sold_today":0,"sales_last_days":0,"reserved_stock":0,"customer_returns":0,"warehouse_damage":0,"lost_in_post":0,"other_logs":0,"out_stock_days":1097,"lost_sales":0,"has_location":false,"update_date":"2026-01-28T23:11:08","atum_locations":[],"atum_stock_status":"outofstock","restock_status":false,"low_stock_amount":"","sales_update_date":"2026-01-28T23:11:08","calc_backorders":null,"acf":{"publisher":null},"_links":{"self":[{"href":"https:\/\/sachviet.eu\/en\/wp-json\/wp\/v2\/product\/22313","targetHints":{"allow":["GET"]}}],"collection":[{"href":"https:\/\/sachviet.eu\/en\/wp-json\/wp\/v2\/product"}],"about":[{"href":"https:\/\/sachviet.eu\/en\/wp-json\/wp\/v2\/types\/product"}],"wp:featuredmedia":[{"embeddable":true,"href":"https:\/\/sachviet.eu\/en\/wp-json\/wp\/v2\/media\/22312"}],"wp:attachment":[{"href":"https:\/\/sachviet.eu\/en\/wp-json\/wp\/v2\/media?parent=22313"}],"wp:term":[{"taxonomy":"product_brand","embeddable":true,"href":"https:\/\/sachviet.eu\/en\/wp-json\/wp\/v2\/product_brand?post=22313"},{"taxonomy":"product_cat","embeddable":true,"href":"https:\/\/sachviet.eu\/en\/wp-json\/wp\/v2\/product_cat?post=22313"},{"taxonomy":"product_tag","embeddable":true,"href":"https:\/\/sachviet.eu\/en\/wp-json\/wp\/v2\/product_tag?post=22313"}],"curies":[{"name":"wp","href":"https:\/\/api.w.org\/{rel}","templated":true}]}}