{"id":22311,"date":"2023-01-21T02:20:48","date_gmt":"2023-01-21T00:20:48","guid":{"rendered":"https:\/\/sachviet.eu\/shop\/doi-voi-taxi-oi\/"},"modified":"2023-01-27T15:16:39","modified_gmt":"2023-01-27T13:16:39","slug":"doi-voi-taxi-oi","status":"publish","type":"product","link":"https:\/\/sachviet.eu\/en\/shop\/doi-voi-taxi-oi\/","title":{"rendered":"\u0110\u1ee3i V\u1edbi Taxi \u01a0i!"},"content":{"rendered":"<p>B\u00e1c M\u0169 Ph\u1edbt \u0111i taxi v\u1ec1 nh\u00e0. Khi \u0111ang \u0111\u1ecbnh m\u1edf c\u1eeda v\u00e0o nh\u00e0 th\u00ec ch\u1ee3t ph\u00e1t hi\u1ec7n ra \u0111\u1ec3 qu\u00ean \u0111\u1ed3 tr\u00ean taxi. B\u00e1c M\u0169 Ph\u1edbt v\u1ed9i v\u00e0ng \u0111u\u1ed5i theo chi\u1ebfc taxi. H\u00e0nh tr\u00ecnh \u0111u\u1ed5i theo chi\u1ebfc taxi th\u1eadt l\u00e0 kh\u00f3 kh\u0103n, li\u1ec7u b\u00e1c M\u0169 Ph\u1edbt c\u00f3 t\u00ecm th\u1ea5y chi\u1ebfc taxi v\u00e0 m\u00f3n \u0111\u1ed3 b\u1ecb b\u1ecf qu\u00ean m\u1ed9t c\u00e1ch an to\u00e0n kh\u00f4ng?<\/p>\n<p>\u0110\u1ed1i t\u01b0\u1ee3ng \u0111\u1ed9c gi\u1ea3<br \/>\n\u0110\u1ecdc cho b\u00e9: t\u1eeb 1 tu\u1ed5i tr\u1edf l\u00ean<\/p>\n<p>B\u00e9 t\u1ef1 \u0111\u1ecdc: t\u1eeb 6 tu\u1ed5i tr\u1edf l\u00ean<\/p>\n","protected":false},"excerpt":{"rendered":"<p>M\u1ed9t cu\u1ed1n tranh truy\u1ec7n Ehon th\u00fa v\u1ecb n\u1eb1m trong nh\u00f3m B\u00c9 T\u01af DUY c\u1ee7a T\u1ee7 s\u00e1ch Mogu ch\u1eafc ch\u1eafn s\u1ebd khi\u1ebfn c\u00e1c b\u1ea1n nh\u1ecf th\u00edch th\u00fa ngay t\u1eeb l\u1ea7n \u0111\u1ea7u nh\u00ecn th\u1ea5y.<\/p>\n","protected":false},"featured_media":22309,"template":"","meta":{"_acf_changed":false},"product_brand":[],"product_cat":[24,25,17],"product_tag":[83],"class_list":{"0":"post-22311","1":"product","2":"type-product","3":"status-publish","4":"has-post-thumbnail","6":"product_cat-nha-tre-mau-giao-0-tuoi-6-tuoi","7":"product_cat-nhi-dong-6-tuoi-12-tuoi","8":"product_cat-sach-danh-cho-cac-be","9":"product_tag-sach-moi-xuat-ban","11":"first","12":"outofstock","13":"taxable","14":"shipping-taxable","15":"purchasable","16":"product-type-simple"},"supplier_id":null,"supplier_sku":"","barcode":null,"atum_controlled":true,"out_stock_date":"2023-01-27 13:16:39","out_stock_threshold":null,"inheritable":false,"inbound_stock":0,"stock_on_hold":0,"sold_today":0,"sales_last_days":0,"reserved_stock":0,"customer_returns":0,"warehouse_damage":0,"lost_in_post":0,"other_logs":0,"out_stock_days":1097,"lost_sales":0,"has_location":false,"update_date":"2026-01-28T23:11:08","atum_locations":[],"atum_stock_status":"outofstock","restock_status":false,"low_stock_amount":"","sales_update_date":"2026-01-28T23:11:08","calc_backorders":null,"acf":{"publisher":null},"_links":{"self":[{"href":"https:\/\/sachviet.eu\/en\/wp-json\/wp\/v2\/product\/22311","targetHints":{"allow":["GET"]}}],"collection":[{"href":"https:\/\/sachviet.eu\/en\/wp-json\/wp\/v2\/product"}],"about":[{"href":"https:\/\/sachviet.eu\/en\/wp-json\/wp\/v2\/types\/product"}],"wp:featuredmedia":[{"embeddable":true,"href":"https:\/\/sachviet.eu\/en\/wp-json\/wp\/v2\/media\/22309"}],"wp:attachment":[{"href":"https:\/\/sachviet.eu\/en\/wp-json\/wp\/v2\/media?parent=22311"}],"wp:term":[{"taxonomy":"product_brand","embeddable":true,"href":"https:\/\/sachviet.eu\/en\/wp-json\/wp\/v2\/product_brand?post=22311"},{"taxonomy":"product_cat","embeddable":true,"href":"https:\/\/sachviet.eu\/en\/wp-json\/wp\/v2\/product_cat?post=22311"},{"taxonomy":"product_tag","embeddable":true,"href":"https:\/\/sachviet.eu\/en\/wp-json\/wp\/v2\/product_tag?post=22311"}],"curies":[{"name":"wp","href":"https:\/\/api.w.org\/{rel}","templated":true}]}}