{"id":22308,"date":"2023-01-21T02:20:32","date_gmt":"2023-01-21T00:20:32","guid":{"rendered":"https:\/\/sachviet.eu\/shop\/truyen-tranh-ehon-nhat-ban-co-that-nhieu-ong-trang\/"},"modified":"2023-04-02T11:57:48","modified_gmt":"2023-04-02T08:57:48","slug":"truyen-tranh-ehon-nhat-ban-co-that-nhieu-ong-trang","status":"publish","type":"product","link":"https:\/\/sachviet.eu\/en\/shop\/truyen-tranh-ehon-nhat-ban-co-that-nhieu-ong-trang\/","title":{"rendered":"Truy\u1ec7n Tranh Ehon Nh\u1eadt B\u1ea3n &#8211; C\u00f3 Th\u1eadt Nhi\u1ec1u \u00d4ng Tr\u0103ng"},"content":{"rendered":"<p>\u00d4ng Tr\u0103ng lu\u00f4n d\u00f5i theo ta d\u00f9 \u1edf b\u1ea5t c\u1ee9 n\u01a1i \u0111\u00e2u. Nh\u01b0ng tr\u1ebb em th\u00ec kh\u00f4ng bi\u1ebft r\u1eb1ng d\u00f9 \u1edf b\u1ea5t c\u1ee9 n\u01a1i n\u00e0o tr\u00ean tr\u00e1i \u0111\u1ea5t c\u0169ng ch\u1ec9 l\u00e0 m\u1ed9t \u00f4ng Tr\u0103ng. Trong suy ngh\u0129 c\u1ee7a c\u00e1c b\u1ea1n nh\u1ecf, ai ai c\u0169ng c\u00f3 m\u1ed9t \u00f4ng Tr\u0103ng c\u1ee7a ri\u00eang m\u00ecnh nh\u01b0 v\u1eady. Ph\u1ea3i ch\u0103ng, tr\u1ebb em c\u1ee9 n\u00ean gi\u1eef m\u00e3i suy ngh\u0129 h\u1ed3n nhi\u00ean, ng\u00e2y th\u01a1 nh\u01b0 v\u1eady, r\u1eb1ng \u201cM\u1ed7i n\u01b0\u1edbc tr\u00ean th\u1ebf gi\u1edbi \u0111\u1ec1u c\u00f3 \u00f4ng Tr\u0103ng c\u1ee7a ri\u00eang m\u00ecnh<\/p>\n","protected":false},"excerpt":{"rendered":"<p>\u00d4ng Tr\u0103ng lu\u00f4n d\u00f5i theo ta d\u00f9 \u1edf b\u1ea5t c\u1ee9 n\u01a1i \u0111\u00e2u. Nh\u01b0ng tr\u1ebb em th\u00ec kh\u00f4ng bi\u1ebft r\u1eb1ng d\u00f9 \u1edf b\u1ea5t c\u1ee9 n\u01a1i n\u00e0o tr\u00ean tr\u00e1i \u0111\u1ea5t c\u0169ng ch\u1ec9 l\u00e0 m\u1ed9t \u00f4ng Tr\u0103ng. Trong suy ngh\u0129 c\u1ee7a c\u00e1c b\u1ea1n nh\u1ecf, ai ai c\u0169ng c\u00f3 m\u1ed9t \u00f4ng Tr\u0103ng c\u1ee7a ri\u00eang m\u00ecnh nh\u01b0 v\u1eady. Ph\u1ea3i ch\u0103ng, tr\u1ebb em c\u1ee9 n\u00ean gi\u1eef m\u00e3i suy ngh\u0129 h\u1ed3n nhi\u00ean, ng\u00e2y th\u01a1 nh\u01b0 v\u1eady, r\u1eb1ng \u201cM\u1ed7i n\u01b0\u1edbc tr\u00ean th\u1ebf gi\u1edbi \u0111\u1ec1u c\u00f3 \u00f4ng Tr\u0103ng c\u1ee7a ri\u00eang m\u00ecnh<\/p>\n","protected":false},"featured_media":22307,"template":"","meta":{"_acf_changed":false},"product_brand":[],"product_cat":[24,25,17],"product_tag":[83],"class_list":{"0":"post-22308","1":"product","2":"type-product","3":"status-publish","4":"has-post-thumbnail","6":"product_cat-nha-tre-mau-giao-0-tuoi-6-tuoi","7":"product_cat-nhi-dong-6-tuoi-12-tuoi","8":"product_cat-sach-danh-cho-cac-be","9":"product_tag-sach-moi-xuat-ban","11":"first","12":"instock","13":"taxable","14":"shipping-taxable","15":"purchasable","16":"product-type-simple"},"supplier_id":null,"supplier_sku":"","barcode":null,"atum_controlled":true,"out_stock_date":null,"out_stock_threshold":null,"inheritable":false,"inbound_stock":0,"stock_on_hold":0,"sold_today":0,"sales_last_days":0,"reserved_stock":0,"customer_returns":0,"warehouse_damage":0,"lost_in_post":0,"other_logs":0,"out_stock_days":0,"lost_sales":0,"has_location":false,"update_date":"2026-01-28T23:11:08","atum_locations":[],"atum_stock_status":"instock","restock_status":false,"low_stock_amount":"","sales_update_date":"2026-01-28T23:11:08","calc_backorders":null,"acf":{"publisher":false},"_links":{"self":[{"href":"https:\/\/sachviet.eu\/en\/wp-json\/wp\/v2\/product\/22308","targetHints":{"allow":["GET"]}}],"collection":[{"href":"https:\/\/sachviet.eu\/en\/wp-json\/wp\/v2\/product"}],"about":[{"href":"https:\/\/sachviet.eu\/en\/wp-json\/wp\/v2\/types\/product"}],"wp:featuredmedia":[{"embeddable":true,"href":"https:\/\/sachviet.eu\/en\/wp-json\/wp\/v2\/media\/22307"}],"wp:attachment":[{"href":"https:\/\/sachviet.eu\/en\/wp-json\/wp\/v2\/media?parent=22308"}],"wp:term":[{"taxonomy":"product_brand","embeddable":true,"href":"https:\/\/sachviet.eu\/en\/wp-json\/wp\/v2\/product_brand?post=22308"},{"taxonomy":"product_cat","embeddable":true,"href":"https:\/\/sachviet.eu\/en\/wp-json\/wp\/v2\/product_cat?post=22308"},{"taxonomy":"product_tag","embeddable":true,"href":"https:\/\/sachviet.eu\/en\/wp-json\/wp\/v2\/product_tag?post=22308"}],"curies":[{"name":"wp","href":"https:\/\/api.w.org\/{rel}","templated":true}]}}