{"id":22306,"date":"2023-01-21T02:20:25","date_gmt":"2023-01-21T00:20:25","guid":{"rendered":"https:\/\/sachviet.eu\/shop\/truyen-tranh-ehon-nhat-ban-ga-con-chay-tron\/"},"modified":"2023-01-27T15:16:40","modified_gmt":"2023-01-27T13:16:40","slug":"truyen-tranh-ehon-nhat-ban-ga-con-chay-tron","status":"publish","type":"product","link":"https:\/\/sachviet.eu\/en\/shop\/truyen-tranh-ehon-nhat-ban-ga-con-chay-tron\/","title":{"rendered":"Truy\u1ec7n Tranh Ehon Nh\u1eadt B\u1ea3n &#8211; G\u00e0 Con Ch\u1ea1y Tr\u1ed1n"},"content":{"rendered":"<p>B\u00e9 mu\u1ed1n bi\u1ebft \u0111i\u1ec1u g\u00ec \u0111ang ch\u1edd \u0111\u1ee3i m\u00ecnh \u1edf th\u1ebf gi\u1edbi tuy\u1ec7t v\u1eddi ngo\u00e0i kia kh\u00f4ng? V\u1eady th\u00ec h\u00e3y th\u1eed ch\u1ea1y tr\u1ed1n c\u00f9ng 3 b\u1ea1n G\u00e0 Con nh\u00e9. M\u1ed7i trang tranh truy\u1ec7n m\u1edf ra 1 ch\u1eb7ng \u0111\u01b0\u1eddng trong h\u00e0nh tr\u00ecnh ch\u1ea1y tr\u1ed1n li k\u00ec. C\u00e1c b\u1ea1n G\u00e0 ch\u1ea1y \u0111i \u0111\u00e2u th\u1ebf nh\u1ec9 v\u00e0 \u0111\u00edch \u0111\u1ebfn l\u00e0 g\u00ec? K\u1ebft th\u00fac b\u1ea5t ng\u1edd khi\u1ebfn c\u00e1c b\u00e9 \u0111\u1ec1u th\u00edch th\u00fa!<\/p>\n","protected":false},"excerpt":{"rendered":"<p>B\u00e9 mu\u1ed1n bi\u1ebft \u0111i\u1ec1u g\u00ec \u0111ang ch\u1edd \u0111\u1ee3i m\u00ecnh \u1edf th\u1ebf gi\u1edbi tuy\u1ec7t v\u1eddi ngo\u00e0i kia kh\u00f4ng? V\u1eady th\u00ec h\u00e3y th\u1eed ch\u1ea1y tr\u1ed1n c\u00f9ng 3 b\u1ea1n G\u00e0 Con nh\u00e9. M\u1ed7i trang tranh truy\u1ec7n m\u1edf ra 1 ch\u1eb7ng \u0111\u01b0\u1eddng trong h\u00e0nh tr\u00ecnh ch\u1ea1y tr\u1ed1n li k\u00ec. C\u00e1c b\u1ea1n G\u00e0 ch\u1ea1y \u0111i \u0111\u00e2u th\u1ebf nh\u1ec9 v\u00e0 \u0111\u00edch \u0111\u1ebfn l\u00e0 g\u00ec? K\u1ebft th\u00fac b\u1ea5t ng\u1edd khi\u1ebfn c\u00e1c b\u00e9 \u0111\u1ec1u th\u00edch th\u00fa!<\/p>\n","protected":false},"featured_media":22305,"template":"","meta":{"_acf_changed":false},"product_brand":[],"product_cat":[24,25,17],"product_tag":[83],"class_list":{"0":"post-22306","1":"product","2":"type-product","3":"status-publish","4":"has-post-thumbnail","6":"product_cat-nha-tre-mau-giao-0-tuoi-6-tuoi","7":"product_cat-nhi-dong-6-tuoi-12-tuoi","8":"product_cat-sach-danh-cho-cac-be","9":"product_tag-sach-moi-xuat-ban","11":"first","12":"outofstock","13":"taxable","14":"shipping-taxable","15":"purchasable","16":"product-type-simple"},"supplier_id":null,"supplier_sku":"","barcode":null,"atum_controlled":true,"out_stock_date":"2023-01-27 13:16:40","out_stock_threshold":null,"inheritable":false,"inbound_stock":0,"stock_on_hold":0,"sold_today":0,"sales_last_days":0,"reserved_stock":0,"customer_returns":0,"warehouse_damage":0,"lost_in_post":0,"other_logs":0,"out_stock_days":1097,"lost_sales":0,"has_location":false,"update_date":"2026-01-28T23:11:08","atum_locations":[],"atum_stock_status":"outofstock","restock_status":false,"low_stock_amount":"","sales_update_date":"2026-01-28T23:11:08","calc_backorders":null,"acf":{"publisher":null},"_links":{"self":[{"href":"https:\/\/sachviet.eu\/en\/wp-json\/wp\/v2\/product\/22306","targetHints":{"allow":["GET"]}}],"collection":[{"href":"https:\/\/sachviet.eu\/en\/wp-json\/wp\/v2\/product"}],"about":[{"href":"https:\/\/sachviet.eu\/en\/wp-json\/wp\/v2\/types\/product"}],"wp:featuredmedia":[{"embeddable":true,"href":"https:\/\/sachviet.eu\/en\/wp-json\/wp\/v2\/media\/22305"}],"wp:attachment":[{"href":"https:\/\/sachviet.eu\/en\/wp-json\/wp\/v2\/media?parent=22306"}],"wp:term":[{"taxonomy":"product_brand","embeddable":true,"href":"https:\/\/sachviet.eu\/en\/wp-json\/wp\/v2\/product_brand?post=22306"},{"taxonomy":"product_cat","embeddable":true,"href":"https:\/\/sachviet.eu\/en\/wp-json\/wp\/v2\/product_cat?post=22306"},{"taxonomy":"product_tag","embeddable":true,"href":"https:\/\/sachviet.eu\/en\/wp-json\/wp\/v2\/product_tag?post=22306"}],"curies":[{"name":"wp","href":"https:\/\/api.w.org\/{rel}","templated":true}]}}