{"id":22304,"date":"2023-01-21T02:20:12","date_gmt":"2023-01-21T00:20:12","guid":{"rendered":"https:\/\/sachviet.eu\/shop\/tim-thay-mua-he-roi\/"},"modified":"2023-01-27T15:16:40","modified_gmt":"2023-01-27T13:16:40","slug":"tim-thay-mua-he-roi","status":"publish","type":"product","link":"https:\/\/sachviet.eu\/en\/shop\/tim-thay-mua-he-roi\/","title":{"rendered":"T\u00ecm Th\u1ea5y M\u00f9a H\u00e8 R\u1ed3i"},"content":{"rendered":"<p>C\u00f9ng MOGU \u0111i t\u00ecm m\u00f9a h\u00e8 qua cu\u1ed1n Ehon \u201cT\u00ecm th\u1ea5y m\u00f9a h\u00e8 r\u1ed3i\u201d -m\u1ed9t cu\u1ed1n tranh truy\u1ec7n v\u1edbi h\u00ecnh \u1ea3nh d\u1ec5 th\u01b0\u01a1ng v\u1ec1 m\u1ed9t \u201cm\u00f9a h\u00e8\u201d quen thu\u1ed9c \u0111\u1ed1i v\u1edbi c\u00e1c b\u1ea1n nh\u1ecf n\u1eb1m trong nh\u00f3m B\u00c9 L\u00c0M QUEN c\u1ee7a T\u1ee7 s\u00e1ch Mogu<br \/>\nM\u00f9a h\u00e8 c\u1ee7a MOGU l\u00e0 nh\u1eefng b\u00f4ng hoa r\u1ef1c r\u1ee1 m\u00e0u s\u1eafc, m\u00f9a h\u00e8 c\u1ee7a b\u00e9 th\u00ec sao nh\u1ec9?<br \/>\nM\u00f9a h\u00e8 c\u1ee7a MOGU ng\u1eadp tr\u00e0n ti\u1ebfng ve k\u00eau r\u00e2m ran, b\u00e9 c\u00f3 bi\u1ebft ti\u1ebfng ve g\u1ecdi h\u00e8 k\u00eau th\u1ebf n\u00e0o kh\u00f4ng?<br \/>\nM\u00f9a h\u00e8 oi b\u1ee9c qu\u00e1, MOGU v\u00e0 b\u00e9 h\u00e3y c\u00f9ng m\u1eb7c nh\u1eefng b\u1ed9 qu\u1ea7n \u00e1o m\u00e1t m\u1ebb v\u00e0 \u0103n c\u00e1c m\u00f3n \u0103n m\u00e1t l\u1ea1nh n\u00e0o.<br \/>\nM\u00e0 c\u00e1c m\u00f3n \u0103n m\u00e1t l\u1ea1nh m\u00f9a h\u00e8 l\u00e0 nh\u1eefng m\u00f3n n\u00e0o b\u00e9 c\u00f3 bi\u1ebft kh\u00f4ng? C\u00f3 d\u01b0a h\u1ea5u n\u00e0y, kem n\u00e0y, c\u00f3 g\u00ec n\u1eefa nh\u1ec9, c\u00f9ng MOGU l\u1eadt gi\u1edf nh\u1eefng trang s\u00e1ch \u0111\u1ec3 kh\u00e1m ph\u00e1 th\u00eam th\u00f4i n\u00e0o. <\/p>\n<p>Cu\u1ed1n Ehon v\u1ec1 m\u00f9a h\u00e8 c\u1ee7a t\u00e1c gi\u1ea3 Eriko Hirano n\u1eb1m trong nh\u00f3m \u201cB\u00e9 l\u00e0m quen\u201d s\u1ebd \u0111em \u0111\u1ebfn cho b\u00e9 ni\u1ec1m vui v\u00e0 s\u1ef1 th\u00edch th\u00fa khi \u0111\u01b0\u1ee3c t\u1ef1 m\u00ecnh t\u00ecm t\u00f2i kh\u00e1m ph\u00e1 v\u1ec1 m\u1ed9t m\u00f9a trong n\u0103m \u0111\u1ea5y. Tranh v\u1ebd s\u1ed1ng \u0111\u1ed9ng, m\u00e0u s\u1eafc t\u01b0\u01a1i s\u00e1ng r\u1ef1c r\u1ee1 c\u1ee7a cu\u1ed1n s\u00e1ch s\u1ebd \u0111\u00e1nh s\u00e2u v\u00e0o th\u1ecb gi\u00e1c gi\u00fap c\u00e1c b\u00e9 c\u00f3 th\u1ec3 ti\u1ebfp thu th\u00f4ng tin hi\u1ec7u qu\u1ea3 qua k\u00eanh Nh\u00ecn (Visual), k\u1ebft h\u1ee3p v\u1edbi l\u01b0\u1ee3ng t\u1eeb v\u1ef1ng \u0111\u01a1n gi\u1ea3n v\u1ec1 s\u1ef1 v\u1eadt s\u1ef1 vi\u1ec7c li\u00ean quan \u0111\u1ebfn m\u00f9a h\u00e8 c\u0169ng gi\u00fap m\u1edf r\u1ed9ng v\u1ed1n t\u1eeb c\u0169ng nh\u01b0 th\u1ebf gi\u1edbi quan c\u1ee7a b\u00e9.<\/p>\n<p>\u0110\u1ecdc cho b\u00e9: t\u1eeb 1 tu\u1ed5i tr\u1edf l\u00ean<\/p>\n<p>B\u00e9 t\u1ef1 \u0111\u1ecdc: t\u1eeb 6 tu\u1ed5i tr\u1edf l\u00ean<\/p>\n","protected":false},"excerpt":{"rendered":"<p>C\u00f9ng MOGU \u0111i t\u00ecm m\u00f9a h\u00e8 qua cu\u1ed1n Ehon \u201cT\u00ecm th\u1ea5y m\u00f9a h\u00e8 r\u1ed3i\u201d -m\u1ed9t cu\u1ed1n tranh truy\u1ec7n v\u1edbi h\u00ecnh \u1ea3nh d\u1ec5 th\u01b0\u01a1ng v\u1ec1 m\u1ed9t \u201cm\u00f9a h\u00e8\u201d quen thu\u1ed9c \u0111\u1ed1i v\u1edbi c\u00e1c b\u1ea1n nh\u1ecf n\u1eb1m trong nh\u00f3m B\u00c9 L\u00c0M QUEN c\u1ee7a T\u1ee7 s\u00e1ch Mogu<br \/>\nM\u00f9a h\u00e8 c\u1ee7a MOGU l\u00e0 nh\u1eefng b\u00f4ng hoa r\u1ef1c r\u1ee1 m\u00e0u s\u1eafc, m\u00f9a h\u00e8 c\u1ee7a b\u00e9 th\u00ec sao nh\u1ec9?<br \/>\nM\u00f9a h\u00e8 c\u1ee7a MOGU ng\u1eadp tr\u00e0n ti\u1ebfng ve k\u00eau r\u00e2m ran, b\u00e9 c\u00f3 bi\u1ebft ti\u1ebfng ve g\u1ecdi h\u00e8 k\u00eau th\u1ebf n\u00e0o kh\u00f4ng?<br \/>\nM\u00f9a h\u00e8 oi b\u1ee9c qu\u00e1, MOGU v\u00e0 b\u00e9 h\u00e3y c\u00f9ng m\u1eb7c nh\u1eefng b\u1ed9 qu\u1ea7n \u00e1o m\u00e1t m\u1ebb v\u00e0 \u0103n c\u00e1c m\u00f3n \u0103n m\u00e1t l\u1ea1nh n\u00e0o.<br \/>\nM\u00e0 c\u00e1c m\u00f3n \u0103n m\u00e1t l\u1ea1nh m\u00f9a h\u00e8 l\u00e0 nh\u1eefng m\u00f3n n\u00e0o b\u00e9 c\u00f3 bi\u1ebft kh\u00f4ng? C\u00f3 d\u01b0a h\u1ea5u n\u00e0y, kem n\u00e0y, c\u00f3 g\u00ec n\u1eefa nh\u1ec9, c\u00f9ng MOGU l\u1eadt gi\u1edf nh\u1eefng trang s\u00e1ch \u0111\u1ec3 kh\u00e1m ph\u00e1 th\u00eam th\u00f4i n\u00e0o. <\/p>\n<p>Cu\u1ed1n Ehon v\u1ec1 m\u00f9a h\u00e8 c\u1ee7a t\u00e1c gi\u1ea3 Eriko Hirano n\u1eb1m trong nh\u00f3m \u201cB\u00e9 l\u00e0m quen\u201d s\u1ebd \u0111em \u0111\u1ebfn cho b\u00e9 ni\u1ec1m vui v\u00e0 s\u1ef1 th\u00edch th\u00fa khi \u0111\u01b0\u1ee3c t\u1ef1 m\u00ecnh t\u00ecm t\u00f2i kh\u00e1m ph\u00e1 v\u1ec1 m\u1ed9t m\u00f9a trong n\u0103m \u0111\u1ea5y. Tranh v\u1ebd s\u1ed1ng \u0111\u1ed9ng, m\u00e0u s\u1eafc t\u01b0\u01a1i s\u00e1ng r\u1ef1c r\u1ee1 c\u1ee7a cu\u1ed1n s\u00e1ch s\u1ebd \u0111\u00e1nh s\u00e2u v\u00e0o th\u1ecb gi\u00e1c gi\u00fap c\u00e1c b\u00e9 c\u00f3 th\u1ec3 ti\u1ebfp thu th\u00f4ng tin hi\u1ec7u qu\u1ea3 qua k\u00eanh Nh\u00ecn (Visual), k\u1ebft h\u1ee3p v\u1edbi l\u01b0\u1ee3ng t\u1eeb v\u1ef1ng \u0111\u01a1n gi\u1ea3n v\u1ec1 s\u1ef1 v\u1eadt s\u1ef1 vi\u1ec7c li\u00ean quan \u0111\u1ebfn m\u00f9a h\u00e8 c\u0169ng gi\u00fap m\u1edf r\u1ed9ng v\u1ed1n t\u1eeb c\u0169ng nh\u01b0 th\u1ebf gi\u1edbi quan c\u1ee7a b\u00e9.<\/p>\n<p>\u0110\u1ecdc cho b\u00e9: t\u1eeb 1 tu\u1ed5i tr\u1edf l\u00ean<\/p>\n<p>B\u00e9 t\u1ef1 \u0111\u1ecdc: t\u1eeb 6 tu\u1ed5i tr\u1edf l\u00ean<\/p>\n","protected":false},"featured_media":22303,"template":"","meta":{"_acf_changed":false},"product_brand":[],"product_cat":[24,25,17],"product_tag":[83],"class_list":{"0":"post-22304","1":"product","2":"type-product","3":"status-publish","4":"has-post-thumbnail","6":"product_cat-nha-tre-mau-giao-0-tuoi-6-tuoi","7":"product_cat-nhi-dong-6-tuoi-12-tuoi","8":"product_cat-sach-danh-cho-cac-be","9":"product_tag-sach-moi-xuat-ban","11":"first","12":"outofstock","13":"taxable","14":"shipping-taxable","15":"purchasable","16":"product-type-simple"},"supplier_id":null,"supplier_sku":"","barcode":null,"atum_controlled":true,"out_stock_date":"2023-01-27 13:16:40","out_stock_threshold":null,"inheritable":false,"inbound_stock":0,"stock_on_hold":0,"sold_today":0,"sales_last_days":0,"reserved_stock":0,"customer_returns":0,"warehouse_damage":0,"lost_in_post":0,"other_logs":0,"out_stock_days":1097,"lost_sales":0,"has_location":false,"update_date":"2026-01-28T23:11:08","atum_locations":[],"atum_stock_status":"outofstock","restock_status":false,"low_stock_amount":"","sales_update_date":"2026-01-28T23:11:08","calc_backorders":null,"acf":{"publisher":null},"_links":{"self":[{"href":"https:\/\/sachviet.eu\/en\/wp-json\/wp\/v2\/product\/22304","targetHints":{"allow":["GET"]}}],"collection":[{"href":"https:\/\/sachviet.eu\/en\/wp-json\/wp\/v2\/product"}],"about":[{"href":"https:\/\/sachviet.eu\/en\/wp-json\/wp\/v2\/types\/product"}],"wp:featuredmedia":[{"embeddable":true,"href":"https:\/\/sachviet.eu\/en\/wp-json\/wp\/v2\/media\/22303"}],"wp:attachment":[{"href":"https:\/\/sachviet.eu\/en\/wp-json\/wp\/v2\/media?parent=22304"}],"wp:term":[{"taxonomy":"product_brand","embeddable":true,"href":"https:\/\/sachviet.eu\/en\/wp-json\/wp\/v2\/product_brand?post=22304"},{"taxonomy":"product_cat","embeddable":true,"href":"https:\/\/sachviet.eu\/en\/wp-json\/wp\/v2\/product_cat?post=22304"},{"taxonomy":"product_tag","embeddable":true,"href":"https:\/\/sachviet.eu\/en\/wp-json\/wp\/v2\/product_tag?post=22304"}],"curies":[{"name":"wp","href":"https:\/\/api.w.org\/{rel}","templated":true}]}}