{"id":22302,"date":"2023-01-21T02:20:00","date_gmt":"2023-01-21T00:20:00","guid":{"rendered":"https:\/\/sachviet.eu\/shop\/gia-vi-yeu-thuong\/"},"modified":"2023-01-27T15:16:39","modified_gmt":"2023-01-27T13:16:39","slug":"gia-vi-yeu-thuong","status":"publish","type":"product","link":"https:\/\/sachviet.eu\/en\/shop\/gia-vi-yeu-thuong\/","title":{"rendered":"Gia V\u1ecb Y\u00eau Th\u01b0\u01a1ng"},"content":{"rendered":"<p>M\u1edf \u0111\u1ea7u cu\u1ed1n s\u00e1ch \u0111\u1ea7y th\u00fa v\u1ecb n\u00e0y l\u00e0 c\u00e2u chuy\u1ec7n xoay quanh qu\u00e1n c\u00e0 ph\u00ea Kananorimo, \u00f4ng ch\u1ee7 l\u00e0 m\u1ed9t con ch\u00f3 S\u00f3i r\u1ea5t to l\u1edbn, nh\u00ecn tr\u00f4ng v\u1ebd r\u1ea5t hung d\u1eef, nh\u01b0ng n\u1ea5u \u0103n c\u1ef1c k\u1ef3 ngon. H\u00ecnh nh\u01b0 h\u00ecnh \u1ea3nh c\u1ee7a ch\u00fa ch\u00f3 S\u00f3i \u0111\u01b0\u1ee3c mu\u00f4n th\u00fa qu\u00ean \u0111i v\u00e0 thay v\u00e0o \u0111\u00f3 l\u00e0 m\u1ed9t \u0111\u1ea7u b\u1ebfp gi\u1ecfi v\u1edbi nh\u1eefng m\u00f3n \u0103n r\u1ea5t ngon. Nh\u01b0ng \u0111\u00e2y c\u0169ng kh\u00f4ng ph\u1ea3i l\u00e0 v\u1ea5n \u0111\u1ec1 ch\u00ednh c\u1ee7a cu\u1ed1n s\u00e1ch m\u00e0 t\u00e1c gi\u1ea3 mu\u1ed1n truy\u1ec1n t\u1ea3i. <\/p>\n<p>M\u00e0 ch\u00ednh \u1edf \u0111\u00e2y l\u00e0 c\u00e2u chuy\u1ec7n xoay quanh c\u1eadu ch\u1ee7 S\u00f3c v\u00e0 nh\u1eefng m\u00f3n \u0103n. C\u1eadu ch\u1ee7 S\u00f3c \u1edf trong m\u1ed9t ng\u00f4i bi\u1ec7t th\u1ef1 sang tr\u1ecdng, v\u00ec gia \u0111\u00ecnh kh\u00e1 gi\u1ea3 n\u00ean c\u1eadu \u0111\u01b0\u1ee3c ph\u1ee5c v\u1ee5 r\u1ea5t t\u1eadn t\u00ecnh. H\u1ea7u nh\u01b0 m\u1ecdi th\u1ee9 c\u1eadu mu\u1ed1n \u0111\u1ec1u \u0111\u01b0\u1ee3c \u0111\u00e1p \u1ee9ng c\u1ea3. Nh\u01b0ng c\u00f3 m\u1ed9t v\u1ea5n \u0111\u1ec1 n\u00e0o \u0111\u00f3 \u0111\u1ebfn t\u1eeb c\u00e1c m\u00f3n \u0103n c\u1ee7a c\u1eadu. M\u1eb7c d\u00f9, qu\u1ea3n gia c\u1ee7a c\u1eadu \u0111\u00e3 t\u00ecm ki\u1ebfm nh\u1eefng v\u1ecb \u0111\u1ea7u b\u1ebfp n\u1ed5i ti\u1ebfng nh\u1ea5t khu r\u1eebng \u0111\u1ec3 n\u1ea5u cho c\u1eadu \u0103n, nh\u01b0ng c\u1eadu \u0111\u1ec1u l\u1eafc \u0111\u1ea7u v\u00e0 ch\u00ea bai m\u00f3n \u0103n \u201cD\u1edf qu\u00e1!\u201d, v\u00e0 ch\u00fa ch\u00f3 S\u00f3i n\u1ed5i ti\u1ebfng kia c\u0169ng kh\u00f4ng ngo\u1ea1i l\u1ec7.<\/p>\n<p>Tuy nhi\u00ean, ch\u1ec9 ri\u00eang S\u00f3i l\u00e0 kh\u00f4ng b\u1ecf cu\u1ed9c, v\u00e0 quy\u1ebft t\u00e2m ph\u1ea3i n\u1ea5u cho c\u1eadu ch\u1ee7 S\u00f3c \u0103n \u0111\u1ebfn khi c\u1eadu \u1ea5y khen ngon m\u1edbi \u0111\u01b0\u1ee3c. S\u00f3i \u0111\u00e3 t\u00ecm \u0111\u1ee7 m\u1ecdi ph\u01b0\u01a1ng ph\u00e1p, m\u1ecdi c\u00e1ch th\u1ee9c nh\u01b0ng c\u0169ng kh\u00f4ng \u0111\u01b0\u1ee3c, \u0111\u1ebfn m\u1ed9t h\u00f4m c\u1eadu g\u1eb7p C\u00e1o, v\u00e0 \u0111\u01b0\u1ee3c nghe n\u00f3i \u0111\u1ebfn m\u1ed9t lo\u1ea1i rau th\u01a1m mang t\u00ean \u201cH\u1ea3o c\u1ecf\u201d \u0111\u01b0\u1ee3c m\u1ecdc m\u00e3i tr\u00ean \u0111\u1ec9nh n\u00fai cheo leo. C\u00f3 lo\u1ea1i c\u1ecf n\u00e0y th\u00ec m\u1ecdi m\u00f3n \u0103n \u0111\u1ec1u ngon c\u1ea3.<\/p>\n<p>V\u00e0 th\u1ebf l\u00e0 ch\u00fa ch\u00f3 S\u00f3i quy\u1ebft t\u00e2m leo l\u00ean n\u00fai \u0111\u1ec3 h\u00e1i \u0111\u01b0\u1ee3c lo\u1ea1i c\u1ecf \u0111\u00f3, kh\u00f4ng may ch\u00fa b\u1ecb r\u01a1i xu\u1ed1ng n\u00fai v\u00e0 kh\u00f4ng h\u00e1i \u0111\u01b0\u1ee3c lo\u1ea1i c\u1ecf \u0111\u00f3. T\u1ec9nh d\u1eady, ch\u00fa th\u1ea5y trong ng\u01b0\u1eddi r\u1ea5t \u0111au, v\u00e0 \u0111\u01b0\u1ee3c n\u1eb1m tr\u00ean m\u1ed9t chi\u1ebfc gi\u01b0\u1eddng to v\u00e0 \u1ea5m. \u0110\u00f3 l\u00e0 nh\u00e0 c\u1ee7a G\u1ea5u, m\u1ed9t v\u1ecb kh\u00e1ch h\u00e0ng th\u00e2n thu\u1ed9c c\u1ee7a S\u00f3i. V\u00e0 th\u1ebf, bao nhi\u00eau \u1ea5m \u1ee9c, bao nhi\u00eau gian kh\u1ed5, S\u00f3i b\u1eaft \u0111\u1ea7u k\u1ec3 cho G\u1ea5u nghe. K\u1ec3 \u0111\u1ebfn m\u1ee9c b\u1ee5ng c\u1ee7a S\u00f3i \u0111\u00f3i v\u00e0 k\u00eau \u201c\u1ee5c\u2026\u1ee5c\u2026\u1ee5c\u201d , th\u1ebf l\u00e0 G\u1ea5u \u0111\u00e3 l\u1ea5y h\u1ebft \u0111\u1ed3 \u0103n d\u1ef1 tr\u1eef cho m\u00f9a \u0111\u00f4ng ra \u0111\u1ec3  n\u1ea5u cho S\u00f3i \u0103n. M\u1eb7c d\u00f9 n\u1ea5u kh\u00f4ng ngon nh\u01b0ng G\u1ea5u v\u1eabn nhi\u1ec7t t\u00ecnh n\u1ea5u cho S\u00f3i \u0103n. L\u00e0 m\u1ed9t v\u1ecb \u0111\u1ea7u b\u1ebfp th\u00ec vi\u1ec7c c\u1ea3m nh\u1eadn m\u1ed9t v\u1ecb th\u1ee9c \u0103n r\u1ea5t k\u00e9n. Nh\u01b0ng ch\u1ec9 v\u1eeba m\u1edbi n\u1ebfm th\u00f4i S\u00f3i l\u1ea1i \u0111\u1ee9ng ph\u1eaft d\u1eady, v\u00e0 n\u1eafm l\u1ea5y vai G\u1ea5u l\u1eafc l\u01b0 sau \u0111\u00f3 lu\u00f4n mi\u1ec7ng h\u1ecfi \u201cAnh \u0111\u00e3 cho c\u00e1i g\u00ec v\u00e0o \u0111\u00e2y m\u00e0 ngon \u0111\u1ebfn nh\u01b0 v\u1eady!<\/p>\n<p>Sau khi b\u00ecnh t\u0129nh v\u00e0 nghe G\u1ea5u tr\u1ea3 l\u1eddi, th\u00ec S\u00f3i v\u1ed9i v\u00e3 v\u1ec1 ngay bi\u1ec7t th\u1ef1 c\u1ee7a c\u1eadu ch\u1ee7 S\u00f3c. N\u1eafm \u0111\u01b0\u1ee3c b\u00ed quy\u1ebft n\u00e0y v\u00e0 S\u00f3i \u0111\u00e3 th\u00e0nh c\u00f4ng. Cu\u1ed1i c\u00f9ng c\u1eadu ch\u1ee7 S\u00f3c \u0111\u00e3 th\u1ed1t l\u00ean t\u1eeb c\u1eeda mi\u1ec7ng m\u00ecnh \u201cA, ngon qu\u00e1!!!\u201d. C\u1eadu ch\u1ee7 S\u00f3c c\u1ee9 ngh\u0129 nh\u1eefng m\u00f3n \u0103n n\u00e0y \u0111\u1ec1u \u0111\u01b0\u1ee3c cho \u201cH\u1ea3o c\u1ecf\u201d n\u00ean m\u1edbi ngon nh\u01b0 v\u1eady. Nh\u01b0ng s\u1ef1 th\u1eadt kh\u00f4ng ph\u1ea3i v\u1eady.<\/p>\n<p>B\u1ed1 m\u1eb9 \u01a1i! B\u1ed1 m\u1eb9 c\u00f3 bi\u1ebft r\u1eb1ng c\u00e2u tr\u1ea3 l\u1eddi c\u1ee7a G\u1ea5u l\u00e0 g\u00ec kh\u00f4ng, ch\u1ec9 l\u00e0 m\u1ed9t \u00edt mu\u1ed1i th\u00f4i, nh\u01b0ng m\u00f3n \u0103n l\u1ea1i r\u1ea5t ngon. V\u00e0 nguy\u00ean nh\u00e2n m\u00f3n \u0103n ngon n\u00e0y l\u00e0 nh\u1edd s\u1ef1 ch\u00e2n th\u00e0nh, s\u1ef1 l\u1eafng nghe chia s\u1ebb c\u1ee7a G\u1ea5u d\u00e0nh cho S\u00f3i. \u0110\u00e3 t\u1eeb l\u00e2u ch\u01b0a ai l\u1eafng nghe S\u00f3i nh\u01b0 v\u1eady, m\u1ed9t bu\u1ed5i t\u00e2m s\u1ef1 ng\u1eafn nh\u01b0ng n\u00f3 gi\u00fap S\u00f3i gi\u1ea3i b\u00e0y h\u1ebft t\u1ea5t c\u1ea3 nh\u1eefng n\u1ed7i bu\u1ed3n, n\u1ed7i phi\u1ec1n mu\u1ed9n b\u1ea5y l\u00e2u nay. V\u00e0 ch\u00fa S\u00f3i \u0111\u00e3 \u00e1p d\u1ee5ng \u0111i\u1ec1u n\u00e0y cho c\u1eadu ch\u1ee7 S\u00f3c.<\/p>\n<p>H\u00f3a ra, v\u00ec c\u00f4ng vi\u1ec7c l\u00e0m \u0103n c\u1ee7a b\u1ed1 m\u1eb9 c\u1eadu ph\u00e1t tri\u1ec3n n\u00ean c\u1eadu ch\u1ee7 S\u00f3c t\u1eeb l\u00e2u kh\u00f4ng \u0111\u01b0\u1ee3c tr\u00f2 chuy\u1ec7n c\u00f9ng b\u1ed1 m\u1eb9, kh\u00f4ng \u0111\u01b0\u1ee3c vui ch\u01a1i c\u00f9ng b\u1ed1 m\u1eb9, kh\u00f4ng nh\u1eadn \u0111\u01b0\u1ee3c t\u00ecnh y\u00eau th\u01b0\u01a1ng \u1ea5m \u00e1p c\u1ee7a b\u1ed1 m\u1eb9, V\u00e0 m\u1ed7i b\u1eefa \u0103n c\u1eadu \u0111\u1ec1u \u0103n m\u1ed9t m\u00ecnh c\u1ea3. V\u00ec th\u1ebf c\u1eadu lu\u00f4n c\u1ea3m nh\u1eadn m\u00f3n \u0103n n\u00e0y kh\u00f4ng ngon, m\u1eb7c d\u00f9 \u0111\u01b0\u1ee3c ch\u1ebf bi\u1ebfn t\u1eeb nh\u1eefng \u0111\u1ea7u b\u1ebfp \u0111\u1eb3ng c\u1ea5p v\u00e0 n\u1ed5i ti\u1ebfng. V\u00e0 ch\u1ec9 b\u1eb1ng nh\u1eefng chi\u00eau th\u1ee9c \u0111\u01a1n gi\u1ea3n, S\u00f3i \u0111\u00e3 th\u1eafng cu\u1ed9c. S\u00f3i ch\u01a1i v\u1edbi c\u1eadu ch\u1ee7 S\u00f3c, v\u00e0 d\u01b0\u1edbi s\u1ef1 ng\u1ea1c nhi\u00ean c\u1ee7a mu\u00f4n lo\u00e0i khi th\u1ea5y c\u1eadu ch\u1ee7 S\u00f3c l\u1ea7n \u0111\u1ea7u ti\u00ean c\u01b0\u1eddi tho\u1ea3i m\u00e1i nh\u01b0 v\u1eady, sau \u0111\u00f3 S\u00f3i l\u1ea1i n\u1ea5u \u0103n v\u00e0 \u0103n c\u00f9ng c\u1eadu \u1ea5y. Ch\u1ec9 \u0111\u01a1n gi\u1ea3n th\u1ebf th\u00f4i, c\u0169ng nh\u1eefng nguy\u00ean li\u1ec7u \u0111\u00f3, nh\u1eefng m\u00f3n \u0103n \u0111\u00f3 nh\u01b0ng sao ngon l\u1ea1 th\u01b0\u1eddng.<\/p>\n<p>S\u1ef1 ch\u00e2n th\u00e0nh, s\u1ef1 quan t\u00e2m, chia s\u1ebb, l\u1eafng nghe v\u00e0 c\u00f3 m\u1ed9t tr\u00e1i tim n\u1ed3ng h\u1eadu, \u0111\u00f3 l\u00e0 nh\u1eefng gia v\u1ecb y\u00eau th\u01b0\u01a1ng \u0111\u1ec3 c\u00f3 m\u1ed9t b\u1eefa \u0103n ngon! B\u1ed1 m\u1eb9 h\u00e3y th\u1eed \u00e1p d\u1ee5ng cho b\u00e9 nh\u00e0 m\u00ecnh nh\u00e9!<\/p>\n<p>V\u00e0 kh\u00f4ng nh\u1eefng th\u1ebf c\u00e2u chuy\u1ec7n n\u00e0y c\u00f3 th\u1ec3 gi\u00fap tr\u1ebb h\u1ecdc \u0111\u01b0\u1ee3c nh\u1eefng b\u00e0i h\u1ecdc sau:<\/p>\n<p> &#8211; S\u1ef1 y\u00eau th\u01b0\u01a1ng h\u00f2a \u0111\u1ed3ng c\u1ee7a mu\u00f4n lo\u00e0i th\u00fa v\u1edbi nhau.<br \/>\n &#8211; S\u1ef1 ki\u00ean tr\u00ec, quy\u1ebft t\u00e2m c\u1ee7a S\u00f3i \u0111\u1ec3 l\u00e0m m\u00f3n \u0103n cho c\u1eadu ch\u1ee7 S\u00f3c.<br \/>\n &#8211; S\u1ef1 chia s\u1ebb l\u1eabn nhau, quan t\u00e2m, gi\u00fap \u0111\u1ee1, l\u1eafng nghe nhau nh\u1eefng l\u00fac kh\u00f3 kh\u0103n.<\/p>\n<p>M\u1ed9t cu\u1ed1n truy\u1ec7n nh\u1ecf nh\u01b0ng c\u1ea3 b\u1ed1 m\u1eb9 v\u00e0 con \u0111\u1ec1u \u0111\u01b0\u1ee3c h\u1ecdc nh\u1eefng \u0111i\u1ec1u b\u1ed5 \u00edch v\u00e0 c\u1ea7n \u00e1p d\u1ee5ng cho ri\u00eang m\u00ecnh.<\/p>\n","protected":false},"excerpt":{"rendered":"<p>M\u1edf \u0111\u1ea7u cu\u1ed1n s\u00e1ch \u0111\u1ea7y th\u00fa v\u1ecb n\u00e0y l\u00e0 c\u00e2u chuy\u1ec7n xoay quanh qu\u00e1n c\u00e0 ph\u00ea Kananorimo, \u00f4ng ch\u1ee7 l\u00e0 m\u1ed9t con ch\u00f3 S\u00f3i r\u1ea5t to l\u1edbn, nh\u00ecn tr\u00f4ng v\u1ebd r\u1ea5t hung d\u1eef, nh\u01b0ng n\u1ea5u \u0103n c\u1ef1c k\u1ef3 ngon. H\u00ecnh nh\u01b0 h\u00ecnh \u1ea3nh c\u1ee7a ch\u00fa ch\u00f3 S\u00f3i \u0111\u01b0\u1ee3c mu\u00f4n th\u00fa qu\u00ean \u0111i v\u00e0 thay v\u00e0o \u0111\u00f3 l\u00e0 m\u1ed9t \u0111\u1ea7u b\u1ebfp gi\u1ecfi v\u1edbi nh\u1eefng m\u00f3n \u0103n r\u1ea5t ngon. Nh\u01b0ng \u0111\u00e2y c\u0169ng kh\u00f4ng ph\u1ea3i l\u00e0 v\u1ea5n \u0111\u1ec1 ch\u00ednh c\u1ee7a cu\u1ed1n s\u00e1ch m\u00e0 t\u00e1c gi\u1ea3 mu\u1ed1n truy\u1ec1n t\u1ea3i. <\/p>\n<p>M\u00e0 ch\u00ednh \u1edf \u0111\u00e2y l\u00e0 c\u00e2u chuy\u1ec7n xoay quanh c\u1eadu ch\u1ee7 S\u00f3c v\u00e0 nh\u1eefng m\u00f3n \u0103n. C\u1eadu ch\u1ee7 S\u00f3c \u1edf trong m\u1ed9t ng\u00f4i bi\u1ec7t th\u1ef1 sang tr\u1ecdng, v\u00ec gia \u0111\u00ecnh kh\u00e1 gi\u1ea3 n\u00ean c\u1eadu \u0111\u01b0\u1ee3c ph\u1ee5c v\u1ee5 r\u1ea5t t\u1eadn t\u00ecnh. H\u1ea7u nh\u01b0 m\u1ecdi th\u1ee9 c\u1eadu mu\u1ed1n \u0111\u1ec1u \u0111\u01b0\u1ee3c \u0111\u00e1p \u1ee9ng c\u1ea3. Nh\u01b0ng c\u00f3 m\u1ed9t v\u1ea5n \u0111\u1ec1 n\u00e0o \u0111\u00f3 \u0111\u1ebfn t\u1eeb c\u00e1c m\u00f3n \u0103n c\u1ee7a c\u1eadu. M\u1eb7c d\u00f9, qu\u1ea3n gia c\u1ee7a c\u1eadu \u0111\u00e3 t\u00ecm ki\u1ebfm nh\u1eefng v\u1ecb \u0111\u1ea7u b\u1ebfp n\u1ed5i ti\u1ebfng nh\u1ea5t khu r\u1eebng \u0111\u1ec3 n\u1ea5u cho c\u1eadu \u0103n, nh\u01b0ng c\u1eadu \u0111\u1ec1u l\u1eafc \u0111\u1ea7u v\u00e0 ch\u00ea bai m\u00f3n \u0103n \u201cD\u1edf qu\u00e1!\u201d, v\u00e0 ch\u00fa ch\u00f3 S\u00f3i n\u1ed5i ti\u1ebfng kia c\u0169ng kh\u00f4ng ngo\u1ea1i l\u1ec7.<\/p>\n","protected":false},"featured_media":22301,"template":"","meta":{"_acf_changed":false},"product_brand":[],"product_cat":[24,25,17],"product_tag":[83],"class_list":{"0":"post-22302","1":"product","2":"type-product","3":"status-publish","4":"has-post-thumbnail","6":"product_cat-nha-tre-mau-giao-0-tuoi-6-tuoi","7":"product_cat-nhi-dong-6-tuoi-12-tuoi","8":"product_cat-sach-danh-cho-cac-be","9":"product_tag-sach-moi-xuat-ban","11":"first","12":"outofstock","13":"taxable","14":"shipping-taxable","15":"purchasable","16":"product-type-simple"},"supplier_id":null,"supplier_sku":"","barcode":null,"atum_controlled":true,"out_stock_date":"2023-01-27 13:16:39","out_stock_threshold":null,"inheritable":false,"inbound_stock":0,"stock_on_hold":0,"sold_today":0,"sales_last_days":0,"reserved_stock":0,"customer_returns":0,"warehouse_damage":0,"lost_in_post":0,"other_logs":0,"out_stock_days":1097,"lost_sales":0,"has_location":false,"update_date":"2026-01-28T23:11:08","atum_locations":[],"atum_stock_status":"outofstock","restock_status":false,"low_stock_amount":"","sales_update_date":"2026-01-28T23:11:08","calc_backorders":null,"acf":{"publisher":null},"_links":{"self":[{"href":"https:\/\/sachviet.eu\/en\/wp-json\/wp\/v2\/product\/22302","targetHints":{"allow":["GET"]}}],"collection":[{"href":"https:\/\/sachviet.eu\/en\/wp-json\/wp\/v2\/product"}],"about":[{"href":"https:\/\/sachviet.eu\/en\/wp-json\/wp\/v2\/types\/product"}],"wp:featuredmedia":[{"embeddable":true,"href":"https:\/\/sachviet.eu\/en\/wp-json\/wp\/v2\/media\/22301"}],"wp:attachment":[{"href":"https:\/\/sachviet.eu\/en\/wp-json\/wp\/v2\/media?parent=22302"}],"wp:term":[{"taxonomy":"product_brand","embeddable":true,"href":"https:\/\/sachviet.eu\/en\/wp-json\/wp\/v2\/product_brand?post=22302"},{"taxonomy":"product_cat","embeddable":true,"href":"https:\/\/sachviet.eu\/en\/wp-json\/wp\/v2\/product_cat?post=22302"},{"taxonomy":"product_tag","embeddable":true,"href":"https:\/\/sachviet.eu\/en\/wp-json\/wp\/v2\/product_tag?post=22302"}],"curies":[{"name":"wp","href":"https:\/\/api.w.org\/{rel}","templated":true}]}}