{"id":22300,"date":"2023-01-21T02:19:54","date_gmt":"2023-01-21T00:19:54","guid":{"rendered":"https:\/\/sachviet.eu\/shop\/ehon-thong-minh-cho-tre-mau-giao-ai-dang-tron-ay-nhi\/"},"modified":"2024-08-25T22:41:46","modified_gmt":"2024-08-25T19:41:46","slug":"ehon-thong-minh-cho-tre-mau-giao-ai-dang-tron-ay-nhi","status":"publish","type":"product","link":"https:\/\/sachviet.eu\/en\/shop\/ehon-thong-minh-cho-tre-mau-giao-ai-dang-tron-ay-nhi\/","title":{"rendered":"Ehon Th\u00f4ng Minh Cho Tr\u1ebb M\u1eabu Gi\u00e1o : Ai \u0110ang Tr\u1ed1n \u1ea4y Nh\u1ec9?"},"content":{"rendered":"<p>Ch\u00f3, h\u1ed5, h\u00e0 m\u00e3, ng\u1ef1a v\u1eb1n, tu\u1ea7n l\u1ed9c, th\u1ecf, l\u1ee3n\u2026 t\u1ed5ng c\u1ed9ng c\u00f3 18 con v\u1eadt t\u01b0\u01a1i t\u1eafn v\u00e0 \u0111\u00e1ng y\u00eau trong cu\u1ed1n ehon th\u00f4ng minh n\u00e0y. C\u1ee9 m\u1ed7i m\u1ed9t trang s\u00e1ch s\u1ebd c\u00f3 m\u1ed9t h\u00e0nh \u0111\u1ed9ng b\u00ed \u1ea9n, con th\u00ec n\u1ea5p \u0111i, con th\u00ec quay m\u00f4ng l\u1ea1i, con th\u00ec kh\u00f3c nh\u00e8, con th\u00ec ng\u1ee7 g\u1eadt\u2026<\/p>\n<p>B\u1ed1 m\u1eb9 h\u00e3y th\u1eed h\u1ecfi con, \u201cCon \u0111\u1ebfm \u0111i xem n\u00e0o, c\u00f3 bao nhi\u00eau con t\u1ea5t c\u1ea3, \u1ed3 ai \u0111ang tr\u1ed1n \u0111\u00e2u m\u1ea5t r\u1ed3i?\u201d M\u1ed7i trang s\u00e1ch s\u1ebd l\u00e0 m\u1ed9t tr\u00f2 ch\u01a1i h\u1ea5p d\u1eabn v\u1edbi tr\u1ebb tu\u1ed5i m\u1eabu gi\u00e1o. \u0110\u1ed3ng th\u1eddi, th\u1eddi gian \u0111\u1ecdc s\u00e1ch s\u1ebd gi\u00fap g\u1eafn k\u1ebft b\u1ed1 m\u1eb9 v\u1edbi con, gia \u0111\u00ecnh tr\u1edf th\u00e0nh kh\u00f4ng gian chan h\u00f2a ti\u1ebfng c\u01b0\u1eddi.<\/p>\n","protected":false},"excerpt":{"rendered":"<p>Ch\u00f3, h\u1ed5, h\u00e0 m\u00e3, ng\u1ef1a v\u1eb1n, tu\u1ea7n l\u1ed9c, th\u1ecf, l\u1ee3n\u2026 t\u1ed5ng c\u1ed9ng c\u00f3 18 con v\u1eadt t\u01b0\u01a1i t\u1eafn v\u00e0 \u0111\u00e1ng y\u00eau trong cu\u1ed1n ehon th\u00f4ng minh n\u00e0y. C\u1ee9 m\u1ed7i m\u1ed9t trang s\u00e1ch s\u1ebd c\u00f3 m\u1ed9t h\u00e0nh \u0111\u1ed9ng b\u00ed \u1ea9n, con th\u00ec n\u1ea5p \u0111i, con th\u00ec quay m\u00f4ng l\u1ea1i, con th\u00ec kh\u00f3c nh\u00e8, con th\u00ec ng\u1ee7 g\u1eadt\u2026<\/p>\n<p>B\u1ed1 m\u1eb9 h\u00e3y th\u1eed h\u1ecfi con, \u201cCon \u0111\u1ebfm \u0111i xem n\u00e0o, c\u00f3 bao nhi\u00eau con t\u1ea5t c\u1ea3, \u1ed3 ai \u0111ang tr\u1ed1n \u0111\u00e2u m\u1ea5t r\u1ed3i?\u201d M\u1ed7i trang s\u00e1ch s\u1ebd l\u00e0 m\u1ed9t tr\u00f2 ch\u01a1i h\u1ea5p d\u1eabn v\u1edbi tr\u1ebb tu\u1ed5i m\u1eabu gi\u00e1o. \u0110\u1ed3ng th\u1eddi, th\u1eddi gian \u0111\u1ecdc s\u00e1ch s\u1ebd gi\u00fap g\u1eafn k\u1ebft b\u1ed1 m\u1eb9 v\u1edbi con, gia \u0111\u00ecnh tr\u1edf th\u00e0nh kh\u00f4ng gian chan h\u00f2a ti\u1ebfng c\u01b0\u1eddi.<\/p>\n","protected":false},"featured_media":22299,"template":"","meta":{"_acf_changed":false},"product_brand":[],"product_cat":[24,25,17],"product_tag":[83],"class_list":{"0":"post-22300","1":"product","2":"type-product","3":"status-publish","4":"has-post-thumbnail","6":"product_cat-nha-tre-mau-giao-0-tuoi-6-tuoi","7":"product_cat-nhi-dong-6-tuoi-12-tuoi","8":"product_cat-sach-danh-cho-cac-be","9":"product_tag-sach-moi-xuat-ban","11":"first","12":"outofstock","13":"taxable","14":"shipping-taxable","15":"purchasable","16":"product-type-simple"},"supplier_id":null,"supplier_sku":"","barcode":null,"atum_controlled":true,"out_stock_date":"2024-08-25 19:41:46","out_stock_threshold":null,"inheritable":false,"inbound_stock":0,"stock_on_hold":0,"sold_today":0,"sales_last_days":0,"reserved_stock":0,"customer_returns":0,"warehouse_damage":0,"lost_in_post":0,"other_logs":0,"out_stock_days":521,"lost_sales":371,"has_location":false,"update_date":"2026-01-28T23:11:24","atum_locations":[],"atum_stock_status":"outofstock","restock_status":false,"low_stock_amount":"","sales_update_date":"2026-01-28T23:11:24","calc_backorders":null,"acf":{"publisher":null},"_links":{"self":[{"href":"https:\/\/sachviet.eu\/en\/wp-json\/wp\/v2\/product\/22300","targetHints":{"allow":["GET"]}}],"collection":[{"href":"https:\/\/sachviet.eu\/en\/wp-json\/wp\/v2\/product"}],"about":[{"href":"https:\/\/sachviet.eu\/en\/wp-json\/wp\/v2\/types\/product"}],"wp:featuredmedia":[{"embeddable":true,"href":"https:\/\/sachviet.eu\/en\/wp-json\/wp\/v2\/media\/22299"}],"wp:attachment":[{"href":"https:\/\/sachviet.eu\/en\/wp-json\/wp\/v2\/media?parent=22300"}],"wp:term":[{"taxonomy":"product_brand","embeddable":true,"href":"https:\/\/sachviet.eu\/en\/wp-json\/wp\/v2\/product_brand?post=22300"},{"taxonomy":"product_cat","embeddable":true,"href":"https:\/\/sachviet.eu\/en\/wp-json\/wp\/v2\/product_cat?post=22300"},{"taxonomy":"product_tag","embeddable":true,"href":"https:\/\/sachviet.eu\/en\/wp-json\/wp\/v2\/product_tag?post=22300"}],"curies":[{"name":"wp","href":"https:\/\/api.w.org\/{rel}","templated":true}]}}