{"id":2230,"date":"2021-02-25T19:26:41","date_gmt":"2021-02-25T17:26:41","guid":{"rendered":"https:\/\/sachviet.eu\/shop\/vi-khach-tuyet-voi-nhat-tran-doi\/"},"modified":"2025-04-20T10:34:31","modified_gmt":"2025-04-20T07:34:31","slug":"vi-khach-tuyet-voi-nhat-tran-doi","status":"publish","type":"product","link":"https:\/\/sachviet.eu\/en\/shop\/vi-khach-tuyet-voi-nhat-tran-doi\/","title":{"rendered":"V\u1ecb kh\u00e1ch tuy\u1ec7t v\u1eddi nh\u1ea5t tr\u1ea7n \u0111\u1eddi"},"content":{"rendered":"<p>Walter \u0111ang r\u01a1i v\u00e0o th\u1ebf b\u00ed kh\u00f4ng bi\u1ebft ph\u1ea3i l\u00e0m sao. C\u1eadu y\u00eau xi\u1ebft bao ng\u00f4i nh\u00e0 c\u1ee7a m\u00ecnh, n\u00ean c\u1eadu ch\u1eb3ng v\u1eeba l\u00f2ng ch\u00fat n\u00e0o v\u1edbi nh\u1eefng vi\u1ec7c c\u00f4 b\u1ea1n Pansy \u0111ang l\u00e0m v\u1edbi n\u00f3. Nh\u01b0ng bi\u1ebft l\u00e0m sao \u0111\u01b0\u1ee3c, c\u1eadu c\u0169ng y\u00eau qu\u00fd ng\u01b0\u1eddi b\u1ea1n c\u1ee7a m\u00ecnh v\u00f4 c\u00f9ng.<\/p>\n<p>Trong chuy\u1ebfn t\u1edbi th\u0103m nh\u00e0 b\u1ea1n, Pansy \u0111\u00e3 g\u00e2y ra bi\u1ebft bao nhi\u00eau l\u00e0 chuy\u1ec7n \u0111\u1ed9ng tr\u1eddi, c\u00f2n Walter th\u00ec kh\u00f4ng kh\u1ecfi th\u1ea5p th\u1ecfm, lo \u00e2u v\u1edbi s\u1ef1 nhi\u1ec7t t\u00ecnh v\u00e0 v\u1ee5ng v\u1ec1 c\u1ee7a ng\u01b0\u1eddi b\u1ea1n n\u1ed1i kh\u1ed1.<\/p>\n<p>Li\u1ec7u c\u00f4 b\u00e9 Pansy c\u00f3 tr\u1edf th\u00e0nh v\u1ecb kh\u00e1ch t\u1ed3i t\u1ec7 nh\u1ea5t trong l\u1ecbch s\u1eed hay kh\u00f4ng? C\u00e1c b\u1ea1n nh\u1ecf h\u00e3y c\u00f9ng th\u1ee7 th\u1ec9 \u0111\u1ecdc cu\u1ed1n s\u00e1ch tuy\u1ec7t v\u1eddi nh\u1ea5t tr\u1ea7n \u0111\u1eddi n\u00e0y c\u00f9ng b\u1ed1 m\u1eb9 v\u00e0 b\u1ea1n b\u00e8 c\u1ee7a m\u00ecnh nh\u00e9!  <div class=\"banner-grid-wrapper\">\n  <div id=\"banner-grid-2048294087\" class=\"banner-grid row row-grid row-small\" data-packery-options=\"\">\n            <style>\n    #banner-grid-2048294087 .grid-col-1{height: 600px}\n    #banner-grid-2048294087 .grid-col-1-2{height: 300px}\n    #banner-grid-2048294087 .grid-col-1-3{height:200px}\n    #banner-grid-2048294087 .grid-col-2-3{height: 400px}\n    #banner-grid-2048294087 .grid-col-1-4{height: 150px}\n    #banner-grid-2048294087 .grid-col-3-4{height: 450px}\n\n\n        \/* Tablet *\/\n    @media (max-width: 850px){\n      #banner-grid-2048294087 .grid-col-1{height: 400px}\n      #banner-grid-2048294087 .grid-col-1-2{height: 200px}\n      #banner-grid-2048294087 .grid-col-1-3{height:133.33333333333px}\n      #banner-grid-2048294087 .grid-col-2-3{height: 266.66666666667px}\n      #banner-grid-2048294087 .grid-col-1-4{height: 100px}\n      #banner-grid-2048294087 .grid-col-3-4{height: 300px}\n    }\n    \n        \/* Mobile *\/\n    @media (max-width: 550px){\n      #banner-grid-2048294087 .grid-col-1{height: 400px}\n      #banner-grid-2048294087 .grid-col-1-2{height: 200px}\n      #banner-grid-2048294087 .grid-col-1-3{height:133.33333333333px}\n      #banner-grid-2048294087 .grid-col-2-3{height: 266.66666666667px}\n      #banner-grid-2048294087 .grid-col-1-4{height: 100px}\n      #banner-grid-2048294087 .grid-col-3-4{height: 300px}\n    }\n    \n\n  <\/style>\n    <\/div>\n    <style>\n    #banner-grid-2048294087 .grid-col-1{height: 600px}\n    #banner-grid-2048294087 .grid-col-1-2{height: 300px}\n    #banner-grid-2048294087 .grid-col-1-3{height:200px}\n    #banner-grid-2048294087 .grid-col-2-3{height: 400px}\n    #banner-grid-2048294087 .grid-col-1-4{height: 150px}\n    #banner-grid-2048294087 .grid-col-3-4{height: 450px}\n\n\n    \n    \n\n  <\/style>\n    <\/div>\n  \n","protected":false},"excerpt":{"rendered":"<p>T\u00e1c gi\u1ea3 &amp; Minh h\u1ecda: Paula Metcalf<br \/>\nBi\u00ean d\u1ecbch: Qu\u1ef3nh L\u00ea<\/p>\n<p>&#8220;V\u1ecb kh\u00e1ch tuy\u1ec7t v\u1eddi nh\u1ea5t tr\u1ea7n \u0111\u1eddi&#8221; l\u00e0 m\u1ed9t cu\u1ed1n s\u00e1ch thi\u1ebfu nhi ng\u1eafn nh\u01b0ng v\u00f4 c\u00f9ng d\u1ec5 th\u01b0\u01a1ng v\u1ec1 t\u00ecnh b\u1ea1n v\u1edbi ph\u1ea7n minh h\u1ecda \u1ea5n t\u01b0\u1ee3ng v\u00e0 cu\u1ed1n h\u00fat. C\u00e2u chuy\u1ec7n nh\u1eafn nh\u1ee7 th\u00f4ng \u0111i\u1ec7p ng\u01b0\u1eddi b\u1ea1n c\u1ee7a ch\u00fang ta \u0111\u00e2u ph\u1ea3i l\u00fac n\u00e0o c\u0169ng ho\u00e0n h\u1ea3o kh\u00f4ng ch\u1ed7 ch\u00ea, nh\u01b0ng d\u00f9 sao \u0111\u00f3 v\u1eabn l\u00e0 ng\u01b0\u1eddi b\u1ea1n t\u1ed1t c\u1ee7a m\u00ecnh, v\u00e0 ch\u00fang ta kh\u00f4ng n\u00ean qu\u00e1 s\u0103m soi v\u00e0o nh\u1eefng l\u1ed7i l\u1ea7m c\u1ee7a h\u1ecd, m\u00e0 h\u00e3y h\u1ecdc c\u00e1ch ch\u1ea5p nh\u1eadn c\u1ea3 nh\u1eefng khuy\u1ebft \u0111i\u1ec3m c\u1ee7a b\u1ea1n.\u00a0M\u1ed9t cu\u1ed1n s\u00e1ch \u0111\u1ec3 \u0111\u1ecdc say m\u00ea v\u00e0o gi\u1edd \u0111\u1ecdc s\u00e1ch tr\u01b0\u1edbc khi \u0111i ng\u1ee7, hay d\u00e0nh cho m\u1ed9t bu\u1ed5i \u0111\u1ecdc s\u00e1ch v\u1edbi c\u1ea3 l\u1edbp c\u1ee7a c\u00e1c b\u1ea1n nh\u1ecf.<\/p>\n<p>S\u00e1ch b\u00eca c\u1ee9ng, c\u00f3 \u00e1o jacket tay g\u1eadp.<br \/>\nKh\u1ed5 s\u00e1ch: 21x23cm<\/p>\n","protected":false},"featured_media":2226,"template":"","meta":{"_acf_changed":false},"product_brand":[],"product_cat":[25,17],"product_tag":[],"class_list":{"0":"post-2230","1":"product","2":"type-product","3":"status-publish","4":"has-post-thumbnail","6":"product_cat-nhi-dong-6-tuoi-12-tuoi","7":"product_cat-sach-danh-cho-cac-be","9":"first","10":"instock","11":"taxable","12":"shipping-taxable","13":"purchasable","14":"product-type-simple"},"supplier_id":null,"supplier_sku":"","barcode":null,"atum_controlled":true,"out_stock_date":null,"out_stock_threshold":null,"inheritable":false,"inbound_stock":0,"stock_on_hold":0,"sold_today":0,"sales_last_days":0,"reserved_stock":0,"customer_returns":0,"warehouse_damage":0,"lost_in_post":0,"other_logs":0,"out_stock_days":0,"lost_sales":0,"has_location":false,"update_date":"2026-01-28T23:11:29","atum_locations":[],"atum_stock_status":"instock","restock_status":false,"low_stock_amount":"","sales_update_date":"2026-01-28T23:11:29","calc_backorders":null,"acf":{"publisher":{"ID":1458,"post_author":"1","post_date":"2021-02-17 01:12:22","post_date_gmt":"2021-02-16 23:12:22","post_content":"<!-- wp:flatsome\/uxbuilder -->\n<h1 style=\"text-align: center\"><strong>Crabit Kidbooks<\/strong><\/h1>\n[row]\n\n[col span=\"8\" span__sm=\"12\"]\n\n<p>Crabit Kidbooks l\u00e0 nh\u00e0 ph\u00e1t h\u00e0nh s\u00e1ch thi\u1ebfu nhi thu\u1ed9c C\u00f4ng ty CPTM &amp; XNK Ng\u1ecdc \u00c1nh \u2013 \u0111\u01a1n v\u1ecb h\u01a1n 20 n\u0103m kinh nghi\u1ec7m trong ng\u00e0nh in \u1ea5n v\u00e0 l\u00e0 \u0111\u1ed1i t\u00e1c uy t\u00edn cung c\u1ea5p h\u1ecdc li\u1ec7u, s\u00e1ch v\u1edf h\u1ecdc sinh cho h\u01a1n 5000 kh\u00e1ch h\u00e0ng kh\u1eafp 28 t\u1ec9nh th\u00e0nh ph\u00eda B\u1eafc Vi\u1ec7t Nam H\u1ec7 th\u1ed1ng s\u1ea3n ph\u1ea9m Crabit Kidbooks<\/p>\n<p>Theo s\u1ef1 t\u00ecm hi\u1ec3u c\u1ee7a <strong>SACHVIET.EU<\/strong><strong>\u00a0<\/strong>tuy Crabit Kidbooks l\u00e0 m\u1ed9t nh\u00e0 ph\u00e1t h\u00e0nh tr\u1ebb t\u1ea1i Vi\u1ec7t Nam nh\u01b0ng l\u1ea1i mang \u0111\u1ebfn s\u1ef1 ch\u1ec9n chu qua t\u1eebng trang s\u00e1ch, t\u1eeb ch\u1ea5t li\u1ec7u gi\u1ea5y cao c\u1ea5p, b\u00eca c\u1ee9ng gi\u1eef g\u00ecn s\u00e1ch \u0111\u01b0\u1ee3c b\u1ec1n l\u00e2u \u0111\u1ebfn l\u1eddi v\u0103n c\u00e2u ch\u1eef \u0111\u01b0\u1ee3c ch\u1ecdn l\u1ecdc ch\u1ec9nh s\u1eeda sao cho ti\u1ebfp c\u1eadn th\u00e2n thi\u1ec7n nh\u1ea5t v\u1edbi tr\u1ebb em. <strong>SACHVIET.EU<\/strong> th\u1ef1c s\u1ef1 \u1ea5n t\u01b0\u1ee3ng b\u1edfi t\u1ea7m nh\u00ecn v\u00e0 s\u1ef1 c\u1ed1 g\u1eafng ho\u00e0n thi\u1ec7n nh\u1eefng t\u00e1c ph\u1ea9m c\u00f3 gi\u00e1 tr\u1ecb tuy\u1ec7t v\u1eddi m\u00e0 Crabit Kidbooks mang l\u1ea1i. \u0110\u00e2y c\u0169ng l\u00e0 nh\u00e0 ph\u00e1t h\u00e0nh duy nh\u1ea5t t\u1edbi th\u1eddi \u0111i\u1ec3m n\u00e0y m\u00e0 <strong>SACHVIET.EU<\/strong> quy\u1ebft t\u00e2m h\u1ee3p t\u00e1c mang h\u1ebft t\u1ea5t c\u1ea3 c\u00e1c \u0111\u1ea7u s\u00e1ch m\u00e0 Crabit Kidbooks c\u00f3 \u0111\u1ec3 \u0111em \u0111\u1ebfn Ch\u00e2u \u00c2u ph\u1ee5c v\u1ee5 m\u1ecdi ng\u01b0\u1eddi. \u0110\u00e2y th\u1ef1c s\u1ef1 l\u00e0 m\u1ed9t s\u1ef1 li\u1ec1u l\u0129nh c\u1ee7a <strong>SACHVIET.EU<\/strong>, tuy nhi\u00ean ch\u00fang m\u00ecnh tin t\u01b0\u1edfng v\u00e0 t\u1ef1 tin r\u1eb1ng t\u1eebng cu\u1ed1n s\u00e1ch m\u00e0 ch\u00fang m\u00ecnh gi\u1edbi thi\u1ec7u x\u1ee9ng \u0111\u00e1ng v\u1edbi nh\u1eefng g\u00ec ch\u00fang m\u00ecnh theo \u0111u\u1ed5i.<\/p>\n\n[\/col]\n[col span=\"4\" span__sm=\"12\"]\n\n[ux_image id=\"1701\" image_size=\"medium\"]\n\n\n[\/col]\n\n[\/row]\n\n<!-- \/wp:flatsome\/uxbuilder -->","post_title":"Crabit Kidbooks","post_excerpt":"","post_status":"publish","comment_status":"closed","ping_status":"closed","post_password":"","post_name":"crabit-kidbooks","to_ping":"","pinged":"","post_modified":"2022-12-19 23:12:10","post_modified_gmt":"2022-12-19 21:12:10","post_content_filtered":"","post_parent":0,"guid":"https:\/\/sachviet.eu\/nha-phat-hanh\/crabitkidbooks\/","menu_order":0,"post_type":"publisher","post_mime_type":"","comment_count":"0","filter":"raw"}},"_links":{"self":[{"href":"https:\/\/sachviet.eu\/en\/wp-json\/wp\/v2\/product\/2230","targetHints":{"allow":["GET"]}}],"collection":[{"href":"https:\/\/sachviet.eu\/en\/wp-json\/wp\/v2\/product"}],"about":[{"href":"https:\/\/sachviet.eu\/en\/wp-json\/wp\/v2\/types\/product"}],"wp:featuredmedia":[{"embeddable":true,"href":"https:\/\/sachviet.eu\/en\/wp-json\/wp\/v2\/media\/2226"}],"wp:attachment":[{"href":"https:\/\/sachviet.eu\/en\/wp-json\/wp\/v2\/media?parent=2230"}],"wp:term":[{"taxonomy":"product_brand","embeddable":true,"href":"https:\/\/sachviet.eu\/en\/wp-json\/wp\/v2\/product_brand?post=2230"},{"taxonomy":"product_cat","embeddable":true,"href":"https:\/\/sachviet.eu\/en\/wp-json\/wp\/v2\/product_cat?post=2230"},{"taxonomy":"product_tag","embeddable":true,"href":"https:\/\/sachviet.eu\/en\/wp-json\/wp\/v2\/product_tag?post=2230"}],"curies":[{"name":"wp","href":"https:\/\/api.w.org\/{rel}","templated":true}]}}