{"id":22298,"date":"2023-01-21T02:19:48","date_gmt":"2023-01-21T00:19:48","guid":{"rendered":"https:\/\/sachviet.eu\/shop\/truyen-tranh-ehon-nhat-ban-them-chut-nua-them-chut-nua\/"},"modified":"2023-01-26T22:42:56","modified_gmt":"2023-01-26T20:42:56","slug":"truyen-tranh-ehon-nhat-ban-them-chut-nua-them-chut-nua","status":"publish","type":"product","link":"https:\/\/sachviet.eu\/en\/shop\/truyen-tranh-ehon-nhat-ban-them-chut-nua-them-chut-nua\/","title":{"rendered":"Truy\u1ec7n Tranh Ehon Nh\u1eadt B\u1ea3n &#8211; Th\u00eam Ch\u00fat N\u1eefa, Th\u00eam Ch\u00fat N\u1eefa"},"content":{"rendered":"<p>M\u1ed9t qu\u1ea3 t\u00e1o th\u01a1m ngon b\u1ecb k\u1eb9t trong h\u1ed1c \u0111\u00e1. B\u1ea1n Heo, b\u1ea1n Kh\u1ec9, b\u1ea1n C\u00e1o,\u2026t\u00ecm m\u1ecdi c\u00e1ch m\u00e0 v\u1eabn kh\u00f4ng l\u1ea5y ra \u0111\u01b0\u1ee3c. May nh\u1edd chi\u1ebfc v\u00f2i d\u00e0i c\u1ee7a b\u1ea1n Voi n\u00ean \u0111\u00e3 l\u1ea5y \u0111\u01b0\u1ee3c qu\u1ea3 t\u00e1o. Tuy nhi\u00ean\u2026.<\/p>\n","protected":false},"excerpt":{"rendered":"<p>M\u1ed9t qu\u1ea3 t\u00e1o th\u01a1m ngon b\u1ecb k\u1eb9t trong h\u1ed1c \u0111\u00e1. B\u1ea1n Heo, b\u1ea1n Kh\u1ec9, b\u1ea1n C\u00e1o,\u2026t\u00ecm m\u1ecdi c\u00e1ch m\u00e0 v\u1eabn kh\u00f4ng l\u1ea5y ra \u0111\u01b0\u1ee3c. May nh\u1edd chi\u1ebfc v\u00f2i d\u00e0i c\u1ee7a b\u1ea1n Voi n\u00ean \u0111\u00e3 l\u1ea5y \u0111\u01b0\u1ee3c qu\u1ea3 t\u00e1o. Tuy nhi\u00ean\u2026.<\/p>\n","protected":false},"featured_media":22297,"template":"","meta":{"_acf_changed":false},"product_brand":[],"product_cat":[24,25,17],"product_tag":[83],"class_list":{"0":"post-22298","1":"product","2":"type-product","3":"status-publish","4":"has-post-thumbnail","6":"product_cat-nha-tre-mau-giao-0-tuoi-6-tuoi","7":"product_cat-nhi-dong-6-tuoi-12-tuoi","8":"product_cat-sach-danh-cho-cac-be","9":"product_tag-sach-moi-xuat-ban","11":"first","12":"outofstock","13":"taxable","14":"shipping-taxable","15":"purchasable","16":"product-type-simple"},"supplier_id":null,"supplier_sku":"","barcode":null,"atum_controlled":true,"out_stock_date":"2023-01-26 20:42:56","out_stock_threshold":null,"inheritable":false,"inbound_stock":0,"stock_on_hold":0,"sold_today":0,"sales_last_days":0,"reserved_stock":0,"customer_returns":0,"warehouse_damage":0,"lost_in_post":0,"other_logs":0,"out_stock_days":1098,"lost_sales":0,"has_location":false,"update_date":"2026-01-28T23:11:07","atum_locations":[],"atum_stock_status":"outofstock","restock_status":false,"low_stock_amount":"","sales_update_date":"2026-01-28T23:11:07","calc_backorders":null,"acf":{"publisher":null},"_links":{"self":[{"href":"https:\/\/sachviet.eu\/en\/wp-json\/wp\/v2\/product\/22298","targetHints":{"allow":["GET"]}}],"collection":[{"href":"https:\/\/sachviet.eu\/en\/wp-json\/wp\/v2\/product"}],"about":[{"href":"https:\/\/sachviet.eu\/en\/wp-json\/wp\/v2\/types\/product"}],"wp:featuredmedia":[{"embeddable":true,"href":"https:\/\/sachviet.eu\/en\/wp-json\/wp\/v2\/media\/22297"}],"wp:attachment":[{"href":"https:\/\/sachviet.eu\/en\/wp-json\/wp\/v2\/media?parent=22298"}],"wp:term":[{"taxonomy":"product_brand","embeddable":true,"href":"https:\/\/sachviet.eu\/en\/wp-json\/wp\/v2\/product_brand?post=22298"},{"taxonomy":"product_cat","embeddable":true,"href":"https:\/\/sachviet.eu\/en\/wp-json\/wp\/v2\/product_cat?post=22298"},{"taxonomy":"product_tag","embeddable":true,"href":"https:\/\/sachviet.eu\/en\/wp-json\/wp\/v2\/product_tag?post=22298"}],"curies":[{"name":"wp","href":"https:\/\/api.w.org\/{rel}","templated":true}]}}