{"id":22296,"date":"2023-01-21T02:19:42","date_gmt":"2023-01-21T00:19:42","guid":{"rendered":"https:\/\/sachviet.eu\/shop\/boxset-dorothy-va-xu-oz-dieu-ky-gom-6-cuon-cua-l-frank-baum-ban-dich-moi-tang-kem-6-bookmark\/"},"modified":"2023-05-22T13:42:20","modified_gmt":"2023-05-22T10:42:20","slug":"boxset-dorothy-va-xu-oz-dieu-ky-gom-6-cuon-cua-l-frank-baum-ban-dich-moi-tang-kem-6-bookmark","status":"publish","type":"product","link":"https:\/\/sachviet.eu\/en\/shop\/boxset-dorothy-va-xu-oz-dieu-ky-gom-6-cuon-cua-l-frank-baum-ban-dich-moi-tang-kem-6-bookmark\/","title":{"rendered":"Boxset Dorothy v\u00e0 x\u1ee9 Oz di\u1ec7u k\u1ef3 &#8211; G\u1ed3m 6 cu\u1ed1n c\u1ee7a L. Frank Baum (B\u1ea3n d\u1ecbch m\u1edbi, t\u1eb7ng k\u00e8m 6 bookmark)"},"content":{"rendered":"<p>Boxset g\u1ed3m 6 t\u1eadp truy\u1ec7n:<\/p>\n<p>T\u1eadp 1- Ph\u00f9 thu\u1ef7 Oz t\u00e0i ba<\/p>\n<p>T\u1eadp 2- X\u1ee9 Oz di\u1ec7u k\u1ef3<\/p>\n<p>T\u1eadp 3- N\u00e0ng c\u00f4ng ch\u00faa Ozma<\/p>\n<p>T\u1eadp 4- Dorothy v\u00e0 ph\u00f9 thu\u1ef7 x\u1ee9 Oz<\/p>\n<p>T\u1eadp 5- \u0110\u01b0\u1eddng t\u1edbi Oz<\/p>\n<p>T\u1eadp 6- Th\u00e0nh ph\u1ed1 Ng\u1ecdc L\u1ee5c B\u1ea3o<\/p>\n<p>Gi\u1edbi thi\u1ec3u t\u00e1c gi\u1ea3 v\u00e0 t\u00e1c ph\u1ea9m:<\/p>\n<p>L.Frank Baum (1856-1919) l\u00e0 m\u1ed9t trong nh\u1eefng nh\u00e0 v\u0103n vi\u1ebft truy\u1ec7n thi\u1ebfu nhi n\u1ed5i ti\u1ebfng nh\u1ea5t th\u1ebf gi\u1edbi. T\u00ean tu\u1ed5i c\u1ee7a \u00f4ng g\u1eafn li\u1ec1n lo\u1ea1t truy\u1ec7n v\u1ec1 x\u1ee9 Oz di\u1ec7u k\u1ef3, xoay quanh cu\u1ed9c phi\u00eau l\u01b0u \u0111\u1ea7y gian nan nh\u01b0ng v\u00f4 c\u00f9ng h\u1ea5p d\u1eabn c\u1ee7a c\u00f4 b\u00e9 Dorothy Gale v\u00e0 nh\u1eefng ng\u01b0\u1eddi b\u1ea1n t\u1ed1t nh\u01b0 S\u01b0 T\u1eed Nh\u00fat Nh\u00e1t, Ng\u01b0\u1eddi Thi\u1ebfc, B\u00f9 Nh\u00ecn.<\/p>\n<p>Kh\u1edfi \u0111\u1ea7u b\u1eb1ng t\u00e1c ph\u1ea9m Ph\u00f9 th\u1ee7y Oz t\u00e0i ba v\u00e0 k\u1ebft th\u00fac cu\u1ed9c phi\u00eau l\u01b0u l\u00e0 t\u00e1c ph\u1ea9m Th\u00e0nh ph\u1ed1 Ng\u1ecdc L\u1ee5c B\u1ea3o, Baum \u0111\u00e3 v\u1ebd n\u00ean h\u00e0nh tr\u00ecnh kh\u00e1m ph\u00e1 th\u1ebf gi\u1edbi m\u00e0u nhi\u1ec7m c\u1ee7a Dorothy v\u1edbi nhi\u1ec1u c\u00e2u chuy\u1ec7n th\u00fa v\u1ecb v\u1ec1 nh\u1eefng v\u00f9ng \u0111\u1ea5t m\u00e0 nh\u00f3m b\u1ea1n \u0111i qua. Nh\u1eefng \u0111\u1ed9c gi\u1ea3 nh\u1ecf tu\u1ed5i h\u1eb3n s\u1ebd say m\u00ea v\u1edbi c\u00e1nh \u0111\u1ed3ng hoa anh t\u00fac r\u1ef1c r\u1ee1 hay b\u1eadt c\u01b0\u1eddi tr\u01b0\u1edbc c\u1ea3nh \u0111\u00e0n chu\u1ed9t \u0111\u1ed3ng gi\u1ea3i nguy cho S\u01b0 T\u1eed Nh\u00fat Nh\u00e1t. Qua t\u1eebng c\u00e2u chuy\u1ec7n nh\u00f3m b\u1ea1n ph\u1ea3i tr\u1ea3i qua, Baum \u0111\u00e3 ch\u1ee9ng minh r\u1eb1ng m\u1ed7i ng\u01b0\u1eddi \u0111\u1ec1u c\u00f3 m\u1ed9t \u0111i\u1ec3m m\u1ea1nh ri\u00eang, \u0111\u1eebng x\u1ea5u h\u1ed5 khi m\u00ecnh ch\u01b0a ho\u00e0n h\u1ea3o m\u00e0 h\u00e3y d\u0169ng c\u1ea3m th\u1eeba nh\u1eadn khuy\u1ebft \u0111i\u1ec3m v\u00e0 c\u00f9ng nhau chi\u1ebfn th\u1eafng nh\u1eefng th\u1ebf l\u1ef1c h\u1eafc \u00e1m \u0111\u1ec3 ch\u1ea1m t\u1edbi \u01b0\u1edbc m\u01a1.<\/p>\n<p>T\u1ea5t c\u1ea3 nh\u1eefng \u0111i\u1ec1u \u0111\u00f3 \u0111\u00e3 t\u1ea1o n\u00ean ti\u1ebfng vang cho series v\u1ec1 Dorothy v\u00e0 x\u1ee9 Oz di\u1ec7u k\u1ef3. Cu\u1ed1n s\u00e1ch n\u00e0y bao g\u1ed3m 6 t\u1eadp truy\u1ec7n mi\u00eau t\u1ea3 tr\u1ecdn v\u1eb9n cu\u1ed9c phi\u00eau l\u01b0u k\u1ef3 \u1ea3o c\u1ee7a c\u00f4 b\u00e9 Dorothy t\u1eeb khi b\u1eaft \u0111\u1ea7u \u0111\u1ebfn khi c\u00f4 b\u00e9 quy\u1ebft \u0111\u1ecbnh \u1edf l\u1ea1i x\u1ee9 Oz m\u00e3i m\u00e3i. T\u1eadp truy\u1ec7n \u0111\u1ea7u ti\u00ean, Ph\u00f9 th\u1ee7y Oz t\u00e0i ba \u0111\u00e3 \u0111\u01b0\u1ee3c th\u01b0 vi\u1ec7n Qu\u1ed1c gia M\u1ef9 ng\u1ee3i ca l\u00e0 \u201cc\u00e2u chuy\u1ec7n th\u1ea7n ti\u00ean n\u1ed5i ti\u1ebfng nh\u1ea5t c\u1ee7a n\u01b0\u1edbc M\u1ef9\u201d, tr\u1edf th\u00e0nh cu\u1ed1n s\u00e1ch g\u1ed1i \u0111\u1ea7u gi\u01b0\u1eddng c\u1ee7a bi\u1ebft bao th\u1ebf h\u1ec7 tr\u1ebb th\u01a1.<\/p>\n","protected":false},"excerpt":{"rendered":"<p>L.Frank Baum (1856-1919) l\u00e0 m\u1ed9t trong nh\u1eefng nh\u00e0 v\u0103n vi\u1ebft truy\u1ec7n thi\u1ebfu nhi n\u1ed5i ti\u1ebfng nh\u1ea5t th\u1ebf gi\u1edbi. T\u00ean tu\u1ed5i c\u1ee7a \u00f4ng g\u1eafn li\u1ec1n lo\u1ea1t truy\u1ec7n v\u1ec1 x\u1ee9 Oz di\u1ec7u k\u1ef3, xoay quanh cu\u1ed9c phi\u00eau l\u01b0u \u0111\u1ea7y gian nan nh\u01b0ng v\u00f4 c\u00f9ng h\u1ea5p d\u1eabn c\u1ee7a c\u00f4 b\u00e9 Dorothy Gale v\u00e0 nh\u1eefng ng\u01b0\u1eddi b\u1ea1n t\u1ed1t nh\u01b0 S\u01b0 T\u1eed Nh\u00fat Nh\u00e1t, Ng\u01b0\u1eddi Thi\u1ebfc, B\u00f9 Nh\u00ecn.<\/p>\n<p>Kh\u1edfi \u0111\u1ea7u b\u1eb1ng t\u00e1c ph\u1ea9m Ph\u00f9 th\u1ee7y Oz t\u00e0i ba v\u00e0 k\u1ebft th\u00fac cu\u1ed9c phi\u00eau l\u01b0u l\u00e0 t\u00e1c ph\u1ea9m Th\u00e0nh ph\u1ed1 Ng\u1ecdc L\u1ee5c B\u1ea3o, Baum \u0111\u00e3 v\u1ebd n\u00ean h\u00e0nh tr\u00ecnh kh\u00e1m ph\u00e1 th\u1ebf gi\u1edbi m\u00e0u nhi\u1ec7m c\u1ee7a Dorothy v\u1edbi nhi\u1ec1u c\u00e2u chuy\u1ec7n th\u00fa v\u1ecb v\u1ec1 nh\u1eefng v\u00f9ng \u0111\u1ea5t m\u00e0 nh\u00f3m b\u1ea1n \u0111i qua. Nh\u1eefng \u0111\u1ed9c gi\u1ea3 nh\u1ecf tu\u1ed5i h\u1eb3n s\u1ebd say m\u00ea v\u1edbi c\u00e1nh \u0111\u1ed3ng hoa anh t\u00fac r\u1ef1c r\u1ee1 hay b\u1eadt c\u01b0\u1eddi tr\u01b0\u1edbc c\u1ea3nh \u0111\u00e0n chu\u1ed9t \u0111\u1ed3ng gi\u1ea3i nguy cho S\u01b0 T\u1eed Nh\u00fat Nh\u00e1t. Qua t\u1eebng c\u00e2u chuy\u1ec7n nh\u00f3m b\u1ea1n ph\u1ea3i tr\u1ea3i qua, Baum \u0111\u00e3 ch\u1ee9ng minh r\u1eb1ng m\u1ed7i ng\u01b0\u1eddi \u0111\u1ec1u c\u00f3 m\u1ed9t \u0111i\u1ec3m m\u1ea1nh ri\u00eang, \u0111\u1eebng x\u1ea5u h\u1ed5 khi m\u00ecnh ch\u01b0a ho\u00e0n h\u1ea3o m\u00e0 h\u00e3y d\u0169ng c\u1ea3m th\u1eeba nh\u1eadn khuy\u1ebft \u0111i\u1ec3m v\u00e0 c\u00f9ng nhau chi\u1ebfn th\u1eafng nh\u1eefng th\u1ebf l\u1ef1c h\u1eafc \u00e1m \u0111\u1ec3 ch\u1ea1m t\u1edbi \u01b0\u1edbc m\u01a1.<\/p>\n<p>T\u1ea5t c\u1ea3 nh\u1eefng \u0111i\u1ec1u \u0111\u00f3 \u0111\u00e3 t\u1ea1o n\u00ean ti\u1ebfng vang cho series v\u1ec1 Dorothy v\u00e0 x\u1ee9 Oz di\u1ec7u k\u1ef3. Cu\u1ed1n s\u00e1ch n\u00e0y bao g\u1ed3m 6 t\u1eadp truy\u1ec7n mi\u00eau t\u1ea3 tr\u1ecdn v\u1eb9n cu\u1ed9c phi\u00eau l\u01b0u k\u1ef3 \u1ea3o c\u1ee7a c\u00f4 b\u00e9 Dorothy t\u1eeb khi b\u1eaft \u0111\u1ea7u \u0111\u1ebfn khi c\u00f4 b\u00e9 quy\u1ebft \u0111\u1ecbnh \u1edf l\u1ea1i x\u1ee9 Oz m\u00e3i m\u00e3i. T\u1eadp truy\u1ec7n \u0111\u1ea7u ti\u00ean, Ph\u00f9 th\u1ee7y Oz t\u00e0i ba \u0111\u00e3 \u0111\u01b0\u1ee3c th\u01b0 vi\u1ec7n Qu\u1ed1c gia M\u1ef9 ng\u1ee3i ca l\u00e0 \u201cc\u00e2u chuy\u1ec7n th\u1ea7n ti\u00ean n\u1ed5i ti\u1ebfng nh\u1ea5t c\u1ee7a n\u01b0\u1edbc M\u1ef9\u201d, tr\u1edf th\u00e0nh cu\u1ed1n s\u00e1ch g\u1ed1i \u0111\u1ea7u gi\u01b0\u1eddng c\u1ee7a bi\u1ebft bao th\u1ebf h\u1ec7 tr\u1ebb th\u01a1.<\/p>\n","protected":false},"featured_media":22292,"template":"","meta":{"_acf_changed":false},"product_brand":[],"product_cat":[25,17,26,77],"product_tag":[83],"class_list":{"0":"post-22296","1":"product","2":"type-product","3":"status-publish","4":"has-post-thumbnail","6":"product_cat-nhi-dong-6-tuoi-12-tuoi","7":"product_cat-sach-danh-cho-cac-be","8":"product_cat-thieu-nien-11-tuoi-18-tuoi","9":"product_cat-van-hoc-kinh-dien","10":"product_tag-sach-moi-xuat-ban","12":"first","13":"instock","14":"taxable","15":"shipping-taxable","16":"purchasable","17":"product-type-simple"},"supplier_id":null,"supplier_sku":"","barcode":null,"atum_controlled":true,"out_stock_date":null,"out_stock_threshold":null,"inheritable":false,"inbound_stock":0,"stock_on_hold":0,"sold_today":0,"sales_last_days":0,"reserved_stock":0,"customer_returns":0,"warehouse_damage":0,"lost_in_post":0,"other_logs":0,"out_stock_days":0,"lost_sales":0,"has_location":false,"update_date":"2026-01-28T23:11:07","atum_locations":[],"atum_stock_status":"instock","restock_status":false,"low_stock_amount":"","sales_update_date":"2026-01-28T23:11:07","calc_backorders":null,"acf":{"publisher":null},"_links":{"self":[{"href":"https:\/\/sachviet.eu\/en\/wp-json\/wp\/v2\/product\/22296","targetHints":{"allow":["GET"]}}],"collection":[{"href":"https:\/\/sachviet.eu\/en\/wp-json\/wp\/v2\/product"}],"about":[{"href":"https:\/\/sachviet.eu\/en\/wp-json\/wp\/v2\/types\/product"}],"wp:featuredmedia":[{"embeddable":true,"href":"https:\/\/sachviet.eu\/en\/wp-json\/wp\/v2\/media\/22292"}],"wp:attachment":[{"href":"https:\/\/sachviet.eu\/en\/wp-json\/wp\/v2\/media?parent=22296"}],"wp:term":[{"taxonomy":"product_brand","embeddable":true,"href":"https:\/\/sachviet.eu\/en\/wp-json\/wp\/v2\/product_brand?post=22296"},{"taxonomy":"product_cat","embeddable":true,"href":"https:\/\/sachviet.eu\/en\/wp-json\/wp\/v2\/product_cat?post=22296"},{"taxonomy":"product_tag","embeddable":true,"href":"https:\/\/sachviet.eu\/en\/wp-json\/wp\/v2\/product_tag?post=22296"}],"curies":[{"name":"wp","href":"https:\/\/api.w.org\/{rel}","templated":true}]}}