{"id":22291,"date":"2023-01-21T02:19:24","date_gmt":"2023-01-21T00:19:24","guid":{"rendered":"https:\/\/sachviet.eu\/shop\/bo-sach-15-bi-kip-giup-to-an-toan-6-cuon\/"},"modified":"2023-01-27T15:16:40","modified_gmt":"2023-01-27T13:16:40","slug":"bo-sach-15-bi-kip-giup-to-an-toan-6-cuon","status":"publish","type":"product","link":"https:\/\/sachviet.eu\/en\/shop\/bo-sach-15-bi-kip-giup-to-an-toan-6-cuon\/","title":{"rendered":"B\u1ed9 S\u00e1ch 15 B\u00ed K\u00edp Gi\u00fap T\u1edb An To\u00e0n (6 Cu\u1ed1n)"},"content":{"rendered":"<p>M\u00ecnh kh\u00f4ng qu\u00e1 tha thi\u1ebft v\u1edbi nh\u1eefng s\u00e1ch k\u0129 n\u0103ng sinh t\u1ed3n trong m\u00f4i tr\u01b0\u1eddng hoang d\u00e3 hay c\u00e1c h\u01b0\u1edbng d\u1eabn c\u1ee7a \u0111\u1eb7c v\u1ee5 Seal, t\u1eeb tr\u01b0\u1eddng West Point&#8230; nh\u01b0 l\u00e0 c\u00e1ch l\u1ea5y n\u01b0\u1edbc l\u1ea5y l\u1eeda trong r\u1eebng, xem h\u01b0\u1edbng gi\u00f3, xem gi\u1edd, x\u00e1c \u0111\u1ecbnh d\u1ea5u ch\u00e2n th\u00fa&#8230;..v\u00ec m\u00ecnh th\u1ea5y x\u00e1c su\u1ea5t \u0111\u1ec3 g\u1eb7p nh\u1eefng t\u00ecnh hu\u1ed1ng m\u00e0 c\u1ea7n s\u1eed d\u1ee5ng k\u0129 n\u0103ng \u0111\u00f3 l\u00e0 th\u1ea5p l\u1eafm. Tr\u1eeb khi b\u1ea1n c\u00f3 \u0111am m\u00ea th\u00e1m hi\u1ec3m v\u00e0 nh\u01b0 v\u1eady th\u00ec b\u1ea1n \u0111\u00e3 t\u1ef1 trang b\u1ecb cho m\u00ecnh \u0111\u1ee7 th\u00f4ng tin r\u1ed3i.<\/p>\n<p>K\u1ef9 n\u0103ng an to\u00e0n quan tr\u1ecdng nh\u1ea5t m\u00e0 b\u1ecdn tr\u1ebb c\u1ea7n ph\u1ea3i h\u1ecdc, \u0111\u00f3 l\u00e0 k\u1ef9 n\u0103ng an to\u00e0n trong cu\u1ed9c s\u1ed1ng th\u01b0\u1eddng ng\u00e0y, \u1edf ngay trong ng\u00f4i nh\u00e0 c\u1ee7a con, \u1edf tr\u01b0\u1eddng l\u1edbp m\u00e0 con \u0111i h\u1ecdc m\u1ed7i ng\u00e0y, tr\u00ean internet m\u00e0 con truy c\u1eadp th\u01b0\u1eddng xuy\u00ean, tr\u00ean s\u00f4ng h\u1ed3 m\u00e0 con v\u1eabn ch\u01a1i \u0111\u00f9a &#8230;.. H\u1ea7u h\u1ebft nh\u1eefng chuy\u1ec7n \u0111\u00e1ng ti\u1ebfc x\u1ea3y ra l\u00e0 \u1edf trong m\u00f4i tr\u01b0\u1eddng b\u00ecnh th\u01b0\u1eddng n\u00e0y, ch\u1ee9 kh\u00f4ng ph\u1ea3i trong n\u00fai cao r\u1eebng s\u00e2u n\u01a1i hoang d\u00e3 hi\u1ec3m tr\u1edf. Anh \u0110en c\u0169ng n\u00f3i r\u1ed3i &#8220;\u1edf trong r\u1eebng an to\u00e0n h\u01a1n \u1edf tr\u00ean m\u1ea1ng&#8221; \ud83d\ude42<\/p>\n<p>B\u1ed9 s\u00e1ch n\u00e0y m\u00ecnh th\u1ea5y c\u1ef1c k\u00ec thi\u1ebft th\u1ef1c v\u00e0 h\u1eefu \u00edch cho t\u1ea5t c\u1ea3 c\u00e1c em nh\u1ecf v\u00e0 cha m\u1eb9 c\u00e1c em, \u0111\u1ec3 tr\u00e1nh kh\u00f4ng bao gi\u1edd ph\u1ea3i x\u1ea3y ra nh\u1eefng chuy\u1ec7n \u0111au l\u00f2ng m\u00e0 b\u1eaft \u0111\u1ea7u t\u1eeb nh\u1eefng nguy\u00ean nh\u00e2n v\u00f4 c\u00f9ng ng\u1edb ng\u1ea9n<\/p>\n","protected":false},"excerpt":{"rendered":"<p>M\u00ecnh kh\u00f4ng qu\u00e1 tha thi\u1ebft v\u1edbi nh\u1eefng s\u00e1ch k\u0129 n\u0103ng sinh t\u1ed3n trong m\u00f4i tr\u01b0\u1eddng hoang d\u00e3 hay c\u00e1c h\u01b0\u1edbng d\u1eabn c\u1ee7a \u0111\u1eb7c v\u1ee5 Seal, t\u1eeb tr\u01b0\u1eddng West Point&#8230; nh\u01b0 l\u00e0 c\u00e1ch l\u1ea5y n\u01b0\u1edbc l\u1ea5y l\u1eeda trong r\u1eebng, xem h\u01b0\u1edbng gi\u00f3, xem gi\u1edd, x\u00e1c \u0111\u1ecbnh d\u1ea5u ch\u00e2n th\u00fa&#8230;..v\u00ec m\u00ecnh th\u1ea5y x\u00e1c su\u1ea5t \u0111\u1ec3 g\u1eb7p nh\u1eefng t\u00ecnh hu\u1ed1ng m\u00e0 c\u1ea7n s\u1eed d\u1ee5ng k\u0129 n\u0103ng \u0111\u00f3 l\u00e0 th\u1ea5p l\u1eafm. Tr\u1eeb khi b\u1ea1n c\u00f3 \u0111am m\u00ea th\u00e1m hi\u1ec3m v\u00e0 nh\u01b0 v\u1eady th\u00ec b\u1ea1n \u0111\u00e3 t\u1ef1 trang b\u1ecb cho m\u00ecnh \u0111\u1ee7 th\u00f4ng tin r\u1ed3i.<\/p>\n<p>K\u1ef9 n\u0103ng an to\u00e0n quan tr\u1ecdng nh\u1ea5t m\u00e0 b\u1ecdn tr\u1ebb c\u1ea7n ph\u1ea3i h\u1ecdc, \u0111\u00f3 l\u00e0 k\u1ef9 n\u0103ng an to\u00e0n trong cu\u1ed9c s\u1ed1ng th\u01b0\u1eddng ng\u00e0y, \u1edf ngay trong ng\u00f4i nh\u00e0 c\u1ee7a con, \u1edf tr\u01b0\u1eddng l\u1edbp m\u00e0 con \u0111i h\u1ecdc m\u1ed7i ng\u00e0y, tr\u00ean internet m\u00e0 con truy c\u1eadp th\u01b0\u1eddng xuy\u00ean, tr\u00ean s\u00f4ng h\u1ed3 m\u00e0 con v\u1eabn ch\u01a1i \u0111\u00f9a &#8230;.. H\u1ea7u h\u1ebft nh\u1eefng chuy\u1ec7n \u0111\u00e1ng ti\u1ebfc x\u1ea3y ra l\u00e0 \u1edf trong m\u00f4i tr\u01b0\u1eddng b\u00ecnh th\u01b0\u1eddng n\u00e0y, ch\u1ee9 kh\u00f4ng ph\u1ea3i trong n\u00fai cao r\u1eebng s\u00e2u n\u01a1i hoang d\u00e3 hi\u1ec3m tr\u1edf. Anh \u0110en c\u0169ng n\u00f3i r\u1ed3i &#8220;\u1edf trong r\u1eebng an to\u00e0n h\u01a1n \u1edf tr\u00ean m\u1ea1ng&#8221; \ud83d\ude42<\/p>\n<p>B\u1ed9 s\u00e1ch n\u00e0y m\u00ecnh th\u1ea5y c\u1ef1c k\u00ec thi\u1ebft th\u1ef1c v\u00e0 h\u1eefu \u00edch cho t\u1ea5t c\u1ea3 c\u00e1c em nh\u1ecf v\u00e0 cha m\u1eb9 c\u00e1c em, \u0111\u1ec3 tr\u00e1nh kh\u00f4ng bao gi\u1edd ph\u1ea3i x\u1ea3y ra nh\u1eefng chuy\u1ec7n \u0111au l\u00f2ng m\u00e0 b\u1eaft \u0111\u1ea7u t\u1eeb nh\u1eefng nguy\u00ean nh\u00e2n v\u00f4 c\u00f9ng ng\u1edb ng\u1ea9n<\/p>\n","protected":false},"featured_media":22290,"template":"","meta":{"_acf_changed":false},"product_brand":[],"product_cat":[25,19,17,26],"product_tag":[],"class_list":{"0":"post-22291","1":"product","2":"type-product","3":"status-publish","4":"has-post-thumbnail","6":"product_cat-nhi-dong-6-tuoi-12-tuoi","7":"product_cat-nuoi-day-con","8":"product_cat-sach-danh-cho-cac-be","9":"product_cat-thieu-nien-11-tuoi-18-tuoi","11":"first","12":"outofstock","13":"taxable","14":"shipping-taxable","15":"purchasable","16":"product-type-simple"},"supplier_id":null,"supplier_sku":"","barcode":null,"atum_controlled":true,"out_stock_date":"2023-01-27 13:16:40","out_stock_threshold":null,"inheritable":false,"inbound_stock":0,"stock_on_hold":0,"sold_today":0,"sales_last_days":0,"reserved_stock":0,"customer_returns":0,"warehouse_damage":0,"lost_in_post":0,"other_logs":0,"out_stock_days":1097,"lost_sales":0,"has_location":false,"update_date":"2026-01-28T23:11:07","atum_locations":[],"atum_stock_status":"outofstock","restock_status":false,"low_stock_amount":"","sales_update_date":"2026-01-28T23:11:07","calc_backorders":null,"acf":{"publisher":null},"_links":{"self":[{"href":"https:\/\/sachviet.eu\/en\/wp-json\/wp\/v2\/product\/22291","targetHints":{"allow":["GET"]}}],"collection":[{"href":"https:\/\/sachviet.eu\/en\/wp-json\/wp\/v2\/product"}],"about":[{"href":"https:\/\/sachviet.eu\/en\/wp-json\/wp\/v2\/types\/product"}],"wp:featuredmedia":[{"embeddable":true,"href":"https:\/\/sachviet.eu\/en\/wp-json\/wp\/v2\/media\/22290"}],"wp:attachment":[{"href":"https:\/\/sachviet.eu\/en\/wp-json\/wp\/v2\/media?parent=22291"}],"wp:term":[{"taxonomy":"product_brand","embeddable":true,"href":"https:\/\/sachviet.eu\/en\/wp-json\/wp\/v2\/product_brand?post=22291"},{"taxonomy":"product_cat","embeddable":true,"href":"https:\/\/sachviet.eu\/en\/wp-json\/wp\/v2\/product_cat?post=22291"},{"taxonomy":"product_tag","embeddable":true,"href":"https:\/\/sachviet.eu\/en\/wp-json\/wp\/v2\/product_tag?post=22291"}],"curies":[{"name":"wp","href":"https:\/\/api.w.org\/{rel}","templated":true}]}}