{"id":22287,"date":"2023-01-21T02:19:13","date_gmt":"2023-01-21T00:19:13","guid":{"rendered":"https:\/\/sachviet.eu\/shop\/ikigai-chat-nhat-trong-tung-khoanh-khac\/"},"modified":"2024-04-02T21:37:28","modified_gmt":"2024-04-02T18:37:28","slug":"ikigai-chat-nhat-trong-tung-khoanh-khac","status":"publish","type":"product","link":"https:\/\/sachviet.eu\/en\/shop\/ikigai-chat-nhat-trong-tung-khoanh-khac\/","title":{"rendered":"IKIGAI &#8211; Ch\u1ea5t Nh\u1eadt Trong T\u1eebng Kho\u1ea3nh kh\u1eafc"},"content":{"rendered":"<p>Ikigai l\u00e0 m\u1ed9t kh\u00e1i ni\u1ec7m \u0111\u00e3 t\u1ed3n t\u1ea1i t\u1eeb r\u1ea5t l\u00e2u trong truy\u1ec1n th\u1ed1ng v\u0103n h\u00f3a Nh\u1eadt B\u1ea3n. \u0110\u00e2y l\u00e0 kh\u00e1i ni\u1ec7m v\u1ec1 ni\u1ec1m vui trong cu\u1ed9c s\u1ed1ng th\u01b0\u1eddng nh\u1eadt, hay n\u00f3i c\u00e1ch kh\u00e1c l\u00e0 l\u00fd do m\u00e0 b\u1ea1n th\u1ee9c d\u1eady v\u00e0o m\u1ed7i s\u00e1ng.<\/p>\n<p>Trong cu\u1ed1n s\u00e1ch, Yukari Mitsuhashi \u0111\u00e3 ph\u1ecfng v\u1ea5n r\u1ea5t nhi\u1ec1u ng\u01b0\u1eddi, bao g\u1ed3m c\u1ea3 nh\u00e0 kh\u1edfi nghi\u1ec7p hay v\u1eadn \u0111\u1ed9ng vi\u00ean \u0111\u1ec3 h\u1ecfi v\u1ec1 nh\u1eefng th\u1ee9 m\u00e0 ikigai \u0111\u00e3 \u0111em \u0111\u1ebfn cho h\u1ecd, n\u00f3 \u0111\u00e3 gi\u00fap h\u1ecd v\u01b0\u1ee3t qua nh\u1eefng kh\u00f3 kh\u0103n trong cu\u1ed9c s\u1ed1ng nh\u01b0 th\u1ebf n\u00e0o, v\u00e0 b\u1eb1ng c\u00e1ch n\u00e0o m\u00e0 h\u1ecd t\u00ecm ra ikigai c\u1ee7a ch\u00ednh m\u00ecnh. Th\u1ef1c t\u1ebf cho th\u1ea5y m\u1ed7i ng\u01b0\u1eddi c\u00f3 m\u1ed9t ikigai kh\u00e1c nhau v\u00e0 kh\u00f4ng ph\u1ea3i ai c\u0169ng \u0111\u00e3 t\u00ecm ra \u0111\u01b0\u1ee3c ikigai cho b\u1ea3n th\u00e2n m\u00ecnh.<\/p>\n<p>Ikigai &#8211; Ch\u1ea5t Nh\u1eadt trong t\u1eebng kho\u1ea3nh kh\u1eafc l\u00e0 cu\u1ed1n s\u00e1ch t\u1eadp trung v\u00e0o vi\u1ec7c t\u00ecm ki\u1ebfm ikigai c\u1ee7a b\u1ea3n th\u00e2n, x\u00e1c \u0111\u1ecbnh m\u1ee5c ti\u00eau ho\u1eb7c \u0111am m\u00ea c\u1ee7a b\u1ea1n v\u00e0 s\u1eed d\u1ee5ng s\u1ef1 hi\u1ec3u bi\u1ebft n\u00e0y \u0111\u1ec3 \u0111\u1ea1t \u0111\u01b0\u1ee3c ni\u1ec1m h\u1ea1nh ph\u00fac to l\u1edbn h\u01a1n trong \u0111\u1eddi. D\u00f9 b\u1ea1n \u0111ang \u1edf \u0111\u1ed9 tu\u1ed5i n\u00e0o n\u1ebfu b\u1ea1n t\u00ecm \u0111\u01b0\u1ee3c ikigai d\u01b0\u1edbi d\u1ea1ng s\u1edf th\u00edch ho\u1eb7c c\u00e1c ho\u1ea1t \u0111\u1ed9ng kh\u00e1c n\u00f3 s\u1ebd gi\u00fap b\u1ea1n gi\u1eef \u0111\u01b0\u1ee3c s\u1ef1 n\u0103ng \u0111\u1ed9ng v\u00e0 t\u00ecnh y\u00eau \u0111\u1ed1i v\u1edbi cu\u1ed9c s\u1ed1ng.<\/p>\n<p>T\u00f9y v\u00e0o ikigai c\u1ee7a b\u1ea1n l\u00e0 g\u00ec m\u00e0 b\u1ea1n s\u1ebd nh\u1eadn \u0111\u01b0\u1ee3c nh\u1eefng \u0111i\u1ec1u kh\u00e1c nhau t\u1eeb n\u00f3, nh\u01b0ng nh\u00ecn chung hi\u1ec3u v\u1ec1 ikigai c\u1ee7a b\u1ea3n th\u00e2n s\u1ebd gi\u00fap b\u1ea1n c\u1ea3m th\u1ea5y h\u1ea1nh ph\u00fac v\u00e0 h\u00e0i l\u00f2ng v\u1ec1 b\u1ea3n th\u00e2n m\u00ecnh, c\u00f3 t\u00e2m tr\u00ed \u0111i\u1ec1m t\u0129nh v\u00e0 v\u1eefng v\u00e0ng h\u01a1n, ki\u1ec3m so\u00e1t cu\u1ed9c s\u1ed1ng th\u01b0\u1eddng nh\u1eadt t\u1ed1t h\u01a1n, t\u00ecm th\u1ea5y \u0111\u01b0\u1ee3c m\u1ee5c \u0111\u00edch s\u1ed1ng, ch\u1ee7 \u0111\u1ed9ng h\u01a1n v\u00e0 gi\u00fap b\u1ea1n t\u00ecm th\u1ea5y ngu\u1ed3n sinh l\u1ef1c \u0111\u1ec3 s\u1ed1ng v\u00e0 ph\u00e1t tri\u1ec3n. T\u1ea5t c\u1ea3 nh\u1eefng \u0111i\u1ec1u n\u00e0y c\u00f3 \u0111\u01b0\u1ee3c l\u00e0 nh\u1edd b\u1ea1n hi\u1ec3u b\u1ea3n th\u00e2n mu\u1ed1n g\u00ec v\u00e0 tr\u00e2n tr\u1ecdng \u0111i\u1ec1u g\u00ec trong cu\u1ed9c s\u1ed1ng.<\/p>\n<p>Cu\u1ed9c s\u1ed1ng lu\u00f4n lu\u00f4n \u0111em \u0111\u1ebfn cho ch\u00fang ta nh\u1eefng kh\u00f3 kh\u0103n ri\u00eang, v\u00e0 ch\u1eafc ch\u1eafn ikigai kh\u00f4ng ph\u1ea3i l\u00e0 m\u1ed9t c\u00f4ng th\u1ee9c k\u1ef3 di\u1ec7u gi\u00fap m\u1ecdi th\u1ee9 tr\u1edf n\u00ean ho\u00e0n h\u1ea3o. Nh\u01b0ng khi c\u00f3 ikigai tr\u00ean t\u1eebng ch\u1eb7ng \u0111\u01b0\u1eddng, ch\u00fang ta c\u00f3 th\u1ec3 m\u00e3n nguy\u1ec7n khi nh\u00ecn l\u1ea1i c\u1ea3 cu\u1ed9c \u0111\u1eddi m\u00ecnh.<\/p>\n<p>V\u1edbi tri\u1ebft l\u00fd \u0111\u01a1n gi\u1ea3n v\u00e0 quan \u0111i\u1ec3m ph\u00f3ng kho\u00e1ng Ikigai &#8211; Ch\u1ea5t Nh\u1eadt trong t\u1eebng kho\u1ea3nh kh\u1eafc s\u1ebd l\u00e0 ngu\u1ed3n c\u1ea3m h\u1ee9ng gi\u00fap b\u1ea1n theo \u0111u\u1ed5i h\u1ea1nh ph\u00fac v\u00e0 quan tr\u1ecdng h\u01a1n l\u00e0 hi\u1ec3u \u0111\u01b0\u1ee3c ch\u00ednh m\u00ecnh<\/p>\n","protected":false},"excerpt":{"rendered":"<p>Ikigai l\u00e0 m\u1ed9t kh\u00e1i ni\u1ec7m \u0111\u00e3 t\u1ed3n t\u1ea1i t\u1eeb r\u1ea5t l\u00e2u trong truy\u1ec1n th\u1ed1ng v\u0103n h\u00f3a Nh\u1eadt B\u1ea3n. \u0110\u00e2y l\u00e0 kh\u00e1i ni\u1ec7m v\u1ec1 ni\u1ec1m vui trong cu\u1ed9c s\u1ed1ng th\u01b0\u1eddng nh\u1eadt, hay n\u00f3i c\u00e1ch kh\u00e1c l\u00e0 l\u00fd do m\u00e0 b\u1ea1n th\u1ee9c d\u1eady v\u00e0o m\u1ed7i s\u00e1ng.<\/p>\n<p>Trong cu\u1ed1n s\u00e1ch, Yukari Mitsuhashi \u0111\u00e3 ph\u1ecfng v\u1ea5n r\u1ea5t nhi\u1ec1u ng\u01b0\u1eddi, bao g\u1ed3m c\u1ea3 nh\u00e0 kh\u1edfi nghi\u1ec7p hay v\u1eadn \u0111\u1ed9ng vi\u00ean \u0111\u1ec3 h\u1ecfi v\u1ec1 nh\u1eefng th\u1ee9 m\u00e0 ikigai \u0111\u00e3 \u0111em \u0111\u1ebfn cho h\u1ecd, n\u00f3 \u0111\u00e3 gi\u00fap h\u1ecd v\u01b0\u1ee3t qua nh\u1eefng kh\u00f3 kh\u0103n trong cu\u1ed9c s\u1ed1ng nh\u01b0 th\u1ebf n\u00e0o, v\u00e0 b\u1eb1ng c\u00e1ch n\u00e0o m\u00e0 h\u1ecd t\u00ecm ra ikigai c\u1ee7a ch\u00ednh m\u00ecnh. Th\u1ef1c t\u1ebf cho th\u1ea5y m\u1ed7i ng\u01b0\u1eddi c\u00f3 m\u1ed9t ikigai kh\u00e1c nhau v\u00e0 kh\u00f4ng ph\u1ea3i ai c\u0169ng \u0111\u00e3 t\u00ecm ra \u0111\u01b0\u1ee3c ikigai cho b\u1ea3n th\u00e2n m\u00ecnh.<\/p>\n<p>Ikigai &#8211; Ch\u1ea5t Nh\u1eadt trong t\u1eebng kho\u1ea3nh kh\u1eafc l\u00e0 cu\u1ed1n s\u00e1ch t\u1eadp trung v\u00e0o vi\u1ec7c t\u00ecm ki\u1ebfm ikigai c\u1ee7a b\u1ea3n th\u00e2n, x\u00e1c \u0111\u1ecbnh m\u1ee5c ti\u00eau ho\u1eb7c \u0111am m\u00ea c\u1ee7a b\u1ea1n v\u00e0 s\u1eed d\u1ee5ng s\u1ef1 hi\u1ec3u bi\u1ebft n\u00e0y \u0111\u1ec3 \u0111\u1ea1t \u0111\u01b0\u1ee3c ni\u1ec1m h\u1ea1nh ph\u00fac to l\u1edbn h\u01a1n trong \u0111\u1eddi. D\u00f9 b\u1ea1n \u0111ang \u1edf \u0111\u1ed9 tu\u1ed5i n\u00e0o n\u1ebfu b\u1ea1n t\u00ecm \u0111\u01b0\u1ee3c ikigai d\u01b0\u1edbi d\u1ea1ng s\u1edf th\u00edch ho\u1eb7c c\u00e1c ho\u1ea1t \u0111\u1ed9ng kh\u00e1c n\u00f3 s\u1ebd gi\u00fap b\u1ea1n gi\u1eef \u0111\u01b0\u1ee3c s\u1ef1 n\u0103ng \u0111\u1ed9ng v\u00e0 t\u00ecnh y\u00eau \u0111\u1ed1i v\u1edbi cu\u1ed9c s\u1ed1ng.<\/p>\n<p>T\u00f9y v\u00e0o ikigai c\u1ee7a b\u1ea1n l\u00e0 g\u00ec m\u00e0 b\u1ea1n s\u1ebd nh\u1eadn \u0111\u01b0\u1ee3c nh\u1eefng \u0111i\u1ec1u kh\u00e1c nhau t\u1eeb n\u00f3, nh\u01b0ng nh\u00ecn chung hi\u1ec3u v\u1ec1 ikigai c\u1ee7a b\u1ea3n th\u00e2n s\u1ebd gi\u00fap b\u1ea1n c\u1ea3m th\u1ea5y h\u1ea1nh ph\u00fac v\u00e0 h\u00e0i l\u00f2ng v\u1ec1 b\u1ea3n th\u00e2n m\u00ecnh, c\u00f3 t\u00e2m tr\u00ed \u0111i\u1ec1m t\u0129nh v\u00e0 v\u1eefng v\u00e0ng h\u01a1n, ki\u1ec3m so\u00e1t cu\u1ed9c s\u1ed1ng th\u01b0\u1eddng nh\u1eadt t\u1ed1t h\u01a1n, t\u00ecm th\u1ea5y \u0111\u01b0\u1ee3c m\u1ee5c \u0111\u00edch s\u1ed1ng, ch\u1ee7 \u0111\u1ed9ng h\u01a1n v\u00e0 gi\u00fap b\u1ea1n t\u00ecm th\u1ea5y ngu\u1ed3n sinh l\u1ef1c \u0111\u1ec3 s\u1ed1ng v\u00e0 ph\u00e1t tri\u1ec3n. T\u1ea5t c\u1ea3 nh\u1eefng \u0111i\u1ec1u n\u00e0y c\u00f3 \u0111\u01b0\u1ee3c l\u00e0 nh\u1edd b\u1ea1n hi\u1ec3u b\u1ea3n th\u00e2n mu\u1ed1n g\u00ec v\u00e0 tr\u00e2n tr\u1ecdng \u0111i\u1ec1u g\u00ec trong cu\u1ed9c s\u1ed1ng.<\/p>\n<p>Cu\u1ed9c s\u1ed1ng lu\u00f4n lu\u00f4n \u0111em \u0111\u1ebfn cho ch\u00fang ta nh\u1eefng kh\u00f3 kh\u0103n ri\u00eang, v\u00e0 ch\u1eafc ch\u1eafn ikigai kh\u00f4ng ph\u1ea3i l\u00e0 m\u1ed9t c\u00f4ng th\u1ee9c k\u1ef3 di\u1ec7u gi\u00fap m\u1ecdi th\u1ee9 tr\u1edf n\u00ean ho\u00e0n h\u1ea3o. Nh\u01b0ng khi c\u00f3 ikigai tr\u00ean t\u1eebng ch\u1eb7ng \u0111\u01b0\u1eddng, ch\u00fang ta c\u00f3 th\u1ec3 m\u00e3n nguy\u1ec7n khi nh\u00ecn l\u1ea1i c\u1ea3 cu\u1ed9c \u0111\u1eddi m\u00ecnh.<\/p>\n<p>V\u1edbi tri\u1ebft l\u00fd \u0111\u01a1n gi\u1ea3n v\u00e0 quan \u0111i\u1ec3m ph\u00f3ng kho\u00e1ng Ikigai &#8211; Ch\u1ea5t Nh\u1eadt trong t\u1eebng kho\u1ea3nh kh\u1eafc s\u1ebd l\u00e0 ngu\u1ed3n c\u1ea3m h\u1ee9ng gi\u00fap b\u1ea1n theo \u0111u\u1ed5i h\u1ea1nh ph\u00fac v\u00e0 quan tr\u1ecdng h\u01a1n l\u00e0 hi\u1ec3u \u0111\u01b0\u1ee3c ch\u00ednh m\u00ecnh<\/p>\n","protected":false},"featured_media":22286,"template":"","meta":{"_acf_changed":false},"product_brand":[],"product_cat":[15,46],"product_tag":[83],"class_list":{"0":"post-22287","1":"product","2":"type-product","3":"status-publish","4":"has-post-thumbnail","6":"product_cat-sach-danh-cho-nguoi-lon","7":"product_cat-ky-nang-song","8":"product_tag-sach-moi-xuat-ban","10":"first","11":"outofstock","12":"taxable","13":"shipping-taxable","14":"purchasable","15":"product-type-simple"},"supplier_id":null,"supplier_sku":"","barcode":null,"atum_controlled":true,"out_stock_date":"2024-04-02 18:37:28","out_stock_threshold":null,"inheritable":false,"inbound_stock":0,"stock_on_hold":0,"sold_today":0,"sales_last_days":0,"reserved_stock":0,"customer_returns":0,"warehouse_damage":0,"lost_in_post":0,"other_logs":0,"out_stock_days":666,"lost_sales":0,"has_location":false,"update_date":"2026-01-28T23:11:07","atum_locations":[],"atum_stock_status":"outofstock","restock_status":false,"low_stock_amount":"","sales_update_date":"2026-01-28T23:11:07","calc_backorders":null,"acf":{"publisher":false},"_links":{"self":[{"href":"https:\/\/sachviet.eu\/en\/wp-json\/wp\/v2\/product\/22287","targetHints":{"allow":["GET"]}}],"collection":[{"href":"https:\/\/sachviet.eu\/en\/wp-json\/wp\/v2\/product"}],"about":[{"href":"https:\/\/sachviet.eu\/en\/wp-json\/wp\/v2\/types\/product"}],"wp:featuredmedia":[{"embeddable":true,"href":"https:\/\/sachviet.eu\/en\/wp-json\/wp\/v2\/media\/22286"}],"wp:attachment":[{"href":"https:\/\/sachviet.eu\/en\/wp-json\/wp\/v2\/media?parent=22287"}],"wp:term":[{"taxonomy":"product_brand","embeddable":true,"href":"https:\/\/sachviet.eu\/en\/wp-json\/wp\/v2\/product_brand?post=22287"},{"taxonomy":"product_cat","embeddable":true,"href":"https:\/\/sachviet.eu\/en\/wp-json\/wp\/v2\/product_cat?post=22287"},{"taxonomy":"product_tag","embeddable":true,"href":"https:\/\/sachviet.eu\/en\/wp-json\/wp\/v2\/product_tag?post=22287"}],"curies":[{"name":"wp","href":"https:\/\/api.w.org\/{rel}","templated":true}]}}