{"id":22283,"date":"2023-01-21T02:18:58","date_gmt":"2023-01-21T00:18:58","guid":{"rendered":"https:\/\/sachviet.eu\/shop\/sisu-vuot-qua-tat-ca-nghe-thuat-song-cua-nguoi-phan-lan\/"},"modified":"2023-07-04T21:27:57","modified_gmt":"2023-07-04T18:27:57","slug":"sisu-vuot-qua-tat-ca-nghe-thuat-song-cua-nguoi-phan-lan","status":"publish","type":"product","link":"https:\/\/sachviet.eu\/en\/shop\/sisu-vuot-qua-tat-ca-nghe-thuat-song-cua-nguoi-phan-lan\/","title":{"rendered":"SISU &#8211; V\u01b0\u1ee3t Qua T\u1ea5t C\u1ea3 &#8211; Ngh\u1ec7 Thu\u1eadt S\u1ed1ng C\u1ee7a Ng\u01b0\u1eddi Ph\u1ea7n Lan"},"content":{"rendered":"<p>L\u00e0 m\u1ed9t qu\u1ed1c gia nh\u1ecf b\u00e9 \u1edf v\u00f9ng B\u1eafc \u00c2u, n\u1ed5i ti\u1ebfng v\u1edbi th\u1eddi ti\u1ebft v\u00e0 m\u00f4i tr\u01b0\u1eddng thi\u00ean nhi\u00ean kh\u1eafc nghi\u1ec7t, nh\u01b0ng Ph\u1ea7n Lan ch\u01b0a bao gi\u1edd r\u1eddi kh\u1ecfi nh\u00f3m nh\u1eefng qu\u1ed1c gia c\u00f3 ch\u1ec9 s\u1ed1 h\u1ea1nh ph\u00fac cao nh\u1ea5t th\u1ebf gi\u1edbi. \u0110\u1ed1i v\u1edbi ng\u01b0\u1eddi d\u00e2n Ph\u1ea7n Lan, &#8220;d\u00e0nh th\u1eddi gian h\u00f2a m\u00ecnh v\u1edbi thi\u00ean nhi\u00ean&#8221; l\u00e0 m\u1ed9t trong nh\u1eefng y\u1ebfu t\u1ed1 h\u00e0ng \u0111\u1ea7u l\u00e0m n\u00ean h\u1ea1nh ph\u00fac, b\u00ean c\u1ea1nh s\u1ef1 \u0111\u1ed9c l\u1eadp, b\u00ecnh y\u00ean, tr\u1eadt t\u1ef1, h\u1eefu d\u1ee5ng v\u00e0 s\u1ef1 c\u00f4ng b\u1eb1ng. V\u00e0 t\u1ea5t c\u1ea3 nh\u1eefng y\u1ebfu t\u1ed1 n\u00e0y \u0111\u1ec1u c\u00f3 th\u1ec3 \u0111\u01b0\u1ee3c g\u00f3i g\u1ecdn trong m\u1ed9t b\u00ed quy\u1ebft mang t\u00ean sisu \u2013 tinh th\u1ea7n v\u01b0\u1ee3t qua t\u1ea5t c\u1ea3.<br \/>\nTh\u1eadt kh\u00f3 \u0111\u1ecbnh ngh\u0129a ch\u00ednh x\u00e1c sisu l\u00e0 g\u00ec. Kh\u00f4ng c\u00f3 m\u1ed9t t\u1eeb ti\u1ebfng Anh n\u00e0o c\u00f3 \u00fd ngh\u0129a t\u01b0\u01a1ng \u0111\u01b0\u01a1ng v\u1edbi sisu, v\u00e0 ngay c\u1ea3 trong ti\u1ebfng Ph\u1ea7n Lan th\u00ec sisu c\u0169ng \u0111\u1ea1i di\u1ec7n cho m\u1ed9t t\u1ed5 h\u1ee3p nhi\u1ec1u \u0111\u1eb7c \u0111i\u1ec3m kh\u00e1c nhau, bao g\u1ed3m quy\u1ebft t\u00e2m s\u1eaft \u0111\u00e1, ngh\u1ecb l\u1ef1c, l\u00f2ng can \u0111\u1ea3m, s\u1ef1 d\u0169ng c\u1ea3m, \u00fd ch\u00ed b\u1ec1n b\u1ec9, s\u1ef1 ngoan c\u01b0\u1eddng v\u00e0 ki\u00ean tr\u00ec. Tinh th\u1ea7n sisu s\u1ebd th\u1ee9c t\u1ec9nh khi nh\u1eefng kh\u00f3 kh\u0103n v\u00e0 ngh\u1ecbch c\u1ea3nh khi\u1ebfn b\u1ea1n mu\u1ed1n b\u1ecf cu\u1ed9c, khi m\u00e0 ch\u1ec9 c\u00f3 d\u0169ng kh\u00ed m\u1edbi c\u00f3 th\u1ec3 gi\u00fap b\u1ea1n ti\u1ebfp t\u1ee5c ti\u1ebfn l\u00ean. Nh\u01b0ng s\u1ebd ch\u1eb3ng c\u00f3 \u00fd ngh\u0129a g\u00ec n\u1ebfu b\u1ea1n n\u00f3i r\u1eb1ng m\u00ecnh c\u00f3 tinh th\u1ea7n sisu nh\u01b0ng kh\u00f4ng th\u1ec3 hi\u1ec7n \u0111\u01b0\u1ee3c tinh th\u1ea7n \u0111\u00f3. Sisu l\u00e0 l\u1ed1i t\u01b0 duy h\u01b0\u1edbng \u0111\u1ebfn h\u00e0nh \u0111\u1ed9ng, ch\u1ee9 kh\u00f4ng ph\u1ea3i ch\u1ec9 l\u00e0 t\u1ecf ra can \u0111\u1ea3m.<br \/>\nTrong m\u1ed9t x\u00e3 h\u1ed9i m\u00e0 con ng\u01b0\u1eddi ph\u1ea3i \u0111\u1ed1i m\u1eb7t v\u1edbi v\u00f4 v\u00e0n th\u1eed th\u00e1ch \u0111\u1ec3 sinh t\u1ed3n v\u00e0 ph\u00e1t tri\u1ec3n th\u00ec sisu l\u00e0 thi\u1ebft y\u1ebfu. Sisu kh\u00f4ng ph\u1ea3i l\u00e0 ngu\u1ed3n s\u1ee9c m\u1ea1nh gi\u00fap ta ch\u1ea1y m\u1ed9t m\u1ea1ch l\u00ean \u0111\u1ec9nh n\u00fai, m\u00e0 sisu l\u00e0 ngu\u1ed3n l\u1ef1c xu\u1ea5t hi\u1ec7n khi ngu\u1ed3n n\u0103ng l\u01b0\u1ee3ng m\u00e0 ta nh\u1eadn th\u1ee9c \u0111\u01b0\u1ee3c \u0111ang d\u1ea7n c\u1ea1n ki\u1ec7t, khi ngh\u1ecbch c\u1ea3nh k\u00e9o \u0111\u1ebfn v\u00e0 ta d\u01b0\u1eddng nh\u01b0 kh\u00f4ng c\u00f2n l\u1ed1i tho\u00e1t. Ch\u00ednh v\u00e0o l\u00fac \u0111\u00f3, sisu s\u1ebd tr\u1ed7i d\u1eady \u0111\u1ec3 gi\u00fap ta kh\u00f4ng ng\u1eebng \u0111\u1eb7t t\u1eebng b\u01b0\u1edbc ch\u00e2n l\u00ean con \u0111\u01b0\u1eddng ph\u00eda tr\u01b0\u1edbc. Kh\u00e1c v\u1edbi nh\u1eefng chi\u1ebfn c\u00f4ng ho\u1eb7c h\u00e0nh \u0111\u1ed9ng xu\u1ea5t ph\u00e1t t\u1eeb s\u1ef1 li\u1ec1u l\u0129nh hay ch\u1ee7 ngh\u0129a anh h\u00f9ng c\u1ef1c \u0111oan, nh\u1eefng chi\u1ebfn t\u00edch c\u1ee7a tinh th\u1ea7n sisu lu\u00f4n di\u1ec5n ra trong th\u1ea7m l\u1eb7ng.<\/p>\n","protected":false},"excerpt":{"rendered":"<p>Sisu l\u00e0 m\u1ed9t t\u1eeb kh\u00f3 di\u1ec5n gi\u1ea3i trong ti\u1ebfng Ph\u1ea7n Lan v\u00e0 kh\u00f4ng c\u00f3 t\u1eeb ti\u1ebfng Anh t\u01b0\u01a1ng \u0111\u01b0\u01a1ng. Thu\u1eadt ng\u1eef n\u00e0y l\u00e0 s\u1ef1 pha tr\u1ed9n c\u1ee7a l\u00f2ng can \u0111\u1ea3m, s\u1ef1 d\u1ebbo dai, tinh th\u1ea7n b\u1ec1n b\u1ec9 v\u00e0 t\u00ednh ki\u00ean tr\u00ec \u2013 nh\u1eefng ph\u1ea9m ch\u1ea5t gi\u00fap \u0111\u1ecbnh h\u00ecnh ngh\u1ec7 thu\u1eadt s\u1ed1ng &#8220;v\u01b0\u1ee3t qua t\u1ea5t c\u1ea3&#8221; c\u1ee7a con ng\u01b0\u1eddi v\u00e0 \u0111\u1ea5t n\u01b0\u1edbc Ph\u1ea7n Lan. Tinh th\u1ea7n sisu kh\u00f4ng ch\u1ec9 t\u1ed3n t\u1ea1i trong tr\u00e1i tim m\u1ed7i ng\u01b0\u1eddi d\u00e2n c\u1ee7a x\u1ee9 s\u1edf n\u00e0y, m\u00e0 c\u00f2n \u0111\u01b0\u1ee3c th\u1ec3 hi\u1ec7n trong cu\u1ed9c s\u1ed1ng th\u01b0\u1eddng nh\u1eadt n\u01a1i \u0111\u00e2y.<\/p>\n","protected":false},"featured_media":22282,"template":"","meta":{"_acf_changed":false},"product_brand":[],"product_cat":[15,46],"product_tag":[83],"class_list":{"0":"post-22283","1":"product","2":"type-product","3":"status-publish","4":"has-post-thumbnail","6":"product_cat-sach-danh-cho-nguoi-lon","7":"product_cat-ky-nang-song","8":"product_tag-sach-moi-xuat-ban","10":"first","11":"outofstock","12":"taxable","13":"shipping-taxable","14":"purchasable","15":"product-type-simple"},"supplier_id":null,"supplier_sku":"","barcode":null,"atum_controlled":true,"out_stock_date":"2023-07-04 18:27:57","out_stock_threshold":null,"inheritable":false,"inbound_stock":0,"stock_on_hold":0,"sold_today":0,"sales_last_days":0,"reserved_stock":0,"customer_returns":0,"warehouse_damage":0,"lost_in_post":0,"other_logs":0,"out_stock_days":939,"lost_sales":0,"has_location":false,"update_date":"2026-01-28T23:11:07","atum_locations":[],"atum_stock_status":"outofstock","restock_status":false,"low_stock_amount":"","sales_update_date":"2026-01-28T23:11:07","calc_backorders":null,"acf":{"publisher":false},"_links":{"self":[{"href":"https:\/\/sachviet.eu\/en\/wp-json\/wp\/v2\/product\/22283","targetHints":{"allow":["GET"]}}],"collection":[{"href":"https:\/\/sachviet.eu\/en\/wp-json\/wp\/v2\/product"}],"about":[{"href":"https:\/\/sachviet.eu\/en\/wp-json\/wp\/v2\/types\/product"}],"wp:featuredmedia":[{"embeddable":true,"href":"https:\/\/sachviet.eu\/en\/wp-json\/wp\/v2\/media\/22282"}],"wp:attachment":[{"href":"https:\/\/sachviet.eu\/en\/wp-json\/wp\/v2\/media?parent=22283"}],"wp:term":[{"taxonomy":"product_brand","embeddable":true,"href":"https:\/\/sachviet.eu\/en\/wp-json\/wp\/v2\/product_brand?post=22283"},{"taxonomy":"product_cat","embeddable":true,"href":"https:\/\/sachviet.eu\/en\/wp-json\/wp\/v2\/product_cat?post=22283"},{"taxonomy":"product_tag","embeddable":true,"href":"https:\/\/sachviet.eu\/en\/wp-json\/wp\/v2\/product_tag?post=22283"}],"curies":[{"name":"wp","href":"https:\/\/api.w.org\/{rel}","templated":true}]}}