{"id":22279,"date":"2023-01-21T02:18:44","date_gmt":"2023-01-21T00:18:44","guid":{"rendered":"https:\/\/sachviet.eu\/shop\/huong-dan-cha-me-thuc-hanh-tri-lieu-hoat-dong-cho-tre-tu-ky-thuc-hanh-ky-nang-van-dong-phoi-hop-cam-giac-tu-di-ve-sinh\/"},"modified":"2023-04-04T00:32:11","modified_gmt":"2023-04-03T21:32:11","slug":"huong-dan-cha-me-thuc-hanh-tri-lieu-hoat-dong-cho-tre-tu-ky-thuc-hanh-ky-nang-van-dong-phoi-hop-cam-giac-tu-di-ve-sinh","status":"publish","type":"product","link":"https:\/\/sachviet.eu\/en\/shop\/huong-dan-cha-me-thuc-hanh-tri-lieu-hoat-dong-cho-tre-tu-ky-thuc-hanh-ky-nang-van-dong-phoi-hop-cam-giac-tu-di-ve-sinh\/","title":{"rendered":"H\u01b0\u1edbng D\u1eabn Cha M\u1eb9 Th\u1ef1c H\u00e0nh Tr\u1ecb Li\u1ec7u Ho\u1ea1t \u0110\u1ed9ng Cho Tr\u1ebb T\u1ef1 K\u1ef7 &#8211; Th\u1ef1c H\u00e0nh K\u1ef9 N\u0103ng V\u1eadn \u0110\u1ed9ng, Ph\u1ed1i H\u1ee3p C\u1ea3m Gi\u00e1c, T\u1ef1 \u0110i V\u1ec7 Sinh"},"content":{"rendered":"<p>Cu\u1ed1n s\u00e1ch n\u00e0y s\u1ebd kh\u00f4ng c\u00f3 c\u00e1c thu\u1eadt ng\u1eef hay nh\u1eefng t\u1eeb chuy\u00ean m\u00f4n ph\u1ee9c t\u1ea1p, m\u1ed7i c\u00e2u h\u1ecfi \u0111\u1ec1u \u0111\u01b0\u1ee3c gi\u1ea3i \u0111\u00e1p v\u1edbi nh\u1eefng t\u1eeb d\u1ec5 hi\u1ec3u v\u00e0 th\u00f4ng d\u1ee5ng. N\u00f3 s\u1ebd cung c\u1ea5p to\u00e0n di\u1ec7n nh\u1eefng kh\u00f3 kh\u0103n th\u01b0\u1eddng g\u1eb7p \u1edf nh\u00f3m tr\u1ebb gi\u00e1o d\u1ee5c \u0111\u1eb7c bi\u1ec7t. Cha m\u1eb9 c\u1ee7a nh\u1eefng tr\u1ebb b\u00ecnh th\u01b0\u1eddng c\u0169ng c\u00f3 th\u1ec3 t\u00ecm hi\u1ec3u \u0111\u1ec3 x\u00e2y d\u1ef1ng h\u00e0nh vi, c\u1ea3m gi\u00e1c v\u00e0 x\u00fac gi\u00e1c c\u1ee7a con em m\u00ecnh.<\/p>\n<p>V\u1edbi ch\u1ee7 \u0111\u1ec1 \u0111a d\u1ea1ng, t\u1eeb ti\u1ebfn tr\u00ecnh x\u1eed l\u00ed c\u1ea3m gi\u00e1c \u0111\u1ebfn k\u0129 n\u0103ng vi\u1ebft, k\u0129 n\u0103ng \u0111i v\u1ec7 sinh\u2026 cu\u1ed1n s\u00e1ch n\u00e0y th\u1ef1c s\u1ef1 l\u00e0 m\u1ed9t cu\u1ed1n c\u1ea9m nang b\u1ecf t\u00fai d\u00e0nh cho c\u00e1c b\u1eadc ph\u1ee5 huynh. M\u1ed7i ph\u1ea7n \u0111\u1ec1u l\u00e0 nh\u1eefng c\u00e2u h\u1ecfi m\u00e0 t\u00e1c gi\u1ea3 \u2013 m\u1ed9t nh\u00e0 tr\u1ecb li\u1ec7u nhi khoa &#8211; \u0111\u01b0\u1ee3c h\u1ecfi nhi\u1ec1u nh\u1ea5t. Cu\u1ed1i m\u1ed7i c\u00e2u h\u1ecfi l\u00e0 ph\u1ea7n \u201cHo\u1ea1t \u0111\u1ed9ng th\u1ef1c t\u1ebf\u201d m\u00e0 c\u00e1c b\u1eadc ph\u1ee5 huynh c\u00f3 th\u1ec3 l\u00e0m c\u00f9ng con \u0111\u1ec3 c\u00f9ng \u0111\u1ea1t \u0111\u00edch. C\u00f3 r\u1ea5t nhi\u1ec1u ho\u1ea1t \u0111\u1ed9ng v\u00e0 c\u0169ng r\u1ea5t d\u1ec5 \u00e1p d\u1ee5ng \u1edf t\u1ea1i nh\u00e0.<\/p>\n","protected":false},"excerpt":{"rendered":"<p>Cu\u1ed1n s\u00e1ch n\u00e0y s\u1ebd kh\u00f4ng c\u00f3 c\u00e1c thu\u1eadt ng\u1eef hay nh\u1eefng t\u1eeb chuy\u00ean m\u00f4n ph\u1ee9c t\u1ea1p, m\u1ed7i c\u00e2u h\u1ecfi \u0111\u1ec1u \u0111\u01b0\u1ee3c gi\u1ea3i \u0111\u00e1p v\u1edbi nh\u1eefng t\u1eeb d\u1ec5 hi\u1ec3u v\u00e0 th\u00f4ng d\u1ee5ng. N\u00f3 s\u1ebd cung c\u1ea5p to\u00e0n di\u1ec7n nh\u1eefng kh\u00f3 kh\u0103n th\u01b0\u1eddng g\u1eb7p \u1edf nh\u00f3m tr\u1ebb gi\u00e1o d\u1ee5c \u0111\u1eb7c bi\u1ec7t. Cha m\u1eb9 c\u1ee7a nh\u1eefng tr\u1ebb b\u00ecnh th\u01b0\u1eddng c\u0169ng c\u00f3 th\u1ec3 t\u00ecm hi\u1ec3u \u0111\u1ec3 x\u00e2y d\u1ef1ng h\u00e0nh vi, c\u1ea3m gi\u00e1c v\u00e0 x\u00fac gi\u00e1c c\u1ee7a con em m\u00ecnh.<\/p>\n<p>V\u1edbi ch\u1ee7 \u0111\u1ec1 \u0111a d\u1ea1ng, t\u1eeb ti\u1ebfn tr\u00ecnh x\u1eed l\u00ed c\u1ea3m gi\u00e1c \u0111\u1ebfn k\u0129 n\u0103ng vi\u1ebft, k\u0129 n\u0103ng \u0111i v\u1ec7 sinh\u2026 cu\u1ed1n s\u00e1ch n\u00e0y th\u1ef1c s\u1ef1 l\u00e0 m\u1ed9t cu\u1ed1n c\u1ea9m nang b\u1ecf t\u00fai d\u00e0nh cho c\u00e1c b\u1eadc ph\u1ee5 huynh. M\u1ed7i ph\u1ea7n \u0111\u1ec1u l\u00e0 nh\u1eefng c\u00e2u h\u1ecfi m\u00e0 t\u00e1c gi\u1ea3 \u2013 m\u1ed9t nh\u00e0 tr\u1ecb li\u1ec7u nhi khoa &#8211; \u0111\u01b0\u1ee3c h\u1ecfi nhi\u1ec1u nh\u1ea5t. Cu\u1ed1i m\u1ed7i c\u00e2u h\u1ecfi l\u00e0 ph\u1ea7n \u201cHo\u1ea1t \u0111\u1ed9ng th\u1ef1c t\u1ebf\u201d m\u00e0 c\u00e1c b\u1eadc ph\u1ee5 huynh c\u00f3 th\u1ec3 l\u00e0m c\u00f9ng con \u0111\u1ec3 c\u00f9ng \u0111\u1ea1t \u0111\u00edch. C\u00f3 r\u1ea5t nhi\u1ec1u ho\u1ea1t \u0111\u1ed9ng v\u00e0 c\u0169ng r\u1ea5t d\u1ec5 \u00e1p d\u1ee5ng \u1edf t\u1ea1i nh\u00e0.<\/p>\n","protected":false},"featured_media":22278,"template":"","meta":{"_acf_changed":false},"product_brand":[],"product_cat":[19],"product_tag":[83],"class_list":{"0":"post-22279","1":"product","2":"type-product","3":"status-publish","4":"has-post-thumbnail","6":"product_cat-nuoi-day-con","7":"product_tag-sach-moi-xuat-ban","9":"first","10":"instock","11":"taxable","12":"shipping-taxable","13":"purchasable","14":"product-type-simple"},"supplier_id":null,"supplier_sku":"","barcode":null,"atum_controlled":true,"out_stock_date":null,"out_stock_threshold":null,"inheritable":false,"inbound_stock":0,"stock_on_hold":0,"sold_today":0,"sales_last_days":0,"reserved_stock":0,"customer_returns":0,"warehouse_damage":0,"lost_in_post":0,"other_logs":0,"out_stock_days":0,"lost_sales":0,"has_location":false,"update_date":"2026-01-28T23:11:07","atum_locations":[],"atum_stock_status":"instock","restock_status":false,"low_stock_amount":"","sales_update_date":"2026-01-28T23:11:07","calc_backorders":null,"acf":{"publisher":false},"_links":{"self":[{"href":"https:\/\/sachviet.eu\/en\/wp-json\/wp\/v2\/product\/22279","targetHints":{"allow":["GET"]}}],"collection":[{"href":"https:\/\/sachviet.eu\/en\/wp-json\/wp\/v2\/product"}],"about":[{"href":"https:\/\/sachviet.eu\/en\/wp-json\/wp\/v2\/types\/product"}],"wp:featuredmedia":[{"embeddable":true,"href":"https:\/\/sachviet.eu\/en\/wp-json\/wp\/v2\/media\/22278"}],"wp:attachment":[{"href":"https:\/\/sachviet.eu\/en\/wp-json\/wp\/v2\/media?parent=22279"}],"wp:term":[{"taxonomy":"product_brand","embeddable":true,"href":"https:\/\/sachviet.eu\/en\/wp-json\/wp\/v2\/product_brand?post=22279"},{"taxonomy":"product_cat","embeddable":true,"href":"https:\/\/sachviet.eu\/en\/wp-json\/wp\/v2\/product_cat?post=22279"},{"taxonomy":"product_tag","embeddable":true,"href":"https:\/\/sachviet.eu\/en\/wp-json\/wp\/v2\/product_tag?post=22279"}],"curies":[{"name":"wp","href":"https:\/\/api.w.org\/{rel}","templated":true}]}}