{"id":22277,"date":"2023-01-21T02:18:38","date_gmt":"2023-01-21T00:18:38","guid":{"rendered":"https:\/\/sachviet.eu\/shop\/chang-hoang-da-voi-ki-niem-65-nam-nxb-kim-dong\/"},"modified":"2023-01-22T00:28:18","modified_gmt":"2023-01-21T22:28:18","slug":"chang-hoang-da-voi-ki-niem-65-nam-nxb-kim-dong","status":"publish","type":"product","link":"https:\/\/sachviet.eu\/en\/shop\/chang-hoang-da-voi-ki-niem-65-nam-nxb-kim-dong\/","title":{"rendered":"Chang Hoang D\u00e3 &#8211; Voi &#8211; (K\u1ec8 NI\u1ec6M 65 N\u0102M NXB KIM \u0110\u1ed2NG)"},"content":{"rendered":"<p>Ti\u1ebfp n\u1ed1i th\u00e0nh c\u00f4ng c\u1ee7a t\u1eadp truy\u1ec7n \u0111\u1ea7u ti\u00ean, b\u1ed9 \u0111\u00f4i t\u00e1c gi\u1ea3 Trang Nguy\u1ec5n v\u00e0 h\u1ecda s\u0129 Jeet Zd\u0169ng s\u1ebd t\u00e1i ng\u1ed9 \u0111\u1ed9c gi\u1ea3 trong ph\u1ea7n ti\u1ebfp theo c\u1ee7a s\u00ea-ri v\u1ec1 Chang, m\u1ed9t nh\u00e0 b\u1ea3o t\u1ed3n \u0111\u1ed9ng v\u1eadt hoang d\u00e3: Chang Hoang D\u00e3 \u2013 Voi. V\u1eabn v\u1edbi phong c\u00e1ch minh h\u1ecda \u1ea5n t\u01b0\u1ee3ng v\u00e0 t\u1ec9 m\u1ec9, c\u1ed1t truy\u1ec7n h\u00e0i h\u01b0\u1edbc v\u00e0 nh\u00e2n v\u0103n, c\u00f9ng nh\u1eefng n\u1ed9i dung ki\u1ebfn th\u1ee9c v\u1ec1 b\u1ea3o t\u1ed3n \u0111\u1ed9ng v\u1eadt hoang d\u00e3, cu\u1ed1n s\u00e1ch h\u1ee9a h\u1eb9n s\u1ebd l\u00e0 m\u1ed9t m\u00f3n \u0103n tinh th\u1ea7n b\u1ed5 \u00edch d\u00e0nh cho c\u00e1c \u0111\u1ed9c gi\u1ea3 c\u1ee7a Nh\u00e0 xu\u1ea5t b\u1ea3n Kim \u0110\u1ed3ng trong m\u00f9a h\u00e8 n\u00e0y.<br \/>\nChang Hoang D\u00e3 \u2013 Voi k\u1ec3 c\u00e2u chuy\u1ec7n v\u1ec1 H\u2019Non, m\u1ed9t c\u00f4 voi hoang d\u00e3 t\u1ea1i T\u00e2y Nguy\u00ean, Vi\u1ec7t Nam. H\u2019Non b\u1ecb b\u1eaft v\u1ec1 t\u1eeb khi c\u00f2n nh\u1ecf v\u00e0 tr\u1ea3i qua qu\u00e1 tr\u00ecnh hu\u1ea5n luy\u1ec7n t\u00e0n kh\u1ed1c \u0111\u1ec3 thu\u1ea7n h\u00f3a, ph\u1ee5c v\u1ee5 c\u00e1c nhu c\u1ea7u c\u1ee7a con ng\u01b0\u1eddi nh\u01b0 k\u00e9o g\u1ed7, ch\u1edf h\u00e0ng v\u00e0 cho kh\u00e1ch du l\u1ecbch c\u01b0\u1ee1i. Theo th\u1eddi gian, H\u2019Non gi\u00e0 y\u1ebfu nh\u01b0ng v\u1eabn ti\u1ebfp t\u1ee5c b\u1ecb b\u00f3c l\u1ed9t. Chang quy\u1ebft t\u00e2m t\u00ecm c\u00e1ch \u0111\u01b0a c\u00f4 voi H\u2019Non tr\u1edf v\u1ec1 v\u1edbi r\u1eebng gi\u00e0.<br \/>\nC\u00f9ng v\u1edbi Wat \u2013 qu\u1ea3n t\u01b0\u1ee3ng m\u1edbi c\u1ee7a H\u2019Non, b\u1ed9 \u0111\u00f4i \u0111\u00e3 kh\u00f4ng qu\u1ea3n ng\u1ea1i bi\u1ebft bao kh\u00f3 kh\u0103n \u0111\u1ec3 gi\u00fap c\u00f4 voi t\u00ecm l\u1ea1i b\u1ea3n n\u0103ng v\u00e0 t\u00e1i h\u00f2a nh\u1eadp v\u1edbi \u0111\u00e0n voi hoang d\u00e3. Li\u1ec7u s\u1ef1 c\u1ed1 g\u1eafng \u1ea5y c\u00f3 cho ra qu\u1ea3 ng\u1ecdt? M\u1eddi c\u00e1c b\u1ea1n c\u00f9ng \u0111\u00f3n \u0111\u1ecdc Chang Hoang D\u00e3 \u2013 Voi.<\/p>\n","protected":false},"excerpt":{"rendered":"<p>Ti\u1ebfp n\u1ed1i th\u00e0nh c\u00f4ng c\u1ee7a t\u1eadp truy\u1ec7n \u0111\u1ea7u ti\u00ean, b\u1ed9 \u0111\u00f4i t\u00e1c gi\u1ea3 Trang Nguy\u1ec5n v\u00e0 h\u1ecda s\u0129 Jeet Zd\u0169ng s\u1ebd t\u00e1i ng\u1ed9 \u0111\u1ed9c gi\u1ea3 trong ph\u1ea7n ti\u1ebfp theo c\u1ee7a s\u00ea-ri v\u1ec1 Chang, m\u1ed9t nh\u00e0 b\u1ea3o t\u1ed3n \u0111\u1ed9ng v\u1eadt hoang d\u00e3: Chang Hoang D\u00e3 \u2013 Voi. V\u1eabn v\u1edbi phong c\u00e1ch minh h\u1ecda \u1ea5n t\u01b0\u1ee3ng v\u00e0 t\u1ec9 m\u1ec9, c\u1ed1t truy\u1ec7n h\u00e0i h\u01b0\u1edbc v\u00e0 nh\u00e2n v\u0103n, c\u00f9ng nh\u1eefng n\u1ed9i dung ki\u1ebfn th\u1ee9c v\u1ec1 b\u1ea3o t\u1ed3n \u0111\u1ed9ng v\u1eadt hoang d\u00e3, cu\u1ed1n s\u00e1ch h\u1ee9a h\u1eb9n s\u1ebd l\u00e0 m\u1ed9t m\u00f3n \u0103n tinh th\u1ea7n b\u1ed5 \u00edch d\u00e0nh cho c\u00e1c \u0111\u1ed9c gi\u1ea3 c\u1ee7a Nh\u00e0 xu\u1ea5t b\u1ea3n Kim \u0110\u1ed3ng trong m\u00f9a h\u00e8 n\u00e0y.<br \/>\nChang Hoang D\u00e3 \u2013 Voi k\u1ec3 c\u00e2u chuy\u1ec7n v\u1ec1 H\u2019Non, m\u1ed9t c\u00f4 voi hoang d\u00e3 t\u1ea1i T\u00e2y Nguy\u00ean, Vi\u1ec7t Nam. H\u2019Non b\u1ecb b\u1eaft v\u1ec1 t\u1eeb khi c\u00f2n nh\u1ecf v\u00e0 tr\u1ea3i qua qu\u00e1 tr\u00ecnh hu\u1ea5n luy\u1ec7n t\u00e0n kh\u1ed1c \u0111\u1ec3 thu\u1ea7n h\u00f3a, ph\u1ee5c v\u1ee5 c\u00e1c nhu c\u1ea7u c\u1ee7a con ng\u01b0\u1eddi nh\u01b0 k\u00e9o g\u1ed7, ch\u1edf h\u00e0ng v\u00e0 cho kh\u00e1ch du l\u1ecbch c\u01b0\u1ee1i. Theo th\u1eddi gian, H\u2019Non gi\u00e0 y\u1ebfu nh\u01b0ng v\u1eabn ti\u1ebfp t\u1ee5c b\u1ecb b\u00f3c l\u1ed9t. Chang quy\u1ebft t\u00e2m t\u00ecm c\u00e1ch \u0111\u01b0a c\u00f4 voi H\u2019Non tr\u1edf v\u1ec1 v\u1edbi r\u1eebng gi\u00e0.<br \/>\nC\u00f9ng v\u1edbi Wat \u2013 qu\u1ea3n t\u01b0\u1ee3ng m\u1edbi c\u1ee7a H\u2019Non, b\u1ed9 \u0111\u00f4i \u0111\u00e3 kh\u00f4ng qu\u1ea3n ng\u1ea1i bi\u1ebft bao kh\u00f3 kh\u0103n \u0111\u1ec3 gi\u00fap c\u00f4 voi t\u00ecm l\u1ea1i b\u1ea3n n\u0103ng v\u00e0 t\u00e1i h\u00f2a nh\u1eadp v\u1edbi \u0111\u00e0n voi hoang d\u00e3. Li\u1ec7u s\u1ef1 c\u1ed1 g\u1eafng \u1ea5y c\u00f3 cho ra qu\u1ea3 ng\u1ecdt? M\u1eddi c\u00e1c b\u1ea1n c\u00f9ng \u0111\u00f3n \u0111\u1ecdc Chang Hoang D\u00e3 \u2013 Voi.<\/p>\n","protected":false},"featured_media":22276,"template":"","meta":{"_acf_changed":false},"product_brand":[],"product_cat":[25,17,71,26],"product_tag":[83],"class_list":{"0":"post-22277","1":"product","2":"type-product","3":"status-publish","4":"has-post-thumbnail","6":"product_cat-nhi-dong-6-tuoi-12-tuoi","7":"product_cat-sach-danh-cho-cac-be","8":"product_cat-sach-tre-em-thuan-viet","9":"product_cat-thieu-nien-11-tuoi-18-tuoi","10":"product_tag-sach-moi-xuat-ban","12":"first","13":"instock","14":"taxable","15":"shipping-taxable","16":"purchasable","17":"product-type-simple"},"supplier_id":null,"supplier_sku":"","barcode":null,"atum_controlled":true,"out_stock_date":null,"out_stock_threshold":null,"inheritable":false,"inbound_stock":0,"stock_on_hold":0,"sold_today":0,"sales_last_days":0,"reserved_stock":0,"customer_returns":0,"warehouse_damage":0,"lost_in_post":0,"other_logs":0,"out_stock_days":0,"lost_sales":0,"has_location":false,"update_date":"2026-01-28T23:11:07","atum_locations":[],"atum_stock_status":"instock","restock_status":false,"low_stock_amount":"","sales_update_date":"2026-01-28T23:11:07","calc_backorders":null,"acf":{"publisher":null},"_links":{"self":[{"href":"https:\/\/sachviet.eu\/en\/wp-json\/wp\/v2\/product\/22277","targetHints":{"allow":["GET"]}}],"collection":[{"href":"https:\/\/sachviet.eu\/en\/wp-json\/wp\/v2\/product"}],"about":[{"href":"https:\/\/sachviet.eu\/en\/wp-json\/wp\/v2\/types\/product"}],"wp:featuredmedia":[{"embeddable":true,"href":"https:\/\/sachviet.eu\/en\/wp-json\/wp\/v2\/media\/22276"}],"wp:attachment":[{"href":"https:\/\/sachviet.eu\/en\/wp-json\/wp\/v2\/media?parent=22277"}],"wp:term":[{"taxonomy":"product_brand","embeddable":true,"href":"https:\/\/sachviet.eu\/en\/wp-json\/wp\/v2\/product_brand?post=22277"},{"taxonomy":"product_cat","embeddable":true,"href":"https:\/\/sachviet.eu\/en\/wp-json\/wp\/v2\/product_cat?post=22277"},{"taxonomy":"product_tag","embeddable":true,"href":"https:\/\/sachviet.eu\/en\/wp-json\/wp\/v2\/product_tag?post=22277"}],"curies":[{"name":"wp","href":"https:\/\/api.w.org\/{rel}","templated":true}]}}