{"id":22275,"date":"2023-01-21T02:18:32","date_gmt":"2023-01-21T00:18:32","guid":{"rendered":"https:\/\/sachviet.eu\/shop\/nuoi-day-tre-co-roi-loan-pho-tu-ky-trong-moi-truong-gia-dinh\/"},"modified":"2023-01-22T00:28:18","modified_gmt":"2023-01-21T22:28:18","slug":"nuoi-day-tre-co-roi-loan-pho-tu-ky-trong-moi-truong-gia-dinh","status":"publish","type":"product","link":"https:\/\/sachviet.eu\/en\/shop\/nuoi-day-tre-co-roi-loan-pho-tu-ky-trong-moi-truong-gia-dinh\/","title":{"rendered":"Nu\u00f4i D\u1ea1y Tr\u1ebb C\u00f3 R\u1ed1i Lo\u1ea1n Ph\u1ed5 T\u1ef1 K\u1ef7 Trong M\u00f4i Tr\u01b0\u1eddng Gia \u0110\u00ecnh"},"content":{"rendered":"<p>Nu\u00f4i d\u1ea1y tr\u1ebb c\u00f3 r\u1ed1i lo\u1ea1n ph\u1ed5 t\u1ef1 k\u1ef7 trong m\u00f4i tr\u01b0\u1eddng gia \u0111\u00ecnh \u0111\u01b0\u1ee3c t\u1eadp th\u1ec3 c\u00e1c c\u00e1c t\u00e1c gi\u1ea3 Vi\u1ec7t Nam bi\u00ean so\u1ea1n nh\u1eb1m cung c\u1ea5p cho b\u1ed1 m\u1eb9, \u00f4ng b\u00e0 c\u1ee7a tr\u1ebb t\u1ef1 k\u1ef7 nh\u1eefng ki\u1ebfn th\u1ee9c c\u01a1 b\u1ea3n nh\u1ea5t, th\u1ef1c t\u1ebf nh\u1ea5t, d\u1ec5 \u00e1p d\u1ee5ng nh\u1ea5t \u0111\u1ec3 c\u00f3 th\u1ec3 h\u01b0\u1edbng d\u1eabn, gi\u00e1o d\u1ee5c can thi\u1ec7p tr\u1ebb t\u1ea1i nh\u00e0.<br \/>\nXu\u1ea5t th\u00e2n l\u00e0 gi\u00e1o s\u01b0, ti\u1ebfn s\u0129, th\u1ea1c s\u0129, c\u1eed nh\u00e2n y khoa, chuy\u00ean gia t\u00e2m l\u00fd, chuy\u00ean vi\u00ean tr\u1ecb li\u1ec7u \u00e2m nh\u1ea1c, chuy\u00ean vi\u00ean tr\u1ecb li\u1ec7u ng\u1eef \u00e2m, thi\u1ec1n v\u00e0 yoga, chuy\u00ean vi\u00ean gi\u00e1o d\u1ee5c \u0111\u1eb7c bi\u1ec7t\u2026 c\u00e1c t\u00e1c gi\u1ea3 \u0111\u00e3 c\u00f3 m\u1ed9t qu\u00e1 tr\u00ecnh d\u00e0y c\u00f4ng nghi\u00ean c\u1ee9u v\u00e0 th\u1ef1c h\u00e0nh tr\u1ecb li\u1ec7u, can thi\u1ec7p v\u1edbi tr\u1ebb c\u00f3 r\u1ed1i lo\u1ea1n ph\u1ed5 t\u1ef1 k\u1ef7 n\u00ean h\u1ecd th\u1ef1c s\u1ef1 th\u1ea5u hi\u1ec3u nh\u1eefng kh\u00f3 kh\u0103n m\u00e0 nh\u1eefng b\u1eadc cha m\u1eb9 hay ng\u01b0\u1eddi ch\u0103m s\u00f3c tr\u1ebb th\u01b0\u1eddng g\u1eb7p ph\u1ea3i, \u0111\u1ed3ng th\u1eddi h\u1ecd c\u0169ng ph\u1ea7n n\u00e0o \u201c\u0111\u1ecdc\u201d \u0111\u01b0\u1ee3c nh\u1eefng \u0111\u1ee9a tr\u1ebb \u0111\u1eb7c bi\u1ec7t th\u1eadt s\u1ef1 mu\u1ed1n g\u00ec, c\u1ea7n g\u00ec\u2026 B\u1edfi v\u1eady, \u0111\u00e2y ch\u1eafc ch\u1eafn s\u1ebd l\u00e0 cu\u1ed1n \u201cc\u1ea9m nang\u201d b\u1ed5 \u00edch cho nhi\u1ec1u gia \u0111\u00ecnh nh\u1ea5t l\u00e0 c\u00e1c gia \u0111\u00ecnh \u1edf c\u00e1c v\u00f9ng n\u00f4ng th\u00f4n \u00edt c\u00f3 \u0111i\u1ec1u ki\u1ec7n ti\u1ebfp x\u00fac v\u1edbi internet, nh\u1eefng v\u00f9ng ch\u01b0a c\u00f3 c\u00e1c trung t\u00e2m gi\u00e1o d\u1ee5c chuy\u00ean bi\u1ec7t cho tr\u1ebb c\u00f3 r\u1ed1i lo\u1ea1n ph\u1ed5 t\u1ef1 k\u1ef7. Cu\u1ed1n s\u00e1ch c\u0169ng l\u00e0 m\u1ed9t t\u00e0i li\u1ec7u h\u1eefu \u00edch cho c\u00e1c c\u00e1n b\u1ed9 m\u1edbi b\u1eaft \u0111\u1ea7u b\u01b0\u1edbc v\u00e0o l\u0129nh v\u1ef1c can thi\u1ec7p cho tr\u1ebb c\u00f3 r\u1ed1i lo\u1ea1n ph\u1ed5 t\u1ef1 k\u1ef7.<\/p>\n","protected":false},"excerpt":{"rendered":"<p>Nu\u00f4i d\u1ea1y tr\u1ebb c\u00f3 r\u1ed1i lo\u1ea1n ph\u1ed5 t\u1ef1 k\u1ef7 trong m\u00f4i tr\u01b0\u1eddng gia \u0111\u00ecnh \u0111\u01b0\u1ee3c t\u1eadp th\u1ec3 c\u00e1c c\u00e1c t\u00e1c gi\u1ea3 Vi\u1ec7t Nam bi\u00ean so\u1ea1n nh\u1eb1m cung c\u1ea5p cho b\u1ed1 m\u1eb9, \u00f4ng b\u00e0 c\u1ee7a tr\u1ebb t\u1ef1 k\u1ef7 nh\u1eefng ki\u1ebfn th\u1ee9c c\u01a1 b\u1ea3n nh\u1ea5t, th\u1ef1c t\u1ebf nh\u1ea5t, d\u1ec5 \u00e1p d\u1ee5ng nh\u1ea5t \u0111\u1ec3 c\u00f3 th\u1ec3 h\u01b0\u1edbng d\u1eabn, gi\u00e1o d\u1ee5c can thi\u1ec7p tr\u1ebb t\u1ea1i nh\u00e0.<br \/>\nXu\u1ea5t th\u00e2n l\u00e0 gi\u00e1o s\u01b0, ti\u1ebfn s\u0129, th\u1ea1c s\u0129, c\u1eed nh\u00e2n y khoa, chuy\u00ean gia t\u00e2m l\u00fd, chuy\u00ean vi\u00ean tr\u1ecb li\u1ec7u \u00e2m nh\u1ea1c, chuy\u00ean vi\u00ean tr\u1ecb li\u1ec7u ng\u1eef \u00e2m, thi\u1ec1n v\u00e0 yoga, chuy\u00ean vi\u00ean gi\u00e1o d\u1ee5c \u0111\u1eb7c bi\u1ec7t\u2026 c\u00e1c t\u00e1c gi\u1ea3 \u0111\u00e3 c\u00f3 m\u1ed9t qu\u00e1 tr\u00ecnh d\u00e0y c\u00f4ng nghi\u00ean c\u1ee9u v\u00e0 th\u1ef1c h\u00e0nh tr\u1ecb li\u1ec7u, can thi\u1ec7p v\u1edbi tr\u1ebb c\u00f3 r\u1ed1i lo\u1ea1n ph\u1ed5 t\u1ef1 k\u1ef7 n\u00ean h\u1ecd th\u1ef1c s\u1ef1 th\u1ea5u hi\u1ec3u nh\u1eefng kh\u00f3 kh\u0103n m\u00e0 nh\u1eefng b\u1eadc cha m\u1eb9 hay ng\u01b0\u1eddi ch\u0103m s\u00f3c tr\u1ebb th\u01b0\u1eddng g\u1eb7p ph\u1ea3i, \u0111\u1ed3ng th\u1eddi h\u1ecd c\u0169ng ph\u1ea7n n\u00e0o \u201c\u0111\u1ecdc\u201d \u0111\u01b0\u1ee3c nh\u1eefng \u0111\u1ee9a tr\u1ebb \u0111\u1eb7c bi\u1ec7t th\u1eadt s\u1ef1 mu\u1ed1n g\u00ec, c\u1ea7n g\u00ec\u2026 B\u1edfi v\u1eady, \u0111\u00e2y ch\u1eafc ch\u1eafn s\u1ebd l\u00e0 cu\u1ed1n \u201cc\u1ea9m nang\u201d b\u1ed5 \u00edch cho nhi\u1ec1u gia \u0111\u00ecnh nh\u1ea5t l\u00e0 c\u00e1c gia \u0111\u00ecnh \u1edf c\u00e1c v\u00f9ng n\u00f4ng th\u00f4n \u00edt c\u00f3 \u0111i\u1ec1u ki\u1ec7n ti\u1ebfp x\u00fac v\u1edbi internet, nh\u1eefng v\u00f9ng ch\u01b0a c\u00f3 c\u00e1c trung t\u00e2m gi\u00e1o d\u1ee5c chuy\u00ean bi\u1ec7t cho tr\u1ebb c\u00f3 r\u1ed1i lo\u1ea1n ph\u1ed5 t\u1ef1 k\u1ef7. Cu\u1ed1n s\u00e1ch c\u0169ng l\u00e0 m\u1ed9t t\u00e0i li\u1ec7u h\u1eefu \u00edch cho c\u00e1c c\u00e1n b\u1ed9 m\u1edbi b\u1eaft \u0111\u1ea7u b\u01b0\u1edbc v\u00e0o l\u0129nh v\u1ef1c can thi\u1ec7p cho tr\u1ebb c\u00f3 r\u1ed1i lo\u1ea1n ph\u1ed5 t\u1ef1 k\u1ef7.<\/p>\n","protected":false},"featured_media":22274,"template":"","meta":{"_acf_changed":false},"product_brand":[],"product_cat":[19],"product_tag":[83],"class_list":{"0":"post-22275","1":"product","2":"type-product","3":"status-publish","4":"has-post-thumbnail","6":"product_cat-nuoi-day-con","7":"product_tag-sach-moi-xuat-ban","9":"first","10":"instock","11":"taxable","12":"shipping-taxable","13":"purchasable","14":"product-type-simple"},"supplier_id":null,"supplier_sku":"","barcode":null,"atum_controlled":true,"out_stock_date":null,"out_stock_threshold":null,"inheritable":false,"inbound_stock":0,"stock_on_hold":0,"sold_today":0,"sales_last_days":0,"reserved_stock":0,"customer_returns":0,"warehouse_damage":0,"lost_in_post":0,"other_logs":0,"out_stock_days":0,"lost_sales":0,"has_location":false,"update_date":"2026-01-28T23:11:07","atum_locations":[],"atum_stock_status":"instock","restock_status":false,"low_stock_amount":"","sales_update_date":"2026-01-28T23:11:07","calc_backorders":null,"acf":{"publisher":null},"_links":{"self":[{"href":"https:\/\/sachviet.eu\/en\/wp-json\/wp\/v2\/product\/22275","targetHints":{"allow":["GET"]}}],"collection":[{"href":"https:\/\/sachviet.eu\/en\/wp-json\/wp\/v2\/product"}],"about":[{"href":"https:\/\/sachviet.eu\/en\/wp-json\/wp\/v2\/types\/product"}],"wp:featuredmedia":[{"embeddable":true,"href":"https:\/\/sachviet.eu\/en\/wp-json\/wp\/v2\/media\/22274"}],"wp:attachment":[{"href":"https:\/\/sachviet.eu\/en\/wp-json\/wp\/v2\/media?parent=22275"}],"wp:term":[{"taxonomy":"product_brand","embeddable":true,"href":"https:\/\/sachviet.eu\/en\/wp-json\/wp\/v2\/product_brand?post=22275"},{"taxonomy":"product_cat","embeddable":true,"href":"https:\/\/sachviet.eu\/en\/wp-json\/wp\/v2\/product_cat?post=22275"},{"taxonomy":"product_tag","embeddable":true,"href":"https:\/\/sachviet.eu\/en\/wp-json\/wp\/v2\/product_tag?post=22275"}],"curies":[{"name":"wp","href":"https:\/\/api.w.org\/{rel}","templated":true}]}}