{"id":22273,"date":"2023-01-21T02:18:25","date_gmt":"2023-01-21T00:18:25","guid":{"rendered":"https:\/\/sachviet.eu\/shop\/thuc-day-giao-tiep-300-tro-choi-va-cac-hoat-dong-cho-tre-tu-ky\/"},"modified":"2023-01-22T00:28:18","modified_gmt":"2023-01-21T22:28:18","slug":"thuc-day-giao-tiep-300-tro-choi-va-cac-hoat-dong-cho-tre-tu-ky","status":"publish","type":"product","link":"https:\/\/sachviet.eu\/en\/shop\/thuc-day-giao-tiep-300-tro-choi-va-cac-hoat-dong-cho-tre-tu-ky\/","title":{"rendered":"Th\u00fac \u0110\u1ea9y Giao Ti\u1ebfp &#8211; 300 Tr\u00f2 Ch\u01a1i V\u00e0 C\u00e1c Ho\u1ea1t \u0110\u1ed9ng Cho Tr\u1ebb T\u1ef1 K\u1ef7"},"content":{"rendered":"<p>Th\u00fac \u0111\u1ea9y giao ti\u1ebfp l\u00e0 m\u1ed9t c\u00f4ng c\u1ee5 ho\u00e0n h\u1ea3o \u0111\u1ec3 h\u1ed7 tr\u1ee3 cha m\u1eb9, ng\u01b0\u1eddi ch\u0103m s\u00f3c v\u00e0 c\u00e1c chuy\u00ean gia trong vi\u1ec7c th\u00fac \u0111\u1ea9y v\u00e0 ph\u00e1t tri\u1ec3n c\u00e1c k\u1ef9 n\u0103ng giao ti\u1ebfp c\u1ee7a tr\u1ebb em c\u00f3 r\u1ed1i lo\u1ea1n \u1edf t\u1ea5t c\u1ea3 ph\u1ed5 t\u1ef1 k\u1ef7.<br \/>\n\u0110\u00e2y l\u00e0 m\u1ed9t cu\u1ed1n s\u00e1ch ch\u1ee9a \u0111\u1ef1ng \u0111\u1ea7y c\u00e1c \u00fd t\u01b0\u1edfng th\u1ef1c t\u1ebf v\u00e0 th\u00fa v\u1ecb c\u00f9ng v\u1edbi c\u00e1c h\u01b0\u1edbng d\u1eabn th\u1ef1c hi\u1ec7n t\u1ea1o \u0111\u1ed9ng l\u1ef1c cho tr\u1ebb em t\u1ef1 k\u1ef7 v\u00e0 tr\u1ebb em c\u00f3 c\u00e1c kh\u00f3 kh\u0103n trong giao ti\u1ebfp. C\u00e1ch th\u1ee9c tr\u00ecnh b\u00e0y r\u00f5 r\u00e0ng, th\u00e2n thi\u1ec7n t\u1ea1o \u0111i\u1ec1u ki\u1ec7n cho ng\u01b0\u1eddi \u0111\u1ecdc ti\u1ebfp c\u1eadn nhanh v\u1edbi 300 tr\u00f2 ch\u01a1i v\u00e0 c\u00e1c ho\u1ea1t \u0111\u1ed9ng th\u1ef1c h\u00e0nh r\u1ea5t th\u00fa v\u1ecb \u0111\u1ec3 ph\u00e1t tri\u1ec3n c\u00e1c k\u1ef9 n\u0103ng giao ti\u1ebfp c\u1ee7a con b\u1ea1n<br \/>\nCu\u1ed1n s\u00e1ch g\u1ee3i \u00fd nh\u1eefng c\u00e1ch s\u00e1ng t\u1ea1o \u0111\u1ec3 s\u1eed d\u1ee5ng \u0111\u1ed3 ch\u01a1i v\u00e0 c\u00e1c \u0111\u1ed3 v\u1eadt h\u1eb1ng ng\u00e0y. V\u00ed d\u1ee5, n\u1ebfu con b\u1ea1n th\u00edch th\u1ed5i bong b\u00f3ng, c\u00f3 th\u1ec3 con c\u0169ng mu\u1ed1n \u0111\u1ebfm b\u00f3ng, d\u00f9ng c\u00e2y \u0111\u0169a b\u1eaft bong b\u00f3ng, gi\u1eabm bong b\u00f3ng b\u1eb1ng ch\u00e2n ho\u1eb7c th\u1eadm ch\u00ed ch\u01a1i b\u00f3ng chuy\u1ec1n bong b\u00f3ng! Nh\u1eefng \u00fd t\u01b0\u1edfng s\u00e1ng t\u1ea1o trong cu\u1ed1n s\u00e1ch n\u00e0y \u0111\u00e3 \u0111\u01b0\u1ee3c ph\u00e1t tri\u1ec3n qua h\u01a1n 40 n\u0103m kinh nghi\u1ec7m l\u00e2m s\u00e0ng v\u00e0 gi\u00e1o d\u1ee5c, v\u00e0 \u0111\u01b0\u1ee3c thi\u1ebft k\u1ebf \u0111\u1ec3 cho c\u1ea3 ng\u01b0\u1eddi l\u1edbn v\u00e0 tr\u1ebb em c\u00f9ng vui ch\u01a1i. T\u1ea5t c\u1ea3 c\u00e1c t\u00e0i nguy\u00ean \u0111\u01b0\u1ee3c \u0111\u1ec1 c\u1eadp trong cu\u1ed1n s\u00e1ch n\u00e0y \u0111\u1ec1u c\u00f3 s\u1eb5n v\u00e0 c\u00f3 th\u1ec3 \u0111\u01b0\u1ee3c s\u1eed d\u1ee5ng \u0111\u1ec3 n\u00e2ng cao k\u1ef9 n\u0103ng giao ti\u1ebfp \u1edf t\u1ea5t c\u1ea3 c\u00e1c c\u1ea5p, t\u1eeb ti\u1ebfp c\u1eadn v\u1edbi m\u1ed9t v\u1eadt d\u1ee5ng, \u0111\u1ebfn m\u1edf r\u1ed9ng giao ti\u1ebfp b\u1eb1ng l\u1eddi n\u00f3i.<\/p>\n","protected":false},"excerpt":{"rendered":"<p>Th\u00fac \u0111\u1ea9y giao ti\u1ebfp l\u00e0 m\u1ed9t c\u00f4ng c\u1ee5 ho\u00e0n h\u1ea3o \u0111\u1ec3 h\u1ed7 tr\u1ee3 cha m\u1eb9, ng\u01b0\u1eddi ch\u0103m s\u00f3c v\u00e0 c\u00e1c chuy\u00ean gia trong vi\u1ec7c th\u00fac \u0111\u1ea9y v\u00e0 ph\u00e1t tri\u1ec3n c\u00e1c k\u1ef9 n\u0103ng giao ti\u1ebfp c\u1ee7a tr\u1ebb em c\u00f3 r\u1ed1i lo\u1ea1n \u1edf t\u1ea5t c\u1ea3 ph\u1ed5 t\u1ef1 k\u1ef7.<br \/>\n\u0110\u00e2y l\u00e0 m\u1ed9t cu\u1ed1n s\u00e1ch ch\u1ee9a \u0111\u1ef1ng \u0111\u1ea7y c\u00e1c \u00fd t\u01b0\u1edfng th\u1ef1c t\u1ebf v\u00e0 th\u00fa v\u1ecb c\u00f9ng v\u1edbi c\u00e1c h\u01b0\u1edbng d\u1eabn th\u1ef1c hi\u1ec7n t\u1ea1o \u0111\u1ed9ng l\u1ef1c cho tr\u1ebb em t\u1ef1 k\u1ef7 v\u00e0 tr\u1ebb em c\u00f3 c\u00e1c kh\u00f3 kh\u0103n trong giao ti\u1ebfp. C\u00e1ch th\u1ee9c tr\u00ecnh b\u00e0y r\u00f5 r\u00e0ng, th\u00e2n thi\u1ec7n t\u1ea1o \u0111i\u1ec1u ki\u1ec7n cho ng\u01b0\u1eddi \u0111\u1ecdc ti\u1ebfp c\u1eadn nhanh v\u1edbi 300 tr\u00f2 ch\u01a1i v\u00e0 c\u00e1c ho\u1ea1t \u0111\u1ed9ng th\u1ef1c h\u00e0nh r\u1ea5t th\u00fa v\u1ecb \u0111\u1ec3 ph\u00e1t tri\u1ec3n c\u00e1c k\u1ef9 n\u0103ng giao ti\u1ebfp c\u1ee7a con b\u1ea1n<br \/>\nCu\u1ed1n s\u00e1ch g\u1ee3i \u00fd nh\u1eefng c\u00e1ch s\u00e1ng t\u1ea1o \u0111\u1ec3 s\u1eed d\u1ee5ng \u0111\u1ed3 ch\u01a1i v\u00e0 c\u00e1c \u0111\u1ed3 v\u1eadt h\u1eb1ng ng\u00e0y. V\u00ed d\u1ee5, n\u1ebfu con b\u1ea1n th\u00edch th\u1ed5i bong b\u00f3ng, c\u00f3 th\u1ec3 con c\u0169ng mu\u1ed1n \u0111\u1ebfm b\u00f3ng, d\u00f9ng c\u00e2y \u0111\u0169a b\u1eaft bong b\u00f3ng, gi\u1eabm bong b\u00f3ng b\u1eb1ng ch\u00e2n ho\u1eb7c th\u1eadm ch\u00ed ch\u01a1i b\u00f3ng chuy\u1ec1n bong b\u00f3ng! Nh\u1eefng \u00fd t\u01b0\u1edfng s\u00e1ng t\u1ea1o trong cu\u1ed1n s\u00e1ch n\u00e0y \u0111\u00e3 \u0111\u01b0\u1ee3c ph\u00e1t tri\u1ec3n qua h\u01a1n 40 n\u0103m kinh nghi\u1ec7m l\u00e2m s\u00e0ng v\u00e0 gi\u00e1o d\u1ee5c, v\u00e0 \u0111\u01b0\u1ee3c thi\u1ebft k\u1ebf \u0111\u1ec3 cho c\u1ea3 ng\u01b0\u1eddi l\u1edbn v\u00e0 tr\u1ebb em c\u00f9ng vui ch\u01a1i. T\u1ea5t c\u1ea3 c\u00e1c t\u00e0i nguy\u00ean \u0111\u01b0\u1ee3c \u0111\u1ec1 c\u1eadp trong cu\u1ed1n s\u00e1ch n\u00e0y \u0111\u1ec1u c\u00f3 s\u1eb5n v\u00e0 c\u00f3 th\u1ec3 \u0111\u01b0\u1ee3c s\u1eed d\u1ee5ng \u0111\u1ec3 n\u00e2ng cao k\u1ef9 n\u0103ng giao ti\u1ebfp \u1edf t\u1ea5t c\u1ea3 c\u00e1c c\u1ea5p, t\u1eeb ti\u1ebfp c\u1eadn v\u1edbi m\u1ed9t v\u1eadt d\u1ee5ng, \u0111\u1ebfn m\u1edf r\u1ed9ng giao ti\u1ebfp b\u1eb1ng l\u1eddi n\u00f3i.<\/p>\n","protected":false},"featured_media":22272,"template":"","meta":{"_acf_changed":false},"product_brand":[],"product_cat":[19],"product_tag":[83],"class_list":{"0":"post-22273","1":"product","2":"type-product","3":"status-publish","4":"has-post-thumbnail","6":"product_cat-nuoi-day-con","7":"product_tag-sach-moi-xuat-ban","9":"first","10":"instock","11":"taxable","12":"shipping-taxable","13":"purchasable","14":"product-type-simple"},"supplier_id":null,"supplier_sku":"","barcode":null,"atum_controlled":true,"out_stock_date":null,"out_stock_threshold":null,"inheritable":false,"inbound_stock":0,"stock_on_hold":0,"sold_today":0,"sales_last_days":0,"reserved_stock":0,"customer_returns":0,"warehouse_damage":0,"lost_in_post":0,"other_logs":0,"out_stock_days":0,"lost_sales":0,"has_location":false,"update_date":"2026-01-28T23:11:07","atum_locations":[],"atum_stock_status":"instock","restock_status":false,"low_stock_amount":"","sales_update_date":"2026-01-28T23:11:07","calc_backorders":null,"acf":{"publisher":null},"_links":{"self":[{"href":"https:\/\/sachviet.eu\/en\/wp-json\/wp\/v2\/product\/22273","targetHints":{"allow":["GET"]}}],"collection":[{"href":"https:\/\/sachviet.eu\/en\/wp-json\/wp\/v2\/product"}],"about":[{"href":"https:\/\/sachviet.eu\/en\/wp-json\/wp\/v2\/types\/product"}],"wp:featuredmedia":[{"embeddable":true,"href":"https:\/\/sachviet.eu\/en\/wp-json\/wp\/v2\/media\/22272"}],"wp:attachment":[{"href":"https:\/\/sachviet.eu\/en\/wp-json\/wp\/v2\/media?parent=22273"}],"wp:term":[{"taxonomy":"product_brand","embeddable":true,"href":"https:\/\/sachviet.eu\/en\/wp-json\/wp\/v2\/product_brand?post=22273"},{"taxonomy":"product_cat","embeddable":true,"href":"https:\/\/sachviet.eu\/en\/wp-json\/wp\/v2\/product_cat?post=22273"},{"taxonomy":"product_tag","embeddable":true,"href":"https:\/\/sachviet.eu\/en\/wp-json\/wp\/v2\/product_tag?post=22273"}],"curies":[{"name":"wp","href":"https:\/\/api.w.org\/{rel}","templated":true}]}}