{"id":22271,"date":"2023-01-21T02:18:19","date_gmt":"2023-01-21T00:18:19","guid":{"rendered":"https:\/\/sachviet.eu\/shop\/bo-2-cuon-elmer-va-chu-rong-tu-sach-van-hoc\/"},"modified":"2024-04-02T21:37:28","modified_gmt":"2024-04-02T18:37:28","slug":"bo-2-cuon-elmer-va-chu-rong-tu-sach-van-hoc","status":"publish","type":"product","link":"https:\/\/sachviet.eu\/en\/shop\/bo-2-cuon-elmer-va-chu-rong-tu-sach-van-hoc\/","title":{"rendered":"B\u1ed9 2 cu\u1ed1n &#8220;Elmer v\u00e0 ch\u00fa r\u1ed3ng&#8221; &#8211; T\u1ee7 s\u00e1ch v\u0103n h\u1ecdc"},"content":{"rendered":"<p>T\u00c1C PH\u1ea8M V\u0102N H\u1eccC B\u1ea4T H\u1ee6 C\u1ee6A THI\u1ebeU NHI TRONG 7 TH\u1eacP K\u1ef6<\/p>\n<p>\u201cCh\u00fa r\u1ed3ng c\u1ee7a cha t\u00f4i\u201d: M\u1ed9t ng\u00e0y m\u01b0a n\u1ecd, Elmer t\u00ecnh c\u1edd g\u1eb7p \u0111\u01b0\u1ee3c m\u1ed9t b\u00e0 m\u00e8o hoang gi\u00e0. Cu\u1ed9c tr\u00f2 chuy\u1ec7n \u1ea5y \u0111\u00e3 m\u1edf ra cho c\u1eadu m\u1ed9t chuy\u1ebfn phi\u00eau l\u01b0u \u0111\u1ec3 th\u1ef1c hi\u1ec7n \u01b0\u1edbc nguy\u1ec7n \u0111\u01b0\u1ee3c bay b\u1ed5ng tr\u00ean \u0111\u00f4i c\u00e1nh r\u1ed3ng m\u1ed9t l\u1ea7n trong \u0111\u1eddi. Elmer l\u00ean \u0111\u01b0\u1eddng \u0111\u1ebfn \u0110\u1ea3o Hoang D\u00e3 \u0111\u1ec3 gi\u1ea3i c\u1ee9u ch\u00fa r\u1ed3ng. H\u00e0nh trang c\u1ee7a ng\u01b0\u1eddi anh h\u00f9ng b\u00e9 b\u1ecfng n\u00e0y \u0111\u1ea7y \u1eafp nh\u1eefng th\u1ee9 m\u00e0 x\u01b0a nay ch\u01b0a ai t\u1eebng ngh\u0129 \u0111\u1ebfn: qu\u00fdt, l\u01b0\u1ee3c, b\u00e0n ch\u1ea3i, d\u00e2y bu\u1ed9c t\u00f3c, k\u1eb9o m\u00fat&#8230; \u1ea4y v\u1eady m\u00e0 h\u00f3a ra nh\u1eefng m\u00f3n \u0111\u1ed3 k\u1ef3 l\u1ea1 n\u00e0y l\u1ea1i ph\u00e1t huy t\u00e1c d\u1ee5ng b\u1ea5t ng\u1edd khi c\u1eadu g\u1eb7p li\u00ean t\u1ee5c ch\u1ea1m tr\u00e1n v\u1edbi nh\u1eefng con v\u1eadt nguy hi\u1ec3m tr\u00ean \u0111\u1ea3o.. B\u1eb1ng tr\u00ed th\u00f4ng minh v\u00e0 l\u00f2ng d\u0169ng c\u1ea3m, Elmer t\u00ecm \u0111\u01b0\u1ee3c c\u00e1ch gi\u1ea3i ph\u00f3ng ch\u00fa r\u1ed3ng v\u00e0 h\u1ecd c\u00f9ng nhau bay v\u1ec1 nh\u00e0. Cu\u1ed1n s\u00e1ch \u0111\u1ea1t Gi\u1ea3i th\u01b0\u1edfng Newbery n\u0103m 1948 n\u00e0y thu\u1ed9c T\u1ee7 s\u00e1ch v\u0103n h\u1ecdc c\u1ee7a Crabit Kidbooks d\u00e0nh cho c\u00e1c b\u1ea1n t\u1eeb 7+. <\/p>\n<p>\u201cElmer v\u00e0 ch\u00fa r\u1ed3ng\u201d: \u0110\u00e2y l\u00e0 ph\u1ea7n ti\u1ebfp theo c\u1ee7a quy\u1ec3n truy\u1ec7n k\u1ef3 th\u00fa \u201cCh\u00fa r\u1ed3ng c\u1ee7a cha t\u00f4i\u201d. Elmer v\u00e0 ch\u00fa r\u1ed3ng ti\u1ebfp t\u1ee5c h\u00e0nh tr\u00ecnh bay tr\u1edf v\u1ec1 nh\u00e0 c\u1ee7a Elmer t\u1ea1i th\u00e0nh ph\u1ed1 Evergreen. Sau khi b\u1ecb cu\u1ed1n v\u00e0o c\u01a1n b\u00e3o, hai b\u1ea1n nh\u1ecf \u0111\u00e1p xu\u1ed1ng m\u1ed9t h\u00f2n \u0111\u1ea3o hoang &#8211; n\u01a1i h\u1ecd g\u1eb7p ch\u00fa chim ho\u00e0ng y\u1ebfn Flute v\u00e0 \u0111\u01b0\u1ee3c Flute nh\u1edd t\u00ecm ki\u1ebfm m\u1ed9t kho b\u00e1u c\u1ed5 x\u01b0a, kh\u00f4ng th\u00ec t\u1ea5t c\u1ea3 chim ho\u00e0ng y\u1ebfn tr\u00ean \u0111\u1ea3o s\u1ebd \u201cph\u00e1t b\u1ec7nh v\u00ec t\u00f2 m\u00f2\u201d. Sau khi gi\u00fap Flute t\u00ecm ra kho b\u00e1u b\u00ed m\u1eadt, ch\u00fa r\u1ed3ng ch\u1edf Elmer v\u1ec1 nh\u00e0 r\u1ed3i r\u1eddi \u0111i \u0111\u1ec3 t\u00ecm ki\u1ebfm gia \u0111\u00ecnh c\u1ee7a ch\u00ednh m\u00ecnh.<\/p>\n","protected":false},"excerpt":{"rendered":"<p>\u201cCh\u00fa r\u1ed3ng c\u1ee7a cha t\u00f4i\u201d \u2013 Cu\u1ed1n s\u00e1ch \u0111\u1ea1t gi\u1ea3i th\u01b0\u1edfng Newbery n\u0103m 1948, \u0111\u01b0\u1ee3c Ruth Stiles Gannett s\u00e1ng t\u00e1c \u1edf tu\u1ed5i \u0111\u00f4i m\u01b0\u01a1i. \u0110\u1ebfn nay khi b\u00e0 \u0111\u00e3 g\u1ea7n 100 tu\u1ed5i, cu\u1ed1n s\u00e1ch v\u00e0 ph\u1ea7n ti\u1ebfp theo c\u1ee7a n\u00f3 \u201cElmer v\u00e0 ch\u00fa r\u1ed3ng\u201d v\u1eabn ti\u1ebfp t\u1ee5c \u0111\u01b0\u1ee3c c\u00e1c \u0111\u1ed9c gi\u1ea3 m\u1edbi v\u00e0 c\u0169 m\u1ebfn m\u1ed9 &#8211; Ch\u1ee9ng t\u1ecf nh\u1eefng gi\u00e1 tr\u1ecb tuy\u1ec7t v\u1eddi c\u1ee7a b\u1ed9 s\u00e1ch \u0111\u00e3 v\u01b0\u1ee3t qua \u0111\u01b0\u1ee3c th\u1eed th\u00e1ch c\u1ee7a th\u1eddi gian.<\/p>\n","protected":false},"featured_media":22267,"template":"","meta":{"_acf_changed":false},"product_brand":[],"product_cat":[25,17,26],"product_tag":[83],"class_list":{"0":"post-22271","1":"product","2":"type-product","3":"status-publish","4":"has-post-thumbnail","6":"product_cat-nhi-dong-6-tuoi-12-tuoi","7":"product_cat-sach-danh-cho-cac-be","8":"product_cat-thieu-nien-11-tuoi-18-tuoi","9":"product_tag-sach-moi-xuat-ban","11":"first","12":"outofstock","13":"taxable","14":"shipping-taxable","15":"purchasable","16":"product-type-simple"},"supplier_id":null,"supplier_sku":"","barcode":null,"atum_controlled":true,"out_stock_date":"2024-04-02 18:37:28","out_stock_threshold":null,"inheritable":false,"inbound_stock":0,"stock_on_hold":0,"sold_today":0,"sales_last_days":0,"reserved_stock":0,"customer_returns":0,"warehouse_damage":0,"lost_in_post":0,"other_logs":0,"out_stock_days":666,"lost_sales":0,"has_location":false,"update_date":"2026-01-28T23:11:07","atum_locations":[],"atum_stock_status":"outofstock","restock_status":false,"low_stock_amount":"","sales_update_date":"2026-01-28T23:11:07","calc_backorders":null,"acf":{"publisher":null},"_links":{"self":[{"href":"https:\/\/sachviet.eu\/en\/wp-json\/wp\/v2\/product\/22271","targetHints":{"allow":["GET"]}}],"collection":[{"href":"https:\/\/sachviet.eu\/en\/wp-json\/wp\/v2\/product"}],"about":[{"href":"https:\/\/sachviet.eu\/en\/wp-json\/wp\/v2\/types\/product"}],"wp:featuredmedia":[{"embeddable":true,"href":"https:\/\/sachviet.eu\/en\/wp-json\/wp\/v2\/media\/22267"}],"wp:attachment":[{"href":"https:\/\/sachviet.eu\/en\/wp-json\/wp\/v2\/media?parent=22271"}],"wp:term":[{"taxonomy":"product_brand","embeddable":true,"href":"https:\/\/sachviet.eu\/en\/wp-json\/wp\/v2\/product_brand?post=22271"},{"taxonomy":"product_cat","embeddable":true,"href":"https:\/\/sachviet.eu\/en\/wp-json\/wp\/v2\/product_cat?post=22271"},{"taxonomy":"product_tag","embeddable":true,"href":"https:\/\/sachviet.eu\/en\/wp-json\/wp\/v2\/product_tag?post=22271"}],"curies":[{"name":"wp","href":"https:\/\/api.w.org\/{rel}","templated":true}]}}