{"id":22266,"date":"2023-01-21T02:18:06","date_gmt":"2023-01-21T00:18:06","guid":{"rendered":"https:\/\/sachviet.eu\/shop\/nguoi-ban-hanh-phuc-sach-truyen-thieu-nhi\/"},"modified":"2024-08-25T22:41:47","modified_gmt":"2024-08-25T19:41:47","slug":"nguoi-ban-hanh-phuc-sach-truyen-thieu-nhi","status":"publish","type":"product","link":"https:\/\/sachviet.eu\/en\/shop\/nguoi-ban-hanh-phuc-sach-truyen-thieu-nhi\/","title":{"rendered":"Ng\u01b0\u1eddi b\u00e1n h\u1ea1nh ph\u00fac &#8211; S\u00e1ch truy\u1ec7n thi\u1ebfu nhi"},"content":{"rendered":"<p>\u1ede x\u1ee9 s\u1edf c\u00e1c lo\u00e0i chim, c\u00f3 m\u1ed9t \u00f4ng chim B\u1ed3 C\u00e2u v\u1edbi chi\u1ebfc xe ch\u1edf \u0111\u1ea7y nh\u1eefng h\u0169 h\u1ea1nh ph\u00fac c\u1ee7a m\u00ecnh. M\u1ecdi ng\u01b0\u1eddi \u0111\u1ec1u r\u1ea5t y\u00eau m\u1ebfn \u00f4ng v\u00e0 mong ch\u1edd \u0111\u1ec3 \u0111\u01b0\u1ee3c mua nh\u1eefng chi\u1ebfc h\u0169 h\u1ea1nh ph\u00fac \u1ea5y. C\u00f3 g\u00ec trong nh\u1eefng chi\u1ebfc h\u0169 \u1ea5y nh\u1ec9? H\u00e3y c\u00f9ng l\u00ean chi\u1ebfc xe v\u1edbi &#8220;Ng\u01b0\u1eddi b\u00e1n h\u1ea1nh ph\u00fac&#8221; v\u00e0 kh\u00e1m ph\u00e1 v\u1ec1 H\u1ea1nh ph\u00fac nh\u00e9!. \u0110\u01b0\u1ee3c minh h\u1ecda tuy\u1ec7t \u0111\u1eb9p theo phong c\u00e1ch ch\u00e2u \u00c2u \u0111\u1eb7c s\u1eafc, &#8220;Ng\u01b0\u1eddi b\u00e1n h\u1ea1nh ph\u00fac&#8221; g\u1ee3i m\u1edf c\u00e1c b\u1ea1n nh\u1ecf t\u1eeb 5 tu\u1ed5i v\u00e0 b\u1ed1 m\u1eb9 c\u00f9ng suy ng\u1eabm \u0111\u1ecbnh ngh\u0129a h\u1ea1nh ph\u00fac c\u1ee7a ri\u00eang m\u00ecnh<br \/>\nT\u00c1C GI\u1ea2<\/p>\n<p>Davide Cal\u00ec l\u00e0 nh\u00e0 v\u0103n ng\u01b0\u1eddi \u00dd g\u1ed1c Th\u1ee5y S\u0129 chuy\u00ean vi\u1ebft s\u00e1ch tranh v\u00e0 ti\u1ec3u thuy\u1ebft cho tr\u1ebb em v\u00e0 thanh thi\u1ebfu ni\u00ean. S\u00e1ch c\u1ee7a ch\u00fa \u0111\u01b0\u1ee3c xu\u1ea5t b\u1ea3n \u1edf 25 qu\u1ed1c gia v\u00e0 \u0111\u01b0\u1ee3c d\u1ecbch ra h\u01a1n 30 th\u1ee9 ti\u1ebfng. <\/p>\n<p>H\u1eccA S\u0128 <\/p>\n<p>Marco Som\u00e0 sinh n\u0103m 1983 t\u1ea1i \u00dd. Ch\u00fa h\u1ecdc H\u1ed9i h\u1ecda t\u1ea1i H\u1ecdc vi\u1ec7n Ngh\u1ec7 thu\u1eadt, sau \u0111\u00f3 nghi\u00ean c\u1ee9u s\u00e2u th\u00eam v\u1ec1 minh h\u1ecda b\u1eb1ng c\u00e1ch \u0111\u0103ng k\u00fd kh\u00f3a h\u1ecdc Ars in Fabula Master (Macerata). Ch\u00fa l\u00e0 h\u1ecda s\u0129 minh h\u1ecda n\u1ed5i ti\u1ebfng \u1edf ch\u00e2u \u00c2u. Tranh c\u1ee7a ch\u00fa \u0111\u01b0\u1ee3c tr\u01b0ng b\u00e0y tri\u1ec3n l\u00e3m \u1edf H\u1ed9i s\u00e1ch Bologna n\u0103m 2011, 2013, 2014 v\u00e0 2016; c\u00f2n s\u00e1ch c\u1ee7a ch\u00fa \u0111\u01b0\u1ee3c xu\u1ea5t b\u1ea3n r\u1ed9ng r\u00e3i b\u1edfi c\u00e1c NXB \u1edf \u00dd v\u00e0 qu\u1ed1c t\u1ebf. Ch\u00fa Marco t\u1eebng nh\u1eadn gi\u1ea3i th\u01b0\u1edfng Andersen n\u0103m 2019 \u1edf h\u1ea1ng m\u1ee5c Minh h\u1ecda xu\u1ea5t s\u1eafc nh\u1ea5t.<\/p>\n","protected":false},"excerpt":{"rendered":"<p>\u1ede x\u1ee9 s\u1edf c\u00e1c lo\u00e0i chim, c\u00f3 m\u1ed9t \u00f4ng chim B\u1ed3 C\u00e2u v\u1edbi chi\u1ebfc xe ch\u1edf \u0111\u1ea7y nh\u1eefng h\u0169 h\u1ea1nh ph\u00fac c\u1ee7a m\u00ecnh. M\u1ecdi ng\u01b0\u1eddi \u0111\u1ec1u r\u1ea5t y\u00eau m\u1ebfn \u00f4ng v\u00e0 mong ch\u1edd \u0111\u1ec3 \u0111\u01b0\u1ee3c mua nh\u1eefng chi\u1ebfc h\u0169 h\u1ea1nh ph\u00fac \u1ea5y. C\u00f3 g\u00ec trong nh\u1eefng chi\u1ebfc h\u0169 \u1ea5y nh\u1ec9? H\u00e3y c\u00f9ng l\u00ean chi\u1ebfc xe v\u1edbi &#8220;Ng\u01b0\u1eddi b\u00e1n h\u1ea1nh ph\u00fac&#8221; v\u00e0 kh\u00e1m ph\u00e1 v\u1ec1 H\u1ea1nh ph\u00fac nh\u00e9!. \u0110\u01b0\u1ee3c minh h\u1ecda tuy\u1ec7t \u0111\u1eb9p theo phong c\u00e1ch ch\u00e2u \u00c2u \u0111\u1eb7c s\u1eafc, &#8220;Ng\u01b0\u1eddi b\u00e1n h\u1ea1nh ph\u00fac&#8221; g\u1ee3i m\u1edf c\u00e1c b\u1ea1n nh\u1ecf t\u1eeb 5 tu\u1ed5i v\u00e0 b\u1ed1 m\u1eb9 c\u00f9ng suy ng\u1eabm \u0111\u1ecbnh ngh\u0129a h\u1ea1nh ph\u00fac c\u1ee7a ri\u00eang m\u00ecnh<\/p>\n","protected":false},"featured_media":22262,"template":"","meta":{"_acf_changed":false},"product_brand":[],"product_cat":[25,17,26],"product_tag":[83],"class_list":{"0":"post-22266","1":"product","2":"type-product","3":"status-publish","4":"has-post-thumbnail","6":"product_cat-nhi-dong-6-tuoi-12-tuoi","7":"product_cat-sach-danh-cho-cac-be","8":"product_cat-thieu-nien-11-tuoi-18-tuoi","9":"product_tag-sach-moi-xuat-ban","11":"first","12":"outofstock","13":"taxable","14":"shipping-taxable","15":"purchasable","16":"product-type-simple"},"supplier_id":null,"supplier_sku":"","barcode":null,"atum_controlled":true,"out_stock_date":"2024-08-25 19:41:47","out_stock_threshold":null,"inheritable":false,"inbound_stock":0,"stock_on_hold":0,"sold_today":0,"sales_last_days":0,"reserved_stock":0,"customer_returns":0,"warehouse_damage":0,"lost_in_post":0,"other_logs":0,"out_stock_days":521,"lost_sales":1041,"has_location":false,"update_date":"2026-01-28T23:11:25","atum_locations":[],"atum_stock_status":"outofstock","restock_status":false,"low_stock_amount":"","sales_update_date":"2026-01-28T23:11:25","calc_backorders":null,"acf":{"publisher":false},"_links":{"self":[{"href":"https:\/\/sachviet.eu\/en\/wp-json\/wp\/v2\/product\/22266","targetHints":{"allow":["GET"]}}],"collection":[{"href":"https:\/\/sachviet.eu\/en\/wp-json\/wp\/v2\/product"}],"about":[{"href":"https:\/\/sachviet.eu\/en\/wp-json\/wp\/v2\/types\/product"}],"wp:featuredmedia":[{"embeddable":true,"href":"https:\/\/sachviet.eu\/en\/wp-json\/wp\/v2\/media\/22262"}],"wp:attachment":[{"href":"https:\/\/sachviet.eu\/en\/wp-json\/wp\/v2\/media?parent=22266"}],"wp:term":[{"taxonomy":"product_brand","embeddable":true,"href":"https:\/\/sachviet.eu\/en\/wp-json\/wp\/v2\/product_brand?post=22266"},{"taxonomy":"product_cat","embeddable":true,"href":"https:\/\/sachviet.eu\/en\/wp-json\/wp\/v2\/product_cat?post=22266"},{"taxonomy":"product_tag","embeddable":true,"href":"https:\/\/sachviet.eu\/en\/wp-json\/wp\/v2\/product_tag?post=22266"}],"curies":[{"name":"wp","href":"https:\/\/api.w.org\/{rel}","templated":true}]}}