{"id":22261,"date":"2023-01-21T02:17:44","date_gmt":"2023-01-21T00:17:44","guid":{"rendered":"https:\/\/sachviet.eu\/shop\/bo-sach-suy-den-noi-nghi-den-chon-hoi-dap-triet-hoc-danh-cho-cac-be-tu-7-11-tuoi\/"},"modified":"2023-06-14T21:32:19","modified_gmt":"2023-06-14T18:32:19","slug":"bo-sach-suy-den-noi-nghi-den-chon-hoi-dap-triet-hoc-danh-cho-cac-be-tu-7-11-tuoi","status":"publish","type":"product","link":"https:\/\/sachviet.eu\/en\/shop\/bo-sach-suy-den-noi-nghi-den-chon-hoi-dap-triet-hoc-danh-cho-cac-be-tu-7-11-tuoi\/","title":{"rendered":"B\u1ed9 S\u00e1ch Suy \u0110\u1ebfn N\u01a1i Ngh\u0129 \u0110\u1ebfn Ch\u1ed1n \u2013 H\u1ecfi \u0110\u00e1p Tri\u1ebft H\u1ecdc D\u00e0nh Cho C\u00e1c B\u00e9 T\u1eeb 7-11 Tu\u1ed5i"},"content":{"rendered":"<p>Tr\u1ebb con th\u01b0\u1eddng xuy\u00ean \u0111\u1eb7t cho cha m\u1eb9, \u00f4ng b\u00e0 v\u00e0 th\u1ea7y c\u00f4 m\u00ecnh r\u1ea5t nhi\u1ec1u c\u00e2u h\u1ecfi mang t\u00ednh tri\u1ebft h\u1ecdc. \u1ea4y th\u1ebf nh\u01b0ng \u0111\u00f4i khi ng\u01b0\u1eddi l\u1edbn l\u1ea1i ch\u1eb3ng bi\u1ebft n\u00ean tr\u1ea3 l\u1eddi th\u1ebf n\u00e0o. Suy \u0111\u1ebfn n\u01a1i ngh\u0129 \u0111\u1ebfn ch\u1ed1n n\u1ed7 l\u1ef1c gi\u1ea3i \u0111\u00e1p m\u1ed9t c\u00e1ch c\u1edfi m\u1edf nh\u1ea5t nh\u1eefng c\u00e2u h\u1ecfi nh\u01b0 th\u1ebf, xu\u1ea5t ph\u00e1t t\u1eeb cu\u1ed9c s\u1ed1ng th\u01b0\u1eddng nh\u1eadt v\u00e0 ch\u1ee9ng t\u1ecf v\u1edbi c\u00e1c em r\u1eb1ng tr\u01b0\u1edbc m\u1ed7i c\u00e2u h\u1ecfi lu\u00f4n c\u00f3 nhi\u1ec1u c\u00e1ch tr\u1ea3 l\u1eddi kh\u1ea3 d\u0129. T\u00e1c ph\u1ea9m nh\u1ecf n\u00e0y nh\u1eefng mong c\u00f3 th\u1ec3 gi\u00fap c\u00e1c em b\u01b0\u1edbc \u0111\u1ea7u t\u1ef1 m\u00ecnh suy ngh\u0129, t\u1ef1 m\u00ecnh \u0111\u01b0a ra \u00fd ki\u1ebfn ri\u00eang, c\u1edfi m\u1edf tr\u01b0\u1edbc m\u1ed7i cu\u1ed9c tranh lu\u1eadn v\u1ec1 nh\u1eefng ch\u1ee7 \u0111\u1ec1 tri\u1ebft h\u1ecdc v\u00f4 c\u00f9ng phong ph\u00fa nh\u01b0 c\u00e1i ch\u1ebft, s\u1ef1 s\u1ed1ng, t\u00ecnh b\u1ea1n, ti\u1ec1n b\u1ea1c, n\u1ed7i s\u1ee3, c\u00e1i \u0111\u1eb9p, c\u00f4ng b\u1eb1ng, ti\u1ebfng c\u01b0\u1eddi, tu\u1ed5i gi\u00e0, ghen tu\u00f4ng, thi\u1ec7n v\u00e0 \u00e1c\u2026<\/p>\n<p>T\u00e1c gi\u1ea3 Gw\u00e9na\u00eblle Boulet t\u1eebng l\u00e0 ph\u00f3ng vi\u00ean c\u1ee7a Pomme d\u2019Api v\u00e0 Phosphore tr\u01b0\u1edbc khi tr\u1edf th\u00e0nh t\u1ed5ng bi\u00ean t\u1eadp t\u1ea1p ch\u00ed Astrapi. C\u00f4 vi\u1ebft l\u1eddi cho nhi\u1ec1u tuy\u1ec3n t\u1eadp truy\u1ec7n tranh v\u00e0 s\u00e1ng t\u00e1c c\u1ea3 ti\u1ec3u thuy\u1ebft d\u00e0nh cho tr\u1ebb em. C\u00f4 l\u00e0 t\u00e1c gi\u1ea3 c\u1ee7a nhi\u1ec1u t\u00e1c ph\u1ea9m tu\u1ed5i teen nh\u01b0 Con t\u1ef1 xoay x\u1edf \u0111\u01b0\u1ee3c!, Con tin v\u00e0o ch\u00ednh m\u00ecnh, Cu\u1ed1n s\u00e1ch nh\u1ecf gi\u00fap ch\u1eb7n \u0111\u1ee9ng b\u1ea1o l\u1ef1c t\u00ecnh d\u1ee5c v\u00e0 m\u1edbi \u0111\u00e2y l\u00e0 Ch\u00fa ch\u00f3 ho\u00e0n h\u1ea3o c\u1ee7a Hubert Falabrak. Anne-Sophie Chilard l\u00e0 ch\u1ee7 m\u1ee5c t\u1ea1p ch\u00ed Phosphore. C\u00f4 c\u0169ng l\u00e0 \u0111\u1ed3ng t\u00e1c gi\u1ea3 c\u1ee7a nhi\u1ec1u cu\u1ed1n s\u00e1ch t\u01b0\u01a1ng t\u00e1c v\u00e0 c\u00f4ng th\u1ee9c n\u1ea5u \u0103n d\u00e0nh cho gi\u1edbi tr\u1ebb. Pascal Lema\u00eetre l\u00e0m vi\u1ec7c cho c\u1ea3 b\u00e1o d\u00e0nh cho ng\u01b0\u1eddi l\u1edbn v\u00e0 tr\u1ebb em \u1edf B\u1ec9, Ph\u00e1p, M\u1ef9. Anh t\u1eebng xu\u1ea5t b\u1ea3n nhi\u1ec1u s\u00e1ch tr\u1ebb con, c\u00f3 th\u1ec3 k\u1ec3 \u0111\u1ebfn b\u1ed1n cu\u1ed1n truy\u1ec7n tranh do Toni Morrison vi\u1ebft l\u1eddi. T\u00e1c ph\u1ea9m Suy \u0111\u1ebfn n\u01a1i, Ngh\u0129 \u0111\u1ebfn ch\u1ed1n  do anh minh h\u1ecda \u0111\u00e3 gi\u00e0nh gi\u1ea3i Gout des Sciences 2015.<\/p>\n","protected":false},"excerpt":{"rendered":"<p>Tr\u1ebb con th\u01b0\u1eddng xuy\u00ean \u0111\u1eb7t cho cha m\u1eb9, \u00f4ng b\u00e0 v\u00e0 th\u1ea7y c\u00f4 m\u00ecnh r\u1ea5t nhi\u1ec1u c\u00e2u h\u1ecfi mang t\u00ednh tri\u1ebft h\u1ecdc. \u1ea4y th\u1ebf nh\u01b0ng \u0111\u00f4i khi ng\u01b0\u1eddi l\u1edbn l\u1ea1i ch\u1eb3ng bi\u1ebft n\u00ean tr\u1ea3 l\u1eddi th\u1ebf n\u00e0o. Suy \u0111\u1ebfn n\u01a1i ngh\u0129 \u0111\u1ebfn ch\u1ed1n n\u1ed7 l\u1ef1c gi\u1ea3i \u0111\u00e1p m\u1ed9t c\u00e1ch c\u1edfi m\u1edf nh\u1ea5t nh\u1eefng c\u00e2u h\u1ecfi nh\u01b0 th\u1ebf, xu\u1ea5t ph\u00e1t t\u1eeb cu\u1ed9c s\u1ed1ng th\u01b0\u1eddng nh\u1eadt v\u00e0 ch\u1ee9ng t\u1ecf v\u1edbi c\u00e1c em r\u1eb1ng tr\u01b0\u1edbc m\u1ed7i c\u00e2u h\u1ecfi lu\u00f4n c\u00f3 nhi\u1ec1u c\u00e1ch tr\u1ea3 l\u1eddi kh\u1ea3 d\u0129. T\u00e1c ph\u1ea9m nh\u1ecf n\u00e0y nh\u1eefng mong c\u00f3 th\u1ec3 gi\u00fap c\u00e1c em b\u01b0\u1edbc \u0111\u1ea7u t\u1ef1 m\u00ecnh suy ngh\u0129, t\u1ef1 m\u00ecnh \u0111\u01b0a ra \u00fd ki\u1ebfn ri\u00eang, c\u1edfi m\u1edf tr\u01b0\u1edbc m\u1ed7i cu\u1ed9c tranh lu\u1eadn v\u1ec1 nh\u1eefng ch\u1ee7 \u0111\u1ec1 tri\u1ebft h\u1ecdc v\u00f4 c\u00f9ng phong ph\u00fa nh\u01b0 c\u00e1i ch\u1ebft, s\u1ef1 s\u1ed1ng, t\u00ecnh b\u1ea1n, ti\u1ec1n b\u1ea1c, n\u1ed7i s\u1ee3, c\u00e1i \u0111\u1eb9p, c\u00f4ng b\u1eb1ng, ti\u1ebfng c\u01b0\u1eddi, tu\u1ed5i gi\u00e0, ghen tu\u00f4ng, thi\u1ec7n v\u00e0 \u00e1c\u2026<\/p>\n","protected":false},"featured_media":22258,"template":"","meta":{"_acf_changed":false},"product_brand":[],"product_cat":[25,17,26],"product_tag":[83],"class_list":{"0":"post-22261","1":"product","2":"type-product","3":"status-publish","4":"has-post-thumbnail","6":"product_cat-nhi-dong-6-tuoi-12-tuoi","7":"product_cat-sach-danh-cho-cac-be","8":"product_cat-thieu-nien-11-tuoi-18-tuoi","9":"product_tag-sach-moi-xuat-ban","11":"first","12":"outofstock","13":"taxable","14":"shipping-taxable","15":"purchasable","16":"product-type-simple"},"supplier_id":null,"supplier_sku":"","barcode":null,"atum_controlled":true,"out_stock_date":"2023-06-14 18:32:19","out_stock_threshold":null,"inheritable":false,"inbound_stock":0,"stock_on_hold":0,"sold_today":0,"sales_last_days":0,"reserved_stock":0,"customer_returns":0,"warehouse_damage":0,"lost_in_post":0,"other_logs":0,"out_stock_days":959,"lost_sales":0,"has_location":false,"update_date":"2026-01-28T23:11:07","atum_locations":[],"atum_stock_status":"outofstock","restock_status":false,"low_stock_amount":"","sales_update_date":"2026-01-28T23:11:07","calc_backorders":null,"acf":{"publisher":null},"_links":{"self":[{"href":"https:\/\/sachviet.eu\/en\/wp-json\/wp\/v2\/product\/22261","targetHints":{"allow":["GET"]}}],"collection":[{"href":"https:\/\/sachviet.eu\/en\/wp-json\/wp\/v2\/product"}],"about":[{"href":"https:\/\/sachviet.eu\/en\/wp-json\/wp\/v2\/types\/product"}],"wp:featuredmedia":[{"embeddable":true,"href":"https:\/\/sachviet.eu\/en\/wp-json\/wp\/v2\/media\/22258"}],"wp:attachment":[{"href":"https:\/\/sachviet.eu\/en\/wp-json\/wp\/v2\/media?parent=22261"}],"wp:term":[{"taxonomy":"product_brand","embeddable":true,"href":"https:\/\/sachviet.eu\/en\/wp-json\/wp\/v2\/product_brand?post=22261"},{"taxonomy":"product_cat","embeddable":true,"href":"https:\/\/sachviet.eu\/en\/wp-json\/wp\/v2\/product_cat?post=22261"},{"taxonomy":"product_tag","embeddable":true,"href":"https:\/\/sachviet.eu\/en\/wp-json\/wp\/v2\/product_tag?post=22261"}],"curies":[{"name":"wp","href":"https:\/\/api.w.org\/{rel}","templated":true}]}}